{"id":1059,"date":"2012-04-17T14:21:32","date_gmt":"2012-04-17T12:21:32","guid":{"rendered":"http:\/\/www.brennecke.org\/?page_id=1059"},"modified":"2012-04-20T17:57:40","modified_gmt":"2012-04-20T15:57:40","slug":"dvb-t-tuner","status":"publish","type":"page","link":"https:\/\/www.brennecke.org\/?page_id=1059","title":{"rendered":"DVB-T-Tuner"},"content":{"rendered":"<h3>Vorbereitung<\/h3>\n<p>Ich entschied mich nach sehr kurzer Recherche, den DVB-T-Tuner auf  Basis eines fertigen Moduls zu bauen. Es gibt nach meiner Einsch\u00e4tzung  keine andere brauchbare Methode, modernes Fernsehen mit Baukastentechnik  zu verheiraten. Dazu beschaffte ich einen Mini-Tuner, der an einen  SCART-Stecker angebracht war. Dieses kleine Ger\u00e4t bringt bereits alles  n\u00f6tige mit und noch viel mehr.<\/p>\n<p><a href=\"http:\/\/www.brennecke.org\/wp-content\/uploads\/2012\/04\/IMG_4474.jpg\"><img loading=\"lazy\" decoding=\"async\" class=\"alignnone size-medium wp-image-1137\" title=\"IMG_4474\" src=\"http:\/\/www.brennecke.org\/wp-content\/uploads\/2012\/04\/IMG_4474-300x225.jpg\" alt=\"\" width=\"300\" height=\"225\" srcset=\"https:\/\/www.brennecke.org\/wp-content\/uploads\/2012\/04\/IMG_4474-300x225.jpg 300w, https:\/\/www.brennecke.org\/wp-content\/uploads\/2012\/04\/IMG_4474.jpg 800w\" sizes=\"(max-width: 300px) 100vw, 300px\" \/><\/a> <a href=\"http:\/\/www.brennecke.org\/wp-content\/uploads\/2012\/04\/IMG_4481.jpg\"><img loading=\"lazy\" decoding=\"async\" class=\"alignnone size-medium wp-image-1111\" title=\"IMG_4481\" src=\"http:\/\/www.brennecke.org\/wp-content\/uploads\/2012\/04\/IMG_4481-225x300.jpg\" alt=\"\" width=\"225\" height=\"300\" srcset=\"https:\/\/www.brennecke.org\/wp-content\/uploads\/2012\/04\/IMG_4481-225x300.jpg 225w, https:\/\/www.brennecke.org\/wp-content\/uploads\/2012\/04\/IMG_4481.jpg 600w\" sizes=\"(max-width: 225px) 100vw, 225px\" \/><\/a><\/p>\n<p>Man kann nun einwenden, dass das eigentliche Basteln dabei doch  sehr kurz kommt &#8211; aber so ist es im Jahr 2012 nun einmal. Fernseher  werden aus Komplettkomponenten zusammengesetzt, und der eigentliche  Aufwand entsteht beim Suchen der Komponenten, beim Entwickeln der  Platinen und vor allem beim Design und Aufbau des neuen Schaltpults.<\/p>\n<h3>Featureliste<\/h3>\n<p>Hier ein Auszug aus der Feature-Liste:<\/p>\n<ul>\n<li> DVB-T Standard: MPEG-2<\/li>\n<li> Frequenzbereich:UHF (430-858 MHz) und VHF (147-429.9 MHz)<\/li>\n<li> Time Shift-Funktion (zeitversetztes Fernsehen)<\/li>\n<li> Echtzeit- und zeitgesteuerte Aufnahme \u00fcber USB-Schnittstelle m\u00f6glich<\/li>\n<li> Programmierbare Favoriten-Listen<\/li>\n<li> Mehr als 3000 Programmpl\u00e4tze<\/li>\n<li> Automatische und manuelle Programmsuche<\/li>\n<li> 7 Tage Elektronischer Programmf\u00fchrer (EPG)<\/li>\n<li> Bild in Grafik-Funktion (PiG Picture in Graphic)<\/li>\n<li> Farben OSD-Bildschirmmen\u00fc mit mehrerer Sprachen<\/li>\n<li> IR-Fernbedienung<\/li>\n<\/ul>\n<p>Man beachte, dass \u00fcber einen integrierten USB-Anschluss sogar eine  Festplatte angeschlossen werden kann, mit der das Teil dann zum echten  Videorecorder mutiert. Eine Infrarotschnittstelle ist ebenfalls an Bord,  und die hat der kleine Tuner auch bitter n\u00f6tig &#8211; er besitzt n\u00e4mlich  keinerlei Tasten. Der Preis daf\u00fcr: 22\u20ac bei ebay. Zum Vergleich: Philips  verkaufte den VHF-Tuner in den 70er Jahren f\u00fcr 120 DM&#8230;<\/p>\n<h3>Erster Test<\/h3>\n<p>Im ersten Test offenbart das kleine Teil eine Menge F\u00e4higkeiten:<\/p>\n<ul>\n<li> Das gut gestaltete Benutzermen\u00fc ist komplett mehrsprachig (auch  in Deutsch). Es l\u00e4sst sich so ziemlich alles einstellen, was man auch  von modernen Fernsehern kennt &#8211; Bildformate, Zeitvorgaben usw.<\/li>\n<li> Die automatische Sendersuche ist schnell abgeschlossen, danach  muss man sich auch bei Stromverlust keine Gedanken darum machen, dass  die Senderliste verloren gehen k\u00f6nnte.<\/li>\n<li> Der Standardzustand beim Einschalten ist &#8222;Ein&#8220;, man muss das  Modul also nicht erst per IR-Fernbedienung aus dem Ruhezustand erwecken.  Das passt gut dazu, es auf einer Platine aufzubringen.<\/li>\n<li> Wenn man eine Festplatte anschlie\u00dft, kann man Bilder, Musik  und auch eigene Videos von dort wiedergeben. Ich habe eine 50GB-SSD  angeschlossen, um den Stromverbrauch gering zu halten. Auf dieser Platte  werden auch die Fernsehprogramme und der Timeshift aufgezeichnet.<\/li>\n<li> Auch ohne Festplatte kann das Bild zumindest &#8222;eingefroren&#8220; werden.<\/li>\n<li> Die Bildqualit\u00e4t ist auch beim einfachen FBA-Signal sehr gut &#8211; das ist allerdings vor allem dem digitalen Signalweg geschuldet.<\/li>\n<li> Auch eine Zimmerantenne mit integriertem Verst\u00e4rker kann mit Energie versorgt werden.<\/li>\n<\/ul>\n<p>Der Tuner besteht (neben dem eigentlichen Mini-Tuner) aus einem  hochintegrierten Baustein mit K\u00fchlk\u00f6rper und einem Flash-RAM-Baustein  und etwas Zusatzbeschaltung. Er ist doppelseitig best\u00fcckt und bietet  eine Ausgangs-Steckerleiste, an der das Videosignal nicht nur als  FBAS-Signal, sondern sogar als RGB-Ausgsngssignal vorliegt &#8211; allerdings  nach wie vor mit PAL-Timing, so dass man noch einen aktiven Konverter  ben\u00f6tigen w\u00fcrde, um daraus ein VGA-Signal zu machen. Der Einfachheit  halber wird daher im folgenden das FBAS-Signal benutzt, das eine  gemeinsame Leitung f\u00fcr Video-, Sync- und Farbsignal darstellt. Man  k\u00f6nnte dieses Signal auch als Eingang f\u00fcr den Bildverarbeitungsteil des <a title=\"EE-9.16\" href=\"http:\/\/rigert.com\/bk-wiki\/index.php?title=EE-9.16\">EE2008-Fernsehers<\/a> benutzen und so dem alten Teil zu einem modernen Tuner verhelfen.<\/p>\n<h3>Aufbauhinweise<\/h3>\n<p>Der Tuner will mit 5V versorgt werden, die Anleitung spricht von 1A  Stromaufnahme. Darin ist allerdings auch bereits die Festplatte  eingerechnet. Mit der SSD komme ich vermutlich auf 0,5A &#8211; dennoch wird  der 7805-Spannungsregler im 9V-Betrieb sehr warm. Daher ist ein  K\u00fchlk\u00f6rper mit an Bord.<\/p>\n<p>Der hochintegrierte Baustein wird sehr warm; das Originalgeh\u00e4use  ist dazu mit vielen Schlitzen versehen. Mein Kunststoffgeh\u00e4use ist an  den Seiten ebenfalls offen, so dass die W\u00e4rme ausreichend zirkulieren  k\u00f6nnen sollte. Das ist aber noch nicht sicher &#8211; das Geh\u00e4use wird recht  warm, so dass ich es f\u00fcr weitere Tests erst einmal weggelassen habe.  Durch die Abdeckhaube wird der Fernseher nach wie vor gesch\u00fctzt.<\/p>\n<p>Die Infrarotdiode stammt aus einem kleinen halbrunden Empf\u00e4nger,  der ebenfalls mitgeliefert wird. Sie auszul\u00f6ten ist kein gro\u00dfer Aufwand.  Im Gegensatz zum Tuner ist sie aber sehr empfindlich gegen Verpolung  (leider einmal passiert), so dass ein Ersatz beschafft werden musste.<\/p>\n<p>Das FBAS-Ausgangssignal habe ich \u00fcber einen Cinch-Stecker nach  au\u00dfen gef\u00fchrt. Das sichert das Signal und gibt zudem die M\u00f6glichkeit,  den Tuner auch einmal an einen richtigen Bildschirm anzuschlie\u00dfen. Er  funktioniert auch dort.<\/p>\n<p><a href=\"http:\/\/www.brennecke.org\/wp-content\/uploads\/2012\/04\/IMG_4484.jpg\"><img loading=\"lazy\" decoding=\"async\" class=\"alignnone size-medium wp-image-1114\" title=\"IMG_4484\" src=\"http:\/\/www.brennecke.org\/wp-content\/uploads\/2012\/04\/IMG_4484-300x225.jpg\" alt=\"\" width=\"300\" height=\"225\" srcset=\"https:\/\/www.brennecke.org\/wp-content\/uploads\/2012\/04\/IMG_4484-300x225.jpg 300w, https:\/\/www.brennecke.org\/wp-content\/uploads\/2012\/04\/IMG_4484.jpg 800w\" sizes=\"(max-width: 300px) 100vw, 300px\" \/><\/a><a href=\"http:\/\/www.brennecke.org\/wp-content\/uploads\/2012\/04\/IMG_4482.jpg\"> <img loading=\"lazy\" decoding=\"async\" class=\"alignnone size-medium wp-image-1112\" title=\"IMG_4482\" src=\"http:\/\/www.brennecke.org\/wp-content\/uploads\/2012\/04\/IMG_4482-300x225.jpg\" alt=\"\" width=\"300\" height=\"225\" srcset=\"https:\/\/www.brennecke.org\/wp-content\/uploads\/2012\/04\/IMG_4482-300x225.jpg 300w, https:\/\/www.brennecke.org\/wp-content\/uploads\/2012\/04\/IMG_4482.jpg 800w\" sizes=\"(max-width: 300px) 100vw, 300px\" \/><\/a><\/p>\n<p><a href=\"http:\/\/www.brennecke.org\/wp-content\/uploads\/2012\/04\/IMG_4483.jpg\"><img loading=\"lazy\" decoding=\"async\" class=\"alignnone size-medium wp-image-1113\" title=\"IMG_4483\" src=\"http:\/\/www.brennecke.org\/wp-content\/uploads\/2012\/04\/IMG_4483-300x225.jpg\" alt=\"\" width=\"300\" height=\"225\" srcset=\"https:\/\/www.brennecke.org\/wp-content\/uploads\/2012\/04\/IMG_4483-300x225.jpg 300w, https:\/\/www.brennecke.org\/wp-content\/uploads\/2012\/04\/IMG_4483.jpg 800w\" sizes=\"(max-width: 300px) 100vw, 300px\" \/><\/a> <a href=\"http:\/\/www.brennecke.org\/wp-content\/uploads\/2012\/04\/IMG_4510.jpg\"><img loading=\"lazy\" decoding=\"async\" class=\"alignnone size-medium wp-image-1120\" title=\"IMG_4510\" src=\"http:\/\/www.brennecke.org\/wp-content\/uploads\/2012\/04\/IMG_4510-300x225.jpg\" alt=\"\" width=\"300\" height=\"225\" srcset=\"https:\/\/www.brennecke.org\/wp-content\/uploads\/2012\/04\/IMG_4510-300x225.jpg 300w, https:\/\/www.brennecke.org\/wp-content\/uploads\/2012\/04\/IMG_4510.jpg 800w\" sizes=\"(max-width: 300px) 100vw, 300px\" \/><\/a><\/p>\n<p>Das Platinenlayout sieht ein wenig grobschl\u00e4chtig aus, was nicht zuletzt auf die gro\u00dfe Menge an Massefl\u00e4chen zur\u00fcckzuf\u00fchren ist.<\/p>\n<p><a href=\"http:\/\/www.brennecke.org\/wp-content\/uploads\/2012\/04\/Bildschirmfoto-2012-04-20-um-17.43.09.png\"><img loading=\"lazy\" decoding=\"async\" class=\"alignnone size-medium wp-image-1138\" title=\"Bildschirmfoto 2012-04-20 um 17.43.09\" src=\"http:\/\/www.brennecke.org\/wp-content\/uploads\/2012\/04\/Bildschirmfoto-2012-04-20-um-17.43.09-255x300.png\" alt=\"\" width=\"255\" height=\"300\" srcset=\"https:\/\/www.brennecke.org\/wp-content\/uploads\/2012\/04\/Bildschirmfoto-2012-04-20-um-17.43.09-255x300.png 255w, https:\/\/www.brennecke.org\/wp-content\/uploads\/2012\/04\/Bildschirmfoto-2012-04-20-um-17.43.09.png 515w\" sizes=\"(max-width: 255px) 100vw, 255px\" \/><\/a><\/p>\n<p><a title=\"TV-Lab \u2013 Digitales Flachbildfernsehen f\u00fcr die Philips-Bauk\u00e4sten\" href=\"http:\/\/www.brennecke.org\/?page_id=1057\">Zur\u00fcck zum Hauptartikel<\/a><\/p>\n<div class=\"twoclick_social_bookmarks_post_1059 social_share_privacy clearfix 1.6.4 locale-de_DE sprite-de_DE\"><\/div><div class=\"twoclick-js\"><script type=\"text\/javascript\">\/* <![CDATA[ *\/\njQuery(document).ready(function($){if($('.twoclick_social_bookmarks_post_1059')){$('.twoclick_social_bookmarks_post_1059').socialSharePrivacy({\"services\":{\"facebook\":{\"status\":\"on\",\"txt_info\":\"2 Klicks f\\u00fcr mehr Datenschutz: Erst wenn Sie hier klicken, wird der Button aktiv und Sie k\\u00f6nnen Ihre Empfehlung an Facebook senden. Schon beim Aktivieren werden Daten an Dritte \\u00fcbertragen - siehe <em>i<\\\/em>.\",\"perma_option\":\"off\",\"action\":\"recommend\",\"language\":\"de_DE\"},\"twitter\":{\"reply_to\":\"\",\"tweet_text\":\"DVB-T-Tuner%20%C2%BB%2053%20Cent\",\"status\":\"on\",\"txt_info\":\"2 Klicks f\\u00fcr mehr Datenschutz: Erst wenn Sie hier klicken, wird der Button aktiv und Sie k\\u00f6nnen Ihre Empfehlung an Twitter senden. Schon beim Aktivieren werden Daten an Dritte \\u00fcbertragen - siehe <em>i<\\\/em>.\",\"perma_option\":\"off\",\"language\":\"de\",\"referrer_track\":\"\"},\"gplus\":{\"status\":\"on\",\"txt_info\":\"2 Klicks f\\u00fcr mehr Datenschutz: Erst wenn Sie hier klicken, wird der Button aktiv und Sie k\\u00f6nnen Ihre Empfehlung an Google+ senden. Schon beim Aktivieren werden Daten an Dritte \\u00fcbertragen - siehe <em>i<\\\/em>.\",\"perma_option\":\"off\",\"referrer_track\":\"\"},\"flattr\":{\"uid\":\"\",\"status\":\"on\",\"the_title\":\"DVB-T-Tuner\",\"the_excerpt\":\"Vorbereitung%0D%0AIch%20entschied%20mich%20nach%20sehr%20kurzer%20Recherche%2C%20den%20DVB-T-Tuner%20auf%20%20Basis%20eines%20fertigen%20Moduls%20zu%20bauen.%20Es%20gibt%20nach%20meiner%20Einsch%C3%A4tzung%20%20keine%20andere%20brauchbare%20Methode%2C%20modernes%20Fernsehen%20mit%20Baukastentechnik%20%20zu%20verheiraten.%20Dazu%20beschaffte%20ich%20einen%20Mini-Tuner%2C%20der%20an%20einen%20%20SCART-Stecker%20angebracht%20war.%20Dieses%20kleine%20Ger%C3%A4t%20bringt%20bereits%20alles%20%20n%C3%B6tige%20mit%20und%20noch%20viel%20meh%20...\",\"txt_info\":\"2 Klicks f\\u00fcr mehr Datenschutz: Erst wenn Sie hier klicken, wird der Button aktiv und Sie k\\u00f6nnen Ihre Empfehlung an Flattr senden. Schon beim Aktivieren werden Daten an Dritte \\u00fcbertragen - siehe <em>i<\\\/em>.\",\"perma_option\":\"off\"}},\"txt_help\":\"Wenn Sie diese Felder durch einen Klick aktivieren, werden Informationen an Facebook, Twitter, Flattr, Xing, t3n, LinkedIn, Pinterest oder Google eventuell ins Ausland \\u00fcbertragen und unter Umst\\u00e4nden auch dort gespeichert. N\\u00e4heres erfahren Sie durch einen Klick auf das <em>i<\\\/em>.\",\"settings_perma\":\"Dauerhaft aktivieren und Daten\\u00fcber-tragung zustimmen:\",\"info_link\":\"http:\\\/\\\/www.heise.de\\\/ct\\\/artikel\\\/2-Klicks-fuer-mehr-Datenschutz-1333879.html\",\"uri\":\"https:\\\/\\\/www.brennecke.org\\\/?page_id=1059\",\"post_id\":1059,\"post_title_referrer_track\":\"DVB-T-Tuner\",\"display_infobox\":\"on\"});}});\n\/* ]]> *\/<\/script><\/div>","protected":false},"excerpt":{"rendered":"<p>Vorbereitung Ich entschied mich nach sehr kurzer Recherche, den DVB-T-Tuner auf Basis eines fertigen Moduls zu bauen. Es gibt nach meiner Einsch\u00e4tzung keine andere brauchbare Methode, modernes Fernsehen mit Baukastentechnik zu verheiraten. Dazu beschaffte ich einen Mini-Tuner, der an einen &hellip; <a href=\"https:\/\/www.brennecke.org\/?page_id=1059\">Weiterlesen <span class=\"meta-nav\">&rarr;<\/span><\/a><\/p>\n","protected":false},"author":1,"featured_media":1107,"parent":1057,"menu_order":1,"comment_status":"open","ping_status":"open","template":"","meta":{"footnotes":""},"_links":{"self":[{"href":"https:\/\/www.brennecke.org\/index.php?rest_route=\/wp\/v2\/pages\/1059"}],"collection":[{"href":"https:\/\/www.brennecke.org\/index.php?rest_route=\/wp\/v2\/pages"}],"about":[{"href":"https:\/\/www.brennecke.org\/index.php?rest_route=\/wp\/v2\/types\/page"}],"author":[{"embeddable":true,"href":"https:\/\/www.brennecke.org\/index.php?rest_route=\/wp\/v2\/users\/1"}],"replies":[{"embeddable":true,"href":"https:\/\/www.brennecke.org\/index.php?rest_route=%2Fwp%2Fv2%2Fcomments&post=1059"}],"version-history":[{"count":5,"href":"https:\/\/www.brennecke.org\/index.php?rest_route=\/wp\/v2\/pages\/1059\/revisions"}],"predecessor-version":[{"id":1136,"href":"https:\/\/www.brennecke.org\/index.php?rest_route=\/wp\/v2\/pages\/1059\/revisions\/1136"}],"up":[{"embeddable":true,"href":"https:\/\/www.brennecke.org\/index.php?rest_route=\/wp\/v2\/pages\/1057"}],"wp:featuredmedia":[{"embeddable":true,"href":"https:\/\/www.brennecke.org\/index.php?rest_route=\/wp\/v2\/media\/1107"}],"wp:attachment":[{"href":"https:\/\/www.brennecke.org\/index.php?rest_route=%2Fwp%2Fv2%2Fmedia&parent=1059"}],"curies":[{"name":"wp","href":"https:\/\/api.w.org\/{rel}","templated":true}]}}