{"id":1071,"date":"2012-04-17T14:35:43","date_gmt":"2012-04-17T12:35:43","guid":{"rendered":"http:\/\/www.brennecke.org\/?page_id=1071"},"modified":"2012-04-20T18:50:31","modified_gmt":"2012-04-20T16:50:31","slug":"digital-oszilloskop-furs-schaltpult","status":"publish","type":"page","link":"https:\/\/www.brennecke.org\/?page_id=1071","title":{"rendered":"Digital-Oszilloskop f\u00fcrs Schaltpult"},"content":{"rendered":"<p>Das Oszilloskop des EE2007 fand ich zun\u00e4chst \u00e4u\u00dferst langweilig, bis ich begriff, dass es einen  konstruktiven Mangel besa\u00df: es war auf denselben Grundplatten aufgebaut,  auf denen ich ansonsten Schaltungen aufgebaut h\u00e4tte, an denen man es  f\u00fcr Messungen h\u00e4tte nutzen k\u00f6nnen. Ich baute es dann sp\u00e4ter auf einer  Extra-Platine auf, und das war f\u00fcr mich die T\u00fcr in eine ganz neue Welt  zum Verst\u00e4ndnis von Nieder- und Hochfrequenz.<\/p>\n<p><a href=\"..\/wp-content\/uploads\/2012\/04\/IMG_4098.jpg\"><img loading=\"lazy\" decoding=\"async\" title=\"IMG_4098\" src=\"..\/wp-content\/uploads\/2012\/04\/IMG_4098-300x225.jpg\" alt=\"\" width=\"300\" height=\"225\" \/> <a href=\"http:\/\/www.brennecke.org\/wp-content\/uploads\/2012\/04\/IMG_4559.jpg\"><img loading=\"lazy\" decoding=\"async\" class=\"alignnone size-medium wp-image-1184\" title=\"IMG_4559\" src=\"http:\/\/www.brennecke.org\/wp-content\/uploads\/2012\/04\/IMG_4559-300x225.jpg\" alt=\"\" width=\"300\" height=\"225\" srcset=\"https:\/\/www.brennecke.org\/wp-content\/uploads\/2012\/04\/IMG_4559-300x225.jpg 300w, https:\/\/www.brennecke.org\/wp-content\/uploads\/2012\/04\/IMG_4559.jpg 1024w\" sizes=\"(max-width: 300px) 100vw, 300px\" \/><\/a><br \/>\n<\/a><\/p>\n<p>Bei diesem Neuansatz wollte ich nun keine Bildr\u00f6hre mehr  einsetzen, und meine Suche nach einem Speicheroszilloskop brachte den  hier eingesetzten Bausatz zutage, der f\u00fcr mich eine sehr gute Erg\u00e4nzung  des Philips-Schaltpult-Ansatzes ist. Es handelt sich dabei um ein  Do-it-yourself-Kit der Firma <a href=\"http:\/\/www.jyetech.com\/Products\/LcdScope\/e062KC.php\">JYEtech<\/a>, bei dem alle  SMD-Bauteile bereits verl\u00f6tet sind und man nur die gr\u00f6\u00dferen Bauteile wie  Kondensatoren und alle Anschl\u00fcsse selbst verl\u00f6tet. Es hat ein Format,  mit dem es ganz wunderbar ins Philips-Schaltpult integriert werden kann.  Es ist einkanalig nutzbar bis zu 1 MHz und besitzt auch einen  eingebauten Frequenzz\u00e4hler. Der Preis: knapp 60 Euro inklusive Versand.<\/p>\n<p><a href=\"..\/wp-content\/uploads\/2012\/04\/IMG_4096.jpg\"><img loading=\"lazy\" decoding=\"async\" title=\"IMG_4096\" src=\"..\/wp-content\/uploads\/2012\/04\/IMG_4096-300x225.jpg\" alt=\"\" width=\"300\" height=\"225\" \/><\/a> <a href=\"..\/wp-content\/uploads\/2012\/04\/IMG_4095.jpg\"><img loading=\"lazy\" decoding=\"async\" title=\"IMG_4095\" src=\"..\/wp-content\/uploads\/2012\/04\/IMG_4095-300x225.jpg\" alt=\"\" width=\"300\" height=\"225\" \/><\/a><\/p>\n<p>Zur Befestigung: ich habe in ein Schaltpult ein gro\u00dfes Loch mit  vier Aussparungen ges\u00e4gt &#8211; etwas, das ich mich w\u00e4hrend meiner Teenager-Zeit niemals getraut h\u00e4tte. Die Aussparungen dienen zur Befestigung des  Oszilloskops. Es wird mit +9V angetrieben und \u00fcber dieselbe Quelle  versorgt, die auch die Schaltung antreibt; es wird auch \u00fcber den  Potentiometerschalter eingeschaltet. Dadurch kann man es auch alleine im  Schaltpult &#8211; also ohne Grundplatten &#8211; zur Messung an anderen  Schaltungen benutzen. Beim Einschalten bootet es zun\u00e4chst und ist dann  innerhalb von 5 Sekunden betriebsbereit.<\/p>\n<p><a href=\"..\/wp-content\/uploads\/2012\/04\/IMG_4095.jpg\"><\/a> <a href=\"..\/wp-content\/uploads\/2012\/04\/IMG_4130.jpg\"><img loading=\"lazy\" decoding=\"async\" title=\"IMG_4130\" src=\"..\/wp-content\/uploads\/2012\/04\/IMG_4130-300x225.jpg\" alt=\"\" width=\"300\" height=\"225\" \/> <\/a><a href=\"http:\/\/www.brennecke.org\/wp-content\/uploads\/2012\/04\/IMG_4131.jpg\"><img loading=\"lazy\" decoding=\"async\" class=\"alignnone size-medium wp-image-1179\" title=\"IMG_4131\" src=\"http:\/\/www.brennecke.org\/wp-content\/uploads\/2012\/04\/IMG_4131-300x225.jpg\" alt=\"\" width=\"300\" height=\"225\" srcset=\"https:\/\/www.brennecke.org\/wp-content\/uploads\/2012\/04\/IMG_4131-300x225.jpg 300w, https:\/\/www.brennecke.org\/wp-content\/uploads\/2012\/04\/IMG_4131.jpg 800w\" sizes=\"(max-width: 300px) 100vw, 300px\" \/><\/a><\/p>\n<p>Einige Sachen, die mit dem EE2007-Oszi m\u00f6glich sind, fehlen hier.  Beispielsweise kann man die y-Achse nicht selbst steuern, damit sind  keine Lissajous-Figuren oder Kennlinienschreiber m\u00f6glich. Ich pers\u00f6nlich  bin aber durch den Frequenzz\u00e4hler mehr als entsch\u00e4digt. Das auf den  Bildern gezeigte Signal ist der 50Hz-Netzbrumm, \u00fcbertragen durch  einfaches Anfassen des Eingangskabels.<\/p>\n<p>Es folgen noch die Spezifikationen:<\/p>\n<ul>\n<li> Maximum equivalent-time sampling rate (hardware) &#8211; 20MSa\/s<\/li>\n<li> Maximum real-time sampling rate &#8211; 2MSa\/s<\/li>\n<li> Resolution &#8211; 8 bits<\/li>\n<li> Record length &#8211; 256 bytes<\/li>\n<li> Analog bandwidth &#8211; 1MHz<\/li>\n<li> Vertical sensitivity &#8211; 100mV\/Div &#8211; 5V\/Div<\/li>\n<li> Vertical position adjustable with indicator<\/li>\n<li> Input impedance &#8211; 1M ohm<\/li>\n<li> Max input voltage &#8211; 50Vpk (1x probe) [500Vpk for 10x probe]<\/li>\n<li> DC\/AC\/GND coupling<\/li>\n<li> Horizontal &#8211; 0.5us\/Div &#8211; 10m(minute)\/Div<\/li>\n<li> Auto\/Normal\/Single trig modes<\/li>\n<li> Rising\/Falling edge trigger<\/li>\n<li> External trig available<\/li>\n<li> Trigger output is available, which makes it possible to cascade scopes to do multi-channel capture.<\/li>\n<li> Trigger level adjustable with indicator<\/li>\n<li> Hold\/run feature<\/li>\n<li> Save\/recall up to 6 captures<\/li>\n<li> FFT function available &#8211; size of 256 points and 512 points selectable, sampling rate of 1Ksps to 2Msps selectable<\/li>\n<li> Transfer screen to PC as bitmap file via serial connection<\/li>\n<li> Built-in 500Hz\/5Vpp test signal<\/li>\n<li> Frequency Meter (For TTL level input signal)<\/li>\n<li> Auto switching between Oscilloscope Mode and Frequency Meter Mode<\/li>\n<li> 9V DC power supply<\/li>\n<li> Dimension: 110mm X 65mm X 25mm (without case)<\/li>\n<li> Weight: 125 gram (not including probe and power adapter)<\/li>\n<\/ul>\n<p><a title=\"Schaltpult-Um- und Neubauten\" href=\"http:\/\/www.brennecke.org\/?page_id=1067\">Zur\u00fcck zur \u00dcbersicht<\/a><\/p>\n<div class=\"twoclick_social_bookmarks_post_1071 social_share_privacy clearfix 1.6.4 locale-de_DE sprite-de_DE\"><\/div><div class=\"twoclick-js\"><script type=\"text\/javascript\">\/* <![CDATA[ *\/\njQuery(document).ready(function($){if($('.twoclick_social_bookmarks_post_1071')){$('.twoclick_social_bookmarks_post_1071').socialSharePrivacy({\"services\":{\"facebook\":{\"status\":\"on\",\"txt_info\":\"2 Klicks f\\u00fcr mehr Datenschutz: Erst wenn Sie hier klicken, wird der Button aktiv und Sie k\\u00f6nnen Ihre Empfehlung an Facebook senden. Schon beim Aktivieren werden Daten an Dritte \\u00fcbertragen - siehe <em>i<\\\/em>.\",\"perma_option\":\"off\",\"action\":\"recommend\",\"language\":\"de_DE\"},\"twitter\":{\"reply_to\":\"\",\"tweet_text\":\"Digital-Oszilloskop%20f%C3%BCrs%20Schaltpult%20%C2%BB%2053%20Cent\",\"status\":\"on\",\"txt_info\":\"2 Klicks f\\u00fcr mehr Datenschutz: Erst wenn Sie hier klicken, wird der Button aktiv und Sie k\\u00f6nnen Ihre Empfehlung an Twitter senden. Schon beim Aktivieren werden Daten an Dritte \\u00fcbertragen - siehe <em>i<\\\/em>.\",\"perma_option\":\"off\",\"language\":\"de\",\"referrer_track\":\"\"},\"gplus\":{\"status\":\"on\",\"txt_info\":\"2 Klicks f\\u00fcr mehr Datenschutz: Erst wenn Sie hier klicken, wird der Button aktiv und Sie k\\u00f6nnen Ihre Empfehlung an Google+ senden. Schon beim Aktivieren werden Daten an Dritte \\u00fcbertragen - siehe <em>i<\\\/em>.\",\"perma_option\":\"off\",\"referrer_track\":\"\"},\"flattr\":{\"uid\":\"\",\"status\":\"on\",\"the_title\":\"Digital-Oszilloskop%20f%C3%BCrs%20Schaltpult\",\"the_excerpt\":\"Das%20Oszilloskop%20des%20EE2007%20fand%20ich%20zun%C3%A4chst%20%C3%A4u%C3%9Ferst%20langweilig%2C%20bis%20ich%20begriff%2C%20dass%20es%20einen%20%20konstruktiven%20Mangel%20besa%C3%9F%3A%20es%20war%20auf%20denselben%20Grundplatten%20aufgebaut%2C%20%20auf%20denen%20ich%20ansonsten%20Schaltungen%20aufgebaut%20h%C3%A4tte%2C%20an%20denen%20man%20es%20%20f%C3%BCr%20Messungen%20h%C3%A4tte%20nutzen%20k%C3%B6nnen.%20Ich%20baute%20es%20dann%20sp%C3%A4ter%20auf%20einer%20%20Extra-Platine%20auf%2C%20und%20das%20war%20f%C3%BCr%20mich%20die%20T%C3%BCr%20in%20eine%20ganz%20neue%20Welt%20%20zum%20Verst%C3%A4nd%20...\",\"txt_info\":\"2 Klicks f\\u00fcr mehr Datenschutz: Erst wenn Sie hier klicken, wird der Button aktiv und Sie k\\u00f6nnen Ihre Empfehlung an Flattr senden. Schon beim Aktivieren werden Daten an Dritte \\u00fcbertragen - siehe <em>i<\\\/em>.\",\"perma_option\":\"off\"}},\"txt_help\":\"Wenn Sie diese Felder durch einen Klick aktivieren, werden Informationen an Facebook, Twitter, Flattr, Xing, t3n, LinkedIn, Pinterest oder Google eventuell ins Ausland \\u00fcbertragen und unter Umst\\u00e4nden auch dort gespeichert. N\\u00e4heres erfahren Sie durch einen Klick auf das <em>i<\\\/em>.\",\"settings_perma\":\"Dauerhaft aktivieren und Daten\\u00fcber-tragung zustimmen:\",\"info_link\":\"http:\\\/\\\/www.heise.de\\\/ct\\\/artikel\\\/2-Klicks-fuer-mehr-Datenschutz-1333879.html\",\"uri\":\"https:\\\/\\\/www.brennecke.org\\\/?page_id=1071\",\"post_id\":1071,\"post_title_referrer_track\":\"Digital-Oszilloskop+f%C3%BCrs+Schaltpult\",\"display_infobox\":\"on\"});}});\n\/* ]]> *\/<\/script><\/div>","protected":false},"excerpt":{"rendered":"<p>Das Oszilloskop des EE2007 fand ich zun\u00e4chst \u00e4u\u00dferst langweilig, bis ich begriff, dass es einen konstruktiven Mangel besa\u00df: es war auf denselben Grundplatten aufgebaut, auf denen ich ansonsten Schaltungen aufgebaut h\u00e4tte, an denen man es f\u00fcr Messungen h\u00e4tte nutzen k\u00f6nnen. &hellip; <a href=\"https:\/\/www.brennecke.org\/?page_id=1071\">Weiterlesen <span class=\"meta-nav\">&rarr;<\/span><\/a><\/p>\n","protected":false},"author":1,"featured_media":1183,"parent":1067,"menu_order":3,"comment_status":"open","ping_status":"open","template":"","meta":{"footnotes":""},"_links":{"self":[{"href":"https:\/\/www.brennecke.org\/index.php?rest_route=\/wp\/v2\/pages\/1071"}],"collection":[{"href":"https:\/\/www.brennecke.org\/index.php?rest_route=\/wp\/v2\/pages"}],"about":[{"href":"https:\/\/www.brennecke.org\/index.php?rest_route=\/wp\/v2\/types\/page"}],"author":[{"embeddable":true,"href":"https:\/\/www.brennecke.org\/index.php?rest_route=\/wp\/v2\/users\/1"}],"replies":[{"embeddable":true,"href":"https:\/\/www.brennecke.org\/index.php?rest_route=%2Fwp%2Fv2%2Fcomments&post=1071"}],"version-history":[{"count":3,"href":"https:\/\/www.brennecke.org\/index.php?rest_route=\/wp\/v2\/pages\/1071\/revisions"}],"predecessor-version":[{"id":1173,"href":"https:\/\/www.brennecke.org\/index.php?rest_route=\/wp\/v2\/pages\/1071\/revisions\/1173"}],"up":[{"embeddable":true,"href":"https:\/\/www.brennecke.org\/index.php?rest_route=\/wp\/v2\/pages\/1067"}],"wp:featuredmedia":[{"embeddable":true,"href":"https:\/\/www.brennecke.org\/index.php?rest_route=\/wp\/v2\/media\/1183"}],"wp:attachment":[{"href":"https:\/\/www.brennecke.org\/index.php?rest_route=%2Fwp%2Fv2%2Fmedia&parent=1071"}],"curies":[{"name":"wp","href":"https:\/\/api.w.org\/{rel}","templated":true}]}}