{"id":1217,"date":"2012-04-20T19:26:36","date_gmt":"2012-04-20T17:26:36","guid":{"rendered":"http:\/\/www.brennecke.org\/?page_id=1217"},"modified":"2012-10-04T16:50:50","modified_gmt":"2012-10-04T14:50:50","slug":"verbessertes-oszilloskop","status":"publish","type":"page","link":"https:\/\/www.brennecke.org\/?page_id=1217","title":{"rendered":"Schaltungen mit dem VGA-Oszilloskop"},"content":{"rendered":"<div>\n<p>Die folgenden Schaltungen demonstrieren den Einsatz des Oszilloskops, das auf einigen <a href=\"http:\/\/www.brennecke.org\/?page_id=1240#Videotechnik-VGA-Modul\">VGA-Modulen<\/a> zu finden ist und auch als <a href=\"http:\/\/www.brennecke.org\/?page_id=1240#Videotechnik-Oszilloskop-Modul\">eigenst\u00e4ndiges Modul<\/a> aufgebaut wurde.<\/p>\n<h3>Inhalt<\/h3>\n<p><a title=\"Schaltungen mit dem VGA-Oszilloskop\" href=\"http:\/\/www.brennecke.org\/?page_id=1217#VGA-Oszilloskop\">VGA-Oszilloskop<\/a><\/p>\n<p><a title=\"Schaltungen mit dem VGA-Oszilloskop\" href=\"http:\/\/www.brennecke.org\/?page_id=1217#Kennlinienschreiber\">Kennlinienschreiber<\/a><a title=\"Schaltungen mit dem VGA-Oszilloskop\" href=\"http:\/\/www.brennecke.org\/?page_id=1217#EE2007\"><\/a><\/p>\n<p><a title=\"Schaltungen mit dem VGA-Oszilloskop\" href=\"http:\/\/www.brennecke.org\/?page_id=1217#EE2007\">EE2007-Oszilloskop als Signalquelle<\/a><\/p>\n<p><a name=\"VGA-Oszilloskop\"><\/a><\/p>\n<h3>VGA-Oszilloskop<\/h3>\n<p>Dieses &#8222;Oszilloskop&#8220; erm\u00f6glicht einfache Untersuchungen an  Widerst\u00e4nden, Kondensatoren und Verst\u00e4rkern. Es arbeitet mit einer  festen Ablenkfrequenz von 60Hz und kann somit schnelle Vorg\u00e4nge nicht  mehr darstellen. F\u00fcr Messungen an externen Ger\u00e4ten ist es nicht  geeignet. Interne Vorg\u00e4nge und das generelle Verhalten von Bauteilen  lassen sich allerdings gut darstellen. Aufgrund der Verwendung des <a href=\"http:\/\/www.brennecke.org\/?page_id=1240#Videotechnik-Sinus-Generator-Modul\">Sinusgenerator-Moduls<\/a> und des <a href=\"http:\/\/www.brennecke.org\/?page_id=1240#Videotechnik-Oszilloskop-Modul\">Oszilloskop-Moduls<\/a> f\u00e4llt der Aufbau sehr einfach.<\/p>\n<p><a href=\"http:\/\/www.brennecke.org\/wp-content\/uploads\/2012\/04\/IMG_4695.jpg\"><img loading=\"lazy\" decoding=\"async\" title=\"IMG_4695\" src=\"http:\/\/www.brennecke.org\/wp-content\/uploads\/2012\/04\/IMG_4695-300x225.jpg\" alt=\"\" width=\"300\" height=\"225\" \/><\/a> <a href=\"http:\/\/www.brennecke.org\/wp-content\/uploads\/2012\/04\/IMG_4696.jpg\"><img loading=\"lazy\" decoding=\"async\" title=\"IMG_4696\" src=\"http:\/\/www.brennecke.org\/wp-content\/uploads\/2012\/04\/IMG_4696-300x225.jpg\" alt=\"\" width=\"300\" height=\"225\" \/><\/a><\/p>\n<p>Der Ausgang des Generators ist im Bild direkt mit dem Eingang des  Oszilloskops verbunden. Mit dem Potentiometer auf dem Oszilloskop-Modul  kann man die Mittenposition des vertikalen Streifens einstellen.<\/p>\n<p>Statt der Drahtbr\u00fccke zwischen dem Ausgang des Generators undt dem  Eingang des Oszilloskops kann man nun alle Schaltungen des Kapitels 6  aus dem EE3023 nachvollziehen. Die Schaltungen des EE2007 und des 6105  Oszilloskop-Labs arbeiten mit einem Frequenzgenerator mit einer  Taktfrequenz von\u00a0 1 kHz &#8211; grunds\u00e4tzlich lassen sich deren Schaltungen  daher ebenfalls nachbauen, allerdings kann daf\u00fcr ein Redesign der  Schaltung in Bezug auf verwendete Kondensatoren erforderlich sein.<\/p>\n<p>Lissajous-Figuren lassen sich auf diese Weise nicht erzeugen &#8211; ich habe jedoch <a href=\"http:\/\/www.brennecke.org\/?page_id=1217#EE2007\">ein paar Tests<\/a> durchgef\u00fchrt, die zeigen, dass es grunds\u00e4tzlich doch irgendwie geht.<\/p>\n<p><a name=\"Kennlinienschreiber\"><\/a><\/p>\n<h3>Kennlinienschreiber<\/h3>\n<p>Der Kennlinienschreiber zeichnet die Ausgangsspannung eines Signals in y-Richtung abh\u00e4ngig von der Position in x-Richtung auf. Man kann damit beispielsweise Dioden- oder Transistorkennlinien aufzeichnen. Damit das korrekt funktioniert, ben\u00f6tigt man ein Signal, das \u00fcber den dargestellten Bereich von oben nach unten linear ansteigt &#8211; eine S\u00e4gezahnspannung. Gemessen bzw. dargestellt wird dann die Reaktion des Pr\u00fcflings auf die S\u00e4gezahnspannung.<\/p>\n<p>Man ben\u00f6tigt daher einen S\u00e4gezahngenerator, der mit dem vertikalen Taktsignal gekoppelt ist. Daher wird der S\u00e4gezahngenerator &#8211; gebildet aus einem TL081-Operationsverst\u00e4rker &#8211; umgekehrt betrieben; er erzeugt also eine abfallende S\u00e4gezahnspannung, die noch im Bildbereich in eine Gerade \u00fcbergeht. Im Oszillogramm l\u00e4sst sich das auch gut erkennen; beim Oszilloskop-Modul sieht das ganze jedoch zun\u00e4chst verwirrend aus.<\/p>\n<p><a href=\"http:\/\/www.brennecke.org\/wp-content\/uploads\/2012\/04\/IMG_4713.jpg\"><img loading=\"lazy\" decoding=\"async\" class=\"alignnone size-medium wp-image-1577\" title=\"IMG_4713\" src=\"http:\/\/www.brennecke.org\/wp-content\/uploads\/2012\/04\/IMG_4713-300x225.jpg\" alt=\"\" width=\"300\" height=\"225\" srcset=\"https:\/\/www.brennecke.org\/wp-content\/uploads\/2012\/04\/IMG_4713-300x225.jpg 300w, https:\/\/www.brennecke.org\/wp-content\/uploads\/2012\/04\/IMG_4713.jpg 800w\" sizes=\"(max-width: 300px) 100vw, 300px\" \/><\/a> <a href=\"http:\/\/www.brennecke.org\/wp-content\/uploads\/2012\/04\/IMG_4712.jpg\"><img loading=\"lazy\" decoding=\"async\" class=\"alignnone size-medium wp-image-1576\" title=\"IMG_4712\" src=\"http:\/\/www.brennecke.org\/wp-content\/uploads\/2012\/04\/IMG_4712-300x225.jpg\" alt=\"\" width=\"300\" height=\"225\" srcset=\"https:\/\/www.brennecke.org\/wp-content\/uploads\/2012\/04\/IMG_4712-300x225.jpg 300w, https:\/\/www.brennecke.org\/wp-content\/uploads\/2012\/04\/IMG_4712.jpg 800w\" sizes=\"(max-width: 300px) 100vw, 300px\" \/><\/a><\/p>\n<p>Wenn man das Oszillogramm spiegelt und dann um 90 Grad dreht, wird die \u00c4hnlichkeit deutlicher:<\/p>\n<p><a href=\"http:\/\/www.brennecke.org\/wp-content\/uploads\/2012\/04\/IMG_4712-Kopie.jpg\"><img loading=\"lazy\" decoding=\"async\" class=\"alignnone size-thumbnail wp-image-1575\" title=\"IMG_4712 Kopie\" src=\"http:\/\/www.brennecke.org\/wp-content\/uploads\/2012\/04\/IMG_4712-Kopie-150x150.jpg\" alt=\"\" width=\"150\" height=\"150\" \/><\/a><\/p>\n<p>Die aufsteigende Flanke ist nicht zu sehen, und die absteigende Flanke endet mit einem R\u00fcckschwinger nach oben, wo eigentlich eine Gerade sein sollte. Das sind die Grenzen der kleinen Schaltung; man kann hier allerdings sicher noch mehr herausholen.<\/p>\n<p>Es ist damit rein visuell kaum m\u00f6glich, eine Diodenkennlinie aufzunehmen. Besser sieht es aus bei einer Z-Diode in Sperrrichtung (ZPD5.1). Deren Kennlinie sollte nahe der senkrechten Nulllinie verlaufen bis zur Durchbruchspannung; dann sollte sie pl\u00f6tzlich leiten. Genau das zeigt der Verlauf der Kennlinie:<\/p>\n<p><a href=\"http:\/\/www.brennecke.org\/wp-content\/uploads\/2012\/04\/IMG_4729.jpg\"><img loading=\"lazy\" decoding=\"async\" class=\"alignnone size-medium wp-image-1579\" title=\"IMG_4729\" src=\"http:\/\/www.brennecke.org\/wp-content\/uploads\/2012\/04\/IMG_4729-300x225.jpg\" alt=\"\" width=\"300\" height=\"225\" srcset=\"https:\/\/www.brennecke.org\/wp-content\/uploads\/2012\/04\/IMG_4729-300x225.jpg 300w, https:\/\/www.brennecke.org\/wp-content\/uploads\/2012\/04\/IMG_4729.jpg 800w\" sizes=\"(max-width: 300px) 100vw, 300px\" \/><\/a> <a href=\"http:\/\/www.brennecke.org\/wp-content\/uploads\/2012\/04\/IMG_4726.jpg\"><img loading=\"lazy\" decoding=\"async\" class=\"alignnone size-medium wp-image-1578\" title=\"IMG_4726\" src=\"http:\/\/www.brennecke.org\/wp-content\/uploads\/2012\/04\/IMG_4726-300x225.jpg\" alt=\"\" width=\"300\" height=\"225\" srcset=\"https:\/\/www.brennecke.org\/wp-content\/uploads\/2012\/04\/IMG_4726-300x225.jpg 300w, https:\/\/www.brennecke.org\/wp-content\/uploads\/2012\/04\/IMG_4726.jpg 800w\" sizes=\"(max-width: 300px) 100vw, 300px\" \/><\/a><\/p>\n<p>Der Anstieg ist im oberen Teil des Bildes deutlich zu erkennen, w\u00e4hrend im unteren Bereich fast eine Gerade zu sehen ist, wie es f\u00fcr eine sperrende Diode zu erwarten ist.<\/p>\n<p><a href=\"http:\/\/www.brennecke.org\/wp-content\/uploads\/2012\/04\/IMG_4718.jpg\"><\/a><a href=\"http:\/\/www.brennecke.org\/wp-content\/uploads\/2012\/04\/IMG_4725.jpg\"><img loading=\"lazy\" decoding=\"async\" class=\"alignnone size-medium wp-image-1581\" title=\"IMG_4725\" src=\"http:\/\/www.brennecke.org\/wp-content\/uploads\/2012\/04\/IMG_4725-300x225.jpg\" alt=\"\" width=\"300\" height=\"225\" srcset=\"https:\/\/www.brennecke.org\/wp-content\/uploads\/2012\/04\/IMG_4725-300x225.jpg 300w, https:\/\/www.brennecke.org\/wp-content\/uploads\/2012\/04\/IMG_4725.jpg 800w\" sizes=\"(max-width: 300px) 100vw, 300px\" \/><\/a> <img loading=\"lazy\" decoding=\"async\" class=\"alignnone size-medium wp-image-1580\" title=\"IMG_4718\" src=\"http:\/\/www.brennecke.org\/wp-content\/uploads\/2012\/04\/IMG_4718-300x225.jpg\" alt=\"\" width=\"300\" height=\"225\" srcset=\"https:\/\/www.brennecke.org\/wp-content\/uploads\/2012\/04\/IMG_4718-300x225.jpg 300w, https:\/\/www.brennecke.org\/wp-content\/uploads\/2012\/04\/IMG_4718.jpg 800w\" sizes=\"(max-width: 300px) 100vw, 300px\" \/><\/p>\n<p>Grunds\u00e4tzlich besteht also die M\u00f6glichkeit, mit dem Schmalspuroszilloskop Kennlinien aufzuzeichnen. Man sollte aber keine Wunder erwarten &#8211; und auch keine wirklich brauchbaren Ergebnisse.<\/p>\n<p><a name=\"EE2007\"><\/a><\/p>\n<h3>EE2007-Oszilloskop als Signalquelle<\/h3>\n<h4>Testaufbau<\/h4>\n<div><a href=\"http:\/\/rigert.com\/bk-wiki\/index.php?title=Datei:FB_Oszilloskop_rechts.jpg\"><img loading=\"lazy\" decoding=\"async\" class=\"alignnone size-medium wp-image-1223\" title=\"IMG_4456\" src=\"http:\/\/www.brennecke.org\/wp-content\/uploads\/2012\/04\/IMG_4456-225x300.jpg\" alt=\"\" width=\"225\" height=\"300\" srcset=\"https:\/\/www.brennecke.org\/wp-content\/uploads\/2012\/04\/IMG_4456-225x300.jpg 225w, https:\/\/www.brennecke.org\/wp-content\/uploads\/2012\/04\/IMG_4456.jpg 600w\" sizes=\"(max-width: 225px) 100vw, 225px\" \/> <\/a><a href=\"http:\/\/www.brennecke.org\/wp-content\/uploads\/2012\/04\/IMG_4457.jpg\"><img loading=\"lazy\" decoding=\"async\" class=\"alignnone size-medium wp-image-1224\" title=\"IMG_4457\" src=\"http:\/\/www.brennecke.org\/wp-content\/uploads\/2012\/04\/IMG_4457-225x300.jpg\" alt=\"\" width=\"225\" height=\"300\" srcset=\"https:\/\/www.brennecke.org\/wp-content\/uploads\/2012\/04\/IMG_4457-225x300.jpg 225w, https:\/\/www.brennecke.org\/wp-content\/uploads\/2012\/04\/IMG_4457.jpg 600w\" sizes=\"(max-width: 225px) 100vw, 225px\" \/><\/a><\/div>\n<p>Ich besitze seit Jahren keine Bildr\u00f6hreneinheit mehr. Ich hoffte  aber,  dass mit dem VGA-Modul und einem kleinen Sprite (Punkt auf dem   Bildschirm) sich so etwas wie eine Ersatz-Bildr\u00f6hre bauen lie\u00dfe. Dabei   stie\u00df ich auf einen Bauvorschlag von <a rel=\"nofollow\" href=\"http:\/\/www.sjelab.nl\/projecten.htm#EEskoop\">Sjaak de Wit<\/a>, der das IC-Messmodul des Schuco 6107 mit dem EE-2007-Oszilloskop gekoppelt hat, um so empfindlicher und   hochohmiger arbeiten zu k\u00f6nnen, da dort ein FET-Vorverst\u00e4rker werkelt.   Die Bilder zeigen die Umsetzung seines Vorschlags auf EE-Platinen.<\/p>\n<\/div>\n<div>\n<p><a href=\"http:\/\/rigert.com\/bk-wiki\/index.php?title=Datei:FB_Oszilloskop_Messmodul.jpg\"><\/a><a href=\"http:\/\/www.brennecke.org\/wp-content\/uploads\/2012\/04\/IMG_4458.jpg\"><img loading=\"lazy\" decoding=\"async\" class=\"alignnone size-medium wp-image-1225\" title=\"IMG_4458\" src=\"http:\/\/www.brennecke.org\/wp-content\/uploads\/2012\/04\/IMG_4458-300x225.jpg\" alt=\"\" width=\"300\" height=\"225\" srcset=\"https:\/\/www.brennecke.org\/wp-content\/uploads\/2012\/04\/IMG_4458-300x225.jpg 300w, https:\/\/www.brennecke.org\/wp-content\/uploads\/2012\/04\/IMG_4458.jpg 800w\" sizes=\"(max-width: 300px) 100vw, 300px\" \/><\/a><br \/>\nDen in Sjaak de Wits vorgeschlagenen Ersatz des BC558 durch einen  FET  vom Typ BF245 kann ich nicht empfehlen. Das Oszilloskop  synchronisiert  gef\u00e4lliger, wenn der Originalvorschlag des EE2007  benutzt wird.<\/p>\n<h4>Resultate<\/h4>\n<p>Ich habe nun die Ausg\u00e4nge des EE2007-Oszilloskops  an das Sprite-Modul  angeschlossen und dessen Signal dem VGA-Modul  eingespeist. Meine Resultate zeigten, dass das Sprite-Modul f\u00fcr diese  Aufgabe nicht  geeignet ist. Es ist nat\u00fcrlich klar, dass die  Vertikalfrequenz von 60 Hz  nicht ausreicht, um ein 1-KHz-Signal  darzustellen. Dennoch hatte ich  gehofft, man k\u00f6nne wegen der vielen  Bildpunkte davon ausgehen, dass man  im Mittel zumindest eine Ahnung vom  Kurvenverlauf erh\u00e4lt. Die Bilder  zeigen dies &#8211; aber leider auch, dass  es keinen Spa\u00df macht, damit  wirklich zu arbeiten.<\/p>\n<p>Die  Belichtungszeit der Fotos betrug jeweils zwei Sekunden &#8211; das,  was hier  zu sehen ist, ist also eine Integration dessen, was man  wirklich sieht,  n\u00e4mlich recht wenig. Erst durch die lange  Belichtungszeit wird  sichtbar, wie die Signale aussehen.<\/p>\n<p>Der verwendete Sprite ist eben  kein Punkt, sondern er besteht aus  mehreren untereinander angeordneten  Teilstrichen &#8211; diese verschmieren,  wenn man sie mit einer Frequenz  moduliert. Bei langen Belichtungszeiten  ist die Wahrscheinlichkeit  hoch, dass diese Striche an allen Orten des  Signals wenigstens einmal  zu sehen waren.<\/p>\n<\/div>\n<p><a href=\"http:\/\/www.brennecke.org\/wp-content\/uploads\/2012\/04\/IMG_4439.jpg\"><img loading=\"lazy\" decoding=\"async\" class=\"alignnone size-medium wp-image-1218\" title=\"IMG_4439\" src=\"http:\/\/www.brennecke.org\/wp-content\/uploads\/2012\/04\/IMG_4439-300x225.jpg\" alt=\"\" width=\"300\" height=\"225\" srcset=\"https:\/\/www.brennecke.org\/wp-content\/uploads\/2012\/04\/IMG_4439-300x225.jpg 300w, https:\/\/www.brennecke.org\/wp-content\/uploads\/2012\/04\/IMG_4439.jpg 800w\" sizes=\"(max-width: 300px) 100vw, 300px\" \/> <\/a><a href=\"http:\/\/www.brennecke.org\/wp-content\/uploads\/2012\/04\/IMG_4442.jpg\"><img loading=\"lazy\" decoding=\"async\" class=\"alignnone size-medium wp-image-1219\" title=\"IMG_4442\" src=\"http:\/\/www.brennecke.org\/wp-content\/uploads\/2012\/04\/IMG_4442-300x225.jpg\" alt=\"\" width=\"300\" height=\"225\" srcset=\"https:\/\/www.brennecke.org\/wp-content\/uploads\/2012\/04\/IMG_4442-300x225.jpg 300w, https:\/\/www.brennecke.org\/wp-content\/uploads\/2012\/04\/IMG_4442.jpg 800w\" sizes=\"(max-width: 300px) 100vw, 300px\" \/><\/a><\/p>\n<div>\n<p>Zeitachse vertikal -leider kein Sync<\/p>\n<div><a href=\"http:\/\/rigert.com\/bk-wiki\/index.php?title=Datei:FB_Oszilloskop_H1.jpg\"><\/a><a href=\"http:\/\/www.brennecke.org\/wp-content\/uploads\/2012\/04\/IMG_4450.jpg\"><img loading=\"lazy\" decoding=\"async\" class=\"alignnone size-medium wp-image-1220\" title=\"IMG_4450\" src=\"http:\/\/www.brennecke.org\/wp-content\/uploads\/2012\/04\/IMG_4450-300x225.jpg\" alt=\"\" width=\"300\" height=\"225\" srcset=\"https:\/\/www.brennecke.org\/wp-content\/uploads\/2012\/04\/IMG_4450-300x225.jpg 300w, https:\/\/www.brennecke.org\/wp-content\/uploads\/2012\/04\/IMG_4450.jpg 800w\" sizes=\"(max-width: 300px) 100vw, 300px\" \/><\/a><\/div>\n<div>\n<p>Zeitachse horizontal &#8211; Signal erkennbar, aber weit auseinandergezogen<\/p>\n<\/div>\n<\/div>\n<div>\n<div><a href=\"http:\/\/rigert.com\/bk-wiki\/index.php?title=Datei:FB_Oszilloskop_L1.jpg\"><\/a><a href=\"http:\/\/www.brennecke.org\/wp-content\/uploads\/2012\/04\/IMG_4454.jpg\"><img loading=\"lazy\" decoding=\"async\" class=\"alignnone size-medium wp-image-1221\" title=\"IMG_4454\" src=\"http:\/\/www.brennecke.org\/wp-content\/uploads\/2012\/04\/IMG_4454-300x225.jpg\" alt=\"\" width=\"300\" height=\"225\" srcset=\"https:\/\/www.brennecke.org\/wp-content\/uploads\/2012\/04\/IMG_4454-300x225.jpg 300w, https:\/\/www.brennecke.org\/wp-content\/uploads\/2012\/04\/IMG_4454.jpg 800w\" sizes=\"(max-width: 300px) 100vw, 300px\" \/><\/a><\/div>\n<p>Lissajous-Figur mit 45\u00b0<\/p>\n<div>\n<p>&nbsp;<\/p>\n<\/div>\n<\/div>\n<div>\n<div><a href=\"http:\/\/rigert.com\/bk-wiki\/index.php?title=Datei:FB_Oszilloskop_L2.jpg\"><\/a><a href=\"http:\/\/www.brennecke.org\/wp-content\/uploads\/2012\/04\/IMG_4455.jpg\"><img loading=\"lazy\" decoding=\"async\" class=\"alignnone size-medium wp-image-1222\" title=\"IMG_4455\" src=\"http:\/\/www.brennecke.org\/wp-content\/uploads\/2012\/04\/IMG_4455-300x225.jpg\" alt=\"\" width=\"300\" height=\"225\" srcset=\"https:\/\/www.brennecke.org\/wp-content\/uploads\/2012\/04\/IMG_4455-300x225.jpg 300w, https:\/\/www.brennecke.org\/wp-content\/uploads\/2012\/04\/IMG_4455.jpg 800w\" sizes=\"(max-width: 300px) 100vw, 300px\" \/><\/a><\/div>\n<p>Lissajous-Figur mit etwa 90\u00b0<\/p>\n<div>\n<p>&nbsp;<\/p>\n<\/div>\n<\/div>\n<p><a title=\"Elektronische Schaltungen\" href=\"http:\/\/www.brennecke.org\/?page_id=1064\">Zur\u00fcck zur \u00dcbersicht<\/a><\/p>\n<p>&nbsp;<\/p>\n<div class=\"twoclick_social_bookmarks_post_1217 social_share_privacy clearfix 1.6.4 locale-de_DE sprite-de_DE\"><\/div><div class=\"twoclick-js\"><script type=\"text\/javascript\">\/* <![CDATA[ *\/\njQuery(document).ready(function($){if($('.twoclick_social_bookmarks_post_1217')){$('.twoclick_social_bookmarks_post_1217').socialSharePrivacy({\"services\":{\"facebook\":{\"status\":\"on\",\"txt_info\":\"2 Klicks f\\u00fcr mehr Datenschutz: Erst wenn Sie hier klicken, wird der Button aktiv und Sie k\\u00f6nnen Ihre Empfehlung an Facebook senden. Schon beim Aktivieren werden Daten an Dritte \\u00fcbertragen - siehe <em>i<\\\/em>.\",\"perma_option\":\"off\",\"action\":\"recommend\",\"language\":\"de_DE\"},\"twitter\":{\"reply_to\":\"\",\"tweet_text\":\"Schaltungen%20mit%20dem%20VGA-Oszilloskop%20%C2%BB%2053%20Cent\",\"status\":\"on\",\"txt_info\":\"2 Klicks f\\u00fcr mehr Datenschutz: Erst wenn Sie hier klicken, wird der Button aktiv und Sie k\\u00f6nnen Ihre Empfehlung an Twitter senden. Schon beim Aktivieren werden Daten an Dritte \\u00fcbertragen - siehe <em>i<\\\/em>.\",\"perma_option\":\"off\",\"language\":\"de\",\"referrer_track\":\"\"},\"gplus\":{\"status\":\"on\",\"txt_info\":\"2 Klicks f\\u00fcr mehr Datenschutz: Erst wenn Sie hier klicken, wird der Button aktiv und Sie k\\u00f6nnen Ihre Empfehlung an Google+ senden. Schon beim Aktivieren werden Daten an Dritte \\u00fcbertragen - siehe <em>i<\\\/em>.\",\"perma_option\":\"off\",\"referrer_track\":\"\"},\"flattr\":{\"uid\":\"\",\"status\":\"on\",\"the_title\":\"Schaltungen%20mit%20dem%20VGA-Oszilloskop\",\"the_excerpt\":\"%0D%0A%0D%0ADie%20folgenden%20Schaltungen%20demonstrieren%20den%20Einsatz%20des%20Oszilloskops%2C%20das%20auf%20einigen%20VGA-Modulen%20zu%20finden%20ist%20und%20auch%20als%20eigenst%C3%A4ndiges%20Modul%20aufgebaut%20wurde.%0D%0AInhalt%0D%0AVGA-Oszilloskop%0D%0A%0D%0AKennlinienschreiber%0D%0A%0D%0AEE2007-Oszilloskop%20als%20Signalquelle%0D%0A%0D%0A%0D%0AVGA-Oszilloskop%0D%0ADieses%20%22Oszilloskop%22%20erm%C3%B6glicht%20einfache%20Untersuchungen%20an%20%20Widerst%C3%A4nden%2C%20Kondensatoren%20und%20Verst%C3%A4rkern.%20Es%20arbeitet%20mit%20...\",\"txt_info\":\"2 Klicks f\\u00fcr mehr Datenschutz: Erst wenn Sie hier klicken, wird der Button aktiv und Sie k\\u00f6nnen Ihre Empfehlung an Flattr senden. Schon beim Aktivieren werden Daten an Dritte \\u00fcbertragen - siehe <em>i<\\\/em>.\",\"perma_option\":\"off\"}},\"txt_help\":\"Wenn Sie diese Felder durch einen Klick aktivieren, werden Informationen an Facebook, Twitter, Flattr, Xing, t3n, LinkedIn, Pinterest oder Google eventuell ins Ausland \\u00fcbertragen und unter Umst\\u00e4nden auch dort gespeichert. N\\u00e4heres erfahren Sie durch einen Klick auf das <em>i<\\\/em>.\",\"settings_perma\":\"Dauerhaft aktivieren und Daten\\u00fcber-tragung zustimmen:\",\"info_link\":\"http:\\\/\\\/www.heise.de\\\/ct\\\/artikel\\\/2-Klicks-fuer-mehr-Datenschutz-1333879.html\",\"uri\":\"https:\\\/\\\/www.brennecke.org\\\/?page_id=1217\",\"post_id\":1217,\"post_title_referrer_track\":\"Schaltungen+mit+dem+VGA-Oszilloskop\",\"display_infobox\":\"on\"});}});\n\/* ]]> *\/<\/script><\/div>","protected":false},"excerpt":{"rendered":"<p>Die folgenden Schaltungen demonstrieren den Einsatz des Oszilloskops, das auf einigen VGA-Modulen zu finden ist und auch als eigenst\u00e4ndiges Modul aufgebaut wurde. Inhalt VGA-Oszilloskop Kennlinienschreiber EE2007-Oszilloskop als Signalquelle VGA-Oszilloskop Dieses &#8222;Oszilloskop&#8220; erm\u00f6glicht einfache Untersuchungen an Widerst\u00e4nden, Kondensatoren und Verst\u00e4rkern. Es &hellip; <a href=\"https:\/\/www.brennecke.org\/?page_id=1217\">Weiterlesen <span class=\"meta-nav\">&rarr;<\/span><\/a><\/p>\n","protected":false},"author":1,"featured_media":1574,"parent":1776,"menu_order":4,"comment_status":"open","ping_status":"open","template":"","meta":{"footnotes":""},"_links":{"self":[{"href":"https:\/\/www.brennecke.org\/index.php?rest_route=\/wp\/v2\/pages\/1217"}],"collection":[{"href":"https:\/\/www.brennecke.org\/index.php?rest_route=\/wp\/v2\/pages"}],"about":[{"href":"https:\/\/www.brennecke.org\/index.php?rest_route=\/wp\/v2\/types\/page"}],"author":[{"embeddable":true,"href":"https:\/\/www.brennecke.org\/index.php?rest_route=\/wp\/v2\/users\/1"}],"replies":[{"embeddable":true,"href":"https:\/\/www.brennecke.org\/index.php?rest_route=%2Fwp%2Fv2%2Fcomments&post=1217"}],"version-history":[{"count":19,"href":"https:\/\/www.brennecke.org\/index.php?rest_route=\/wp\/v2\/pages\/1217\/revisions"}],"predecessor-version":[{"id":1789,"href":"https:\/\/www.brennecke.org\/index.php?rest_route=\/wp\/v2\/pages\/1217\/revisions\/1789"}],"up":[{"embeddable":true,"href":"https:\/\/www.brennecke.org\/index.php?rest_route=\/wp\/v2\/pages\/1776"}],"wp:featuredmedia":[{"embeddable":true,"href":"https:\/\/www.brennecke.org\/index.php?rest_route=\/wp\/v2\/media\/1574"}],"wp:attachment":[{"href":"https:\/\/www.brennecke.org\/index.php?rest_route=%2Fwp%2Fv2%2Fmedia&parent=1217"}],"curies":[{"name":"wp","href":"https:\/\/api.w.org\/{rel}","templated":true}]}}