{"id":1236,"date":"2012-04-20T19:38:28","date_gmt":"2012-04-20T17:38:28","guid":{"rendered":"http:\/\/www.brennecke.org\/?page_id=1236"},"modified":"2012-05-02T17:01:02","modified_gmt":"2012-05-02T15:01:02","slug":"digitaltechnik","status":"publish","type":"page","link":"https:\/\/www.brennecke.org\/?page_id=1236","title":{"rendered":"Digitaltechnik"},"content":{"rendered":"<p>Es zeigte sich, dass die einzelnen Schaltungen immer wieder Logikverkn\u00fcpfungen ben\u00f6tigen. Beispielsweise lassen sich mit dem <a title=\"Video-Technik\" href=\"http:\/\/www.brennecke.org\/?page_id=1240\">VGA-Modul<\/a> einige Spiele bauen, die einfache Digitalbausteine ben\u00f6tigen, um die Spielelogik  abzubilden.<\/p>\n<p>Die im folgenden gezeigten Bausteine verwenden das  3&#215;3-Einheiten-Format des Philips Digital Lab 6302, sind aber h\u00f6her  integriert. Sie verfolgen dabei das Prinzip, m\u00f6glichst universell  einsetzbar zu sein. Wenn Eing\u00e4nge optional sind, sind sie von vornherein  \u00fcber einen Vorwiderstand mit der richtigen Spannung verbunden, um die  Verdrahtung zu minimieren. Es sind auch gew\u00f6hnlich pro Modul zwei  gleiche, aber unabh\u00e4ngige Schaltungen zu finden; jeweils aufgeteilt in  &#8222;oben&#8220; und &#8222;unten&#8220;. Dank der einheitlichen Beschaltung der  CD4000-CMOS-Logikserie sind viele Platinen auch f\u00fcr mehr als nur einen  Baustein einsetzbar.<\/p>\n<p>Die Module sind mit wei\u00dfen Selbstklebeetiketten gekennzeichnet. Sie sehen sich alle \u00e4u\u00dferst \u00e4hnlich, und nur auf Basis der Typenbezeichnung l\u00e4sst sich oftmals nicht mehr erkennen, welche Funktionen die einzelnen Bausteine anbieten. Die Etiketten erkl\u00e4ren die Funktion und die Ausg\u00e4nge.<\/p>\n<p>Inhalt<\/p>\n<ol>\n<li><a title=\"2fach NAND-AND-Inverter\" href=\"http:\/\/www.brennecke.org\/?page_id=1236#NAND-AND-Inverter\">2fach NAND-AND-Inverter<\/a><\/li>\n<li><a title=\"2fach NOR-OR-Inverter\" href=\"http:\/\/www.brennecke.org\/?page_id=1236#NOR-OR-Inverter\">2fach NOR-OR-Inverter<\/a><\/li>\n<li><a title=\"R-S-Flipflop\" href=\"http:\/\/www.brennecke.org\/?page_id=1236#R-S-Flipflop\">R-S-Flipflop<\/a><\/li>\n<li><a title=\"4fach AND\/OR\" href=\"http:\/\/www.brennecke.org\/?page_id=1236#AND-OR\">4fach AND\/OR<\/a><\/li>\n<li><a title=\"Digitaltechnik\" href=\"http:\/\/www.brennecke.org\/?page_id=1236#AND-NOT-AND-Kombination\">2fach AND-NOT-AND-Kombination<\/a><\/li>\n<li><a title=\"J-K-Flipflop\" href=\"http:\/\/www.brennecke.org\/?page_id=1236#J-K-Flipflop\">J-K-Flipflop<\/a><\/li>\n<\/ol>\n<p><a name=\"NAND-AND-Inverter\"><\/a><\/p>\n<h3>2fach NAND-AND-Inverter<\/h3>\n<p>Dieses Modul bietet auf Basis des CD4011 zwei NAND-Verkn\u00fcpfungen,  denen  ein Inverter nachgeschaltet ist. Damit k\u00f6nnen sowohl NAND- als  auch  AND-Verkn\u00fcpfung gleichzeitig genutzt werden. Wird nur der U-Eingang   genutzt (an der linken oberen oder unteren Ecke), funktionieren die   NAND-Gatter wie Inverter; der W-Eingang braucht nicht angeschlossen zu   werden.<\/p>\n<div>\n<div><a href=\"http:\/\/www.brennecke.org\/wp-content\/uploads\/2012\/04\/IMG_4569.jpg\"><img loading=\"lazy\" decoding=\"async\" class=\"alignnone size-medium wp-image-1296\" title=\"IMG_4569\" src=\"http:\/\/www.brennecke.org\/wp-content\/uploads\/2012\/04\/IMG_4569-300x291.jpg\" alt=\"\" width=\"300\" height=\"291\" srcset=\"https:\/\/www.brennecke.org\/wp-content\/uploads\/2012\/04\/IMG_4569-300x291.jpg 300w, https:\/\/www.brennecke.org\/wp-content\/uploads\/2012\/04\/IMG_4569.jpg 617w\" sizes=\"(max-width: 300px) 100vw, 300px\" \/> <\/a><a href=\"http:\/\/www.brennecke.org\/wp-content\/uploads\/2012\/04\/NAND-AND-Modul.png\"><\/a><a href=\"http:\/\/www.brennecke.org\/wp-content\/uploads\/2012\/04\/CD4011-AND-NAND.png\"><img loading=\"lazy\" decoding=\"async\" class=\"alignnone size-medium wp-image-1285\" title=\"CD4011 AND-NAND\" src=\"http:\/\/www.brennecke.org\/wp-content\/uploads\/2012\/04\/CD4011-AND-NAND-300x251.png\" alt=\"\" width=\"300\" height=\"251\" srcset=\"https:\/\/www.brennecke.org\/wp-content\/uploads\/2012\/04\/CD4011-AND-NAND-300x251.png 300w, https:\/\/www.brennecke.org\/wp-content\/uploads\/2012\/04\/CD4011-AND-NAND.png 834w\" sizes=\"(max-width: 300px) 100vw, 300px\" \/><\/a><\/div>\n<\/div>\n<div>\n<div>\n<h3><a href=\"http:\/\/www.brennecke.org\/wp-content\/uploads\/2012\/04\/NAND-AND-Modul.png\"><img loading=\"lazy\" decoding=\"async\" class=\"alignnone size-full wp-image-1299\" title=\"NAND-AND-Modul\" src=\"http:\/\/www.brennecke.org\/wp-content\/uploads\/2012\/04\/NAND-AND-Modul.png\" alt=\"\" width=\"845\" height=\"608\" srcset=\"https:\/\/www.brennecke.org\/wp-content\/uploads\/2012\/04\/NAND-AND-Modul.png 845w, https:\/\/www.brennecke.org\/wp-content\/uploads\/2012\/04\/NAND-AND-Modul-300x215.png 300w\" sizes=\"(max-width: 845px) 100vw, 845px\" \/><\/a><\/h3>\n<p>Das Modul kann beispielsweise auch mit dem CD4093 (4fach-NAND-Schmitt-Trigger) oder mit dem 4070 (4fach-XOR) oder dem 4071 (4fach-OR) best\u00fcckt werden.<\/p>\n<p><a href=\"http:\/\/www.brennecke.org\/wp-content\/uploads\/2012\/04\/IMG_4570.jpg\"><img loading=\"lazy\" decoding=\"async\" class=\"alignnone size-medium wp-image-1297\" title=\"IMG_4570\" src=\"http:\/\/www.brennecke.org\/wp-content\/uploads\/2012\/04\/IMG_4570-297x300.jpg\" alt=\"\" width=\"297\" height=\"300\" srcset=\"https:\/\/www.brennecke.org\/wp-content\/uploads\/2012\/04\/IMG_4570-297x300.jpg 297w, https:\/\/www.brennecke.org\/wp-content\/uploads\/2012\/04\/IMG_4570.jpg 595w\" sizes=\"(max-width: 297px) 100vw, 297px\" \/><\/a><\/p>\n<p><a name=\"NOR-OR-Inverter\"><\/a><\/p>\n<h3>2fach NOR-OR-Inverter<\/h3>\n<\/div>\n<\/div>\n<div>\n<div>\n<p>Dieses Modul bietet auf Basis des CD4001 zwei NOR-Verkn\u00fcpfungen,  denen  ein Inverter nachgeschaltet ist. Damit k\u00f6nnen sowohl NOR- als auch   OR-Verkn\u00fcpfung gleichzeitig genutzt werden. Wird nur der U-Eingang   genutzt (an der linken oberen oder unteren Ecke), funktionieren die   NOR-Gatter wie Inverter; der W-Eingang braucht nicht angeschlossen zu   werden.<\/p>\n<\/div>\n<\/div>\n<div>\n<div><a href=\"http:\/\/rigert.com\/bk-wiki\/index.php?title=Datei:FB_NOR_Modul_Platine.png\"><\/a><a href=\"http:\/\/www.brennecke.org\/wp-content\/uploads\/2012\/04\/IMG_4563.jpg\"><img loading=\"lazy\" decoding=\"async\" class=\"alignnone size-medium wp-image-1290\" title=\"IMG_4563\" src=\"http:\/\/www.brennecke.org\/wp-content\/uploads\/2012\/04\/IMG_4563-300x284.jpg\" alt=\"\" width=\"300\" height=\"284\" srcset=\"https:\/\/www.brennecke.org\/wp-content\/uploads\/2012\/04\/IMG_4563-300x284.jpg 300w, https:\/\/www.brennecke.org\/wp-content\/uploads\/2012\/04\/IMG_4563.jpg 633w\" sizes=\"(max-width: 300px) 100vw, 300px\" \/><\/a> <a href=\"http:\/\/www.brennecke.org\/wp-content\/uploads\/2012\/04\/CD4001-OR-NOR.png\"><img loading=\"lazy\" decoding=\"async\" class=\"alignnone size-medium wp-image-1284\" title=\"CD4001 OR-NOR\" src=\"http:\/\/www.brennecke.org\/wp-content\/uploads\/2012\/04\/CD4001-OR-NOR-300x256.png\" alt=\"\" width=\"300\" height=\"256\" srcset=\"https:\/\/www.brennecke.org\/wp-content\/uploads\/2012\/04\/CD4001-OR-NOR-300x256.png 300w, https:\/\/www.brennecke.org\/wp-content\/uploads\/2012\/04\/CD4001-OR-NOR.png 784w\" sizes=\"(max-width: 300px) 100vw, 300px\" \/><\/a><br \/>\n&nbsp;<\/p>\n<\/div>\n<\/div>\n<p><a href=\"http:\/\/www.brennecke.org\/wp-content\/uploads\/2012\/04\/NOR-OR-Modul.png\"><img loading=\"lazy\" decoding=\"async\" class=\"alignnone size-full wp-image-1302\" title=\"NOR-OR-Modul\" src=\"http:\/\/www.brennecke.org\/wp-content\/uploads\/2012\/04\/NOR-OR-Modul.png\" alt=\"\" width=\"915\" height=\"613\" srcset=\"https:\/\/www.brennecke.org\/wp-content\/uploads\/2012\/04\/NOR-OR-Modul.png 915w, https:\/\/www.brennecke.org\/wp-content\/uploads\/2012\/04\/NOR-OR-Modul-300x200.png 300w\" sizes=\"(max-width: 915px) 100vw, 915px\" \/><\/a><\/p>\n<p>Die Schaltung ist weitgehend identisch mit der des <a title=\"Philips-Erweiterungsmodule von Frank Brennecke\" href=\"http:\/\/rigert.com\/bk-wiki\/index.php?title=Philips-Erweiterungsmodule_von_Frank_Brennecke#2fach_NAND-AND-Inverter\">NAND-AND-Inverters<\/a>;  hier sind jedoch die Eing\u00e4nge W \u00fcber einen Vorwiderstand an Masse  gelegt, damit sie gegebenenfalls nicht beschaltet werden m\u00fcssen.<\/p>\n<p><a name=\"R-S-Flipflop\"><\/a><\/p>\n<h3>R-S-Flipflop<\/h3>\n<div>\n<div>\n<p>Flipflops k\u00f6nnen grunds\u00e4tzlich mit einfachen Logikbausteinen  aufgebaut  werden. Das hier verwendete CD4043 hat 4 solcher Flipflops an  Bord, von  denen allerdings nur zwei genutzt werden. Das IC hat aber nur  einen  Enable-Eingang f\u00fcr alle Flipflops; dieser hat zudem auch noch die   Eigenschaft, die Ausg\u00e4nge hochohmig zu schalten. F\u00fcr die gew\u00fcnschten   Zwecke sollte jedes R-S-Flipflop \u00fcber einen Enable-Eingang deaktiviert   werden k\u00f6nnen. Dazu dient der ebenfalls auf der Platine befindliche   UND-Baustein CD4081. Normalerweise befindet sich der Enable-Eingang auf   High-Pegel. Wenn En auf Masse gelegt wird, kann der Zustand des   Flipflops nicht ge\u00e4ndert werden.<\/p>\n<\/div>\n<\/div>\n<div>\n<div><a href=\"http:\/\/www.brennecke.org\/wp-content\/uploads\/2012\/04\/IMG_4564.jpg\"><img loading=\"lazy\" decoding=\"async\" class=\"alignnone size-medium wp-image-1291\" title=\"IMG_4564\" src=\"http:\/\/www.brennecke.org\/wp-content\/uploads\/2012\/04\/IMG_4564-300x296.jpg\" alt=\"\" width=\"300\" height=\"296\" srcset=\"https:\/\/www.brennecke.org\/wp-content\/uploads\/2012\/04\/IMG_4564-300x296.jpg 300w, https:\/\/www.brennecke.org\/wp-content\/uploads\/2012\/04\/IMG_4564.jpg 608w\" sizes=\"(max-width: 300px) 100vw, 300px\" \/><\/a> <a href=\"http:\/\/www.brennecke.org\/wp-content\/uploads\/2012\/04\/CD4081-4043-R-S-Flipflop.png\"><img loading=\"lazy\" decoding=\"async\" class=\"alignnone size-medium wp-image-1289\" title=\"CD4081-4043 R-S-Flipflop\" src=\"http:\/\/www.brennecke.org\/wp-content\/uploads\/2012\/04\/CD4081-4043-R-S-Flipflop-300x234.png\" alt=\"\" width=\"300\" height=\"234\" srcset=\"https:\/\/www.brennecke.org\/wp-content\/uploads\/2012\/04\/CD4081-4043-R-S-Flipflop-300x234.png 300w, https:\/\/www.brennecke.org\/wp-content\/uploads\/2012\/04\/CD4081-4043-R-S-Flipflop.png 881w\" sizes=\"(max-width: 300px) 100vw, 300px\" \/><\/a><\/div>\n<\/div>\n<p><a href=\"http:\/\/www.brennecke.org\/wp-content\/uploads\/2012\/04\/R-S-Flipflop.png\"><img loading=\"lazy\" decoding=\"async\" class=\"alignnone size-large wp-image-1303\" title=\"R-S-Flipflop\" src=\"http:\/\/www.brennecke.org\/wp-content\/uploads\/2012\/04\/R-S-Flipflop-1024x850.png\" alt=\"\" width=\"640\" height=\"531\" srcset=\"https:\/\/www.brennecke.org\/wp-content\/uploads\/2012\/04\/R-S-Flipflop-1024x850.png 1024w, https:\/\/www.brennecke.org\/wp-content\/uploads\/2012\/04\/R-S-Flipflop-300x249.png 300w, https:\/\/www.brennecke.org\/wp-content\/uploads\/2012\/04\/R-S-Flipflop.png 1052w\" sizes=\"(max-width: 640px) 100vw, 640px\" \/><\/a><\/p>\n<p><a name=\"AND-OR\"><\/a><\/p>\n<h3>4fach AND\/OR<\/h3>\n<p>Dieses Modul bietet auf Basis des CD4081 zweimal zwei  UND-Verkn\u00fcpfungen  an, die \u00fcber eine weitere UND-Verkn\u00fcpfung an einen  gemeinsamen Ausgang  gef\u00fchrt sind. Es kann damit als 4fach-UND-Gatter  oder als  2&#215;2-UND-Gatter benutzt werden. Die beiden Eing\u00e4nge E sind dabei  \u00fcber  einen Vorwiderstand an Masse angeschlossen, die Eing\u00e4nge P an   High-Pegel. Auf diese Weise kann das Modul auch als 1xUND-Gatter mit den   beiden Eing\u00e4ngen E benutzt werden. Das macht die Beschaltung besonders   einfach, weil dann nur der gemeinsame Ausgang \u00fcber eine Steckh\u00fclse   angeschlossen werden muss.<\/p>\n<div>\n<div><a href=\"http:\/\/www.brennecke.org\/wp-content\/uploads\/2012\/04\/IMG_4572.jpg\"><img loading=\"lazy\" decoding=\"async\" class=\"alignnone size-full wp-image-1306\" title=\"IMG_4572\" src=\"http:\/\/www.brennecke.org\/wp-content\/uploads\/2012\/04\/IMG_4572.jpg\" alt=\"\" width=\"300\" height=\"300\" srcset=\"https:\/\/www.brennecke.org\/wp-content\/uploads\/2012\/04\/IMG_4572.jpg 300w, https:\/\/www.brennecke.org\/wp-content\/uploads\/2012\/04\/IMG_4572-150x150.jpg 150w\" sizes=\"(max-width: 300px) 100vw, 300px\" \/> <\/a><a href=\"http:\/\/www.brennecke.org\/wp-content\/uploads\/2012\/04\/CD4071-4081-2x2-OR-oder-2x2-AND.png\"><img loading=\"lazy\" decoding=\"async\" class=\"alignnone size-medium wp-image-1287\" title=\"CD4071-4081 2x2 OR oder 2x2 AND\" src=\"http:\/\/www.brennecke.org\/wp-content\/uploads\/2012\/04\/CD4071-4081-2x2-OR-oder-2x2-AND-300x241.png\" alt=\"\" width=\"300\" height=\"241\" srcset=\"https:\/\/www.brennecke.org\/wp-content\/uploads\/2012\/04\/CD4071-4081-2x2-OR-oder-2x2-AND-300x241.png 300w, https:\/\/www.brennecke.org\/wp-content\/uploads\/2012\/04\/CD4071-4081-2x2-OR-oder-2x2-AND.png 877w\" sizes=\"(max-width: 300px) 100vw, 300px\" \/><\/a>&nbsp;<\/p>\n<\/div>\n<\/div>\n<p><a href=\"http:\/\/www.brennecke.org\/wp-content\/uploads\/2012\/04\/NAND-Universalmodul.png\"><img loading=\"lazy\" decoding=\"async\" class=\"alignnone size-full wp-image-1300\" title=\"NAND-Universalmodul\" src=\"http:\/\/www.brennecke.org\/wp-content\/uploads\/2012\/04\/NAND-Universalmodul.png\" alt=\"\" width=\"782\" height=\"593\" srcset=\"https:\/\/www.brennecke.org\/wp-content\/uploads\/2012\/04\/NAND-Universalmodul.png 782w, https:\/\/www.brennecke.org\/wp-content\/uploads\/2012\/04\/NAND-Universalmodul-300x227.png 300w\" sizes=\"(max-width: 782px) 100vw, 782px\" \/><\/a><\/p>\n<p>Das Modul eignet sich auch f\u00fcr die ICs CD4001, CD4070 und CD4011 &#8211; damit k\u00f6nnen dann Verkn\u00fcpfungen wie<\/p>\n<ul>\n<li>(a und b) oder (c und d) (CD4011)<\/li>\n<li>(a oder b) und (c oder d) (CD4001)<\/li>\n<\/ul>\n<p>erstellt werden. Zus\u00e4tzlich bleiben dann nat\u00fcrlich auch die einzelnen Verkn\u00fcpfungen (a nand b) usw. nutzbar.<\/p>\n<p><a name=\"AND-NOT-AND-Kombination\"><\/a><\/p>\n<h3>2fach-AND-NOT-AND-Kombination<\/h3>\n<p>Dieses Modul bildet die L\u00f6sung einer sehr h\u00e4ufig vorkommenden Aufgabe: abh\u00e4ngig von einem Eingangssignal sollen ein anderes Eingangssignal einmal durchgeschaltet und einmal invertiert verf\u00fcgbar gemacht werden.<\/p>\n<p>Es wird gebildet aus einem 4fach-UND-Gatter 4081 und einem   als Inverter genutzten CD4001. Der Ausgang A ist High, wenn beide   Eingangssignale W und U auf High sind. Der Ausgang N ist High, wenn U   auf High, aber W auf Low liegt.<\/p>\n<div>\n<div><a href=\"http:\/\/rigert.com\/bk-wiki\/index.php?title=Datei:FB_Umkehr_Modul.jpg\"><\/a><a href=\"http:\/\/www.brennecke.org\/wp-content\/uploads\/2012\/04\/IMG_4566.jpg\"><img loading=\"lazy\" decoding=\"async\" class=\"alignnone size-medium wp-image-1293\" title=\"IMG_4566\" src=\"http:\/\/www.brennecke.org\/wp-content\/uploads\/2012\/04\/IMG_4566-300x300.jpg\" alt=\"\" width=\"300\" height=\"300\" srcset=\"https:\/\/www.brennecke.org\/wp-content\/uploads\/2012\/04\/IMG_4566-300x300.jpg 300w, https:\/\/www.brennecke.org\/wp-content\/uploads\/2012\/04\/IMG_4566-150x150.jpg 150w, https:\/\/www.brennecke.org\/wp-content\/uploads\/2012\/04\/IMG_4566.jpg 602w\" sizes=\"(max-width: 300px) 100vw, 300px\" \/><\/a> <a href=\"http:\/\/www.brennecke.org\/wp-content\/uploads\/2012\/04\/CD4081-4001-AND-NOT-Kombination.png\"><img loading=\"lazy\" decoding=\"async\" class=\"alignnone size-medium wp-image-1288\" title=\"CD4081-4001 AND - NOT -Kombination\" src=\"http:\/\/www.brennecke.org\/wp-content\/uploads\/2012\/04\/CD4081-4001-AND-NOT-Kombination-300x271.png\" alt=\"\" width=\"300\" height=\"271\" srcset=\"https:\/\/www.brennecke.org\/wp-content\/uploads\/2012\/04\/CD4081-4001-AND-NOT-Kombination-300x271.png 300w, https:\/\/www.brennecke.org\/wp-content\/uploads\/2012\/04\/CD4081-4001-AND-NOT-Kombination.png 717w\" sizes=\"(max-width: 300px) 100vw, 300px\" \/><\/a><br \/>\n&nbsp;<\/p>\n<\/div>\n<\/div>\n<div>\n<div>\n<div>\n<p>&nbsp;<\/p>\n<\/div>\n<\/div>\n<\/div>\n<p><a href=\"http:\/\/www.brennecke.org\/wp-content\/uploads\/2012\/04\/NOR-AND-Kombination.png\"><img loading=\"lazy\" decoding=\"async\" class=\"alignnone size-full wp-image-1301\" title=\"NOR-AND-Kombination\" src=\"http:\/\/www.brennecke.org\/wp-content\/uploads\/2012\/04\/NOR-AND-Kombination.png\" alt=\"\" width=\"990\" height=\"714\" srcset=\"https:\/\/www.brennecke.org\/wp-content\/uploads\/2012\/04\/NOR-AND-Kombination.png 990w, https:\/\/www.brennecke.org\/wp-content\/uploads\/2012\/04\/NOR-AND-Kombination-300x216.png 300w\" sizes=\"(max-width: 990px) 100vw, 990px\" \/><\/a><\/p>\n<p><a name=\"J-K-Flipflop\"><\/a><\/p>\n<h3>J-K-Flipflop<\/h3>\n<p>J-K-Flipflops kommen in Z\u00e4hlerbausteinen zum Einsatz. Das hier   verwendete CD4027 bringt zwei solcher J-K-Module mit, die zus\u00e4tzlich   noch R-S-Eing\u00e4nge bieten. Diese Eing\u00e4nge bleiben hier jedoch ungenutzt. J   und K sind so \u00fcber Votrwiderst\u00e4nde vorgespannt, dass ein  Rechtecksignal  am Clock-Eingang gen\u00fcgt, um das Flipflop in den jeweils  anderen Status  zu schalten.<\/p>\n<p><a href=\"http:\/\/www.brennecke.org\/wp-content\/uploads\/2012\/04\/IMG_4565.jpg\"><img loading=\"lazy\" decoding=\"async\" class=\"alignnone size-medium wp-image-1292\" title=\"IMG_4565\" src=\"http:\/\/www.brennecke.org\/wp-content\/uploads\/2012\/04\/IMG_4565-300x297.jpg\" alt=\"\" width=\"300\" height=\"297\" srcset=\"https:\/\/www.brennecke.org\/wp-content\/uploads\/2012\/04\/IMG_4565-300x297.jpg 300w, https:\/\/www.brennecke.org\/wp-content\/uploads\/2012\/04\/IMG_4565-150x150.jpg 150w, https:\/\/www.brennecke.org\/wp-content\/uploads\/2012\/04\/IMG_4565.jpg 606w\" sizes=\"(max-width: 300px) 100vw, 300px\" \/><\/a> <a href=\"http:\/\/www.brennecke.org\/wp-content\/uploads\/2012\/04\/CD4027-J-K-Flipflop.png\"><img loading=\"lazy\" decoding=\"async\" class=\"alignnone size-medium wp-image-1286\" title=\"CD4027 J-K-Flipflop\" src=\"http:\/\/www.brennecke.org\/wp-content\/uploads\/2012\/04\/CD4027-J-K-Flipflop-300x239.png\" alt=\"\" width=\"300\" height=\"239\" srcset=\"https:\/\/www.brennecke.org\/wp-content\/uploads\/2012\/04\/CD4027-J-K-Flipflop-300x239.png 300w, https:\/\/www.brennecke.org\/wp-content\/uploads\/2012\/04\/CD4027-J-K-Flipflop.png 848w\" sizes=\"(max-width: 300px) 100vw, 300px\" \/><\/a><\/p>\n<p><a href=\"http:\/\/www.brennecke.org\/wp-content\/uploads\/2012\/04\/J-K-Flipflop.png\"><img loading=\"lazy\" decoding=\"async\" class=\"alignnone size-full wp-image-1298\" title=\"J-K-Flipflop\" src=\"http:\/\/www.brennecke.org\/wp-content\/uploads\/2012\/04\/J-K-Flipflop.png\" alt=\"\" width=\"911\" height=\"684\" srcset=\"https:\/\/www.brennecke.org\/wp-content\/uploads\/2012\/04\/J-K-Flipflop.png 911w, https:\/\/www.brennecke.org\/wp-content\/uploads\/2012\/04\/J-K-Flipflop-300x225.png 300w\" sizes=\"(max-width: 911px) 100vw, 911px\" \/><\/a><\/p>\n<div>\n<div>\n<div>\n<p><a title=\"Neue Module f\u00fcr die Philips-Experimentierk\u00e4sten\" href=\"http:\/\/www.brennecke.org\/?page_id=1051\">Zur\u00fcck zur \u00dcbersicht<\/a><\/p>\n<\/div>\n<\/div>\n<\/div>\n<div class=\"twoclick_social_bookmarks_post_1236 social_share_privacy clearfix 1.6.4 locale-de_DE sprite-de_DE\"><\/div><div class=\"twoclick-js\"><script type=\"text\/javascript\">\/* <![CDATA[ *\/\njQuery(document).ready(function($){if($('.twoclick_social_bookmarks_post_1236')){$('.twoclick_social_bookmarks_post_1236').socialSharePrivacy({\"services\":{\"facebook\":{\"status\":\"on\",\"txt_info\":\"2 Klicks f\\u00fcr mehr Datenschutz: Erst wenn Sie hier klicken, wird der Button aktiv und Sie k\\u00f6nnen Ihre Empfehlung an Facebook senden. Schon beim Aktivieren werden Daten an Dritte \\u00fcbertragen - siehe <em>i<\\\/em>.\",\"perma_option\":\"off\",\"action\":\"recommend\",\"language\":\"de_DE\"},\"twitter\":{\"reply_to\":\"\",\"tweet_text\":\"Digitaltechnik%20%C2%BB%2053%20Cent\",\"status\":\"on\",\"txt_info\":\"2 Klicks f\\u00fcr mehr Datenschutz: Erst wenn Sie hier klicken, wird der Button aktiv und Sie k\\u00f6nnen Ihre Empfehlung an Twitter senden. Schon beim Aktivieren werden Daten an Dritte \\u00fcbertragen - siehe <em>i<\\\/em>.\",\"perma_option\":\"off\",\"language\":\"de\",\"referrer_track\":\"\"},\"gplus\":{\"status\":\"on\",\"txt_info\":\"2 Klicks f\\u00fcr mehr Datenschutz: Erst wenn Sie hier klicken, wird der Button aktiv und Sie k\\u00f6nnen Ihre Empfehlung an Google+ senden. Schon beim Aktivieren werden Daten an Dritte \\u00fcbertragen - siehe <em>i<\\\/em>.\",\"perma_option\":\"off\",\"referrer_track\":\"\"},\"flattr\":{\"uid\":\"\",\"status\":\"on\",\"the_title\":\"Digitaltechnik\",\"the_excerpt\":\"Es%20zeigte%20sich%2C%20dass%20die%20einzelnen%20Schaltungen%20immer%20wieder%20Logikverkn%C3%BCpfungen%20ben%C3%B6tigen.%20Beispielsweise%20lassen%20sich%20mit%20dem%20VGA-Modul%20einige%20Spiele%20bauen%2C%20die%20einfache%20Digitalbausteine%20ben%C3%B6tigen%2C%20um%20die%20Spielelogik%20%20abzubilden.%0D%0A%0D%0ADie%20im%20folgenden%20gezeigten%20Bausteine%20verwenden%20das%20%203x3-Einheiten-Format%20des%20Philips%20Digital%20Lab%206302%2C%20sind%20aber%20h%C3%B6her%20%20integriert.%20Sie%20verfolgen%20dabei%20das%20Prinzip%2C%20...\",\"txt_info\":\"2 Klicks f\\u00fcr mehr Datenschutz: Erst wenn Sie hier klicken, wird der Button aktiv und Sie k\\u00f6nnen Ihre Empfehlung an Flattr senden. Schon beim Aktivieren werden Daten an Dritte \\u00fcbertragen - siehe <em>i<\\\/em>.\",\"perma_option\":\"off\"}},\"txt_help\":\"Wenn Sie diese Felder durch einen Klick aktivieren, werden Informationen an Facebook, Twitter, Flattr, Xing, t3n, LinkedIn, Pinterest oder Google eventuell ins Ausland \\u00fcbertragen und unter Umst\\u00e4nden auch dort gespeichert. N\\u00e4heres erfahren Sie durch einen Klick auf das <em>i<\\\/em>.\",\"settings_perma\":\"Dauerhaft aktivieren und Daten\\u00fcber-tragung zustimmen:\",\"info_link\":\"http:\\\/\\\/www.heise.de\\\/ct\\\/artikel\\\/2-Klicks-fuer-mehr-Datenschutz-1333879.html\",\"uri\":\"https:\\\/\\\/www.brennecke.org\\\/?page_id=1236\",\"post_id\":1236,\"post_title_referrer_track\":\"Digitaltechnik\",\"display_infobox\":\"on\"});}});\n\/* ]]> *\/<\/script><\/div>","protected":false},"excerpt":{"rendered":"<p>Es zeigte sich, dass die einzelnen Schaltungen immer wieder Logikverkn\u00fcpfungen ben\u00f6tigen. Beispielsweise lassen sich mit dem VGA-Modul einige Spiele bauen, die einfache Digitalbausteine ben\u00f6tigen, um die Spielelogik abzubilden. Die im folgenden gezeigten Bausteine verwenden das 3&#215;3-Einheiten-Format des Philips Digital Lab &hellip; <a href=\"https:\/\/www.brennecke.org\/?page_id=1236\">Weiterlesen <span class=\"meta-nav\">&rarr;<\/span><\/a><\/p>\n","protected":false},"author":1,"featured_media":1304,"parent":1051,"menu_order":20,"comment_status":"open","ping_status":"open","template":"","meta":{"footnotes":""},"_links":{"self":[{"href":"https:\/\/www.brennecke.org\/index.php?rest_route=\/wp\/v2\/pages\/1236"}],"collection":[{"href":"https:\/\/www.brennecke.org\/index.php?rest_route=\/wp\/v2\/pages"}],"about":[{"href":"https:\/\/www.brennecke.org\/index.php?rest_route=\/wp\/v2\/types\/page"}],"author":[{"embeddable":true,"href":"https:\/\/www.brennecke.org\/index.php?rest_route=\/wp\/v2\/users\/1"}],"replies":[{"embeddable":true,"href":"https:\/\/www.brennecke.org\/index.php?rest_route=%2Fwp%2Fv2%2Fcomments&post=1236"}],"version-history":[{"count":9,"href":"https:\/\/www.brennecke.org\/index.php?rest_route=\/wp\/v2\/pages\/1236\/revisions"}],"predecessor-version":[{"id":1283,"href":"https:\/\/www.brennecke.org\/index.php?rest_route=\/wp\/v2\/pages\/1236\/revisions\/1283"}],"up":[{"embeddable":true,"href":"https:\/\/www.brennecke.org\/index.php?rest_route=\/wp\/v2\/pages\/1051"}],"wp:featuredmedia":[{"embeddable":true,"href":"https:\/\/www.brennecke.org\/index.php?rest_route=\/wp\/v2\/media\/1304"}],"wp:attachment":[{"href":"https:\/\/www.brennecke.org\/index.php?rest_route=%2Fwp%2Fv2%2Fmedia&parent=1236"}],"curies":[{"name":"wp","href":"https:\/\/api.w.org\/{rel}","templated":true}]}}