{"id":1242,"date":"2012-04-20T19:41:01","date_gmt":"2012-04-20T17:41:01","guid":{"rendered":"http:\/\/www.brennecke.org\/?page_id=1242"},"modified":"2013-05-01T12:29:48","modified_gmt":"2013-05-01T10:29:48","slug":"sonstiges","status":"publish","type":"page","link":"https:\/\/www.brennecke.org\/?page_id=1242","title":{"rendered":"Sonstiges"},"content":{"rendered":"<h3>Inhalt<\/h3>\n<ol>\n<li><a title=\"USB-Modul\" href=\"http:\/\/www.brennecke.org\/?page_id=1242#USB-Modul\">USB-Modul<\/a><\/li>\n<li><a title=\"Lauflichtz\u00e4hler\" href=\"http:\/\/www.brennecke.org\/?page_id=1242#Lauflichtzaehler\">Lauflichtz\u00e4hler<\/a><\/li>\n<li><a title=\"Punkt-Laufbalken-Modul\" href=\"http:\/\/www.brennecke.org\/?page_id=1242#Punkt-Laufbalken-Modul\">Punkt-Laufbalken-Modul<\/a><\/li>\n<li><a title=\"PLL-Modul\" href=\"http:\/\/www.brennecke.org\/?page_id=1242#PLL-Modul\">PLL-Modul<\/a><\/li>\n<li><a title=\"Stereo-Verst\u00e4rker-Modul\" href=\"http:\/\/www.brennecke.org\/?page_id=1242#Stereo-Verstaerker-Modul\">Stereo-Verst\u00e4rker-Modul<\/a><\/li>\n<li><a title=\"Sonstiges\" href=\"http:\/\/www.brennecke.org\/?page_id=1242#RTC-Baustein\">RTC-Baustein (Echtzeituhr)<\/a><\/li>\n<li><a title=\"Sonstiges\" href=\"http:\/\/www.brennecke.org\/?page_id=1242#http:\/\/www.brennecke.org\/?page_id=1858#IC-Standardmodul\">IC-Standardmodul<\/a><\/li>\n<li><a href=\"http:\/\/www.brennecke.org\/?page_id=1242#Mono-Verstaerker\">Mono-Verst\u00e4rkermodul mit Mini-Lautsprecher<\/a><\/li>\n<\/ol>\n<p><a name=\"USB-Modul\"><\/a><\/p>\n<h3>USB-Modul<\/h3>\n<p>Dieses Modul soll eine Verkn\u00fcpfung der EE-Serie mit dem PC herstellen. Solche Boards sind zuhauf als Fertigprodukt oder auch als Bausatz zu bekommen; es gibt sogar eigene Experimentiersets. Ich habe mich f\u00fcr ein <a href=\"http:\/\/www.velleman.eu\/products\/view\/?country=be&amp;lang=en&amp;id=351346\">K8055-Board<\/a> entschieden, das als Bausatz erh\u00e4ltlich ist. Zun\u00e4chst habe ich zur Integration eine Huckepack-Version gew\u00e4hlt, weil ich auf diese Weise das Board schon testen konnte, ehe meine eigene Platine fertig war. Die sp\u00e4tere Platine integriert die K8055-L\u00f6sung und f\u00fcgt noch ein paar Elemente zur Anpassung an die +9V-Welt hinzu.<\/p>\n<div>\n<div><a href=\"http:\/\/www.brennecke.org\/wp-content\/uploads\/2012\/04\/IMG_4485.jpg\"><img loading=\"lazy\" decoding=\"async\" class=\"alignnone size-medium wp-image-1376\" title=\"IMG_4485\" alt=\"\" src=\"http:\/\/www.brennecke.org\/wp-content\/uploads\/2012\/04\/IMG_4485-225x300.jpg\" width=\"225\" height=\"300\" srcset=\"https:\/\/www.brennecke.org\/wp-content\/uploads\/2012\/04\/IMG_4485-225x300.jpg 225w, https:\/\/www.brennecke.org\/wp-content\/uploads\/2012\/04\/IMG_4485.jpg 600w\" sizes=\"(max-width: 225px) 100vw, 225px\" \/> <\/a><a href=\"http:\/\/www.brennecke.org\/wp-content\/uploads\/2012\/04\/IMG_44861.jpg\"><img loading=\"lazy\" decoding=\"async\" class=\"alignnone size-medium wp-image-1377\" title=\"IMG_4486\" alt=\"\" src=\"http:\/\/www.brennecke.org\/wp-content\/uploads\/2012\/04\/IMG_44861-300x225.jpg\" width=\"300\" height=\"225\" srcset=\"https:\/\/www.brennecke.org\/wp-content\/uploads\/2012\/04\/IMG_44861-300x225.jpg 300w, https:\/\/www.brennecke.org\/wp-content\/uploads\/2012\/04\/IMG_44861.jpg 800w\" sizes=\"(max-width: 300px) 100vw, 300px\" \/><\/a><\/div>\n<\/div>\n<p>Die Platine besitzt eine eigene Stromversorgung, so dass Batterien unn\u00f6tig werden. Der K8055-Teil wird zudem per USB mit +5V aus dem Computer versorgt. An die Platine wird ein handels\u00fcbliches +12V-Netzteil mit Buchsenstecker angeschlossen, ein kleiner Schalter erm\u00f6glicht das Ein-und Ausschalten. An den oberen Eck-Befestigungspunkten liegt +9V an, an den unteren Masse.<\/p>\n<p><a href=\"http:\/\/www.brennecke.org\/wp-content\/uploads\/2012\/04\/USB-Modul.png\"><img loading=\"lazy\" decoding=\"async\" class=\"alignnone size-medium wp-image-1532\" title=\"USB-Modul\" alt=\"\" src=\"http:\/\/www.brennecke.org\/wp-content\/uploads\/2012\/04\/USB-Modul-225x300.png\" width=\"225\" height=\"300\" srcset=\"https:\/\/www.brennecke.org\/wp-content\/uploads\/2012\/04\/USB-Modul-225x300.png 225w, https:\/\/www.brennecke.org\/wp-content\/uploads\/2012\/04\/USB-Modul.png 567w\" sizes=\"(max-width: 225px) 100vw, 225px\" \/><\/a> <a href=\"http:\/\/www.brennecke.org\/wp-content\/uploads\/2012\/04\/USB-Modul-Vorderseite.png\"><img loading=\"lazy\" decoding=\"async\" class=\"alignnone size-medium wp-image-1533\" title=\"USB-Modul Vorderseite\" alt=\"\" src=\"http:\/\/www.brennecke.org\/wp-content\/uploads\/2012\/04\/USB-Modul-Vorderseite-212x300.png\" width=\"212\" height=\"300\" srcset=\"https:\/\/www.brennecke.org\/wp-content\/uploads\/2012\/04\/USB-Modul-Vorderseite-212x300.png 212w, https:\/\/www.brennecke.org\/wp-content\/uploads\/2012\/04\/USB-Modul-Vorderseite.png 524w\" sizes=\"(max-width: 212px) 100vw, 212px\" \/><\/a><\/p>\n<p>Das Board bietet 8 digitale und zwei analoge Ausg\u00e4nge, die au\u00dferdem noch als PWM-Regelung verf\u00fcgbar sind. Es sind au\u00dferdem 5 digitale und zwei analoge Eing\u00e4nge vorhanden. Diese habe ich nicht einfach durchgeschleift, weil die Anleitung explizit davor warnt, sie mit mehr als +5V zu belasten.<\/p>\n<p>Die digitalen Eing\u00e4nge sind negativ-schaltend. Ich habe daher zur Anpassung jeweils einen Transistor spendiert, der gleichzeitig auch die Anpassung an +9V-Eingangsspannung vornimmt.<\/p>\n<p>Die beiden sind analogen Eing\u00e4nge recht niederohmig; sie beeinflussen schon einen 10-kOhm-Spannungsteiler so sehr, dass Messungen stark verf\u00e4lscht sind. Grunds\u00e4tzlich kommen dort bereits FET-OPAmps zum Einsatz, die man entsprechend umbauen k\u00f6nnte. Ich wollte aber die K8055-Schaltung nicht ver\u00e4ndern.<\/p>\n<p>Dieses Problem kann jedoch auch mit einem JFET-Operationsverst\u00e4rker gel\u00f6st werden, hier vom Typ TL082. Die beiden verwendeten OPs sind einfach als 1:1-Verst\u00e4rker geschaltet. Allerdings muss man beachten, dass zur Ausnutzung des vollen Regelbereichs von 0..9V ein kleiner Trick bei der Versorgungsspannung n\u00f6tig war. OPs lassen sich gew\u00f6hnlich nicht vollst\u00e4ndig an die Grenzen der Versorgungsspannung fahren. Ein 1:1-Verst\u00e4rker an einer 9V-Spannungsversorgung liefert bei 0V Eingangsspannung eher 0.5..1V Ausgangsspannung. Das gleiche Problem besteht am oberen Rand. F\u00fcr Spannungsmessungen ist das zu ungenau.<\/p>\n<p>Jetzt kommt der Trick: Nur der Operationsverst\u00e4rker wird mit +12V und Masse verbunden. Danach folgt eine Diode, hinter der die Spannung gegen Masse nur noch etwa 11,5V betr\u00e4gt. Diese arbeitet auf einen -9V-Negativ-Linearregler, der eine Masseleitung auf einem Potenzial von etwa 2,6V erzeugt. Diese Masseleitung wird von der Platine an die unteren Eck-Anschl\u00fcsse gef\u00fchrt und stellt f\u00fcr alle Schaltungen das Massepotenzial dar. An den oberen Eck-Anschl\u00fcssen stehen die etwa +11,4V zur Verf\u00fcgung &#8211; mit anderen Worten, es sind zwischen &#8222;unten&#8220; und &#8222;oben&#8220; genau die geforderten +9V vorhanden. Der Operationsverst\u00e4rker arbeitet bezogen auf diese Werte nun aber zwischen -2,6V und +9,6V &#8211; genug, um das oben beschriebene Problem in den Griff zu bekommen. Der Ausgang der OPs liefert exakt analog zur Eingangssspannung nun Werte zwischen 0 und 9V, aber die Eing\u00e4nge sind mit 3MOhm sehr hochohmig und belasten angeschlossene Schaltung nicht mehr.<\/p>\n<p>Die Ausg\u00e4nge der OPs arbeiten dann auf ein Potentiometer als Spannungsteiler, dem aus Paranoia noch eine Z-Diode folgt. An den analogen Eing\u00e4ngen der USB-Platine steht damit nie mehr als +5,1V an.<\/p>\n<p>Das Modul kommt beim <a title=\"UKW-Stereo-Radio mit Computeranschluss\" href=\"http:\/\/www.brennecke.org\/?page_id=1086\">UKW-Stereo-Radio mit Computeranschluss<\/a> zum Einsatz.<\/p>\n<p><a name=\"Lauflichtzaehler\"><\/a><\/p>\n<h3>Lauflichtz\u00e4hler<\/h3>\n<p>Diese kleine Schaltung stellt einen Z\u00e4hler bis 100 dar, der analog dem Anzeige-Modul funktioniert, das Philips seinerzeit im Digitalbaukasten 6302 vorgestellt hat. Statt zweier Siebensegment-Anzeigen werden jedoch Duo-LEDs benutzt, deren eine Farbe die Einer und die andere Farbe die Zehner repr\u00e4sentiert. Sie sind in Form einer Analoganzeige angeordnet. Daf\u00fcr werden zwei CD4017-Z\u00e4hler hintereinander geschaltet. Die Schaltung ist au\u00dferordentlich einfach und erfordert nur wegen der ungeordneten Ausg\u00e4nge des 4017 einiges an Routing-Aufwand. Die Schaltung ist pinkompatibel zum Philips-Anzeige-Modul, es fehlen allerdings die Ci und Co-Ausg\u00e4nge.<\/p>\n<div>\n<div><a href=\"http:\/\/www.brennecke.org\/wp-content\/uploads\/2012\/04\/Lauflichtz\u00e4hler.jpg\"><img loading=\"lazy\" decoding=\"async\" class=\"alignnone size-medium wp-image-1379\" title=\"Lauflichtz\u00e4hler\" alt=\"\" src=\"http:\/\/www.brennecke.org\/wp-content\/uploads\/2012\/04\/Lauflichtz\u00e4hler-280x300.jpg\" width=\"280\" height=\"300\" srcset=\"https:\/\/www.brennecke.org\/wp-content\/uploads\/2012\/04\/Lauflichtz\u00e4hler-280x300.jpg 280w, https:\/\/www.brennecke.org\/wp-content\/uploads\/2012\/04\/Lauflichtz\u00e4hler.jpg 747w\" sizes=\"(max-width: 280px) 100vw, 280px\" \/> <\/a><a href=\"http:\/\/www.brennecke.org\/wp-content\/uploads\/2012\/04\/Z\u00e4hler.png\"><img loading=\"lazy\" decoding=\"async\" class=\"alignnone size-medium wp-image-1380\" title=\"Z\u00e4hler\" alt=\"\" src=\"http:\/\/www.brennecke.org\/wp-content\/uploads\/2012\/04\/Z\u00e4hler-300x300.png\" width=\"300\" height=\"300\" srcset=\"https:\/\/www.brennecke.org\/wp-content\/uploads\/2012\/04\/Z\u00e4hler-300x300.png 300w, https:\/\/www.brennecke.org\/wp-content\/uploads\/2012\/04\/Z\u00e4hler-150x150.png 150w, https:\/\/www.brennecke.org\/wp-content\/uploads\/2012\/04\/Z\u00e4hler.png 754w\" sizes=\"(max-width: 300px) 100vw, 300px\" \/><\/a><\/div>\n<\/div>\n<p>Es ist eine Erweiterung des Moduls geplant, das abh\u00e4ngig vom Anzeigewert eine Treppenspannung zur Verf\u00fcgung stellt, mit der sich die Anzeige f\u00fcr Regelungszwecke verwenden l\u00e4sst.<\/p>\n<p><a name=\"Punkt-Laufbalken-Modul\"><\/a><\/p>\n<h3>Punkt-Laufbalken-Modul<\/h3>\n<p>Dieses Modul bildet einen spannungsabh\u00e4ngigen LED-Punkt oder eine spannungsabh\u00e4ngige Laufbalkenanzeige nach. Es kann durch ein Trimmpotentiometer justiert werden und so f\u00fcr eine Vielzahl von Anzeigen benutzt werden, beispielsweise als Frequenzanzeige bei einem UKW-Radio oder als Aussteuerungsanzeige bei einem Verst\u00e4rker. Der Aufbau ist dank eines passenden ICs ausgesprochen einfach. Der verwendete LM3914 bringt bereits einen Regler und sogar die n\u00f6tigen Konstantstromquellen f\u00fcr die LEDs mit.<\/p>\n<div>\n<div><a href=\"..\/wp-content\/uploads\/2012\/04\/Dotbar-Modul.jpg\"><img loading=\"lazy\" decoding=\"async\" title=\"Dotbar-Modul\" alt=\"\" src=\"..\/wp-content\/uploads\/2012\/04\/Dotbar-Modul-300x215.jpg\" width=\"300\" height=\"215\" \/> <\/a><a href=\"http:\/\/www.brennecke.org\/wp-content\/uploads\/2012\/04\/Dotbar-Anzeige.png\"><img loading=\"lazy\" decoding=\"async\" class=\"alignnone size-medium wp-image-1381\" title=\"Dotbar-Anzeige\" alt=\"\" src=\"http:\/\/www.brennecke.org\/wp-content\/uploads\/2012\/04\/Dotbar-Anzeige-300x222.png\" width=\"300\" height=\"222\" srcset=\"https:\/\/www.brennecke.org\/wp-content\/uploads\/2012\/04\/Dotbar-Anzeige-300x222.png 300w, https:\/\/www.brennecke.org\/wp-content\/uploads\/2012\/04\/Dotbar-Anzeige.png 716w\" sizes=\"(max-width: 300px) 100vw, 300px\" \/><\/a><\/div>\n<\/div>\n<p>Der kleine Schalter erlaubt die Umstellung von &#8222;Punktanzeige&#8220; zu &#8222;Balkenanzeige&#8220;. Bei der Punktanzeige dient die blaue LED zudem als Betriebsanzeige. Sie leuchtet schwach selbst dann, wenn die Regelung so eingestellt ist, dass alle LEDs verl\u00f6schen.<\/p>\n<p><a name=\"PLL-Modul\"><\/a><\/p>\n<h3>PLL-Modul<\/h3>\n<p>PLL steht f\u00fcr Phase-Locked-Loop und bezeichnet eine Methode, wie man bestimmte Frequenzen recht trennscharf filtern kann. Das hier geplante Modul arbeitet auf Basis des NE567, der mit wenigen zus\u00e4tzlichen Bauteilen zum PLL-Decoder gemacht werden kann. Der Entwurf sieht vor, dass das Modul m\u00f6glichst ohne zus\u00e4tzliche Beschaltung bereits lauff\u00e4hig ist. Damit sind viele unterschiedliche Anwendungen machbar, wie zum Beispiel eine einfache IR-Zweikanal-Fernbedienung, die sogar Stereoteon \u00fcbertragen kann.<\/p>\n<p><a href=\"http:\/\/www.brennecke.org\/wp-content\/uploads\/2012\/04\/IMG_4601.jpg\"><img loading=\"lazy\" decoding=\"async\" class=\"alignnone size-medium wp-image-1386\" title=\"IMG_4601\" alt=\"\" src=\"http:\/\/www.brennecke.org\/wp-content\/uploads\/2012\/04\/IMG_4601-300x295.jpg\" width=\"300\" height=\"295\" srcset=\"https:\/\/www.brennecke.org\/wp-content\/uploads\/2012\/04\/IMG_4601-300x295.jpg 300w, https:\/\/www.brennecke.org\/wp-content\/uploads\/2012\/04\/IMG_4601.jpg 600w\" sizes=\"(max-width: 300px) 100vw, 300px\" \/><\/a> <a href=\"http:\/\/www.brennecke.org\/wp-content\/uploads\/2012\/04\/IMG_4600.jpg\"><img loading=\"lazy\" decoding=\"async\" class=\"alignnone size-medium wp-image-1385\" title=\"IMG_4600\" alt=\"\" src=\"http:\/\/www.brennecke.org\/wp-content\/uploads\/2012\/04\/IMG_4600-300x300.jpg\" width=\"300\" height=\"300\" srcset=\"https:\/\/www.brennecke.org\/wp-content\/uploads\/2012\/04\/IMG_4600-300x300.jpg 300w, https:\/\/www.brennecke.org\/wp-content\/uploads\/2012\/04\/IMG_4600-150x150.jpg 150w, https:\/\/www.brennecke.org\/wp-content\/uploads\/2012\/04\/IMG_4600.jpg 600w\" sizes=\"(max-width: 300px) 100vw, 300px\" \/><\/a><\/p>\n<p><a href=\"http:\/\/www.brennecke.org\/wp-content\/uploads\/2012\/04\/IMG_4599.jpg\"><img loading=\"lazy\" decoding=\"async\" class=\"alignnone size-medium wp-image-1384\" title=\"IMG_4599\" alt=\"\" src=\"http:\/\/www.brennecke.org\/wp-content\/uploads\/2012\/04\/IMG_4599-300x278.jpg\" width=\"300\" height=\"278\" srcset=\"https:\/\/www.brennecke.org\/wp-content\/uploads\/2012\/04\/IMG_4599-300x278.jpg 300w, https:\/\/www.brennecke.org\/wp-content\/uploads\/2012\/04\/IMG_4599.jpg 600w\" sizes=\"(max-width: 300px) 100vw, 300px\" \/><\/a> <a href=\"http:\/\/www.brennecke.org\/wp-content\/uploads\/2012\/04\/Bildschirmfoto-2012-04-21-um-14.41.21.png\"><img loading=\"lazy\" decoding=\"async\" class=\"alignnone size-medium wp-image-1383\" title=\"Bildschirmfoto 2012-04-21 um 14.41.21\" alt=\"\" src=\"http:\/\/www.brennecke.org\/wp-content\/uploads\/2012\/04\/Bildschirmfoto-2012-04-21-um-14.41.21-300x216.png\" width=\"300\" height=\"216\" srcset=\"https:\/\/www.brennecke.org\/wp-content\/uploads\/2012\/04\/Bildschirmfoto-2012-04-21-um-14.41.21-300x216.png 300w, https:\/\/www.brennecke.org\/wp-content\/uploads\/2012\/04\/Bildschirmfoto-2012-04-21-um-14.41.21.png 574w\" sizes=\"(max-width: 300px) 100vw, 300px\" \/><\/a><\/p>\n<p>Die Bilder zeigen drei Module f\u00fcr unterschiedliche Frequenzbereiche. Die Module sind so gestaltet, dass die aufgebrachten Kondensatoren eine gewisse Mindestfrequenz erlauben (hier 5-40 kHz). Durch zuschaltbare Kondensatoren kann der Bereich dann verringert werden. Eine LED zeigt jeweils das Einrasten an, eine eventuelle FM-Modulation kann am Eingang FM entnommen werden.<\/p>\n<p><a name=\"Stereo-Verstaerker-Modul\"><\/a><\/p>\n<h3>Stereo-Verst\u00e4rker-Modul<\/h3>\n<p><a href=\"http:\/\/www.brennecke.org\/wp-content\/uploads\/2012\/11\/IMG_5202.jpg\"><img loading=\"lazy\" decoding=\"async\" class=\"alignnone size-medium wp-image-2232\" alt=\"IMG_5202\" src=\"http:\/\/www.brennecke.org\/wp-content\/uploads\/2012\/11\/IMG_5202-300x225.jpg\" width=\"300\" height=\"225\" srcset=\"https:\/\/www.brennecke.org\/wp-content\/uploads\/2012\/11\/IMG_5202-300x225.jpg 300w, https:\/\/www.brennecke.org\/wp-content\/uploads\/2012\/11\/IMG_5202.jpg 1024w\" sizes=\"(max-width: 300px) 100vw, 300px\" \/><\/a> <a href=\"http:\/\/www.brennecke.org\/wp-content\/uploads\/2012\/11\/IMG_5197.jpg\"><img loading=\"lazy\" decoding=\"async\" class=\"alignnone size-medium wp-image-2227\" alt=\"IMG_5197\" src=\"http:\/\/www.brennecke.org\/wp-content\/uploads\/2012\/11\/IMG_5197-300x225.jpg\" width=\"300\" height=\"225\" srcset=\"https:\/\/www.brennecke.org\/wp-content\/uploads\/2012\/11\/IMG_5197-300x225.jpg 300w, https:\/\/www.brennecke.org\/wp-content\/uploads\/2012\/11\/IMG_5197.jpg 1024w\" sizes=\"(max-width: 300px) 100vw, 300px\" \/><\/a><\/p>\n<p>Es existieren inzwischen zwei Module dieses Typs. Ziel des Bausteins sollte die M\u00f6glichkeit sein, die Lautst\u00e4rke f\u00fcr zwei Kan\u00e4le mit nur einem Potentiometer zu regeln. Dieses Ziel konnte bisher nicht erreicht werden. W\u00e4hrend der linke Versuch mit dem TDA7053 als zentralem Baustein bisher nicht erfolgreich in Betrieb genommen werden konnte, wurde beim rechten Modul von vornherein auf eine Regelung verzichtet; es ist daher ein Stereopotentiometer am Eingang erforderlich. Der zentrale Baustein ist hier der 6-Watt-Verst\u00e4rker TDA1519, der extrem wenig Umbeschaltung zum Betrieb ben\u00f6tigt. Au\u00dfer der Regelung ist bereits alles an Bord.<\/p>\n<p><a name=\"RTC-Baustein\"><\/a><\/p>\n<h3>RTC-Baustein (Echtzeituhr)<\/h3>\n<p>Der RTC-Baustein PCF8563 speichert Datum und Uhrzeit und nutzt eine Knopfzelle, um bei abgeschaltetem Ger\u00e4\u00f6t die Uhrzeit weiterzuz\u00e4hlen. Er wird eingesetzt bei der <a href=\"http:\/\/www.brennecke.org\/?page_id=1922\">ScopeClock<\/a>, wo er das <a href=\"http:\/\/www.brennecke.org\/?page_id=1858#AVR-Standardmodul\">AVR-Mikrocontrollermodul<\/a> mit der Uhrzeit versorgt.<\/p>\n<p><a href=\"http:\/\/www.brennecke.org\/wp-content\/uploads\/2012\/11\/IMG_5237.jpg\"><img loading=\"lazy\" decoding=\"async\" class=\"alignnone size-medium wp-image-2222\" alt=\"IMG_5237\" src=\"http:\/\/www.brennecke.org\/wp-content\/uploads\/2012\/11\/IMG_5237-300x225.jpg\" width=\"300\" height=\"225\" srcset=\"https:\/\/www.brennecke.org\/wp-content\/uploads\/2012\/11\/IMG_5237-300x225.jpg 300w, https:\/\/www.brennecke.org\/wp-content\/uploads\/2012\/11\/IMG_5237.jpg 1024w\" sizes=\"(max-width: 300px) 100vw, 300px\" \/><\/a> <a href=\"http:\/\/www.brennecke.org\/wp-content\/uploads\/2012\/11\/IMG_5240.jpg\"><img loading=\"lazy\" decoding=\"async\" class=\"alignnone size-medium wp-image-2224\" alt=\"IMG_5240\" src=\"http:\/\/www.brennecke.org\/wp-content\/uploads\/2012\/11\/IMG_5240-300x225.jpg\" width=\"300\" height=\"225\" srcset=\"https:\/\/www.brennecke.org\/wp-content\/uploads\/2012\/11\/IMG_5240-300x225.jpg 300w, https:\/\/www.brennecke.org\/wp-content\/uploads\/2012\/11\/IMG_5240.jpg 1024w\" sizes=\"(max-width: 300px) 100vw, 300px\" \/><\/a><\/p>\n<p>Der Chip ist in mehreren Baugr\u00f6\u00dfen erh\u00e4ltlich &#8211; ich konnte nur an die SMD-Variante gelangen, so dass nun der Chip und der Entkoppelkondensator auf der Unterseite der Platine Platz gefunden haben, w\u00e4hrend die Batterie, der Quarz, zwei Entkoppeldioden und vier Eingangswiderst\u00e4nde auf der Oberseite angebracht sind. Einmal programmiert, h\u00e4lt der RTC-Baustein die Uhrzeit bis zum Lebensende der Batterie.<\/p>\n<h3><a name=\"IC-Standardmodul\"><\/a><\/h3>\n<h3>IC-Standardmodul<\/h3>\n<p>Dieser Baustein wurde geschaffen, um neue Schaltungen ausprobieren zu k\u00f6nnen. Er bietet einen 20-poligem Sockel, dessen Anschl\u00fcsse komplett \u00fcber L\u00f6tstifte nach au\u00dfen gef\u00fchrt sind. Die unteren linken vier Anschl\u00fcsse k\u00f6nnen dabei \u00fcber einen Jumper direkt mit der Masse verbunden werden. Gleiches gilt f\u00fcr die oberen vier Anschl\u00fcsse und den Pluspol.<\/p>\n<p><a href=\"http:\/\/www.brennecke.org\/wp-content\/uploads\/2012\/11\/IMG_5236.jpg\"><img loading=\"lazy\" decoding=\"async\" class=\"alignnone size-full wp-image-2221\" alt=\"IMG_5236\" src=\"http:\/\/www.brennecke.org\/wp-content\/uploads\/2012\/11\/IMG_5236.jpg\" width=\"1024\" height=\"768\" srcset=\"https:\/\/www.brennecke.org\/wp-content\/uploads\/2012\/11\/IMG_5236.jpg 1024w, https:\/\/www.brennecke.org\/wp-content\/uploads\/2012\/11\/IMG_5236-300x225.jpg 300w\" sizes=\"(max-width: 1024px) 100vw, 1024px\" \/><\/a><\/p>\n<h3><a name=\"Mono-Verstaerker\"><\/a><\/h3>\n<h3>Mono-Verst\u00e4rker mit Mini-Lautsprecher<\/h3>\n<p>Dieses Modul fasst einen kompletten Verst\u00e4rker samt Mini-Lautsprecher auf TBA820M-Basis auf einer Platine zusammen. Er kann beispielsweise dort zum Einsatz kommen, wo Sound ben\u00f6tigt wird, aber im verwendeten 6104-Schaltpult kein Lautsprecher eingebaut ist.<\/p>\n<p><a href=\"http:\/\/www.brennecke.org\/wp-content\/uploads\/2012\/04\/IMG_5220.jpg\"><img loading=\"lazy\" decoding=\"async\" class=\"alignnone size-medium wp-image-2245\" alt=\"IMG_5220\" src=\"http:\/\/www.brennecke.org\/wp-content\/uploads\/2012\/04\/IMG_5220-300x225.jpg\" width=\"300\" height=\"225\" srcset=\"https:\/\/www.brennecke.org\/wp-content\/uploads\/2012\/04\/IMG_5220-300x225.jpg 300w, https:\/\/www.brennecke.org\/wp-content\/uploads\/2012\/04\/IMG_5220.jpg 1024w\" sizes=\"(max-width: 300px) 100vw, 300px\" \/><\/a> <a href=\"http:\/\/www.brennecke.org\/wp-content\/uploads\/2012\/04\/IMG_5221.jpg\"><img loading=\"lazy\" decoding=\"async\" class=\"alignnone size-medium wp-image-2246\" alt=\"IMG_5221\" src=\"http:\/\/www.brennecke.org\/wp-content\/uploads\/2012\/04\/IMG_5221-300x225.jpg\" width=\"300\" height=\"225\" srcset=\"https:\/\/www.brennecke.org\/wp-content\/uploads\/2012\/04\/IMG_5221-300x225.jpg 300w, https:\/\/www.brennecke.org\/wp-content\/uploads\/2012\/04\/IMG_5221.jpg 1024w\" sizes=\"(max-width: 300px) 100vw, 300px\" \/><\/a><\/p>\n<p><a title=\"Neue Module f\u00fcr die Philips-Experimentierk\u00e4sten\" href=\"http:\/\/www.brennecke.org\/?page_id=1051\">Zur\u00fcck zur \u00dcbersicht<\/a><\/p>\n<div class=\"twoclick_social_bookmarks_post_1242 social_share_privacy clearfix 1.6.4 locale-de_DE sprite-de_DE\"><\/div><div class=\"twoclick-js\"><script type=\"text\/javascript\">\/* <![CDATA[ *\/\njQuery(document).ready(function($){if($('.twoclick_social_bookmarks_post_1242')){$('.twoclick_social_bookmarks_post_1242').socialSharePrivacy({\"services\":{\"facebook\":{\"status\":\"on\",\"txt_info\":\"2 Klicks f\\u00fcr mehr Datenschutz: Erst wenn Sie hier klicken, wird der Button aktiv und Sie k\\u00f6nnen Ihre Empfehlung an Facebook senden. Schon beim Aktivieren werden Daten an Dritte \\u00fcbertragen - siehe <em>i<\\\/em>.\",\"perma_option\":\"off\",\"action\":\"recommend\",\"language\":\"de_DE\"},\"twitter\":{\"reply_to\":\"\",\"tweet_text\":\"Sonstiges%20%C2%BB%2053%20Cent\",\"status\":\"on\",\"txt_info\":\"2 Klicks f\\u00fcr mehr Datenschutz: Erst wenn Sie hier klicken, wird der Button aktiv und Sie k\\u00f6nnen Ihre Empfehlung an Twitter senden. Schon beim Aktivieren werden Daten an Dritte \\u00fcbertragen - siehe <em>i<\\\/em>.\",\"perma_option\":\"off\",\"language\":\"de\",\"referrer_track\":\"\"},\"gplus\":{\"status\":\"on\",\"txt_info\":\"2 Klicks f\\u00fcr mehr Datenschutz: Erst wenn Sie hier klicken, wird der Button aktiv und Sie k\\u00f6nnen Ihre Empfehlung an Google+ senden. Schon beim Aktivieren werden Daten an Dritte \\u00fcbertragen - siehe <em>i<\\\/em>.\",\"perma_option\":\"off\",\"referrer_track\":\"\"},\"flattr\":{\"uid\":\"\",\"status\":\"on\",\"the_title\":\"Sonstiges\",\"the_excerpt\":\"Inhalt%0D%0A%0D%0A%09USB-Modul%0D%0A%09Lauflichtz%C3%A4hler%0D%0A%09Punkt-Laufbalken-Modul%0D%0A%09PLL-Modul%0D%0A%09Stereo-Verst%C3%A4rker-Modul%0D%0A%09RTC-Baustein%20%28Echtzeituhr%29%0D%0A%09IC-Standardmodul%0D%0A%09Mono-Verst%C3%A4rkermodul%20mit%20Mini-Lautsprecher%0D%0A%0D%0A%0D%0AUSB-Modul%0D%0ADieses%20Modul%20soll%20eine%20Verkn%C3%BCpfung%20der%20EE-Serie%20mit%20dem%20PC%20herstellen.%20Solche%20Boards%20sind%20zuhauf%20als%20Fertigprodukt%20oder%20auch%20als%20Bausatz%20zu%20bekommen%3B%20es%20gibt%20sogar%20eigene%20Experimentiers%20...\",\"txt_info\":\"2 Klicks f\\u00fcr mehr Datenschutz: Erst wenn Sie hier klicken, wird der Button aktiv und Sie k\\u00f6nnen Ihre Empfehlung an Flattr senden. Schon beim Aktivieren werden Daten an Dritte \\u00fcbertragen - siehe <em>i<\\\/em>.\",\"perma_option\":\"off\"}},\"txt_help\":\"Wenn Sie diese Felder durch einen Klick aktivieren, werden Informationen an Facebook, Twitter, Flattr, Xing, t3n, LinkedIn, Pinterest oder Google eventuell ins Ausland \\u00fcbertragen und unter Umst\\u00e4nden auch dort gespeichert. N\\u00e4heres erfahren Sie durch einen Klick auf das <em>i<\\\/em>.\",\"settings_perma\":\"Dauerhaft aktivieren und Daten\\u00fcber-tragung zustimmen:\",\"info_link\":\"http:\\\/\\\/www.heise.de\\\/ct\\\/artikel\\\/2-Klicks-fuer-mehr-Datenschutz-1333879.html\",\"uri\":\"https:\\\/\\\/www.brennecke.org\\\/?page_id=1242\",\"post_id\":1242,\"post_title_referrer_track\":\"Sonstiges\",\"display_infobox\":\"on\"});}});\n\/* ]]> *\/<\/script><\/div>","protected":false},"excerpt":{"rendered":"<p>Inhalt USB-Modul Lauflichtz\u00e4hler Punkt-Laufbalken-Modul PLL-Modul Stereo-Verst\u00e4rker-Modul RTC-Baustein (Echtzeituhr) IC-Standardmodul Mono-Verst\u00e4rkermodul mit Mini-Lautsprecher USB-Modul Dieses Modul soll eine Verkn\u00fcpfung der EE-Serie mit dem PC herstellen. Solche Boards sind zuhauf als Fertigprodukt oder auch als Bausatz zu bekommen; es gibt sogar eigene &hellip; <a href=\"https:\/\/www.brennecke.org\/?page_id=1242\">Weiterlesen <span class=\"meta-nav\">&rarr;<\/span><\/a><\/p>\n","protected":false},"author":1,"featured_media":1250,"parent":1051,"menu_order":50,"comment_status":"open","ping_status":"open","template":"","meta":{"footnotes":""},"_links":{"self":[{"href":"https:\/\/www.brennecke.org\/index.php?rest_route=\/wp\/v2\/pages\/1242"}],"collection":[{"href":"https:\/\/www.brennecke.org\/index.php?rest_route=\/wp\/v2\/pages"}],"about":[{"href":"https:\/\/www.brennecke.org\/index.php?rest_route=\/wp\/v2\/types\/page"}],"author":[{"embeddable":true,"href":"https:\/\/www.brennecke.org\/index.php?rest_route=\/wp\/v2\/users\/1"}],"replies":[{"embeddable":true,"href":"https:\/\/www.brennecke.org\/index.php?rest_route=%2Fwp%2Fv2%2Fcomments&post=1242"}],"version-history":[{"count":17,"href":"https:\/\/www.brennecke.org\/index.php?rest_route=\/wp\/v2\/pages\/1242\/revisions"}],"predecessor-version":[{"id":2413,"href":"https:\/\/www.brennecke.org\/index.php?rest_route=\/wp\/v2\/pages\/1242\/revisions\/2413"}],"up":[{"embeddable":true,"href":"https:\/\/www.brennecke.org\/index.php?rest_route=\/wp\/v2\/pages\/1051"}],"wp:featuredmedia":[{"embeddable":true,"href":"https:\/\/www.brennecke.org\/index.php?rest_route=\/wp\/v2\/media\/1250"}],"wp:attachment":[{"href":"https:\/\/www.brennecke.org\/index.php?rest_route=%2Fwp%2Fv2%2Fmedia&parent=1242"}],"curies":[{"name":"wp","href":"https:\/\/api.w.org\/{rel}","templated":true}]}}