{"id":1244,"date":"2012-04-20T19:41:46","date_gmt":"2012-04-20T17:41:46","guid":{"rendered":"http:\/\/www.brennecke.org\/?page_id=1244"},"modified":"2012-07-02T14:44:17","modified_gmt":"2012-07-02T12:44:17","slug":"nachbau-von-philipsschuco-modulen","status":"publish","type":"page","link":"https:\/\/www.brennecke.org\/?page_id=1244","title":{"rendered":"Nachbau von Philips\/Schuco-Modulen"},"content":{"rendered":"<p>Die hier gezeigten Module sind teilweise in gleicher oder \u00e4hnlicher Form bereits in den Philips- oder Schuco-Elektronikbauk\u00e4sten enthalten gewesen. Sie stellen f\u00fcr mich eine gute Erg\u00e4nzung meiner eigenen Entw\u00fcrfe dar &#8211; warum also das Rad neu erfinden? Wo es erforderlich war, sind allerdings Anpassungen an neue Bauelemente durchgef\u00fchrt worden.<\/p>\n<h3>Inhalt<\/h3>\n<ol>\n<li><a title=\"Anzeige-Modul (aus Schuco 6302 - Digitaltechnik)\" href=\"http:\/\/www.brennecke.org\/?page_id=1236#Anzeige-Modul (aus Schuco 6302 - Digitaltechnik)\">Anzeige-Modul<\/a> (aus Schuco 6302 &#8211; Digitaltechnik)<\/li>\n<li><a title=\"Counter-Modul\" href=\"http:\/\/www.brennecke.org\/?page_id=1236#Counter-Modul\">Counter-Modul<\/a> (aus Schuco 6108 &#8211; Regeltechnik)<\/li>\n<li><a title=\"LED-Modul (aus Schuco 6108 - Regeltechnik)\" href=\"http:\/\/www.brennecke.org\/?page_id=1236#LED-Modul\">LED-Modul <\/a>(aus Schuco 6108 &#8211; Regeltechnik)<\/li>\n<li><a title=\"Digitaltechnik\" href=\"http:\/\/www.brennecke.org\/?page_id=1236#Timer-Modul\">Timer-Modul<\/a> (aus Schuco 6108 &#8211; Regeltechnik)<\/li>\n<li>Regel-Modul (aus Schuco 6108 &#8211; Regeltechnik)<\/li>\n<\/ol>\n<p><a name=\"Anzeige-Modul\"><\/a><\/p>\n<h3>Anzeige-Modul (aus Schuco 6302 &#8211; Digitaltechnik)<\/h3>\n<p>Dieses Modul stellt einen Z\u00e4hler bis 100 dar, der aus zwei CD4026   gebildet wird und zwei Siebensegmentanzeigen ansteuert. Laut Handbuch   sind die Siebensegmentanzeigen vom Typ HD1133 &#8211; das Layout der   Originalplatine passt aber\u00a0nicht zu diesem Typ, sondern zur HA1143.   Diese scheint nicht mehr lieferbar zu sein, so dass ein Ersatztyp f\u00fcr   die HD1133 zum Einsatz kam, der auch eine Modifikation des   Platinenlayouts notwendig machte &#8211; der SC56-11.<\/p>\n<p><a href=\"..\/wp-content\/uploads\/2012\/04\/Anzeigemodul.jpg\"><img loading=\"lazy\" decoding=\"async\" title=\"Anzeigemodul\" src=\"..\/wp-content\/uploads\/2012\/04\/Anzeigemodul-300x225.jpg\" alt=\"\" width=\"300\" height=\"225\" \/><\/a> <a href=\"..\/wp-content\/uploads\/2012\/04\/Anzeige-Modul.png\"><img loading=\"lazy\" decoding=\"async\" title=\"Anzeige-Modul\" src=\"..\/wp-content\/uploads\/2012\/04\/Anzeige-Modul-300x290.png\" alt=\"\" width=\"300\" height=\"290\" \/><\/a><\/p>\n<p>Besonderheit: Die Siebensegmentanzeigen werden mit einer Z-Diode  als Vorwiderstand betrieben. Das legt die Betriebsspannung des Moduls  auf die vorgesehenen 9V fest. Bei geringeren Spannungen f\u00e4llt die  Anzeige aus, bei h\u00f6heren brennt sie schlie\u00dflich durch.<\/p>\n<p><a name=\"Counter-Modul\"><\/a><\/p>\n<h3>Counter-Modul (aus Schuco 6108 &#8211; Regeltechnik)<\/h3>\n<p>Dieses kleine Modul stellt einen 12-stufigen Bin\u00e4rz\u00e4hler dar, der  unter  Verwendung des CD4040 gebildet wird. 7 Ausg\u00e4nge sind nach au\u00dfen   gef\u00fchrt. Es stehen die Stufen 2, 4, 8, 512, 1024, 20148 und 4096 zur   Verf\u00fcgung.<\/p>\n<div>\n<div><a href=\"..\/wp-content\/uploads\/2012\/04\/Counter-Modul.jpg\"><img loading=\"lazy\" decoding=\"async\" title=\"Counter-Modul\" src=\"..\/wp-content\/uploads\/2012\/04\/Counter-Modul-298x300.jpg\" alt=\"\" width=\"298\" height=\"300\" \/> <\/a><a href=\"http:\/\/www.brennecke.org\/wp-content\/uploads\/2012\/04\/Counter-Modul.png\"><img loading=\"lazy\" decoding=\"async\" class=\"alignnone size-medium wp-image-1393\" title=\"Counter-Modul\" src=\"http:\/\/www.brennecke.org\/wp-content\/uploads\/2012\/04\/Counter-Modul-300x300.png\" alt=\"\" width=\"300\" height=\"300\" srcset=\"https:\/\/www.brennecke.org\/wp-content\/uploads\/2012\/04\/Counter-Modul-300x300.png 300w, https:\/\/www.brennecke.org\/wp-content\/uploads\/2012\/04\/Counter-Modul-150x150.png 150w, https:\/\/www.brennecke.org\/wp-content\/uploads\/2012\/04\/Counter-Modul.png 561w\" sizes=\"(max-width: 300px) 100vw, 300px\" \/><\/a><\/div>\n<\/div>\n<p>Eine alternative Version des Moduls stellt andere Ausg\u00e4nge zur Verf\u00fcgung: 2, 4, 8, 128, 256, 512 und 1024.<\/p>\n<p><a href=\"http:\/\/www.brennecke.org\/wp-content\/uploads\/2012\/04\/Counter-Modul-Alternative.jpg\"><img loading=\"lazy\" decoding=\"async\" class=\"alignnone size-medium wp-image-1394\" title=\"Counter-Modul Alternative\" src=\"http:\/\/www.brennecke.org\/wp-content\/uploads\/2012\/04\/Counter-Modul-Alternative-300x225.jpg\" alt=\"\" width=\"300\" height=\"225\" srcset=\"https:\/\/www.brennecke.org\/wp-content\/uploads\/2012\/04\/Counter-Modul-Alternative-300x225.jpg 300w, https:\/\/www.brennecke.org\/wp-content\/uploads\/2012\/04\/Counter-Modul-Alternative.jpg 800w\" sizes=\"(max-width: 300px) 100vw, 300px\" \/><\/a> <a href=\"http:\/\/www.brennecke.org\/wp-content\/uploads\/2012\/04\/Counter-Modul-modifiziert.png\"><img loading=\"lazy\" decoding=\"async\" class=\"alignnone size-medium wp-image-1395\" title=\"Counter-Modul modifiziert\" src=\"http:\/\/www.brennecke.org\/wp-content\/uploads\/2012\/04\/Counter-Modul-modifiziert-298x300.png\" alt=\"\" width=\"298\" height=\"300\" srcset=\"https:\/\/www.brennecke.org\/wp-content\/uploads\/2012\/04\/Counter-Modul-modifiziert-298x300.png 298w, https:\/\/www.brennecke.org\/wp-content\/uploads\/2012\/04\/Counter-Modul-modifiziert-150x150.png 150w, https:\/\/www.brennecke.org\/wp-content\/uploads\/2012\/04\/Counter-Modul-modifiziert.png 416w\" sizes=\"(max-width: 298px) 100vw, 298px\" \/><\/a><\/p>\n<p>Besonderheit: Die Verbindungen wurden bei den Modulen dieses  Kastens erstmals per Steckverbindung hergestellt. Dies erlaubt mehr  Stecker auf kleinerem Raum, aber die Verbindungen k\u00f6nnen nur mit  Spezialsteckern hergestellt werden. Ich habe diese Methode bei vielen anderen Modulen adaptiert.<\/p>\n<p><a name=\"LED-Modul\"><\/a><\/p>\n<h3>LED-Modul (aus Schuco 6108 &#8211; Regeltechnik)<\/h3>\n<p>Dieses kleine Modul baut einen vierstufigen Komparator auf, dessen   einzelne Stufen durch Operationsverst\u00e4rker gebildet werden. Es kommt   LM339 zum Einsatz; die Stufen-Unterschiede werden durch eine Diodenkette   gebildet, so dass zwischen dem Durchschalten der einzelnen OPs je etwa   0,6 bis 0,7V liegen. Das Modul ist sehr speziell und erlaubt weitaus   weniger M\u00f6glichkeiten als das <a title=\"Sonstiges\" href=\"http:\/\/www.brennecke.org\/?page_id=1242\">Punkt-Laufbalken-Modul<\/a>, spielt aber eine recht zentrale Rolle bei den Experimenten des Baukastens 6108.<\/p>\n<div>\n<div><a href=\"http:\/\/rigert.com\/bk-wiki\/index.php?title=Datei:FB_LED_Modul.jpg\"><\/a><a href=\"http:\/\/www.brennecke.org\/wp-content\/uploads\/2012\/04\/LED-Modul.jpg\"><img loading=\"lazy\" decoding=\"async\" class=\"alignnone size-medium wp-image-1398\" title=\"LED-Modul\" src=\"http:\/\/www.brennecke.org\/wp-content\/uploads\/2012\/04\/LED-Modul-300x225.jpg\" alt=\"\" width=\"300\" height=\"225\" srcset=\"https:\/\/www.brennecke.org\/wp-content\/uploads\/2012\/04\/LED-Modul-300x225.jpg 300w, https:\/\/www.brennecke.org\/wp-content\/uploads\/2012\/04\/LED-Modul.jpg 800w\" sizes=\"(max-width: 300px) 100vw, 300px\" \/><\/a> <a href=\"http:\/\/www.brennecke.org\/wp-content\/uploads\/2012\/04\/LED-Modul.png\"><img loading=\"lazy\" decoding=\"async\" class=\"alignnone size-medium wp-image-1397\" title=\"LED-Modul\" src=\"http:\/\/www.brennecke.org\/wp-content\/uploads\/2012\/04\/LED-Modul-300x290.png\" alt=\"\" width=\"300\" height=\"290\" srcset=\"https:\/\/www.brennecke.org\/wp-content\/uploads\/2012\/04\/LED-Modul-300x290.png 300w, https:\/\/www.brennecke.org\/wp-content\/uploads\/2012\/04\/LED-Modul.png 528w\" sizes=\"(max-width: 300px) 100vw, 300px\" \/><\/a><\/div>\n<\/div>\n<p>Meine Variante hat au\u00dferdem eine blaue LED spendiert bekommen &#8211; diese waren in den 1980ern beim Erscheinen des Baukastens noch unerschwinglich teuer.<\/p>\n<p><a name=\"Timer-Modul\"><\/a><\/p>\n<h3>Timer-Modul (aus Schuco 6108 &#8211; Regeltechnik)<\/h3>\n<p>Dieses kleine Modul stellt auf Basis eines NE555-Timer-Bausteins  einen  relativ frei programmierbaren Timer dar. Ein \u00e4hnliches Modul  findet  sich bereits im Schuco Digital Lab 6302 als &#8222;Multivibrator-Baustein&#8220;.<\/p>\n<div>\n<div><a href=\"http:\/\/rigert.com\/bk-wiki\/index.php?title=Datei:FB_Timer_Modul.jpg\"><\/a><a href=\"http:\/\/www.brennecke.org\/wp-content\/uploads\/2012\/04\/Timer-Modul.jpg\"><img loading=\"lazy\" decoding=\"async\" class=\"alignnone size-medium wp-image-1400\" title=\"Timer-Modul\" src=\"http:\/\/www.brennecke.org\/wp-content\/uploads\/2012\/04\/Timer-Modul-300x292.jpg\" alt=\"\" width=\"300\" height=\"292\" srcset=\"https:\/\/www.brennecke.org\/wp-content\/uploads\/2012\/04\/Timer-Modul-300x292.jpg 300w, https:\/\/www.brennecke.org\/wp-content\/uploads\/2012\/04\/Timer-Modul.jpg 616w\" sizes=\"(max-width: 300px) 100vw, 300px\" \/><\/a> <a href=\"http:\/\/www.brennecke.org\/wp-content\/uploads\/2012\/04\/Timer-Modul.png\"><img loading=\"lazy\" decoding=\"async\" class=\"alignnone size-medium wp-image-1399\" title=\"Timer-Modul\" src=\"http:\/\/www.brennecke.org\/wp-content\/uploads\/2012\/04\/Timer-Modul-300x277.png\" alt=\"\" width=\"300\" height=\"277\" srcset=\"https:\/\/www.brennecke.org\/wp-content\/uploads\/2012\/04\/Timer-Modul-300x277.png 300w, https:\/\/www.brennecke.org\/wp-content\/uploads\/2012\/04\/Timer-Modul.png 618w\" sizes=\"(max-width: 300px) 100vw, 300px\" \/><\/a><\/div>\n<\/div>\n<p>Besonderheit: Ein integrierter Leistungstransistor erm\u00f6glicht den  direkten Anschluss des Motors, der damit \u00fcber PWM  (Pulsweitenmodulation) gesteuert werden kann.<\/p>\n<p><a name=\"6108-Regelmodul\"><\/a><\/p>\n<h3>Regel-Modul (aus Schuco 6108 &#8211; Regeltechnik)<\/h3>\n<p>Der von einer Elektronik geregelte Motor, sozusagen der Sprung von  der  Elektronik zur\u00fcck in die gr\u00f6bere Elektrotechnik, hat mich sofort   fasziniert. Das Modul besteht im Original aus drei Teilen, einem   schnell-laufenden Spielzeugmotor, einem propriet\u00e4ren Getriebeblock und   einer Reglerplatine. Der Getriebeblock besteht aus mehreren Zahnr\u00e4dern   und einer \u00dcbersetzung von 12600:1.<\/p>\n<p>Diese Teile kommen im 6108-Kasten in unterschiedlicher Weise zum   Einsatz. An vielen Stellen wird nur der Motor ben\u00f6tigt &#8211; hier verzichte   ich auf Spezialteile und setze statt dessen einen kleinen 5cm-L\u00fcfter  aus  dem PC-Umfeld ein, der die reinen Motoraufgaben inklusive der  Bel\u00fcftung  eines warmen NTC perfekt beherrscht.<\/p>\n<p>Bei der Regelung sieht es etwas anders aus. Hier wird im Original  die  Achse eines gro\u00dfen Trimmpotentiometers bewegt. Damit das Poti am   Anschlag nicht zerst\u00f6rt wird, betreibt der Motor das Getriebe \u00fcber ein   Gummiband, das quasi als Rutschkupplung benutzt wird.<\/p>\n<div>\n<div><a href=\"http:\/\/rigert.com\/bk-wiki\/index.php?title=Datei:FB_Regel_Modul_Platine.png\"><\/a><a href=\"http:\/\/www.brennecke.org\/wp-content\/uploads\/2012\/04\/IMG_4223.jpg\"><img loading=\"lazy\" decoding=\"async\" class=\"alignnone size-medium wp-image-1401\" title=\"IMG_4223\" src=\"http:\/\/www.brennecke.org\/wp-content\/uploads\/2012\/04\/IMG_4223-300x225.jpg\" alt=\"\" width=\"300\" height=\"225\" srcset=\"https:\/\/www.brennecke.org\/wp-content\/uploads\/2012\/04\/IMG_4223-300x225.jpg 300w, https:\/\/www.brennecke.org\/wp-content\/uploads\/2012\/04\/IMG_4223.jpg 800w\" sizes=\"(max-width: 300px) 100vw, 300px\" \/><\/a> <a href=\"http:\/\/www.brennecke.org\/wp-content\/uploads\/2012\/04\/Regel-Modul.png\"><img loading=\"lazy\" decoding=\"async\" class=\"alignnone size-medium wp-image-1406\" title=\"Regel-Modul\" src=\"http:\/\/www.brennecke.org\/wp-content\/uploads\/2012\/04\/Regel-Modul-300x183.png\" alt=\"\" width=\"300\" height=\"183\" srcset=\"https:\/\/www.brennecke.org\/wp-content\/uploads\/2012\/04\/Regel-Modul-300x183.png 300w, https:\/\/www.brennecke.org\/wp-content\/uploads\/2012\/04\/Regel-Modul.png 885w\" sizes=\"(max-width: 300px) 100vw, 300px\" \/><\/a><\/div>\n<div>\n<p>Da der Getriebeblock nur umst\u00e4ndlich nachzubauen sein d\u00fcrfte,  habe ich  ihn komplett weggelassen und das Modul aus einem Getriebemotor  (bei  ebay aus China bestellt) und einer neu entworfenen Platine  konstruiert.  Das Modul belegt in etwa denselben Platz wie der  Getriebeblock und die  urspr\u00fcngliche Platine. Das Problem der  Rutschkupplung habe ich einfach  umgangen, indem ich von einem  Einbaupotentiometer das Metallgeh\u00e4use  entfernt habe &#8211; das Potentiometer  hat damit keinen Anschlag mehr und  l\u00e4sst sich beliebig drehen,  so dass  keine Gefahr der Besch\u00e4digung mehr  besteht.<\/p>\n<\/div>\n<\/div>\n<p><a href=\"http:\/\/rigert.com\/bk-wiki\/index.php?title=Datei:FB_Regel_Modul_Kupplung.jpg\"><\/a><a href=\"http:\/\/www.brennecke.org\/wp-content\/uploads\/2012\/04\/IMG_4227.jpg\"><img loading=\"lazy\" decoding=\"async\" class=\"alignnone size-medium wp-image-1402\" title=\"IMG_4227\" src=\"http:\/\/www.brennecke.org\/wp-content\/uploads\/2012\/04\/IMG_4227-300x225.jpg\" alt=\"\" width=\"300\" height=\"225\" srcset=\"https:\/\/www.brennecke.org\/wp-content\/uploads\/2012\/04\/IMG_4227-300x225.jpg 300w, https:\/\/www.brennecke.org\/wp-content\/uploads\/2012\/04\/IMG_4227.jpg 800w\" sizes=\"(max-width: 300px) 100vw, 300px\" \/> <\/a><a href=\"http:\/\/www.brennecke.org\/wp-content\/uploads\/2012\/04\/IMG_4228.jpg\"><img loading=\"lazy\" decoding=\"async\" class=\"alignnone size-medium wp-image-1403\" title=\"IMG_4228\" src=\"http:\/\/www.brennecke.org\/wp-content\/uploads\/2012\/04\/IMG_4228-300x225.jpg\" alt=\"\" width=\"300\" height=\"225\" srcset=\"https:\/\/www.brennecke.org\/wp-content\/uploads\/2012\/04\/IMG_4228-300x225.jpg 300w, https:\/\/www.brennecke.org\/wp-content\/uploads\/2012\/04\/IMG_4228.jpg 800w\" sizes=\"(max-width: 300px) 100vw, 300px\" \/><\/a><br \/>\nMit ein paar Tropfen Hei\u00dfkleber habe ich dann eine Stummelachse   befestigt und die Motorachse in diese Achse hineingeschoben. Der Kleber   h\u00e4lt auf dem glatten Metall der Achse nicht, formt aber deren   abgeflachte Seite perfekt nach, so dass man Poti und Motor einfach   zusammenstecken und auseinander ziehen kann. Auf die Achse des Potis   habe ich einen Knopf mit einer Markierung aufgesteckt, so dass man   dessen Stellung gut erkennen kann. Der Motor ruht auf einem Block   schwarzen Isolierschaumstoffs und zwei Lagen doppelseitigen Klebebands,   au\u00dferdem wird er durch einen einfachen Kabelbinder gehalten.Die Elektronik entspricht weitgehend der aus 6108, nur den  kleinen  4,7-Ohm-Widerstand habe ich gegen 10 Ohm ersetzt &#8211; der Motor  braucht  deutlich weniger Strom als das Original. Vermutlich sind nicht  einmal  die Leistungstransistorp\u00e4rchen BC338\/BC328 erforderlich. Statt  des  LM358-OPs habe ich den LF412 benutzt &#8211; der lag noch in der  Bastelkiste  und funktioniert ebenso gut.<\/p>\n<p><a href=\"http:\/\/www.brennecke.org\/wp-content\/uploads\/2012\/04\/IMG_4239.jpg\"><img loading=\"lazy\" decoding=\"async\" class=\"alignnone size-medium wp-image-1405\" title=\"IMG_4239\" src=\"http:\/\/www.brennecke.org\/wp-content\/uploads\/2012\/04\/IMG_4239-300x225.jpg\" alt=\"\" width=\"300\" height=\"225\" srcset=\"https:\/\/www.brennecke.org\/wp-content\/uploads\/2012\/04\/IMG_4239-300x225.jpg 300w, https:\/\/www.brennecke.org\/wp-content\/uploads\/2012\/04\/IMG_4239.jpg 800w\" sizes=\"(max-width: 300px) 100vw, 300px\" \/><\/a> <a href=\"http:\/\/www.brennecke.org\/wp-content\/uploads\/2012\/04\/IMG_4232.jpg\"><img loading=\"lazy\" decoding=\"async\" class=\"alignnone size-medium wp-image-1404\" title=\"IMG_4232\" src=\"http:\/\/www.brennecke.org\/wp-content\/uploads\/2012\/04\/IMG_4232-300x225.jpg\" alt=\"\" width=\"300\" height=\"225\" srcset=\"https:\/\/www.brennecke.org\/wp-content\/uploads\/2012\/04\/IMG_4232-300x225.jpg 300w, https:\/\/www.brennecke.org\/wp-content\/uploads\/2012\/04\/IMG_4232.jpg 800w\" sizes=\"(max-width: 300px) 100vw, 300px\" \/><\/a><\/p>\n<p>Zuguterletzt zeigte sich, dass mit der Neukonstruktion sogar die Plastikhaube wieder auf das Schaltpult passt.<\/p>\n<p><a rel=\"nofollow\" href=\"http:\/\/www.youtube.com\/watch?v=9dixKshIURc\">Youtube-Video &#8211; das Regel-Modul im Ersteinsatz<\/a><\/p>\n<table>\n<tbody>\n<tr>\n<th> Bauteil<\/th>\n<th> Gr\u00f6\u00dfe<\/th>\n<th> Bauteil<\/th>\n<th> Gr\u00f6\u00dfe<\/th>\n<\/tr>\n<tr>\n<td>R1<\/td>\n<td>4,7 kOhm<\/td>\n<td>C1<\/td>\n<td>100 nF<\/td>\n<\/tr>\n<tr>\n<td>R2<\/td>\n<td>1,2 kOhm<\/td>\n<td>U1<\/td>\n<td>LF412 (LM358)<\/td>\n<\/tr>\n<tr>\n<td>R3<\/td>\n<td>2,2 kOhm<\/td>\n<td>U2, U3<\/td>\n<td>BC337 (NPN)<\/td>\n<\/tr>\n<tr>\n<td>R4<\/td>\n<td>150 Ohm<\/td>\n<td>U4, U5<\/td>\n<td>BC328 (PNP)<\/td>\n<\/tr>\n<tr>\n<td>R5<\/td>\n<td>1 kOhm<\/td>\n<td>M<\/td>\n<td>Getriebemotor 6V, 8 U\/min<\/td>\n<\/tr>\n<tr>\n<td>R6<\/td>\n<td>10 Ohm<\/td>\n<td>R7<\/td>\n<td>Poti mit 6mm-Achse, 50 kOhm<\/td>\n<\/tr>\n<\/tbody>\n<\/table>\n<p>Der Motor kommt in den 6108-Schaltungen teilweise auch allein zum   Einsatz, beispielsweise als aktive Temperaturregelung, bei der ein NTC   durch einen L\u00fcfter gek\u00fchlt wird. F\u00fcr diesen Fall habe ich ein spezielles   Modul entworfen, das im wesentlichen aus einem 5cm-L\u00fcfter aus der   PC-Welt besteht. Au\u00dferdem kann \u00fcber zwei Klemmen der NTC direkt auf dem   Modul befestigt werden. Das Modul ist ansonsten gleich gro\u00df wie das   zuvor beschriebene Reglermodul.<\/p>\n<p><a href=\"http:\/\/www.brennecke.org\/wp-content\/uploads\/2012\/04\/Motor.jpg\"><img loading=\"lazy\" decoding=\"async\" class=\"alignnone size-medium wp-image-1409\" title=\"Motor\" src=\"http:\/\/www.brennecke.org\/wp-content\/uploads\/2012\/04\/Motor-300x225.jpg\" alt=\"\" width=\"300\" height=\"225\" srcset=\"https:\/\/www.brennecke.org\/wp-content\/uploads\/2012\/04\/Motor-300x225.jpg 300w, https:\/\/www.brennecke.org\/wp-content\/uploads\/2012\/04\/Motor.jpg 800w\" sizes=\"(max-width: 300px) 100vw, 300px\" \/><\/a> <a href=\"http:\/\/www.brennecke.org\/wp-content\/uploads\/2012\/04\/Motor.png\"><img loading=\"lazy\" decoding=\"async\" class=\"alignnone size-medium wp-image-1408\" title=\"Motor\" src=\"http:\/\/www.brennecke.org\/wp-content\/uploads\/2012\/04\/Motor-300x176.png\" alt=\"\" width=\"300\" height=\"176\" srcset=\"https:\/\/www.brennecke.org\/wp-content\/uploads\/2012\/04\/Motor-300x176.png 300w, https:\/\/www.brennecke.org\/wp-content\/uploads\/2012\/04\/Motor.png 687w\" sizes=\"(max-width: 300px) 100vw, 300px\" \/><\/a><\/p>\n<p><a title=\"Neue Module f\u00fcr die Philips-Experimentierk\u00e4sten\" href=\"http:\/\/www.brennecke.org\/?page_id=1051\">Zur\u00fcck zur \u00dcbersicht<\/a><\/p>\n<div class=\"twoclick_social_bookmarks_post_1244 social_share_privacy clearfix 1.6.4 locale-de_DE sprite-de_DE\"><\/div><div class=\"twoclick-js\"><script type=\"text\/javascript\">\/* <![CDATA[ *\/\njQuery(document).ready(function($){if($('.twoclick_social_bookmarks_post_1244')){$('.twoclick_social_bookmarks_post_1244').socialSharePrivacy({\"services\":{\"facebook\":{\"status\":\"on\",\"txt_info\":\"2 Klicks f\\u00fcr mehr Datenschutz: Erst wenn Sie hier klicken, wird der Button aktiv und Sie k\\u00f6nnen Ihre Empfehlung an Facebook senden. Schon beim Aktivieren werden Daten an Dritte \\u00fcbertragen - siehe <em>i<\\\/em>.\",\"perma_option\":\"off\",\"action\":\"recommend\",\"language\":\"de_DE\"},\"twitter\":{\"reply_to\":\"\",\"tweet_text\":\"Nachbau%20von%20Philips%2FSchuco-Modulen%20%C2%BB%2053%20Cent\",\"status\":\"on\",\"txt_info\":\"2 Klicks f\\u00fcr mehr Datenschutz: Erst wenn Sie hier klicken, wird der Button aktiv und Sie k\\u00f6nnen Ihre Empfehlung an Twitter senden. Schon beim Aktivieren werden Daten an Dritte \\u00fcbertragen - siehe <em>i<\\\/em>.\",\"perma_option\":\"off\",\"language\":\"de\",\"referrer_track\":\"\"},\"gplus\":{\"status\":\"on\",\"txt_info\":\"2 Klicks f\\u00fcr mehr Datenschutz: Erst wenn Sie hier klicken, wird der Button aktiv und Sie k\\u00f6nnen Ihre Empfehlung an Google+ senden. Schon beim Aktivieren werden Daten an Dritte \\u00fcbertragen - siehe <em>i<\\\/em>.\",\"perma_option\":\"off\",\"referrer_track\":\"\"},\"flattr\":{\"uid\":\"\",\"status\":\"on\",\"the_title\":\"Nachbau%20von%20Philips%2FSchuco-Modulen\",\"the_excerpt\":\"Die%20hier%20gezeigten%20Module%20sind%20teilweise%20in%20gleicher%20oder%20%C3%A4hnlicher%20Form%20bereits%20in%20den%20Philips-%20oder%20Schuco-Elektronikbauk%C3%A4sten%20enthalten%20gewesen.%20Sie%20stellen%20f%C3%BCr%20mich%20eine%20gute%20Erg%C3%A4nzung%20meiner%20eigenen%20Entw%C3%BCrfe%20dar%20-%20warum%20also%20das%20Rad%20neu%20erfinden%3F%20Wo%20es%20erforderlich%20war%2C%20sind%20allerdings%20Anpassungen%20an%20neue%20Bauelemente%20durchgef%C3%BChrt%20worden.%0D%0AInhalt%0D%0A%0D%0A%09Anzeige-Modul%20%28aus%20Schuco%206302%20-%20Digita%20...\",\"txt_info\":\"2 Klicks f\\u00fcr mehr Datenschutz: Erst wenn Sie hier klicken, wird der Button aktiv und Sie k\\u00f6nnen Ihre Empfehlung an Flattr senden. Schon beim Aktivieren werden Daten an Dritte \\u00fcbertragen - siehe <em>i<\\\/em>.\",\"perma_option\":\"off\"}},\"txt_help\":\"Wenn Sie diese Felder durch einen Klick aktivieren, werden Informationen an Facebook, Twitter, Flattr, Xing, t3n, LinkedIn, Pinterest oder Google eventuell ins Ausland \\u00fcbertragen und unter Umst\\u00e4nden auch dort gespeichert. N\\u00e4heres erfahren Sie durch einen Klick auf das <em>i<\\\/em>.\",\"settings_perma\":\"Dauerhaft aktivieren und Daten\\u00fcber-tragung zustimmen:\",\"info_link\":\"http:\\\/\\\/www.heise.de\\\/ct\\\/artikel\\\/2-Klicks-fuer-mehr-Datenschutz-1333879.html\",\"uri\":\"https:\\\/\\\/www.brennecke.org\\\/?page_id=1244\",\"post_id\":1244,\"post_title_referrer_track\":\"Nachbau+von+Philips%2FSchuco-Modulen\",\"display_infobox\":\"on\"});}});\n\/* ]]> *\/<\/script><\/div>","protected":false},"excerpt":{"rendered":"<p>Die hier gezeigten Module sind teilweise in gleicher oder \u00e4hnlicher Form bereits in den Philips- oder Schuco-Elektronikbauk\u00e4sten enthalten gewesen. Sie stellen f\u00fcr mich eine gute Erg\u00e4nzung meiner eigenen Entw\u00fcrfe dar &#8211; warum also das Rad neu erfinden? Wo es erforderlich &hellip; <a href=\"https:\/\/www.brennecke.org\/?page_id=1244\">Weiterlesen <span class=\"meta-nav\">&rarr;<\/span><\/a><\/p>\n","protected":false},"author":1,"featured_media":1411,"parent":1051,"menu_order":60,"comment_status":"open","ping_status":"open","template":"","meta":{"footnotes":""},"_links":{"self":[{"href":"https:\/\/www.brennecke.org\/index.php?rest_route=\/wp\/v2\/pages\/1244"}],"collection":[{"href":"https:\/\/www.brennecke.org\/index.php?rest_route=\/wp\/v2\/pages"}],"about":[{"href":"https:\/\/www.brennecke.org\/index.php?rest_route=\/wp\/v2\/types\/page"}],"author":[{"embeddable":true,"href":"https:\/\/www.brennecke.org\/index.php?rest_route=\/wp\/v2\/users\/1"}],"replies":[{"embeddable":true,"href":"https:\/\/www.brennecke.org\/index.php?rest_route=%2Fwp%2Fv2%2Fcomments&post=1244"}],"version-history":[{"count":8,"href":"https:\/\/www.brennecke.org\/index.php?rest_route=\/wp\/v2\/pages\/1244\/revisions"}],"predecessor-version":[{"id":1246,"href":"https:\/\/www.brennecke.org\/index.php?rest_route=\/wp\/v2\/pages\/1244\/revisions\/1246"}],"up":[{"embeddable":true,"href":"https:\/\/www.brennecke.org\/index.php?rest_route=\/wp\/v2\/pages\/1051"}],"wp:featuredmedia":[{"embeddable":true,"href":"https:\/\/www.brennecke.org\/index.php?rest_route=\/wp\/v2\/media\/1411"}],"wp:attachment":[{"href":"https:\/\/www.brennecke.org\/index.php?rest_route=%2Fwp%2Fv2%2Fmedia&parent=1244"}],"curies":[{"name":"wp","href":"https:\/\/api.w.org\/{rel}","templated":true}]}}