{"id":1328,"date":"2012-04-21T12:08:56","date_gmt":"2012-04-21T10:08:56","guid":{"rendered":"http:\/\/www.brennecke.org\/?page_id=1328"},"modified":"2012-05-06T19:08:33","modified_gmt":"2012-05-06T17:08:33","slug":"vga-modul","status":"publish","type":"page","link":"https:\/\/www.brennecke.org\/?page_id=1328","title":{"rendered":"VGA-Module (CMOS-Technik)"},"content":{"rendered":"<p>Dieses Modul soll eine Br\u00fccke schlagen vom Video Modul des EE3023 hin   zu aktueller Monitortechnik. Die urspr\u00fcngliche Idee ging sogar noch   weiter &#8211; mittels DVB-T-Tuner und MPEG-Decoder sollte es m\u00f6glich werden,   eine <a title=\"TV-Lab \u2013 Digitales Farbfernsehen im Philips-ABC-Design\" href=\"..\/?page_id=1079\">aktuelle Version des EE2008-Fernsehers<\/a> zu bauen.<\/p>\n<p>Hinweis: Inzwischen ist eine <a title=\"VGA-Module (Mikrocontroller-Technik)\" href=\"http:\/\/www.brennecke.org\/?page_id=1348\">modernere Version<\/a> des VGA-Moduls entstanden, die die erforderlichen Timings besser einh\u00e4lt und auch flexibler bei der Generierung von Ausgangssignalen ist. Sie ben\u00f6tigt auch weniger Platz bei ansonsten gleicher Funktion. Ich empfehle daher zum Nachbau <a title=\"VGA-Module (Mikrocontroller-Technik)\" href=\"http:\/\/www.brennecke.org\/?page_id=1348\">diese neue Version.<\/a><\/p>\n<h3>Entwurf<\/h3>\n<p>So blieb also der Bau eines VGA-Moduls, das als Ersatz f\u00fcr das Video  Modul genutzt werden kann und dabei nat\u00fcrlich ohne den Umweg \u00fcber die  Antennenleitung eines Fernsehers auskommen soll. Statt dessen sollten  die Signale in den VGA-Eingang eines herk\u00f6mmlichen Computermonitors  gespeist werden. Die Aufl\u00f6sung bleibt dabei auf 640&#215;480 Punkte bei 60Hz  beschr\u00e4nkt, da h\u00f6here Aufl\u00f6sungen zum Umgang mit Frequenzen zwingen, die  mit dem diskreten EE-System zu konstruktiven Problemen f\u00fchren k\u00f6nnen.  Als besonderes Bonbon steht dabei nat\u00fcrlich Farbe zur Verf\u00fcgung.<\/p>\n<p><a href=\"..\/wp-content\/uploads\/2012\/04\/VGA-Modul.png\"><img loading=\"lazy\" decoding=\"async\" title=\"IMG_4592\" src=\"..\/wp-content\/uploads\/2012\/04\/IMG_45921-225x300.jpg\" alt=\"\" width=\"225\" height=\"300\" \/> <img loading=\"lazy\" decoding=\"async\" title=\"VGA-Modul\" src=\"..\/wp-content\/uploads\/2012\/04\/VGA-Modul-222x300.png\" alt=\"\" width=\"222\" height=\"300\" \/><\/a><\/p>\n<p>Als Ansatz wurde dabei die Technik gew\u00e4hlt, die auch bereits beim  EE3023 zum Einsatz kommt &#8211; ein quarzgesteuerter Frequenzteiler, der  nacheinander die horizontalen und vertikalen Sync-Impulse erzeugt. Teile  der Schaltung im VGA-Signalteil entstammen einer im Netz verf\u00fcgbaren  Schaltung, die allerdings ein paar \u00c4nderungen erfahren hat, damit sie  auch mit modernen TFT-Monitoren zurecht kommt.<\/p>\n<h3>Schaltungsbeschreibung<\/h3>\n<p>VGA weicht in seinen Frequenzen vom PAL-Signal ab. Die  Horizontalfrequenz liegt bei 31,5 kHz, die Vertikalfrequenz bei 60 Hz.  Es werden grunds\u00e4tzlich Vollbilder \u00fcbertragen &#8211; bei PAL sind es  Halbbilder. Ein mit dem CD4060 aufgebauter Quarzgenerator erzeugt ein  8.MHz-Signal, das \u00fcber die Teilerstufen des 4060 bis auf 31.250 Hz  heruntergeteilt wird. Eine 4-fach-UND-Stufe (1\/2 CD4082) stellt daraus  das horizontale Synchronsignal zusammen. Ein CD4040 sorgt f\u00fcr die  weitere Teilung. An seinen Ausg\u00e4ngen sitzt ein weiteres halbes CD4082,  das einen Teiler durch 525 realisiert &#8211; 480 sichtbare Zeilen und 45  unsichtbare, w\u00e4hrend derer der Bildr\u00fccklauf ausgef\u00fchrt werden soll. Auch  wenn moderne TFT-Monitore dieses Timing eigentlich nicht mehr  ben\u00f6tigen, wird es weiterhin f\u00fcr VGA benutzt. Ein drittes Vierfach-UND  sorgt f\u00fcr die Erzeugung des passenden Vertikal-Synchronimpulses. Beide  Signale werden in einem nachfolgenden 74HC32 gepuffert und stehen dann  am VGA-Anschluss und an den Anschl\u00fcssen VS (60 Hz) und HS (31,250 Hz)  zur Verf\u00fcgung.<\/p>\n<p>Zus\u00e4tzlich sind folgende Signale herausgef\u00fchrt: Q1 = 250.000 Hz Q2 = 125.000 Hz Q3 = 62.500 Hz Q4 = 31.250 Hz Q5 = 480 Hz Q6 = 240 Hz Q7 = 120 Hz Q8 = 60 Hz<\/p>\n<p>Der Eingangsteil besitzt im Gegensatz zum Originalmodul drei  Eing\u00e4nge f\u00fcr die drei Grundfarben Rot, Gr\u00fcn und Blau. Die drei Eing\u00e4nge  sind gepuffert und gesichert \u00fcber einen RGB-Umschalter vom Typ TEA 5114.  Dessen Umschaltfunktion wird nicht genutzt, wohl aber seine F\u00e4higkeit,  bei zu hohen Eingangssignalen die Ausg\u00e4nge abzuschalten, um eine  \u00dcberlast des VGA-Monitors zu vermeiden. Die drei Eing\u00e4nge sind au\u00dferdem  \u00fcber Kondensatoren von den Eing\u00e4ngen entkoppelt. Bei vertikalen  Bildverl\u00e4ufen sieht man deren Einfluss auf das Bild durch Farbverl\u00e4ufe.<\/p>\n<p><a href=\"..\/wp-content\/uploads\/2012\/04\/IMG_43141.jpg\"><img loading=\"lazy\" decoding=\"async\" title=\"IMG_4314\" src=\"..\/wp-content\/uploads\/2012\/04\/IMG_43141-300x225.jpg\" alt=\"\" width=\"300\" height=\"225\" \/><\/a><\/p>\n<p>Der Z\u00e4hlerteil wird mit +5V (TTL-Pegel) \u00fcber einen Spannungsstabilisator vom Typ 78L05 betrieben.<\/p>\n<p>Der gezeigte Monitor stammt aus meiner Bastelkiste; er hat  eigentlich einen Touchscreen und kann viele Aufl\u00f6sungen darstellen. Er  passt gr\u00f6\u00dfenm\u00e4\u00dfig gut zum Philips-System. Es kann aber nat\u00fcrlich jeder  Monitor ansgeschlossen, der einen VGA-Eingang besitzt. Auch die meisten  modernen Flachbildfernseher bieten nach wie vor eine  VGA-Anschlussbuchse. Standard-VGA, also die Frequenzen, die hier benutzt  werden, werden von all diesen Monitoren unterst\u00fctzt. Selbstverst\u00e4ndlich  bleibt die Aufl\u00f6sung auch auf einem FullHD-Bildschirm auf 640&#215;480  Punkte beschr\u00e4nkt.<\/p>\n<p><a href=\"http:\/\/www.brennecke.org\/wp-content\/uploads\/2012\/04\/Schaltplan-VGA-Modul.png\"><img decoding=\"async\" class=\"alignnone size-full wp-image-1360\" title=\"Schaltplan VGA-Modul\" src=\"http:\/\/www.brennecke.org\/wp-content\/uploads\/2012\/04\/Schaltplan-VGA-Modul.png\" alt=\"\" \/><\/a><\/p>\n<h3>Sinus-Rechteck-Generator<\/h3>\n<p>Der Sinus-Rechteck-Generator wurde ohne \u00c4nderungen am Bauplan von 6.01 aus EE3023 in das Design \u00fcbernommen. Die Vertikalfrequenz von Q5 betr\u00e4gt in diesem  Modul 480 Hz, was den 400 Hz des Originalmoduls sehr nahe kommt. Zur Umschaltung des Signals (Rechteck-Sinus) und zur Einstellung der  Signalst\u00e4rke wurden Jumperleisten verwendet.<\/p>\n<p><a href=\"http:\/\/www.brennecke.org\/wp-content\/uploads\/2012\/04\/Schaltplan-Oszilloskop.png\"><img decoding=\"async\" class=\"alignnone size-full wp-image-1359\" title=\"Schaltplan Oszilloskop\" src=\"http:\/\/www.brennecke.org\/wp-content\/uploads\/2012\/04\/Schaltplan-Oszilloskop.png\" alt=\"\" \/><\/a><\/p>\n<h3>Oszilloskop<\/h3>\n<p>Das Oszilloskop ist weitgehend baugleich mit der Schaltung aus 6.1.  Es  ist klar, dass man hier nur von einem Schmalspur-Oszilloskop sprechen   kann, da eigentlich alle wichtigen Features eines echten Oszis fehlen   und nur feste Frequenzen dargestellt werden k\u00f6nnen. Andererseits   eignet es sich f\u00fcr das Verst\u00e4ndnis der im EE3023 im Kapitel 6 gezeigten   Grundschaltungen gut und vermittelt auch Grundkenntnisse im Umgang mit Oszilloskopen.<\/p>\n<div>\n<div><a href=\"http:\/\/rigert.com\/bk-wiki\/index.php?title=Datei:FB_VGA_Modul_Oszillogramm_Linie.jpg\"><\/a><a href=\"http:\/\/www.brennecke.org\/wp-content\/uploads\/2012\/04\/IMG_4310.jpg\"><img loading=\"lazy\" decoding=\"async\" class=\"alignnone size-medium wp-image-1354\" title=\"IMG_4310\" src=\"http:\/\/www.brennecke.org\/wp-content\/uploads\/2012\/04\/IMG_4310-300x225.jpg\" alt=\"\" width=\"300\" height=\"225\" srcset=\"https:\/\/www.brennecke.org\/wp-content\/uploads\/2012\/04\/IMG_4310-300x225.jpg 300w, https:\/\/www.brennecke.org\/wp-content\/uploads\/2012\/04\/IMG_4310.jpg 800w\" sizes=\"(max-width: 300px) 100vw, 300px\" \/><\/a> <a href=\"..\/wp-content\/uploads\/2012\/04\/IMG_4306.jpg\"><img loading=\"lazy\" decoding=\"async\" title=\"IMG_4306\" src=\"..\/wp-content\/uploads\/2012\/04\/IMG_4306-300x225.jpg\" alt=\"\" width=\"300\" height=\"225\" \/><\/a>&nbsp;<\/p>\n<div>\n<p>Aufgrund des Zeilen-Bild-Verh\u00e4ltnisses verl\u00e4uft die Anzeige senkrecht, die Ablenkung erfolgt mit einer Frequenz von 60 Hz. Die gezeigten Signale haben eine Frequenz von 480 Hz.<\/p>\n<\/div>\n<\/div>\n<\/div>\n<p>Es gibt aber eine wichtige \u00c4nderung: Im Original kann das Signal  zwar mit dem Potentiometer verschoben werden, allerdings nicht sehr weit  nach links. Der linke Rand bleibt praktisch unerreichbar. Auch das  Verringern der zeitbestimmenden Kondensatoren und Widerst\u00e4nde bringt  keine Besserung. Das Telespiel des EE3023 krankt ebenfalls daran &#8211; hier  ist die &#8222;Wand&#8220; sehr weit nach rechts verschoben, weil der &#8222;Ball&#8220; sie  sonst gar nicht erreichen w\u00fcrde.<\/p>\n<p>Ein tieferer Blick ins Datenblatt des NE558 zeigt aber, dass die  Philips-Jungs hier des Guten zuviel getan haben &#8211; sie haben n\u00e4mlich  zwischen die Timer einen kleinen Koppelkondensator (100pF) eingebaut,  der laut Schaltungsbeschreibung das Signal &#8222;differenziert&#8220;. Das tut er  tats\u00e4chlich &#8211; und wenn das Signal selbst kurz genug ist, dann bleibt  nach dem Differenzieren nicht mehr genug davon \u00fcbrig, um den zweiten  Timer zu triggern. Das ist der Grund, warum alle Bildelemente im EE3023  verschwinden, wenn sie zu weit nach links geschoben werden.<\/p>\n<p>Es gibt aber einfache Abhilfe: Die Timer des NE558 k\u00f6nnen n\u00e4mlich  ohne weiteres galvanisch hintereinander geschaltet werden; es muss nur  ein Lastwiderstand nach Plus mit den Ausg\u00e4ngen verbunden werden. Ersetzt  man nun den kleinen Koppelkondensator durch eine Drahtbr\u00fccke, kann man  auch Bildelemente erzeugen, die sehr weit links sind. Es empfiehlt sich  dabei, lieber den Kondensator etwas gr\u00f6\u00dfer zu w\u00e4hlen und statt dessen  den zeitbestimmenden Widerstand zu verkleinern &#8211; mindestens 2 kOhm  sollte er haben.<\/p>\n<p>Es wurden au\u00dferdem ein paar andere Widerst\u00e4nde angepasst. Das  horizontale Signal hat gegen\u00fcber dem EE3023 die doppelte Frequenz, so  dass das Timing jeweils halbiert werden muss.<\/p>\n<p>Das Oszilloskop kann \u00fcber zwei Jumper sowohl vom Horizontalsignal  als auch vom gr\u00fcnen Eingang des VGA-Moduls komplett getrennt werden, so  dass es das Bildsignal an den Eing\u00e4ngen nicht beeinflusst. Der Ausgang  des Oszilloskops arbeitet auf den gr\u00fcnen Eingang des VGA-Moduls und  kommt so der echten Oszilloskp-Darstellung nahe.<\/p>\n<div><a href=\"..\/wp-content\/uploads\/2012\/04\/IMG_43091.jpg\"><img loading=\"lazy\" decoding=\"async\" title=\"IMG_4309\" src=\"..\/wp-content\/uploads\/2012\/04\/IMG_43091-300x225.jpg\" alt=\"\" width=\"300\" height=\"225\" \/><\/a> <a href=\"..\/wp-content\/uploads\/2012\/04\/IMG_4304.jpg\"><img loading=\"lazy\" decoding=\"async\" title=\"IMG_4304\" src=\"..\/wp-content\/uploads\/2012\/04\/IMG_4304-300x225.jpg\" alt=\"\" width=\"300\" height=\"225\" \/><\/a><\/div>\n<p>Das gezeigte Sinussignal zeigt einen 60-Hz-Schwinger, dessen  Ursache ich noch nicht ermitteln konnte. Der Schwinger tritt auch auf,  wenn man Oszilloskop und Generator extern auf der Grundplatte gem\u00e4\u00df 6.1  des EE3023 aufbaut. Das Rechtecksignal zeigt diesen Schwinger nicht.<\/p>\n<div>\n<div><a href=\"http:\/\/www.brennecke.org\/wp-content\/uploads\/2012\/04\/Schaltplan-Oszilloskop.png\"><img decoding=\"async\" class=\"alignnone size-full wp-image-1359\" title=\"Schaltplan Oszilloskop\" src=\"http:\/\/www.brennecke.org\/wp-content\/uploads\/2012\/04\/Schaltplan-Oszilloskop.png\" alt=\"\" \/><\/a><\/div>\n<\/div>\n<p>Die jeweiligen Bauteilwerte sind direkt in den Schaltbildern und im  Best\u00fcckungsplan verzeichnet. Der Sinus-Rechteck-Generator entspricht  in diesem Modul noch exakt der im EE3023 in 6.01. vorgestellten Schaltung. Das Oszilloskop enth\u00e4lt die oben  beschriebenen \u00c4nderungen bei der Bauteiledimensionierung und  insbesondere bei der direkten Kopplung der beiden NE558-Stufen. Im <a title=\"Video-Technik\" href=\"http:\/\/www.brennecke.org\/?page_id=1240\">Oszilloskop-Modul<\/a> und in der <a title=\"VGA-Module (Mikrocontroller-Technik)\" href=\"http:\/\/www.brennecke.org\/?page_id=1348\">Mikrocontroller-Version<\/a> des VGA-Moduls finden sich modifizierte Varianten des Oszilloskops, die einen linearen Verlauf zeigen und daher angenehmer zu verwenden sind.<\/p>\n<p>Auf dieser Platine werden die Verbindungen zwischen VGA-Modul,  Generator und Oszilloskop durch Jumper hergestellt. Wenn die beiden mit  &#8222;O&#8220; bezeichneten Jumper in die jeweils &#8222;Nicht-O&#8220;-Stellung gebracht  werden, ist das Oszilloskop v\u00f6llig vom VGA-Modul getrennt. Gleiches gilt  f\u00fcr den Vierfach-Jumper auf der linken Seite; hier darf der Jumper  nicht mit der linken Seite der Leiste verbunden sein, damit der  Generator v\u00f6llig vom VGA-Modul getrennt ist (und damit auch nicht  schwingt).<\/p>\n<p>Einige Anwendungen f\u00fcr das Oszilloskop finden sich <a href=\"http:\/\/www.brennecke.org\/?page_id=1217\">hier<\/a>.<\/p>\n<h3>VGA-Modul f\u00fcr Telespiele<\/h3>\n<p>Dieses Modul benutzt denselben Schaltungsteil wie das oben beschriebene VGA-Modul.    Statt eines Oszilloskops und eine Sinus-Rechteck-Generators    implementiert es aber einen &#8222;Rahmen&#8220;, der als Bildelement f\u00fcr Spiele    benutzt werden kann.<\/p>\n<div>\n<div><a href=\"http:\/\/www.brennecke.org\/wp-content\/uploads\/2012\/04\/IMG_45881.jpg\"><img loading=\"lazy\" decoding=\"async\" class=\"alignnone size-medium wp-image-1363\" title=\"IMG_4588\" src=\"http:\/\/www.brennecke.org\/wp-content\/uploads\/2012\/04\/IMG_45881-225x300.jpg\" alt=\"\" width=\"225\" height=\"300\" srcset=\"https:\/\/www.brennecke.org\/wp-content\/uploads\/2012\/04\/IMG_45881-225x300.jpg 225w, https:\/\/www.brennecke.org\/wp-content\/uploads\/2012\/04\/IMG_45881.jpg 768w\" sizes=\"(max-width: 225px) 100vw, 225px\" \/><\/a> <a href=\"http:\/\/www.brennecke.org\/wp-content\/uploads\/2012\/04\/VGA-Modul-II.png\"><img loading=\"lazy\" decoding=\"async\" class=\"alignnone size-medium wp-image-1365\" title=\"VGA-Modul II\" src=\"http:\/\/www.brennecke.org\/wp-content\/uploads\/2012\/04\/VGA-Modul-II-268x300.png\" alt=\"\" width=\"268\" height=\"300\" srcset=\"https:\/\/www.brennecke.org\/wp-content\/uploads\/2012\/04\/VGA-Modul-II-268x300.png 268w, https:\/\/www.brennecke.org\/wp-content\/uploads\/2012\/04\/VGA-Modul-II.png 855w\" sizes=\"(max-width: 268px) 100vw, 268px\" \/><\/a><\/div>\n<\/div>\n<p>Dieser Rahmen wird gebildet durch vier Balkenelemente, die aus dem    Z\u00e4hlersignal gewonnen werden. Daf\u00fcr gibt es viele M\u00f6glichkeiten mit    Logikgattern und auch mit dem NE558, aber da in der Bastelkiste noch ein    paar CD4515 lagerten, kamen diese 1-aus-16-Decoder zum Einsatz.   Jeweils  die Streifen am linken, oberen, unteren und rechten Rand kommen   zum  Einsatz und bilden ein &#8222;Fenster&#8220;, das als Horizontal- und   Vertikalsignal  nach au\u00dfen gef\u00fchrt ist, um f\u00fcr Kollisionsdetektionen   verwendet zu  werden. Es wird au\u00dferdem \u00fcber Jumper auf den Blau-Eingang   des VGA-Moduls  gef\u00fchrt. Die Jumper dienen dazu, wahlweise die Seiten,   Decke und Boden  oder alles auszublenden.<\/p>\n<div>\n<div><a href=\"http:\/\/www.brennecke.org\/wp-content\/uploads\/2012\/04\/IMG_4384.jpg\"><img loading=\"lazy\" decoding=\"async\" class=\"alignnone size-medium wp-image-1210\" title=\"IMG_4384\" src=\"http:\/\/www.brennecke.org\/wp-content\/uploads\/2012\/04\/IMG_4384-300x225.jpg\" alt=\"\" width=\"300\" height=\"225\" srcset=\"https:\/\/www.brennecke.org\/wp-content\/uploads\/2012\/04\/IMG_4384-300x225.jpg 300w, https:\/\/www.brennecke.org\/wp-content\/uploads\/2012\/04\/IMG_4384.jpg 800w\" sizes=\"(max-width: 300px) 100vw, 300px\" \/><\/a>Das Modul kommt zum Einsatz beim <a title=\"Telespiel\" href=\"http:\/\/www.brennecke.org\/?page_id=1082\">Telespiel<\/a>&nbsp;<\/p>\n<div><a href=\"http:\/\/www.brennecke.org\/wp-content\/uploads\/2012\/04\/VGA-Modul-Fenster1.png\"><img loading=\"lazy\" decoding=\"async\" class=\"alignnone size-full wp-image-1366\" title=\"VGA-Modul Fenster\" src=\"http:\/\/www.brennecke.org\/wp-content\/uploads\/2012\/04\/VGA-Modul-Fenster1.png\" alt=\"\" width=\"1024\" height=\"661\" srcset=\"https:\/\/www.brennecke.org\/wp-content\/uploads\/2012\/04\/VGA-Modul-Fenster1.png 1024w, https:\/\/www.brennecke.org\/wp-content\/uploads\/2012\/04\/VGA-Modul-Fenster1-300x193.png 300w\" sizes=\"(max-width: 1024px) 100vw, 1024px\" \/><\/a><a title=\"Telespiel\" href=\"http:\/\/www.brennecke.org\/?page_id=1082\"><\/a><\/div>\n<\/div>\n<\/div>\n<p><a title=\"Video-Technik\" href=\"http:\/\/www.brennecke.org\/?page_id=1240\">Zur\u00fcck zur \u00dcbersicht<\/a><\/p>\n<div class=\"twoclick_social_bookmarks_post_1328 social_share_privacy clearfix 1.6.4 locale-de_DE sprite-de_DE\"><\/div><div class=\"twoclick-js\"><script type=\"text\/javascript\">\/* <![CDATA[ *\/\njQuery(document).ready(function($){if($('.twoclick_social_bookmarks_post_1328')){$('.twoclick_social_bookmarks_post_1328').socialSharePrivacy({\"services\":{\"facebook\":{\"status\":\"on\",\"txt_info\":\"2 Klicks f\\u00fcr mehr Datenschutz: Erst wenn Sie hier klicken, wird der Button aktiv und Sie k\\u00f6nnen Ihre Empfehlung an Facebook senden. Schon beim Aktivieren werden Daten an Dritte \\u00fcbertragen - siehe <em>i<\\\/em>.\",\"perma_option\":\"off\",\"action\":\"recommend\",\"language\":\"de_DE\"},\"twitter\":{\"reply_to\":\"\",\"tweet_text\":\"VGA-Module%20%28CMOS-Technik%29%20%C2%BB%2053%20Cent\",\"status\":\"on\",\"txt_info\":\"2 Klicks f\\u00fcr mehr Datenschutz: Erst wenn Sie hier klicken, wird der Button aktiv und Sie k\\u00f6nnen Ihre Empfehlung an Twitter senden. Schon beim Aktivieren werden Daten an Dritte \\u00fcbertragen - siehe <em>i<\\\/em>.\",\"perma_option\":\"off\",\"language\":\"de\",\"referrer_track\":\"\"},\"gplus\":{\"status\":\"on\",\"txt_info\":\"2 Klicks f\\u00fcr mehr Datenschutz: Erst wenn Sie hier klicken, wird der Button aktiv und Sie k\\u00f6nnen Ihre Empfehlung an Google+ senden. Schon beim Aktivieren werden Daten an Dritte \\u00fcbertragen - siehe <em>i<\\\/em>.\",\"perma_option\":\"off\",\"referrer_track\":\"\"},\"flattr\":{\"uid\":\"\",\"status\":\"on\",\"the_title\":\"VGA-Module%20%28CMOS-Technik%29\",\"the_excerpt\":\"Dieses%20Modul%20soll%20eine%20Br%C3%BCcke%20schlagen%20vom%20Video%20Modul%20des%20EE3023%20hin%20%20%20zu%20aktueller%20Monitortechnik.%20Die%20urspr%C3%BCngliche%20Idee%20ging%20sogar%20noch%20%20%20weiter%20-%20mittels%20DVB-T-Tuner%20und%20MPEG-Decoder%20sollte%20es%20m%C3%B6glich%20werden%2C%20%20%20eine%20aktuelle%20Version%20des%20EE2008-Fernsehers%20zu%20bauen.%0D%0A%0D%0AHinweis%3A%20Inzwischen%20ist%20eine%20modernere%20Version%20des%20VGA-Moduls%20entstanden%2C%20die%20die%20erforderlichen%20Timings%20besser%20einh%C3%A4lt%20und%20...\",\"txt_info\":\"2 Klicks f\\u00fcr mehr Datenschutz: Erst wenn Sie hier klicken, wird der Button aktiv und Sie k\\u00f6nnen Ihre Empfehlung an Flattr senden. Schon beim Aktivieren werden Daten an Dritte \\u00fcbertragen - siehe <em>i<\\\/em>.\",\"perma_option\":\"off\"}},\"txt_help\":\"Wenn Sie diese Felder durch einen Klick aktivieren, werden Informationen an Facebook, Twitter, Flattr, Xing, t3n, LinkedIn, Pinterest oder Google eventuell ins Ausland \\u00fcbertragen und unter Umst\\u00e4nden auch dort gespeichert. N\\u00e4heres erfahren Sie durch einen Klick auf das <em>i<\\\/em>.\",\"settings_perma\":\"Dauerhaft aktivieren und Daten\\u00fcber-tragung zustimmen:\",\"info_link\":\"http:\\\/\\\/www.heise.de\\\/ct\\\/artikel\\\/2-Klicks-fuer-mehr-Datenschutz-1333879.html\",\"uri\":\"https:\\\/\\\/www.brennecke.org\\\/?page_id=1328\",\"post_id\":1328,\"post_title_referrer_track\":\"VGA-Module+%28CMOS-Technik%29\",\"display_infobox\":\"on\"});}});\n\/* ]]> *\/<\/script><\/div>","protected":false},"excerpt":{"rendered":"<p>Dieses Modul soll eine Br\u00fccke schlagen vom Video Modul des EE3023 hin zu aktueller Monitortechnik. Die urspr\u00fcngliche Idee ging sogar noch weiter &#8211; mittels DVB-T-Tuner und MPEG-Decoder sollte es m\u00f6glich werden, eine aktuelle Version des EE2008-Fernsehers zu bauen. Hinweis: Inzwischen &hellip; <a href=\"https:\/\/www.brennecke.org\/?page_id=1328\">Weiterlesen <span class=\"meta-nav\">&rarr;<\/span><\/a><\/p>\n","protected":false},"author":1,"featured_media":1357,"parent":1240,"menu_order":1,"comment_status":"open","ping_status":"open","template":"","meta":{"footnotes":""},"_links":{"self":[{"href":"https:\/\/www.brennecke.org\/index.php?rest_route=\/wp\/v2\/pages\/1328"}],"collection":[{"href":"https:\/\/www.brennecke.org\/index.php?rest_route=\/wp\/v2\/pages"}],"about":[{"href":"https:\/\/www.brennecke.org\/index.php?rest_route=\/wp\/v2\/types\/page"}],"author":[{"embeddable":true,"href":"https:\/\/www.brennecke.org\/index.php?rest_route=\/wp\/v2\/users\/1"}],"replies":[{"embeddable":true,"href":"https:\/\/www.brennecke.org\/index.php?rest_route=%2Fwp%2Fv2%2Fcomments&post=1328"}],"version-history":[{"count":11,"href":"https:\/\/www.brennecke.org\/index.php?rest_route=\/wp\/v2\/pages\/1328\/revisions"}],"predecessor-version":[{"id":1584,"href":"https:\/\/www.brennecke.org\/index.php?rest_route=\/wp\/v2\/pages\/1328\/revisions\/1584"}],"up":[{"embeddable":true,"href":"https:\/\/www.brennecke.org\/index.php?rest_route=\/wp\/v2\/pages\/1240"}],"wp:featuredmedia":[{"embeddable":true,"href":"https:\/\/www.brennecke.org\/index.php?rest_route=\/wp\/v2\/media\/1357"}],"wp:attachment":[{"href":"https:\/\/www.brennecke.org\/index.php?rest_route=%2Fwp%2Fv2%2Fmedia&parent=1328"}],"curies":[{"name":"wp","href":"https:\/\/api.w.org\/{rel}","templated":true}]}}