{"id":1421,"date":"2012-04-22T11:21:06","date_gmt":"2012-04-22T09:21:06","guid":{"rendered":"http:\/\/www.brennecke.org\/?page_id=1421"},"modified":"2012-10-04T16:52:45","modified_gmt":"2012-10-04T14:52:45","slug":"ultraschall-tonubertragung-mit-mp3-player-anschluss","status":"publish","type":"page","link":"https:\/\/www.brennecke.org\/?page_id=1421","title":{"rendered":"Ultraschall-Ton\u00fcbertragung mit MP3-Player-Anschluss"},"content":{"rendered":"<p id=\"firstHeading\">Diese Schaltung ist gebaut worden als Testschaltung f\u00fcr die Module <a title=\"Ultraschall-Technik\" href=\"http:\/\/www.brennecke.org\/?page_id=1233\">&#8222;Ultraschall-Sender&#8220; <\/a>und <a title=\"Ultraschall-Technik\" href=\"http:\/\/www.brennecke.org\/?page_id=1233\">&#8222;Ultraschall-Empf\u00e4nger&#8220;<\/a>;   sie erlaubt das Einschalten einer LED per Ultraschall und die   Ton\u00fcbertragung per Ultraschall und folgt damit den Experimenten, die seinerzeit im Philips-Experimentierkasten EE2016 (Ultraschall) vorgestellt worden sind. Als Quelle kommt jedoch ein zeitgem\u00e4\u00dfer MP3-Player zum Einsatz.<\/p>\n<div>\n<div><a href=\"http:\/\/www.brennecke.org\/wp-content\/uploads\/2012\/04\/IMG_4072.jpg\"><img loading=\"lazy\" decoding=\"async\" class=\"alignnone size-medium wp-image-1422\" title=\"IMG_4068\" src=\"http:\/\/www.brennecke.org\/wp-content\/uploads\/2012\/04\/IMG_4068-300x252.jpg\" alt=\"\" width=\"300\" height=\"252\" srcset=\"https:\/\/www.brennecke.org\/wp-content\/uploads\/2012\/04\/IMG_4068-300x252.jpg 300w, https:\/\/www.brennecke.org\/wp-content\/uploads\/2012\/04\/IMG_4068.jpg 800w\" sizes=\"(max-width: 300px) 100vw, 300px\" \/> <\/a><a href=\"..\/wp-content\/uploads\/2012\/04\/IMG_4080.jpg\"><img loading=\"lazy\" decoding=\"async\" title=\"IMG_4080\" src=\"..\/wp-content\/uploads\/2012\/04\/IMG_4080-300x225.jpg\" alt=\"\" width=\"300\" height=\"225\" \/><\/a><\/div>\n<\/div>\n<p>An das Sendemodul wurde per Stereo-Klinkenstecker der MP3-Player  angeschlossen. Zum Betrieb als Ton\u00fcbertr\u00e4ger muss das Modul mit  Dauerstrom versorgt werden; au\u00dferdem wird der Kippschalter des Moduls  nach au\u00dfen gelegt. Beim Betrieb als Tastschalter wird nur die Seite des  Moduls an +9V angeschlossen, die dem Taster am n\u00e4chsten liegt; damit  kann das Modul per Taster ein- und ausgeschaltet werden.<\/p>\n<p>Das Empf\u00e4ngermodul wurde in zwei Schaltungen eingesetzt &#8211; in EE2001-Bauweise mit dem LM3900 als Verst\u00e4rker und in Serie-6000-Bauweise mit dem TBA820M als Verst\u00e4rker und dem TL081-Operationsverst\u00e4rker,  der die LED betreibt. Der Umschalter des Moduls zeigt nach au\u00dfen f\u00fcr  Tonbetrieb und nach innen f\u00fcr LED-Betrieb.<\/p>\n<p><a href=\"..\/wp-content\/uploads\/2012\/04\/IMG_4072.jpg\"><img loading=\"lazy\" decoding=\"async\" title=\"IMG_4072\" src=\"..\/wp-content\/uploads\/2012\/04\/IMG_4072-300x225.jpg\" alt=\"\" width=\"300\" height=\"225\" \/> <\/a><a href=\"..\/wp-content\/uploads\/2012\/04\/IMG_4090.jpg\"><img loading=\"lazy\" decoding=\"async\" title=\"IMG_4090\" src=\"..\/wp-content\/uploads\/2012\/04\/IMG_4090-300x225.jpg\" alt=\"\" width=\"300\" height=\"225\" \/><\/a><\/p>\n<p>Die Tonqualit\u00e4t ist \u00e4u\u00dferst bescheiden, und man muss sehr  vorsichtig sein mit der Eingangslautst\u00e4rke des MP3-Players, um den  Sender nicht zu \u00fcbersteuern &#8211; denn dann rei\u00dft das Ultraschall-Signal ab,  was sehr h\u00e4ssliche T\u00f6ne im Lautsprecher entstehen l\u00e4sst. Man sollte  auch keine zu gro\u00dfe Entfernung w\u00e4hlen, weil auch dann die St\u00f6rungen  stark ansteigen.<\/p>\n<p>Im LED-Betrieb hingegen zeigt sich die Schaltung \u00e4u\u00dferst robust und \u00fcbertrifft mit den eingesetzten Sensoren sogar die Originale aus dem EE2016.<\/p>\n<p><a title=\"Elektronische Schaltungen\" href=\"http:\/\/www.brennecke.org\/?page_id=1064\">Zur\u00fcck zur \u00dcbersicht<\/a><\/p>\n<div class=\"twoclick_social_bookmarks_post_1421 social_share_privacy clearfix 1.6.4 locale-de_DE sprite-de_DE\"><\/div><div class=\"twoclick-js\"><script type=\"text\/javascript\">\/* <![CDATA[ *\/\njQuery(document).ready(function($){if($('.twoclick_social_bookmarks_post_1421')){$('.twoclick_social_bookmarks_post_1421').socialSharePrivacy({\"services\":{\"facebook\":{\"status\":\"on\",\"txt_info\":\"2 Klicks f\\u00fcr mehr Datenschutz: Erst wenn Sie hier klicken, wird der Button aktiv und Sie k\\u00f6nnen Ihre Empfehlung an Facebook senden. Schon beim Aktivieren werden Daten an Dritte \\u00fcbertragen - siehe <em>i<\\\/em>.\",\"perma_option\":\"off\",\"action\":\"recommend\",\"language\":\"de_DE\"},\"twitter\":{\"reply_to\":\"\",\"tweet_text\":\"Ultraschall-Ton%C3%BCbertragung%20mit%20MP3-Player-Anschluss%20%C2%BB%2053%20Cent\",\"status\":\"on\",\"txt_info\":\"2 Klicks f\\u00fcr mehr Datenschutz: Erst wenn Sie hier klicken, wird der Button aktiv und Sie k\\u00f6nnen Ihre Empfehlung an Twitter senden. Schon beim Aktivieren werden Daten an Dritte \\u00fcbertragen - siehe <em>i<\\\/em>.\",\"perma_option\":\"off\",\"language\":\"de\",\"referrer_track\":\"\"},\"gplus\":{\"status\":\"on\",\"txt_info\":\"2 Klicks f\\u00fcr mehr Datenschutz: Erst wenn Sie hier klicken, wird der Button aktiv und Sie k\\u00f6nnen Ihre Empfehlung an Google+ senden. Schon beim Aktivieren werden Daten an Dritte \\u00fcbertragen - siehe <em>i<\\\/em>.\",\"perma_option\":\"off\",\"referrer_track\":\"\"},\"flattr\":{\"uid\":\"\",\"status\":\"on\",\"the_title\":\"Ultraschall-Ton%C3%BCbertragung%20mit%20MP3-Player-Anschluss\",\"the_excerpt\":\"Diese%20Schaltung%20ist%20gebaut%20worden%20als%20Testschaltung%20f%C3%BCr%20die%20Module%20%22Ultraschall-Sender%22%20und%20%22Ultraschall-Empf%C3%A4nger%22%3B%20%20%20sie%20erlaubt%20das%20Einschalten%20einer%20LED%20per%20Ultraschall%20und%20die%20%20%20Ton%C3%BCbertragung%20per%20Ultraschall%20und%20folgt%20damit%20den%20Experimenten%2C%20die%20seinerzeit%20im%20Philips-Experimentierkasten%20EE2016%20%28Ultraschall%29%20vorgestellt%20worden%20sind.%20Als%20Quelle%20kommt%20jedoch%20ein%20zeitgem%C3%A4%C3%9Fer%20MP3-Player%20zum%20E%20...\",\"txt_info\":\"2 Klicks f\\u00fcr mehr Datenschutz: Erst wenn Sie hier klicken, wird der Button aktiv und Sie k\\u00f6nnen Ihre Empfehlung an Flattr senden. Schon beim Aktivieren werden Daten an Dritte \\u00fcbertragen - siehe <em>i<\\\/em>.\",\"perma_option\":\"off\"}},\"txt_help\":\"Wenn Sie diese Felder durch einen Klick aktivieren, werden Informationen an Facebook, Twitter, Flattr, Xing, t3n, LinkedIn, Pinterest oder Google eventuell ins Ausland \\u00fcbertragen und unter Umst\\u00e4nden auch dort gespeichert. N\\u00e4heres erfahren Sie durch einen Klick auf das <em>i<\\\/em>.\",\"settings_perma\":\"Dauerhaft aktivieren und Daten\\u00fcber-tragung zustimmen:\",\"info_link\":\"http:\\\/\\\/www.heise.de\\\/ct\\\/artikel\\\/2-Klicks-fuer-mehr-Datenschutz-1333879.html\",\"uri\":\"https:\\\/\\\/www.brennecke.org\\\/?page_id=1421\",\"post_id\":1421,\"post_title_referrer_track\":\"Ultraschall-Ton%C3%BCbertragung+mit+MP3-Player-Anschluss\",\"display_infobox\":\"on\"});}});\n\/* ]]> *\/<\/script><\/div>","protected":false},"excerpt":{"rendered":"<p>Diese Schaltung ist gebaut worden als Testschaltung f\u00fcr die Module &#8222;Ultraschall-Sender&#8220; und &#8222;Ultraschall-Empf\u00e4nger&#8220;; sie erlaubt das Einschalten einer LED per Ultraschall und die Ton\u00fcbertragung per Ultraschall und folgt damit den Experimenten, die seinerzeit im Philips-Experimentierkasten EE2016 (Ultraschall) vorgestellt worden sind. &hellip; <a href=\"https:\/\/www.brennecke.org\/?page_id=1421\">Weiterlesen <span class=\"meta-nav\">&rarr;<\/span><\/a><\/p>\n","protected":false},"author":1,"featured_media":1255,"parent":1769,"menu_order":1,"comment_status":"open","ping_status":"open","template":"","meta":{"footnotes":""},"_links":{"self":[{"href":"https:\/\/www.brennecke.org\/index.php?rest_route=\/wp\/v2\/pages\/1421"}],"collection":[{"href":"https:\/\/www.brennecke.org\/index.php?rest_route=\/wp\/v2\/pages"}],"about":[{"href":"https:\/\/www.brennecke.org\/index.php?rest_route=\/wp\/v2\/types\/page"}],"author":[{"embeddable":true,"href":"https:\/\/www.brennecke.org\/index.php?rest_route=\/wp\/v2\/users\/1"}],"replies":[{"embeddable":true,"href":"https:\/\/www.brennecke.org\/index.php?rest_route=%2Fwp%2Fv2%2Fcomments&post=1421"}],"version-history":[{"count":3,"href":"https:\/\/www.brennecke.org\/index.php?rest_route=\/wp\/v2\/pages\/1421\/revisions"}],"predecessor-version":[{"id":1791,"href":"https:\/\/www.brennecke.org\/index.php?rest_route=\/wp\/v2\/pages\/1421\/revisions\/1791"}],"up":[{"embeddable":true,"href":"https:\/\/www.brennecke.org\/index.php?rest_route=\/wp\/v2\/pages\/1769"}],"wp:featuredmedia":[{"embeddable":true,"href":"https:\/\/www.brennecke.org\/index.php?rest_route=\/wp\/v2\/media\/1255"}],"wp:attachment":[{"href":"https:\/\/www.brennecke.org\/index.php?rest_route=%2Fwp%2Fv2%2Fmedia&parent=1421"}],"curies":[{"name":"wp","href":"https:\/\/api.w.org\/{rel}","templated":true}]}}