{"id":1431,"date":"2012-04-22T11:43:13","date_gmt":"2012-04-22T09:43:13","guid":{"rendered":"http:\/\/www.brennecke.org\/?page_id=1431"},"modified":"2012-10-18T17:35:23","modified_gmt":"2012-10-18T15:35:23","slug":"ukw-mono-radio","status":"publish","type":"page","link":"https:\/\/www.brennecke.org\/?page_id=1431","title":{"rendered":"UKW-Mono-Radio"},"content":{"rendered":"<p>Das Ger\u00e4t besteht aus einem <a title=\"Rundfunk-Empfangstechnik\" href=\"http:\/\/www.brennecke.org\/?page_id=1238\">UKW-Modul<\/a> mit dem TDA7000,   dessen Abstimmspannung \u00fcber ein Trimmpotentiometer mit R\u00e4ndelrad   gesteuert wird. Das Modul steuert einen Transistor BC548 als   Emitterfolger an, weil der Ausgangsstrom des TDA7000 sehr klein ist. Dem   Transistor nachgeschaltet ist die Lautst\u00e4rkeregelung und ein   Endverst\u00e4rker, der aus einem TBA 820M besteht, wie er den Experimentierk\u00e4sten seinerzeit beigelegen hat.<\/p>\n<div id=\"bodyContent\">\n<div>\n<div><a href=\"http:\/\/rigert.com\/bk-wiki\/index.php?title=Datei:FB_UKW-Mono-Radio.jpg\"><\/a><a href=\"http:\/\/www.brennecke.org\/wp-content\/uploads\/2012\/04\/UKW-Radio-TDA7000.jpg\"><img loading=\"lazy\" decoding=\"async\" class=\"alignnone size-medium wp-image-1439\" title=\"UKW-Radio TDA7000\" src=\"http:\/\/www.brennecke.org\/wp-content\/uploads\/2012\/04\/UKW-Radio-TDA7000-300x225.jpg\" alt=\"\" width=\"300\" height=\"225\" srcset=\"https:\/\/www.brennecke.org\/wp-content\/uploads\/2012\/04\/UKW-Radio-TDA7000-300x225.jpg 300w, https:\/\/www.brennecke.org\/wp-content\/uploads\/2012\/04\/UKW-Radio-TDA7000.jpg 800w\" sizes=\"(max-width: 300px) 100vw, 300px\" \/><\/a> <a href=\"http:\/\/www.brennecke.org\/wp-content\/uploads\/2012\/04\/UKW-Radio-TDA7000-Nahansicht.jpg\"><\/a><a href=\"http:\/\/www.brennecke.org\/wp-content\/uploads\/2012\/04\/IMG_4610.jpg\"><img loading=\"lazy\" decoding=\"async\" class=\"alignnone size-medium wp-image-1433\" title=\"IMG_4610\" src=\"http:\/\/www.brennecke.org\/wp-content\/uploads\/2012\/04\/IMG_4610-300x225.jpg\" alt=\"\" width=\"300\" height=\"225\" srcset=\"https:\/\/www.brennecke.org\/wp-content\/uploads\/2012\/04\/IMG_4610-300x225.jpg 300w, https:\/\/www.brennecke.org\/wp-content\/uploads\/2012\/04\/IMG_4610.jpg 1024w\" sizes=\"(max-width: 300px) 100vw, 300px\" \/><\/a><\/div>\n<\/div>\n<p><img loading=\"lazy\" decoding=\"async\" class=\"alignnone size-large wp-image-1437\" title=\"UKW-Radio\" src=\"http:\/\/www.brennecke.org\/wp-content\/uploads\/2012\/04\/UKW-Radio-1024x392.png\" alt=\"\" width=\"640\" height=\"245\" srcset=\"https:\/\/www.brennecke.org\/wp-content\/uploads\/2012\/04\/UKW-Radio-1024x392.png 1024w, https:\/\/www.brennecke.org\/wp-content\/uploads\/2012\/04\/UKW-Radio-300x114.png 300w, https:\/\/www.brennecke.org\/wp-content\/uploads\/2012\/04\/UKW-Radio.png 1235w\" sizes=\"(max-width: 640px) 100vw, 640px\" \/><\/p>\n<p dir=\"ltr\" lang=\"de\">Als Besonderheit kommt noch das <a title=\"Sonstiges\" href=\"http:\/\/www.brennecke.org\/?page_id=1242\">Punkt-Laufbalken-Modul<\/a> zum Einsatz, das an die Abstimmspannung angeschlossen ist und eine Art  Frequenzanzeige darstellt, die zum Wiederauffinden der Sender gedacht  ist. Auf die Funktion des UKW-Radios hat sie keinen Einfluss.<\/p>\n<p dir=\"ltr\" lang=\"de\"><a href=\"..\/wp-content\/uploads\/2012\/04\/IMG_4554.jpg\"><img loading=\"lazy\" decoding=\"async\" title=\"IMG_4554\" src=\"..\/wp-content\/uploads\/2012\/04\/IMG_4554.jpg\" alt=\"\" width=\"1024\" height=\"768\" \/><\/a><\/p>\n<p>Aus der Erinnerung wei\u00df ich, dass das Originalmodul heftig  rauschte und die Sender teilweise sehr abrupt einsetzten. Die hier  verwendete Schaltung ist n\u00e4her am Referenzdesign des TDA7000 und  verwendet u.a. den Muting-Eingang. Insgesamt wirkt die Schaltung sanfter  als die des Originalmoduls. Die Sender lassen sich durch das spezielle  Trimmpotentiometer allerdings auch leichter abstimmen.<\/p>\n<p><a href=\"http:\/\/www.brennecke.org\/wp-content\/uploads\/2012\/04\/IMG_4556.jpg\"><img loading=\"lazy\" decoding=\"async\" class=\"alignnone size-medium wp-image-1436\" title=\"IMG_4556\" src=\"http:\/\/www.brennecke.org\/wp-content\/uploads\/2012\/04\/IMG_4556-300x225.jpg\" alt=\"\" width=\"300\" height=\"225\" srcset=\"https:\/\/www.brennecke.org\/wp-content\/uploads\/2012\/04\/IMG_4556-300x225.jpg 300w, https:\/\/www.brennecke.org\/wp-content\/uploads\/2012\/04\/IMG_4556.jpg 1024w\" sizes=\"(max-width: 300px) 100vw, 300px\" \/><\/a><a href=\"http:\/\/www.brennecke.org\/wp-content\/uploads\/2012\/04\/IMG_4553.jpg\"><img loading=\"lazy\" decoding=\"async\" class=\"alignnone size-medium wp-image-1434\" title=\"IMG_4553\" src=\"http:\/\/www.brennecke.org\/wp-content\/uploads\/2012\/04\/IMG_4553-300x225.jpg\" alt=\"\" width=\"300\" height=\"225\" srcset=\"https:\/\/www.brennecke.org\/wp-content\/uploads\/2012\/04\/IMG_4553-300x225.jpg 300w, https:\/\/www.brennecke.org\/wp-content\/uploads\/2012\/04\/IMG_4553.jpg 1024w\" sizes=\"(max-width: 300px) 100vw, 300px\" \/><\/a><\/p>\n<p>Hinweis: In der gezeigten Form ragt das R\u00e4ndelrad zu weit nach  au\u00dfen und kollidiert mit dem Plexiglasdeckel des Schaltpults. Ich habe  daher einen Ausschnitt in den Deckel gefr\u00e4st. Man kann die Schaltung  aber auch eine Lochreihe weiter nach innen verlegen.<\/p>\n<p><a title=\"Elektronische Schaltungen\" href=\"http:\/\/www.brennecke.org\/?page_id=1064\">Zur\u00fcck zur \u00dcbersicht<\/a><\/p>\n<table>\n<tbody>\n<tr>\n<th> Bauteil<\/th>\n<th> Gr\u00f6\u00dfe<\/th>\n<th> Bauteil<\/th>\n<th> Gr\u00f6\u00dfe<\/th>\n<\/tr>\n<tr>\n<td>R1<\/td>\n<td>Potentiometer 47kOhm<\/td>\n<td>C1<\/td>\n<td>0,1\u00b5F<\/td>\n<\/tr>\n<tr>\n<td>R2<\/td>\n<td>10 kOhm<\/td>\n<td>C2<\/td>\n<td>4,7\u00b5F<\/td>\n<\/tr>\n<tr>\n<td>R3<\/td>\n<td>10 kOhm<\/td>\n<td>C3<\/td>\n<td>100 \u00b5F<\/td>\n<\/tr>\n<tr>\n<td>R4<\/td>\n<td>100 Ohm<\/td>\n<td>C4<\/td>\n<td>220 \u00b5F<\/td>\n<\/tr>\n<tr>\n<td>R5<\/td>\n<td>1 Ohm<\/td>\n<td>C5<\/td>\n<td>470 \u00b5F<\/td>\n<\/tr>\n<tr>\n<td>R6<\/td>\n<td>Potentiometer 10 kOhm<\/td>\n<td>U3<\/td>\n<td>IC TBA820M (wei\u00df)<\/td>\n<\/tr>\n<tr>\n<td>Q1<\/td>\n<td>BC548 (wei\u00df)<\/td>\n<td>U2<\/td>\n<td><a title=\"Rundfunk-Empfangstechnik\" href=\"http:\/\/www.brennecke.org\/?page_id=1238\">UKW-Mono-Modul<\/a><\/td>\n<\/tr>\n<tr>\n<td>R8<\/td>\n<td>47 kOhm<\/td>\n<td>U1<\/td>\n<td><a title=\"Sonstiges\" href=\"http:\/\/www.brennecke.org\/?page_id=1242\">Punkt-Laufbalken-Modul<\/a><\/td>\n<\/tr>\n<tr>\n<td>R9<\/td>\n<td>47 kOhm<\/td>\n<td><\/td>\n<\/tr>\n<\/tbody>\n<\/table>\n<\/div>\n<div class=\"twoclick_social_bookmarks_post_1431 social_share_privacy clearfix 1.6.4 locale-de_DE sprite-de_DE\"><\/div><div class=\"twoclick-js\"><script type=\"text\/javascript\">\/* <![CDATA[ *\/\njQuery(document).ready(function($){if($('.twoclick_social_bookmarks_post_1431')){$('.twoclick_social_bookmarks_post_1431').socialSharePrivacy({\"services\":{\"facebook\":{\"status\":\"on\",\"txt_info\":\"2 Klicks f\\u00fcr mehr Datenschutz: Erst wenn Sie hier klicken, wird der Button aktiv und Sie k\\u00f6nnen Ihre Empfehlung an Facebook senden. Schon beim Aktivieren werden Daten an Dritte \\u00fcbertragen - siehe <em>i<\\\/em>.\",\"perma_option\":\"off\",\"action\":\"recommend\",\"language\":\"de_DE\"},\"twitter\":{\"reply_to\":\"\",\"tweet_text\":\"UKW-Mono-Radio%20%C2%BB%2053%20Cent\",\"status\":\"on\",\"txt_info\":\"2 Klicks f\\u00fcr mehr Datenschutz: Erst wenn Sie hier klicken, wird der Button aktiv und Sie k\\u00f6nnen Ihre Empfehlung an Twitter senden. Schon beim Aktivieren werden Daten an Dritte \\u00fcbertragen - siehe <em>i<\\\/em>.\",\"perma_option\":\"off\",\"language\":\"de\",\"referrer_track\":\"\"},\"gplus\":{\"status\":\"on\",\"txt_info\":\"2 Klicks f\\u00fcr mehr Datenschutz: Erst wenn Sie hier klicken, wird der Button aktiv und Sie k\\u00f6nnen Ihre Empfehlung an Google+ senden. Schon beim Aktivieren werden Daten an Dritte \\u00fcbertragen - siehe <em>i<\\\/em>.\",\"perma_option\":\"off\",\"referrer_track\":\"\"},\"flattr\":{\"uid\":\"\",\"status\":\"on\",\"the_title\":\"UKW-Mono-Radio\",\"the_excerpt\":\"Das%20Ger%C3%A4t%20besteht%20aus%20einem%20UKW-Modul%20mit%20dem%20TDA7000%2C%20%20%20dessen%20Abstimmspannung%20%C3%BCber%20ein%20Trimmpotentiometer%20mit%20R%C3%A4ndelrad%20%20%20gesteuert%20wird.%20Das%20Modul%20steuert%20einen%20Transistor%20BC548%20als%20%20%20Emitterfolger%20an%2C%20weil%20der%20Ausgangsstrom%20des%20TDA7000%20sehr%20klein%20ist.%20Dem%20%20%20Transistor%20nachgeschaltet%20ist%20die%20Lautst%C3%A4rkeregelung%20und%20ein%20%20%20Endverst%C3%A4rker%2C%20der%20aus%20einem%20TBA%20820M%20besteht%2C%20wie%20er%20den%20Experimentier%20...\",\"txt_info\":\"2 Klicks f\\u00fcr mehr Datenschutz: Erst wenn Sie hier klicken, wird der Button aktiv und Sie k\\u00f6nnen Ihre Empfehlung an Flattr senden. Schon beim Aktivieren werden Daten an Dritte \\u00fcbertragen - siehe <em>i<\\\/em>.\",\"perma_option\":\"off\"}},\"txt_help\":\"Wenn Sie diese Felder durch einen Klick aktivieren, werden Informationen an Facebook, Twitter, Flattr, Xing, t3n, LinkedIn, Pinterest oder Google eventuell ins Ausland \\u00fcbertragen und unter Umst\\u00e4nden auch dort gespeichert. N\\u00e4heres erfahren Sie durch einen Klick auf das <em>i<\\\/em>.\",\"settings_perma\":\"Dauerhaft aktivieren und Daten\\u00fcber-tragung zustimmen:\",\"info_link\":\"http:\\\/\\\/www.heise.de\\\/ct\\\/artikel\\\/2-Klicks-fuer-mehr-Datenschutz-1333879.html\",\"uri\":\"https:\\\/\\\/www.brennecke.org\\\/?page_id=1431\",\"post_id\":1431,\"post_title_referrer_track\":\"UKW-Mono-Radio\",\"display_infobox\":\"on\"});}});\n\/* ]]> *\/<\/script><\/div>","protected":false},"excerpt":{"rendered":"<p>Das Ger\u00e4t besteht aus einem UKW-Modul mit dem TDA7000, dessen Abstimmspannung \u00fcber ein Trimmpotentiometer mit R\u00e4ndelrad gesteuert wird. Das Modul steuert einen Transistor BC548 als Emitterfolger an, weil der Ausgangsstrom des TDA7000 sehr klein ist. Dem Transistor nachgeschaltet ist die &hellip; <a href=\"https:\/\/www.brennecke.org\/?page_id=1431\">Weiterlesen <span class=\"meta-nav\">&rarr;<\/span><\/a><\/p>\n","protected":false},"author":1,"featured_media":1435,"parent":1773,"menu_order":1,"comment_status":"open","ping_status":"open","template":"","meta":{"footnotes":""},"_links":{"self":[{"href":"https:\/\/www.brennecke.org\/index.php?rest_route=\/wp\/v2\/pages\/1431"}],"collection":[{"href":"https:\/\/www.brennecke.org\/index.php?rest_route=\/wp\/v2\/pages"}],"about":[{"href":"https:\/\/www.brennecke.org\/index.php?rest_route=\/wp\/v2\/types\/page"}],"author":[{"embeddable":true,"href":"https:\/\/www.brennecke.org\/index.php?rest_route=\/wp\/v2\/users\/1"}],"replies":[{"embeddable":true,"href":"https:\/\/www.brennecke.org\/index.php?rest_route=%2Fwp%2Fv2%2Fcomments&post=1431"}],"version-history":[{"count":10,"href":"https:\/\/www.brennecke.org\/index.php?rest_route=\/wp\/v2\/pages\/1431\/revisions"}],"predecessor-version":[{"id":1783,"href":"https:\/\/www.brennecke.org\/index.php?rest_route=\/wp\/v2\/pages\/1431\/revisions\/1783"}],"up":[{"embeddable":true,"href":"https:\/\/www.brennecke.org\/index.php?rest_route=\/wp\/v2\/pages\/1773"}],"wp:featuredmedia":[{"embeddable":true,"href":"https:\/\/www.brennecke.org\/index.php?rest_route=\/wp\/v2\/media\/1435"}],"wp:attachment":[{"href":"https:\/\/www.brennecke.org\/index.php?rest_route=%2Fwp%2Fv2%2Fmedia&parent=1431"}],"curies":[{"name":"wp","href":"https:\/\/api.w.org\/{rel}","templated":true}]}}