{"id":1587,"date":"2012-06-24T13:55:08","date_gmt":"2012-06-24T11:55:08","guid":{"rendered":"http:\/\/www.brennecke.org\/?page_id=1587"},"modified":"2012-10-04T16:54:59","modified_gmt":"2012-10-04T14:54:59","slug":"ukw-radio-mit-rds-decoder","status":"publish","type":"page","link":"https:\/\/www.brennecke.org\/?page_id=1587","title":{"rendered":"UKW-Radio mit RDS-Decoder"},"content":{"rendered":"<p>RDS steht f\u00fcr <a href=\"http:\/\/de.wikipedia.org\/wiki\/Radio_Data_System\">Radio Data System<\/a> und  \u00fcbertr\u00e4gt Zusatzinformationen zum aktuellen Sender wie beispielsweise  die Senderkennung, alternative Frequenzen, den Typ des Radioprogramms  und Verkehrsinfos.<\/p>\n<p><a href=\"http:\/\/www.brennecke.org\/wp-content\/uploads\/2012\/06\/IMG_4841.jpg\"><img loading=\"lazy\" decoding=\"async\" class=\"alignnone size-full wp-image-1602\" title=\"IMG_4841\" src=\"http:\/\/www.brennecke.org\/wp-content\/uploads\/2012\/06\/IMG_4841.jpg\" alt=\"\" width=\"1024\" height=\"768\" srcset=\"https:\/\/www.brennecke.org\/wp-content\/uploads\/2012\/06\/IMG_4841.jpg 1024w, https:\/\/www.brennecke.org\/wp-content\/uploads\/2012\/06\/IMG_4841-300x225.jpg 300w\" sizes=\"(max-width: 1024px) 100vw, 1024px\" \/><\/a><\/p>\n<p>Das verwendete <a title=\"UKW-Stereo-Modul\" href=\"http:\/\/www.brennecke.org\/?page_id=1090\">UKW-Modul<\/a> findet sich bereits an anderer Stelle dokumentiert. Es besteht aus dem UKW-Chip TDA7021 und dem  Stereodecoder TDA7040. Allerdings habe ich zwei zus\u00e4tzliche Anzapfungen  vorgenommen, damit ich an das Multiplexsignal und eine Anzeige f\u00fcr den  Stereoempfang herankomme. Das Multiplexsignal enth\u00e4lt noch beide  Stereokan\u00e4le und alle Zusatzsignale &#8211; wie eben auch das RDS-Signal, das auf einem Tr\u00e4ger von 57 kHz ausgestrahlt wird. Es wird \u00fcber ein Kabel dem RDS-Decoderbaustein <a href=\"http:\/\/www.brennecke.org\/?page_id=1238#RDS-Decoder\">TDA7330<\/a> zugef\u00fchrt. Dieser Baustein \u00fcbernimmt die komplette Decodierung; er ben\u00f6tigt allerdings einen kleinen Vorverst\u00e4rker, damit das Multiplexsignal auch sauber erkannt wird. Alles zusammen findet Platz auf einer kleinen Modulplatine.<\/p>\n<p>Von da aus wird es  digital: der Baustein hat zwei Ausg\u00e4nge, von denen der eine ein  Taktsignal mit etwa 1,187 KHz liefert und der andere dazu passend die  Daten. Diese beiden Signale sind an den <a title=\"AVRnet 6440 \u2013 Das neue Mikrocontroller MasterLab\" href=\"http:\/\/www.brennecke.org\/?page_id=1046\">AVRnet6440<\/a> mit dem ATMega644-Mikrocontroller  angeschlossen, der die eigentliche Decodierarbeit \u00fcbernimmt und das  Ergebnis auf seiner LCD-Matrixanzeige darstellt. Das Programm ist noch  nicht ganz fehlerfrei (Stand 24.06.2012); es hat noch M\u00e4ngel bei der Textdecodierung, wie  man auf einem der Bilder in der zweiten Zeile der Matrixanzeige gut erkennen kann.  Die LEDs unterhalb sind &#8222;Debug-Ausgaben&#8220; &#8211; sie zeigen an, welche RDS-Anteile empfangen wurden.<\/p>\n<p><a href=\"http:\/\/www.brennecke.org\/wp-content\/uploads\/2012\/06\/IMG_4840.jpg\"><img loading=\"lazy\" decoding=\"async\" class=\"alignnone size-medium wp-image-1601\" title=\"IMG_4840\" src=\"http:\/\/www.brennecke.org\/wp-content\/uploads\/2012\/06\/IMG_4840-300x225.jpg\" alt=\"\" width=\"300\" height=\"225\" srcset=\"https:\/\/www.brennecke.org\/wp-content\/uploads\/2012\/06\/IMG_4840-300x225.jpg 300w, https:\/\/www.brennecke.org\/wp-content\/uploads\/2012\/06\/IMG_4840.jpg 800w\" sizes=\"(max-width: 300px) 100vw, 300px\" \/><\/a> <a href=\"http:\/\/www.brennecke.org\/wp-content\/uploads\/2012\/06\/IMG_4838.jpg\"><img loading=\"lazy\" decoding=\"async\" class=\"alignnone size-medium wp-image-1600\" title=\"IMG_4838\" src=\"http:\/\/www.brennecke.org\/wp-content\/uploads\/2012\/06\/IMG_4838-300x225.jpg\" alt=\"\" width=\"300\" height=\"225\" srcset=\"https:\/\/www.brennecke.org\/wp-content\/uploads\/2012\/06\/IMG_4838-300x225.jpg 300w, https:\/\/www.brennecke.org\/wp-content\/uploads\/2012\/06\/IMG_4838.jpg 800w\" sizes=\"(max-width: 300px) 100vw, 300px\" \/><\/a><\/p>\n<p>Die beiden Stereokan\u00e4le des UKW-Moduls werden zwei Endverst\u00e4rkern auf Basis des TBA820M zugef\u00fchrt, wie er in vielen Schaltungen der ABC-Serie zum Einsatz kommt. Davon sieht man allerdings nichts &#8211; Verst\u00e4rker und Stereo-Lautst\u00e4rkeregelung sind ebenso wie zwei Lautsprecher in einem neuen Schaltpult eingebaut &#8211; dem <a title=\"Stereo-Lab\" href=\"http:\/\/www.brennecke.org\/?page_id=1609\">Stereo-Lab<\/a>. Deshalb sind die Ausg\u00e4nge des Stereo-Moduls unten rechts zum Schaltpult gef\u00fchrt, wo sich die Verst\u00e4rkereing\u00e4nge befinden. Grunds\u00e4tzlich k\u00f6nnen die Verst\u00e4rker zusammen mit einem externen Lautsprecher aber auch in ein B-Pult eingebaut werden.<\/p>\n<p><a href=\"http:\/\/www.brennecke.org\/wp-content\/uploads\/2012\/06\/IMG_4854.jpg\"><img loading=\"lazy\" decoding=\"async\" class=\"alignnone size-full wp-image-1606\" title=\"IMG_4854\" src=\"http:\/\/www.brennecke.org\/wp-content\/uploads\/2012\/06\/IMG_4854.jpg\" alt=\"\" width=\"1024\" height=\"768\" srcset=\"https:\/\/www.brennecke.org\/wp-content\/uploads\/2012\/06\/IMG_4854.jpg 1024w, https:\/\/www.brennecke.org\/wp-content\/uploads\/2012\/06\/IMG_4854-300x225.jpg 300w\" sizes=\"(max-width: 1024px) 100vw, 1024px\" \/><\/a><\/p>\n<p>Die Stereoanzeige wird gebildet durch einen Schmitt-Trigger, der \u00fcber ein Kabel mit dem Stereo-Modul verbunden ist. Er schaltet bei etwa 0,55V und weniger durch &#8211; dann liegt ein Stereosignal vor. Das Messwerk ist \u00fcber einen Vorwiderstand und eine in Sperrrichtung angeschlossene Z-Diode (5.1 Volt) angeschlossen. Damit wird erreicht, dass es sich bei fehlendem Empfang weitgehend im Ruhezustand befindet und Ausschl\u00e4ge nur entsprechend der Sendequalit\u00e4t zeigt.<\/p>\n<p><a title=\"Elektronische Schaltungen\" href=\"http:\/\/www.brennecke.org\/?page_id=1064\">Zur\u00fcck zur Hauptseite<\/a><\/p>\n<div class=\"twoclick_social_bookmarks_post_1587 social_share_privacy clearfix 1.6.4 locale-de_DE sprite-de_DE\"><\/div><div class=\"twoclick-js\"><script type=\"text\/javascript\">\/* <![CDATA[ *\/\njQuery(document).ready(function($){if($('.twoclick_social_bookmarks_post_1587')){$('.twoclick_social_bookmarks_post_1587').socialSharePrivacy({\"services\":{\"facebook\":{\"status\":\"on\",\"txt_info\":\"2 Klicks f\\u00fcr mehr Datenschutz: Erst wenn Sie hier klicken, wird der Button aktiv und Sie k\\u00f6nnen Ihre Empfehlung an Facebook senden. Schon beim Aktivieren werden Daten an Dritte \\u00fcbertragen - siehe <em>i<\\\/em>.\",\"perma_option\":\"off\",\"action\":\"recommend\",\"language\":\"de_DE\"},\"twitter\":{\"reply_to\":\"\",\"tweet_text\":\"UKW-Radio%20mit%20RDS-Decoder%20%C2%BB%2053%20Cent\",\"status\":\"on\",\"txt_info\":\"2 Klicks f\\u00fcr mehr Datenschutz: Erst wenn Sie hier klicken, wird der Button aktiv und Sie k\\u00f6nnen Ihre Empfehlung an Twitter senden. Schon beim Aktivieren werden Daten an Dritte \\u00fcbertragen - siehe <em>i<\\\/em>.\",\"perma_option\":\"off\",\"language\":\"de\",\"referrer_track\":\"\"},\"gplus\":{\"status\":\"on\",\"txt_info\":\"2 Klicks f\\u00fcr mehr Datenschutz: Erst wenn Sie hier klicken, wird der Button aktiv und Sie k\\u00f6nnen Ihre Empfehlung an Google+ senden. Schon beim Aktivieren werden Daten an Dritte \\u00fcbertragen - siehe <em>i<\\\/em>.\",\"perma_option\":\"off\",\"referrer_track\":\"\"},\"flattr\":{\"uid\":\"\",\"status\":\"on\",\"the_title\":\"UKW-Radio%20mit%20RDS-Decoder\",\"the_excerpt\":\"RDS%20steht%20f%C3%BCr%20Radio%20Data%20System%20und%20%20%C3%BCbertr%C3%A4gt%20Zusatzinformationen%20zum%20aktuellen%20Sender%20wie%20beispielsweise%20%20die%20Senderkennung%2C%20alternative%20Frequenzen%2C%20den%20Typ%20des%20Radioprogramms%20%20und%20Verkehrsinfos.%0D%0A%0D%0A%0D%0A%0D%0ADas%20verwendete%20UKW-Modul%20findet%20sich%20bereits%20an%20anderer%20Stelle%20dokumentiert.%20Es%20besteht%20aus%20dem%20UKW-Chip%20TDA7021%20und%20dem%20%20Stereodecoder%20TDA7040.%20Allerdings%20habe%20ich%20zwei%20zus%C3%A4tzliche%20Anzapfung%20...\",\"txt_info\":\"2 Klicks f\\u00fcr mehr Datenschutz: Erst wenn Sie hier klicken, wird der Button aktiv und Sie k\\u00f6nnen Ihre Empfehlung an Flattr senden. Schon beim Aktivieren werden Daten an Dritte \\u00fcbertragen - siehe <em>i<\\\/em>.\",\"perma_option\":\"off\"}},\"txt_help\":\"Wenn Sie diese Felder durch einen Klick aktivieren, werden Informationen an Facebook, Twitter, Flattr, Xing, t3n, LinkedIn, Pinterest oder Google eventuell ins Ausland \\u00fcbertragen und unter Umst\\u00e4nden auch dort gespeichert. N\\u00e4heres erfahren Sie durch einen Klick auf das <em>i<\\\/em>.\",\"settings_perma\":\"Dauerhaft aktivieren und Daten\\u00fcber-tragung zustimmen:\",\"info_link\":\"http:\\\/\\\/www.heise.de\\\/ct\\\/artikel\\\/2-Klicks-fuer-mehr-Datenschutz-1333879.html\",\"uri\":\"https:\\\/\\\/www.brennecke.org\\\/?page_id=1587\",\"post_id\":1587,\"post_title_referrer_track\":\"UKW-Radio+mit+RDS-Decoder\",\"display_infobox\":\"on\"});}});\n\/* ]]> *\/<\/script><\/div>","protected":false},"excerpt":{"rendered":"<p>RDS steht f\u00fcr Radio Data System und \u00fcbertr\u00e4gt Zusatzinformationen zum aktuellen Sender wie beispielsweise die Senderkennung, alternative Frequenzen, den Typ des Radioprogramms und Verkehrsinfos. Das verwendete UKW-Modul findet sich bereits an anderer Stelle dokumentiert. Es besteht aus dem UKW-Chip TDA7021 &hellip; <a href=\"https:\/\/www.brennecke.org\/?page_id=1587\">Weiterlesen <span class=\"meta-nav\">&rarr;<\/span><\/a><\/p>\n","protected":false},"author":1,"featured_media":1595,"parent":1773,"menu_order":3,"comment_status":"open","ping_status":"open","template":"","meta":{"footnotes":""},"_links":{"self":[{"href":"https:\/\/www.brennecke.org\/index.php?rest_route=\/wp\/v2\/pages\/1587"}],"collection":[{"href":"https:\/\/www.brennecke.org\/index.php?rest_route=\/wp\/v2\/pages"}],"about":[{"href":"https:\/\/www.brennecke.org\/index.php?rest_route=\/wp\/v2\/types\/page"}],"author":[{"embeddable":true,"href":"https:\/\/www.brennecke.org\/index.php?rest_route=\/wp\/v2\/users\/1"}],"replies":[{"embeddable":true,"href":"https:\/\/www.brennecke.org\/index.php?rest_route=%2Fwp%2Fv2%2Fcomments&post=1587"}],"version-history":[{"count":7,"href":"https:\/\/www.brennecke.org\/index.php?rest_route=\/wp\/v2\/pages\/1587\/revisions"}],"predecessor-version":[{"id":1796,"href":"https:\/\/www.brennecke.org\/index.php?rest_route=\/wp\/v2\/pages\/1587\/revisions\/1796"}],"up":[{"embeddable":true,"href":"https:\/\/www.brennecke.org\/index.php?rest_route=\/wp\/v2\/pages\/1773"}],"wp:featuredmedia":[{"embeddable":true,"href":"https:\/\/www.brennecke.org\/index.php?rest_route=\/wp\/v2\/media\/1595"}],"wp:attachment":[{"href":"https:\/\/www.brennecke.org\/index.php?rest_route=%2Fwp%2Fv2%2Fmedia&parent=1587"}],"curies":[{"name":"wp","href":"https:\/\/api.w.org\/{rel}","templated":true}]}}