{"id":1609,"date":"2012-06-24T14:49:41","date_gmt":"2012-06-24T12:49:41","guid":{"rendered":"http:\/\/www.brennecke.org\/?page_id=1609"},"modified":"2012-06-24T15:04:19","modified_gmt":"2012-06-24T13:04:19","slug":"stereo-lab","status":"publish","type":"page","link":"https:\/\/www.brennecke.org\/?page_id=1609","title":{"rendered":"Stereo-Lab"},"content":{"rendered":"<p>Dieses Schaltpult ist entstanden, weil ich gerne zwei Lautsprecher  stereof\u00e4hig in einem einzigen Schaltpult verbauen wollte.Dabei fallen alle Varianten mit angebautem, versteckten oder hintem im Schaltpult verbauten Lautsprecher aus &#8211; immer ist der Ton gegen\u00fcber der direkten Wiedergabe nach vorne beeintr\u00e4chtigt.<\/p>\n<p><a href=\"http:\/\/www.brennecke.org\/wp-content\/uploads\/2012\/06\/IMG_48401.jpg\"><img loading=\"lazy\" decoding=\"async\" class=\"alignnone size-full wp-image-1611\" title=\"IMG_4840\" src=\"http:\/\/www.brennecke.org\/wp-content\/uploads\/2012\/06\/IMG_48401.jpg\" alt=\"\" width=\"800\" height=\"600\" srcset=\"https:\/\/www.brennecke.org\/wp-content\/uploads\/2012\/06\/IMG_48401.jpg 800w, https:\/\/www.brennecke.org\/wp-content\/uploads\/2012\/06\/IMG_48401-300x225.jpg 300w\" sizes=\"(max-width: 800px) 100vw, 800px\" \/><\/a><\/p>\n<p>Die Originallautsprecher der ABC-Serie sind rund mit einem Durchmesser von 7,5cm. Wenn man zwei davon einsetzen will, bleibt kaum noch Platz f\u00fcr andere Bedienelemente. Daher habe ich mich f\u00fcr zwei Ovallautsprecher von Visaton entschieden, die in etwa dieselbe H\u00f6he haben wie die Originale, aber nur 4cm breit sind. Damit bleiben in der Mitte etwa 11 Zentimeter. Wenn man nun noch die gesamte H\u00f6he ausnutzt, kann man nicht nur alle Bedienelemente des B-Pults, sondern auch noch ein Messwerk unterbringen. Zum Vergleich: Philips nutzt nur etwa die H\u00e4lfte des verf\u00fcgbaren Platzes und l\u00e4sst oben und unten viel Raum.<\/p>\n<p><a href=\"http:\/\/www.brennecke.org\/wp-content\/uploads\/2012\/06\/IMG_4830.jpg\"><img loading=\"lazy\" decoding=\"async\" class=\"alignnone size-full wp-image-1610\" title=\"IMG_4830\" src=\"http:\/\/www.brennecke.org\/wp-content\/uploads\/2012\/06\/IMG_4830.jpg\" alt=\"\" width=\"800\" height=\"600\" srcset=\"https:\/\/www.brennecke.org\/wp-content\/uploads\/2012\/06\/IMG_4830.jpg 800w, https:\/\/www.brennecke.org\/wp-content\/uploads\/2012\/06\/IMG_4830-300x225.jpg 300w\" sizes=\"(max-width: 800px) 100vw, 800px\" \/><\/a><\/p>\n<p>Das Pult sollte speziell f\u00fcr Stereozwecke zur Verf\u00fcgung stehen, daher lag es nahe, die beiden Endverst\u00e4rker direkt auf die Platine zu integrieren. Damit das ganze kompatibel zu den Schaltungen der ABC-Serie bleibt, wurden zwei TBA820M gew\u00e4hlt, deren Eingangssignal gemeinsam \u00fcber ein logarithmisches Stereopotentiometer geregelt werden kann. Das Potentiometer hat eine gr\u00f6\u00dfere Tiefe als das Original; die Platine wurde daher an dieser Stelle mit einem gro\u00dfen Loch versehen und das Potentiometer mit Hei\u00dfkleber fixiert.<\/p>\n<p>Die Elektroloytkondensatoren sind aufgrund der geringen verf\u00fcgbaren Bauh\u00f6he allesamt axiale Typen. Die Taster und Schalter sind Originalbauteile aus den Philips-Schaltpults, die verwendete LED wurde versenkt eingebaut. Die beiden Lautsprechereing\u00e4nge sind statt der entfallenen externen Anschl\u00fcsse auf der rechten Seite des Schaltpults nach au\u00dfen gef\u00fchrt.<\/p>\n<p><a href=\"http:\/\/www.brennecke.org\/wp-content\/uploads\/2012\/06\/IMG_4852.jpg\"><img loading=\"lazy\" decoding=\"async\" class=\"alignnone size-medium wp-image-1612\" title=\"IMG_4852\" src=\"http:\/\/www.brennecke.org\/wp-content\/uploads\/2012\/06\/IMG_4852-300x225.jpg\" alt=\"\" width=\"300\" height=\"225\" srcset=\"https:\/\/www.brennecke.org\/wp-content\/uploads\/2012\/06\/IMG_4852-300x225.jpg 300w, https:\/\/www.brennecke.org\/wp-content\/uploads\/2012\/06\/IMG_4852.jpg 800w\" sizes=\"(max-width: 300px) 100vw, 300px\" \/><\/a> <a href=\"http:\/\/www.brennecke.org\/wp-content\/uploads\/2012\/06\/Bildschirmfoto-2012-06-24-um-14.46.09.png\"><img loading=\"lazy\" decoding=\"async\" class=\"alignnone size-medium wp-image-1613\" title=\"Bildschirmfoto 2012-06-24 um 14.46.09\" src=\"http:\/\/www.brennecke.org\/wp-content\/uploads\/2012\/06\/Bildschirmfoto-2012-06-24-um-14.46.09-300x219.png\" alt=\"\" width=\"300\" height=\"219\" srcset=\"https:\/\/www.brennecke.org\/wp-content\/uploads\/2012\/06\/Bildschirmfoto-2012-06-24-um-14.46.09-300x219.png 300w, https:\/\/www.brennecke.org\/wp-content\/uploads\/2012\/06\/Bildschirmfoto-2012-06-24-um-14.46.09-1024x749.png 1024w, https:\/\/www.brennecke.org\/wp-content\/uploads\/2012\/06\/Bildschirmfoto-2012-06-24-um-14.46.09.png 1135w\" sizes=\"(max-width: 300px) 100vw, 300px\" \/><\/a><\/p>\n<p>Das Stereo-Lab kommt zum Einsatz beim <a title=\"UKW-Radio mit RDS-Decoder\" href=\"http:\/\/www.brennecke.org\/?page_id=1587\">UKW-Radio mit RDS-Decoder<\/a>.<\/p>\n<p><a title=\"Schaltpult-Um- und Neubauten\" href=\"http:\/\/www.brennecke.org\/?page_id=1067\">Zur\u00fcck zum Hauptartikel<\/a><\/p>\n<div class=\"twoclick_social_bookmarks_post_1609 social_share_privacy clearfix 1.6.4 locale-de_DE sprite-de_DE\"><\/div><div class=\"twoclick-js\"><script type=\"text\/javascript\">\/* <![CDATA[ *\/\njQuery(document).ready(function($){if($('.twoclick_social_bookmarks_post_1609')){$('.twoclick_social_bookmarks_post_1609').socialSharePrivacy({\"services\":{\"facebook\":{\"status\":\"on\",\"txt_info\":\"2 Klicks f\\u00fcr mehr Datenschutz: Erst wenn Sie hier klicken, wird der Button aktiv und Sie k\\u00f6nnen Ihre Empfehlung an Facebook senden. Schon beim Aktivieren werden Daten an Dritte \\u00fcbertragen - siehe <em>i<\\\/em>.\",\"perma_option\":\"off\",\"action\":\"recommend\",\"language\":\"de_DE\"},\"twitter\":{\"reply_to\":\"\",\"tweet_text\":\"Stereo-Lab%20%C2%BB%2053%20Cent\",\"status\":\"on\",\"txt_info\":\"2 Klicks f\\u00fcr mehr Datenschutz: Erst wenn Sie hier klicken, wird der Button aktiv und Sie k\\u00f6nnen Ihre Empfehlung an Twitter senden. Schon beim Aktivieren werden Daten an Dritte \\u00fcbertragen - siehe <em>i<\\\/em>.\",\"perma_option\":\"off\",\"language\":\"de\",\"referrer_track\":\"\"},\"gplus\":{\"status\":\"on\",\"txt_info\":\"2 Klicks f\\u00fcr mehr Datenschutz: Erst wenn Sie hier klicken, wird der Button aktiv und Sie k\\u00f6nnen Ihre Empfehlung an Google+ senden. Schon beim Aktivieren werden Daten an Dritte \\u00fcbertragen - siehe <em>i<\\\/em>.\",\"perma_option\":\"off\",\"referrer_track\":\"\"},\"flattr\":{\"uid\":\"\",\"status\":\"on\",\"the_title\":\"Stereo-Lab\",\"the_excerpt\":\"Dieses%20Schaltpult%20ist%20entstanden%2C%20weil%20ich%20gerne%20zwei%20Lautsprecher%20%20stereof%C3%A4hig%20in%20einem%20einzigen%20Schaltpult%20verbauen%20wollte.Dabei%20fallen%20alle%20Varianten%20mit%20angebautem%2C%20versteckten%20oder%20hintem%20im%20Schaltpult%20verbauten%20Lautsprecher%20aus%20-%20immer%20ist%20der%20Ton%20gegen%C3%BCber%20der%20direkten%20Wiedergabe%20nach%20vorne%20beeintr%C3%A4chtigt.%0D%0A%0D%0A%0D%0A%0D%0ADie%20Originallautsprecher%20der%20ABC-Serie%20sind%20rund%20mit%20einem%20Durchmesser%20von%20...\",\"txt_info\":\"2 Klicks f\\u00fcr mehr Datenschutz: Erst wenn Sie hier klicken, wird der Button aktiv und Sie k\\u00f6nnen Ihre Empfehlung an Flattr senden. Schon beim Aktivieren werden Daten an Dritte \\u00fcbertragen - siehe <em>i<\\\/em>.\",\"perma_option\":\"off\"}},\"txt_help\":\"Wenn Sie diese Felder durch einen Klick aktivieren, werden Informationen an Facebook, Twitter, Flattr, Xing, t3n, LinkedIn, Pinterest oder Google eventuell ins Ausland \\u00fcbertragen und unter Umst\\u00e4nden auch dort gespeichert. N\\u00e4heres erfahren Sie durch einen Klick auf das <em>i<\\\/em>.\",\"settings_perma\":\"Dauerhaft aktivieren und Daten\\u00fcber-tragung zustimmen:\",\"info_link\":\"http:\\\/\\\/www.heise.de\\\/ct\\\/artikel\\\/2-Klicks-fuer-mehr-Datenschutz-1333879.html\",\"uri\":\"https:\\\/\\\/www.brennecke.org\\\/?page_id=1609\",\"post_id\":1609,\"post_title_referrer_track\":\"Stereo-Lab\",\"display_infobox\":\"on\"});}});\n\/* ]]> *\/<\/script><\/div>","protected":false},"excerpt":{"rendered":"<p>Dieses Schaltpult ist entstanden, weil ich gerne zwei Lautsprecher stereof\u00e4hig in einem einzigen Schaltpult verbauen wollte.Dabei fallen alle Varianten mit angebautem, versteckten oder hintem im Schaltpult verbauten Lautsprecher aus &#8211; immer ist der Ton gegen\u00fcber der direkten Wiedergabe nach vorne &hellip; <a href=\"https:\/\/www.brennecke.org\/?page_id=1609\">Weiterlesen <span class=\"meta-nav\">&rarr;<\/span><\/a><\/p>\n","protected":false},"author":1,"featured_media":1592,"parent":1067,"menu_order":4,"comment_status":"open","ping_status":"open","template":"","meta":{"footnotes":""},"_links":{"self":[{"href":"https:\/\/www.brennecke.org\/index.php?rest_route=\/wp\/v2\/pages\/1609"}],"collection":[{"href":"https:\/\/www.brennecke.org\/index.php?rest_route=\/wp\/v2\/pages"}],"about":[{"href":"https:\/\/www.brennecke.org\/index.php?rest_route=\/wp\/v2\/types\/page"}],"author":[{"embeddable":true,"href":"https:\/\/www.brennecke.org\/index.php?rest_route=\/wp\/v2\/users\/1"}],"replies":[{"embeddable":true,"href":"https:\/\/www.brennecke.org\/index.php?rest_route=%2Fwp%2Fv2%2Fcomments&post=1609"}],"version-history":[{"count":4,"href":"https:\/\/www.brennecke.org\/index.php?rest_route=\/wp\/v2\/pages\/1609\/revisions"}],"predecessor-version":[{"id":1625,"href":"https:\/\/www.brennecke.org\/index.php?rest_route=\/wp\/v2\/pages\/1609\/revisions\/1625"}],"up":[{"embeddable":true,"href":"https:\/\/www.brennecke.org\/index.php?rest_route=\/wp\/v2\/pages\/1067"}],"wp:featuredmedia":[{"embeddable":true,"href":"https:\/\/www.brennecke.org\/index.php?rest_route=\/wp\/v2\/media\/1592"}],"wp:attachment":[{"href":"https:\/\/www.brennecke.org\/index.php?rest_route=%2Fwp%2Fv2%2Fmedia&parent=1609"}],"curies":[{"name":"wp","href":"https:\/\/api.w.org\/{rel}","templated":true}]}}