{"id":1693,"date":"2012-07-31T15:43:53","date_gmt":"2012-07-31T13:43:53","guid":{"rendered":"http:\/\/www.brennecke.org\/?page_id=1693"},"modified":"2012-07-31T16:02:59","modified_gmt":"2012-07-31T14:02:59","slug":"handwerksarbeiten-am-schaltpult","status":"publish","type":"page","link":"https:\/\/www.brennecke.org\/?page_id=1693","title":{"rendered":"Handwerksarbeiten am Schaltpult"},"content":{"rendered":"<p>Das Schaltpult wurde in Handarbeit aus einem Original-6102-Schaltpult  hergestellt, indem zun\u00e4chst mit ein paar beherzten Schnitten die  Original-Oberfl\u00e4che entfernt und das gesamte Schaltpult entkernt wird.  Aus 2mm-Polystyrol wird dann eine neue Platte mit einem scharfen  Bastelmesser ausgeschnitten. Das Material ist so weich, dass das  Schneiden sehr leicht f\u00e4llt.<\/p>\n<p><a href=\"http:\/\/www.brennecke.org\/wp-content\/uploads\/2012\/05\/IMG_4496.jpg\"><img loading=\"lazy\" decoding=\"async\" class=\"alignnone size-medium wp-image-1498\" title=\"IMG_4496\" src=\"http:\/\/www.brennecke.org\/wp-content\/uploads\/2012\/05\/IMG_4496-300x225.jpg\" alt=\"\" width=\"300\" height=\"225\" srcset=\"https:\/\/www.brennecke.org\/wp-content\/uploads\/2012\/05\/IMG_4496-300x225.jpg 300w, https:\/\/www.brennecke.org\/wp-content\/uploads\/2012\/05\/IMG_4496.jpg 800w\" sizes=\"(max-width: 300px) 100vw, 300px\" \/><\/a> <a href=\"http:\/\/www.brennecke.org\/wp-content\/uploads\/2012\/05\/IMG_4628.jpg\"><img loading=\"lazy\" decoding=\"async\" class=\"alignnone size-medium wp-image-1499\" title=\"IMG_4628\" src=\"http:\/\/www.brennecke.org\/wp-content\/uploads\/2012\/05\/IMG_4628-300x225.jpg\" alt=\"\" width=\"300\" height=\"225\" srcset=\"https:\/\/www.brennecke.org\/wp-content\/uploads\/2012\/05\/IMG_4628-300x225.jpg 300w, https:\/\/www.brennecke.org\/wp-content\/uploads\/2012\/05\/IMG_4628.jpg 800w\" sizes=\"(max-width: 300px) 100vw, 300px\" \/><\/a><\/p>\n<p>Dabei entfallen zun\u00e4chst die vorderen Befestigungsl\u00f6cher. Diese werden  sorgf\u00e4ltig von der Originalplatte abgeschert und k\u00f6nnen dann mittels  Hei\u00dfkleber auf der neuen Platte wieder befestigt werden. Die  neue Platte wird gebohrt und ebenfalls mit Plastikkleber mittels einiger  Haltestreifen an dem verbliebenen Rahmen befestigt.<\/p>\n<p><a href=\"http:\/\/www.brennecke.org\/wp-content\/uploads\/2012\/07\/IMG_4882.jpg\"><img loading=\"lazy\" decoding=\"async\" class=\"alignnone size-medium wp-image-1658\" title=\"IMG_4882\" src=\"http:\/\/www.brennecke.org\/wp-content\/uploads\/2012\/07\/IMG_4882-300x225.jpg\" alt=\"\" width=\"300\" height=\"225\" srcset=\"https:\/\/www.brennecke.org\/wp-content\/uploads\/2012\/07\/IMG_4882-300x225.jpg 300w, https:\/\/www.brennecke.org\/wp-content\/uploads\/2012\/07\/IMG_4882.jpg 1024w\" sizes=\"(max-width: 300px) 100vw, 300px\" \/><\/a> <a href=\"http:\/\/www.brennecke.org\/wp-content\/uploads\/2012\/07\/IMG_4893.jpg\"><img loading=\"lazy\" decoding=\"async\" class=\"alignnone size-medium wp-image-1662\" title=\"IMG_4893\" src=\"http:\/\/www.brennecke.org\/wp-content\/uploads\/2012\/07\/IMG_4893-300x225.jpg\" alt=\"\" width=\"300\" height=\"225\" srcset=\"https:\/\/www.brennecke.org\/wp-content\/uploads\/2012\/07\/IMG_4893-300x225.jpg 300w, https:\/\/www.brennecke.org\/wp-content\/uploads\/2012\/07\/IMG_4893.jpg 1024w\" sizes=\"(max-width: 300px) 100vw, 300px\" \/><\/a><\/p>\n<p>Der Bildschirm wird in mehreren Teilen geliefert. Die Platine habe ich mittels doppelseitigem Klebeband hinten auf den Bildschirm geklebt, damit das empfindliche Flachbandkabel nicht leidet. Man sieht auf dem rechten Bild auch bereits vier freigelegte Anschl\u00fcsse, an die die Kabel des Touchscreen-Controllers angel\u00f6tet werden m\u00fcssen.<\/p>\n<p><a href=\"http:\/\/www.brennecke.org\/wp-content\/uploads\/2012\/07\/IMG_4883.jpg\"><img loading=\"lazy\" decoding=\"async\" class=\"alignnone size-medium wp-image-1659\" title=\"IMG_4883\" src=\"http:\/\/www.brennecke.org\/wp-content\/uploads\/2012\/07\/IMG_4883-300x225.jpg\" alt=\"\" width=\"300\" height=\"225\" srcset=\"https:\/\/www.brennecke.org\/wp-content\/uploads\/2012\/07\/IMG_4883-300x225.jpg 300w, https:\/\/www.brennecke.org\/wp-content\/uploads\/2012\/07\/IMG_4883.jpg 1024w\" sizes=\"(max-width: 300px) 100vw, 300px\" \/><\/a> <a href=\"http:\/\/www.brennecke.org\/wp-content\/uploads\/2012\/07\/IMG_4885.jpg\"><img loading=\"lazy\" decoding=\"async\" class=\"alignnone size-medium wp-image-1660\" title=\"IMG_4885\" src=\"http:\/\/www.brennecke.org\/wp-content\/uploads\/2012\/07\/IMG_4885-300x225.jpg\" alt=\"\" width=\"300\" height=\"225\" srcset=\"https:\/\/www.brennecke.org\/wp-content\/uploads\/2012\/07\/IMG_4885-300x225.jpg 300w, https:\/\/www.brennecke.org\/wp-content\/uploads\/2012\/07\/IMG_4885.jpg 1024w\" sizes=\"(max-width: 300px) 100vw, 300px\" \/><\/a><\/p>\n<p>Der Bildschirm erfordert auf der inneren Grundplatte eine F\u00fchrung; auch diese kann leicht aus mehreren Schichten Polystyrol hergestellt werden.<\/p>\n<p><a href=\"http:\/\/www.brennecke.org\/wp-content\/uploads\/2012\/07\/IMG_4891.jpg\"><img loading=\"lazy\" decoding=\"async\" class=\"alignnone size-medium wp-image-1661\" title=\"IMG_4891\" src=\"http:\/\/www.brennecke.org\/wp-content\/uploads\/2012\/07\/IMG_4891-300x225.jpg\" alt=\"\" width=\"300\" height=\"225\" srcset=\"https:\/\/www.brennecke.org\/wp-content\/uploads\/2012\/07\/IMG_4891-300x225.jpg 300w, https:\/\/www.brennecke.org\/wp-content\/uploads\/2012\/07\/IMG_4891.jpg 1024w\" sizes=\"(max-width: 300px) 100vw, 300px\" \/><\/a> <a href=\"http:\/\/www.brennecke.org\/wp-content\/uploads\/2012\/07\/IMG_4894.jpg\"><img loading=\"lazy\" decoding=\"async\" class=\"alignnone size-medium wp-image-1663\" title=\"IMG_4894\" src=\"http:\/\/www.brennecke.org\/wp-content\/uploads\/2012\/07\/IMG_4894-300x225.jpg\" alt=\"\" width=\"300\" height=\"225\" srcset=\"https:\/\/www.brennecke.org\/wp-content\/uploads\/2012\/07\/IMG_4894-300x225.jpg 300w, https:\/\/www.brennecke.org\/wp-content\/uploads\/2012\/07\/IMG_4894.jpg 1024w\" sizes=\"(max-width: 300px) 100vw, 300px\" \/><\/a><\/p>\n<p>Die Bedruckung des hinteren Streifens mit den Befestigungsl\u00f6chern kann  durch einen aufgeklebten Papierstreifen erfolgen, der mit dem  Laserdrucker bedruckt wird. Dann erfolgt die Beschriftung der  Frontplatte mit Rubbelbuchstaben. Und damit diese sp\u00e4ter nicht gleich  wieder abgekratzt werden, wird eine matte Transparent-Folie aufgezogen.  Die L\u00f6cher werden dann mit einem Skalpell sorgf\u00e4ltig ausgeschnitten \u2013  Vorsicht, diese Dinger sind sehr scharf! Das letzte Bild zeigt bereits das fertige Schaltpult mit der blauen Anschlussleiste. Erkennbar ist auch der hintere Ausschnitt, der sp\u00e4ter das Abschirmblech des PC-Boards aufnehmen wird.<\/p>\n<p><a title=\"PC Lab \u2013 Der Computer in der Box\" href=\"http:\/\/www.brennecke.org\/?page_id=1654\">Zur\u00fcck zum Hauptartikel<\/a><\/p>\n<div class=\"twoclick_social_bookmarks_post_1693 social_share_privacy clearfix 1.6.4 locale-de_DE sprite-de_DE\"><\/div><div class=\"twoclick-js\"><script type=\"text\/javascript\">\/* <![CDATA[ *\/\njQuery(document).ready(function($){if($('.twoclick_social_bookmarks_post_1693')){$('.twoclick_social_bookmarks_post_1693').socialSharePrivacy({\"services\":{\"facebook\":{\"status\":\"on\",\"txt_info\":\"2 Klicks f\\u00fcr mehr Datenschutz: Erst wenn Sie hier klicken, wird der Button aktiv und Sie k\\u00f6nnen Ihre Empfehlung an Facebook senden. Schon beim Aktivieren werden Daten an Dritte \\u00fcbertragen - siehe <em>i<\\\/em>.\",\"perma_option\":\"off\",\"action\":\"recommend\",\"language\":\"de_DE\"},\"twitter\":{\"reply_to\":\"\",\"tweet_text\":\"Handwerksarbeiten%20am%20Schaltpult%20%C2%BB%2053%20Cent\",\"status\":\"on\",\"txt_info\":\"2 Klicks f\\u00fcr mehr Datenschutz: Erst wenn Sie hier klicken, wird der Button aktiv und Sie k\\u00f6nnen Ihre Empfehlung an Twitter senden. Schon beim Aktivieren werden Daten an Dritte \\u00fcbertragen - siehe <em>i<\\\/em>.\",\"perma_option\":\"off\",\"language\":\"de\",\"referrer_track\":\"\"},\"gplus\":{\"status\":\"on\",\"txt_info\":\"2 Klicks f\\u00fcr mehr Datenschutz: Erst wenn Sie hier klicken, wird der Button aktiv und Sie k\\u00f6nnen Ihre Empfehlung an Google+ senden. Schon beim Aktivieren werden Daten an Dritte \\u00fcbertragen - siehe <em>i<\\\/em>.\",\"perma_option\":\"off\",\"referrer_track\":\"\"},\"flattr\":{\"uid\":\"\",\"status\":\"on\",\"the_title\":\"Handwerksarbeiten%20am%20Schaltpult\",\"the_excerpt\":\"Das%20Schaltpult%20wurde%20in%20Handarbeit%20aus%20einem%20Original-6102-Schaltpult%20%20hergestellt%2C%20indem%20zun%C3%A4chst%20mit%20ein%20paar%20beherzten%20Schnitten%20die%20%20Original-Oberfl%C3%A4che%20entfernt%20und%20das%20gesamte%20Schaltpult%20entkernt%20wird.%20%20Aus%202mm-Polystyrol%20wird%20dann%20eine%20neue%20Platte%20mit%20einem%20scharfen%20%20Bastelmesser%20ausgeschnitten.%20Das%20Material%20ist%20so%20weich%2C%20dass%20das%20%20Schneiden%20sehr%20leicht%20f%C3%A4llt.%0D%0A%0D%0A%20%0D%0A%0D%0ADabei%20entfallen%20zu%20...\",\"txt_info\":\"2 Klicks f\\u00fcr mehr Datenschutz: Erst wenn Sie hier klicken, wird der Button aktiv und Sie k\\u00f6nnen Ihre Empfehlung an Flattr senden. Schon beim Aktivieren werden Daten an Dritte \\u00fcbertragen - siehe <em>i<\\\/em>.\",\"perma_option\":\"off\"}},\"txt_help\":\"Wenn Sie diese Felder durch einen Klick aktivieren, werden Informationen an Facebook, Twitter, Flattr, Xing, t3n, LinkedIn, Pinterest oder Google eventuell ins Ausland \\u00fcbertragen und unter Umst\\u00e4nden auch dort gespeichert. N\\u00e4heres erfahren Sie durch einen Klick auf das <em>i<\\\/em>.\",\"settings_perma\":\"Dauerhaft aktivieren und Daten\\u00fcber-tragung zustimmen:\",\"info_link\":\"http:\\\/\\\/www.heise.de\\\/ct\\\/artikel\\\/2-Klicks-fuer-mehr-Datenschutz-1333879.html\",\"uri\":\"https:\\\/\\\/www.brennecke.org\\\/?page_id=1693\",\"post_id\":1693,\"post_title_referrer_track\":\"Handwerksarbeiten+am+Schaltpult\",\"display_infobox\":\"on\"});}});\n\/* ]]> *\/<\/script><\/div>","protected":false},"excerpt":{"rendered":"<p>Das Schaltpult wurde in Handarbeit aus einem Original-6102-Schaltpult hergestellt, indem zun\u00e4chst mit ein paar beherzten Schnitten die Original-Oberfl\u00e4che entfernt und das gesamte Schaltpult entkernt wird. Aus 2mm-Polystyrol wird dann eine neue Platte mit einem scharfen Bastelmesser ausgeschnitten. Das Material ist &hellip; <a href=\"https:\/\/www.brennecke.org\/?page_id=1693\">Weiterlesen <span class=\"meta-nav\">&rarr;<\/span><\/a><\/p>\n","protected":false},"author":1,"featured_media":1687,"parent":1654,"menu_order":2,"comment_status":"open","ping_status":"open","template":"","meta":{"footnotes":""},"_links":{"self":[{"href":"https:\/\/www.brennecke.org\/index.php?rest_route=\/wp\/v2\/pages\/1693"}],"collection":[{"href":"https:\/\/www.brennecke.org\/index.php?rest_route=\/wp\/v2\/pages"}],"about":[{"href":"https:\/\/www.brennecke.org\/index.php?rest_route=\/wp\/v2\/types\/page"}],"author":[{"embeddable":true,"href":"https:\/\/www.brennecke.org\/index.php?rest_route=\/wp\/v2\/users\/1"}],"replies":[{"embeddable":true,"href":"https:\/\/www.brennecke.org\/index.php?rest_route=%2Fwp%2Fv2%2Fcomments&post=1693"}],"version-history":[{"count":2,"href":"https:\/\/www.brennecke.org\/index.php?rest_route=\/wp\/v2\/pages\/1693\/revisions"}],"predecessor-version":[{"id":1697,"href":"https:\/\/www.brennecke.org\/index.php?rest_route=\/wp\/v2\/pages\/1693\/revisions\/1697"}],"up":[{"embeddable":true,"href":"https:\/\/www.brennecke.org\/index.php?rest_route=\/wp\/v2\/pages\/1654"}],"wp:featuredmedia":[{"embeddable":true,"href":"https:\/\/www.brennecke.org\/index.php?rest_route=\/wp\/v2\/media\/1687"}],"wp:attachment":[{"href":"https:\/\/www.brennecke.org\/index.php?rest_route=%2Fwp%2Fv2%2Fmedia&parent=1693"}],"curies":[{"name":"wp","href":"https:\/\/api.w.org\/{rel}","templated":true}]}}