{"id":1715,"date":"2012-08-09T14:13:37","date_gmt":"2012-08-09T12:13:37","guid":{"rendered":"http:\/\/www.brennecke.org\/?page_id=1715"},"modified":"2012-08-09T14:15:20","modified_gmt":"2012-08-09T12:15:20","slug":"links","status":"publish","type":"page","link":"https:\/\/www.brennecke.org\/?page_id=1715","title":{"rendered":"Links"},"content":{"rendered":"<p>Das Elektronikbasteln in der hier beschriebenen Form ist inzwischen ein rares Hobby. Trotzdem gibt es eine Menge, teilweise hochdetaillierte und spannende Informationen im Netz, auf die ich in der folgenden Linkliste gerne hinweisen m\u00f6chte:<\/p>\n<ul>\n<li><a href=\"http:\/\/ee.old.no\/\">Tor Gjerdes Bibliothek<\/a>: Eine Beschreibung aller Philips- und Schuco-Bauk\u00e4sten mit einer kompletten Bibliothek aller Handb\u00fccher. Allererste Anlaufstelle, wenn man etwas \u00fcber die Original-Philips- und Schuco-Schaltungen erfahren m\u00f6chte.<\/li>\n<li><a href=\"http:\/\/norbert.old.no\/\">Norbert Schneiders Seiten<\/a>: Eine Aufstellung und detaillierte Beschreibung aller Philips- und Schuco-Experimentierk\u00e4sten in deutscher Sprache. \u00c4u\u00dferst Lesenswert und immer wieder eine Quelle f\u00fcr neue Informationen. Ich stehe in pers\u00f6nlichem Kontakt zu ihm und m\u00f6chte ihm an dieser Stelle danken f\u00fcr hilfreiche Tipps und Gedankenaustausche.<\/li>\n<li><a href=\"http:\/\/www.kranenborg.org\/ee\/index.htm\">Jurjen Kranenborg: The Philips EE (Electronic Experimentation) kits<\/a>: Tolle Seite mit Details und Hintergr\u00fcnden zu Philips-Schaltungen. Am dort vorgestellten KW-Empf\u00e4nger arbeite ich noch&#8230;<\/li>\n<li><a href=\"http:\/\/www.sjelab.nl\/sjelab.htm\">Sjaak de Wit: Philips Electronica experimenteerdozen<\/a>: Mein Ideengeber f\u00fcr den Umbau der ABC-Schaltpulte. Ohne ihn und seinen AVR6440-Mikrocomputer und seine freundliche Unterst\u00fctzung h\u00e4tte ich mich nie an den Umbau so vieler Schaltpults gewagt. Und dazu war es f\u00fcr mich der Einstieg in die Mikrocontrollertechnik. Es sind dort aber auch tolle Umbauten zu Philips-Schaltungen zu finden.<\/li>\n<li><a href=\"http:\/\/www.dl8ma.de\/Experimentierkasten\/\">J\u00fcrgen Mayer<\/a>: Er setzt auch auf das Philips-System, ist aber in einer ganz anderen Ecke als ich t\u00e4tig: der Jugendarbeit. Dabei sind unter anderem Universalplatinen entstanden, die wir inzwischen gemeinsam mit anderen bei unseren Versuchen einsetzen.<\/li>\n<li><a href=\"http:\/\/www.rigert.com\/ee-forum\/\">Thomas Rigerts Baukastenforum<\/a>: Nat\u00fcrlich gibt&#8217;s auch ein\u00a0 Forum zum Thema, zu dem auch ein (nicht-\u00f6ffentliches) Wiki geh\u00f6rt. Im Forum geht es eher ruhig zu, aber die Inhalte sind gut und hilfreich.<\/li>\n<\/ul>\n<p><a title=\"Elektronik\" href=\"http:\/\/www.brennecke.org\/?page_id=1039\">Zur\u00fcck zur Hauptseite<\/a><\/p>\n<div class=\"twoclick_social_bookmarks_post_1715 social_share_privacy clearfix 1.6.4 locale-de_DE sprite-de_DE\"><\/div><div class=\"twoclick-js\"><script type=\"text\/javascript\">\/* <![CDATA[ *\/\njQuery(document).ready(function($){if($('.twoclick_social_bookmarks_post_1715')){$('.twoclick_social_bookmarks_post_1715').socialSharePrivacy({\"services\":{\"facebook\":{\"status\":\"on\",\"txt_info\":\"2 Klicks f\\u00fcr mehr Datenschutz: Erst wenn Sie hier klicken, wird der Button aktiv und Sie k\\u00f6nnen Ihre Empfehlung an Facebook senden. Schon beim Aktivieren werden Daten an Dritte \\u00fcbertragen - siehe <em>i<\\\/em>.\",\"perma_option\":\"off\",\"action\":\"recommend\",\"language\":\"de_DE\"},\"twitter\":{\"reply_to\":\"\",\"tweet_text\":\"Links%20%C2%BB%2053%20Cent\",\"status\":\"on\",\"txt_info\":\"2 Klicks f\\u00fcr mehr Datenschutz: Erst wenn Sie hier klicken, wird der Button aktiv und Sie k\\u00f6nnen Ihre Empfehlung an Twitter senden. Schon beim Aktivieren werden Daten an Dritte \\u00fcbertragen - siehe <em>i<\\\/em>.\",\"perma_option\":\"off\",\"language\":\"de\",\"referrer_track\":\"\"},\"gplus\":{\"status\":\"on\",\"txt_info\":\"2 Klicks f\\u00fcr mehr Datenschutz: Erst wenn Sie hier klicken, wird der Button aktiv und Sie k\\u00f6nnen Ihre Empfehlung an Google+ senden. Schon beim Aktivieren werden Daten an Dritte \\u00fcbertragen - siehe <em>i<\\\/em>.\",\"perma_option\":\"off\",\"referrer_track\":\"\"},\"flattr\":{\"uid\":\"\",\"status\":\"on\",\"the_title\":\"Links\",\"the_excerpt\":\"Das%20Elektronikbasteln%20in%20der%20hier%20beschriebenen%20Form%20ist%20inzwischen%20ein%20rares%20Hobby.%20Trotzdem%20gibt%20es%20eine%20Menge%2C%20teilweise%20hochdetaillierte%20und%20spannende%20Informationen%20im%20Netz%2C%20auf%20die%20ich%20in%20der%20folgenden%20Linkliste%20gerne%20hinweisen%20m%C3%B6chte%3A%0D%0A%0D%0A%09Tor%20Gjerdes%20Bibliothek%3A%20Eine%20Beschreibung%20aller%20Philips-%20und%20Schuco-Bauk%C3%A4sten%20mit%20einer%20kompletten%20Bibliothek%20aller%20Handb%C3%BCcher.%20Allererste%20Anlaufstelle%20...\",\"txt_info\":\"2 Klicks f\\u00fcr mehr Datenschutz: Erst wenn Sie hier klicken, wird der Button aktiv und Sie k\\u00f6nnen Ihre Empfehlung an Flattr senden. Schon beim Aktivieren werden Daten an Dritte \\u00fcbertragen - siehe <em>i<\\\/em>.\",\"perma_option\":\"off\"}},\"txt_help\":\"Wenn Sie diese Felder durch einen Klick aktivieren, werden Informationen an Facebook, Twitter, Flattr, Xing, t3n, LinkedIn, Pinterest oder Google eventuell ins Ausland \\u00fcbertragen und unter Umst\\u00e4nden auch dort gespeichert. N\\u00e4heres erfahren Sie durch einen Klick auf das <em>i<\\\/em>.\",\"settings_perma\":\"Dauerhaft aktivieren und Daten\\u00fcber-tragung zustimmen:\",\"info_link\":\"http:\\\/\\\/www.heise.de\\\/ct\\\/artikel\\\/2-Klicks-fuer-mehr-Datenschutz-1333879.html\",\"uri\":\"https:\\\/\\\/www.brennecke.org\\\/?page_id=1715\",\"post_id\":1715,\"post_title_referrer_track\":\"Links\",\"display_infobox\":\"on\"});}});\n\/* ]]> *\/<\/script><\/div>","protected":false},"excerpt":{"rendered":"<p>Das Elektronikbasteln in der hier beschriebenen Form ist inzwischen ein rares Hobby. Trotzdem gibt es eine Menge, teilweise hochdetaillierte und spannende Informationen im Netz, auf die ich in der folgenden Linkliste gerne hinweisen m\u00f6chte: Tor Gjerdes Bibliothek: Eine Beschreibung aller &hellip; <a href=\"https:\/\/www.brennecke.org\/?page_id=1715\">Weiterlesen <span class=\"meta-nav\">&rarr;<\/span><\/a><\/p>\n","protected":false},"author":1,"featured_media":0,"parent":1039,"menu_order":40,"comment_status":"open","ping_status":"open","template":"","meta":{"footnotes":""},"_links":{"self":[{"href":"https:\/\/www.brennecke.org\/index.php?rest_route=\/wp\/v2\/pages\/1715"}],"collection":[{"href":"https:\/\/www.brennecke.org\/index.php?rest_route=\/wp\/v2\/pages"}],"about":[{"href":"https:\/\/www.brennecke.org\/index.php?rest_route=\/wp\/v2\/types\/page"}],"author":[{"embeddable":true,"href":"https:\/\/www.brennecke.org\/index.php?rest_route=\/wp\/v2\/users\/1"}],"replies":[{"embeddable":true,"href":"https:\/\/www.brennecke.org\/index.php?rest_route=%2Fwp%2Fv2%2Fcomments&post=1715"}],"version-history":[{"count":3,"href":"https:\/\/www.brennecke.org\/index.php?rest_route=\/wp\/v2\/pages\/1715\/revisions"}],"predecessor-version":[{"id":1718,"href":"https:\/\/www.brennecke.org\/index.php?rest_route=\/wp\/v2\/pages\/1715\/revisions\/1718"}],"up":[{"embeddable":true,"href":"https:\/\/www.brennecke.org\/index.php?rest_route=\/wp\/v2\/pages\/1039"}],"wp:attachment":[{"href":"https:\/\/www.brennecke.org\/index.php?rest_route=%2Fwp%2Fv2%2Fmedia&parent=1715"}],"curies":[{"name":"wp","href":"https:\/\/api.w.org\/{rel}","templated":true}]}}