{"id":1756,"date":"2012-10-04T16:29:24","date_gmt":"2012-10-04T14:29:24","guid":{"rendered":"http:\/\/www.brennecke.org\/?page_id=1756"},"modified":"2012-10-04T17:07:26","modified_gmt":"2012-10-04T15:07:26","slug":"kompaktes-ukw-radio-mit-rds-decoder","status":"publish","type":"page","link":"https:\/\/www.brennecke.org\/?page_id=1756","title":{"rendered":"Kompaktes UKW-Radio mit RDS-Decoder"},"content":{"rendered":"<p>Ich fand nach gewisser Zeit, dass mein erster Entwurf eines <a title=\"UKW-Radio mit RDS-Decoder\" href=\"http:\/\/www.brennecke.org\/?page_id=1587\">RDS-Radios<\/a> zu komplex und zu  unflexibel ist. Immer mussten zwei Ger\u00e4te eingeschaltet werden, und zudem stand das Masterlab dann auch nicht f\u00fcr andere Zwecke zur Verf\u00fcgung.<\/p>\n<p><a href=\"http:\/\/www.brennecke.org\/wp-content\/uploads\/2012\/10\/IMG_4934.jpg\"><img loading=\"lazy\" decoding=\"async\" class=\"alignnone size-full wp-image-1758\" title=\"IMG_4934\" src=\"http:\/\/www.brennecke.org\/wp-content\/uploads\/2012\/10\/IMG_4934.jpg\" alt=\"\" width=\"1024\" height=\"768\" srcset=\"https:\/\/www.brennecke.org\/wp-content\/uploads\/2012\/10\/IMG_4934.jpg 1024w, https:\/\/www.brennecke.org\/wp-content\/uploads\/2012\/10\/IMG_4934-300x225.jpg 300w\" sizes=\"(max-width: 1024px) 100vw, 1024px\" \/><\/a><\/p>\n<p>Daher habe ich eine kleine Platine auf Basis eines  AVR-Mikrocontrollers entwickelt, mit der der Aufbau weit schneller und  leichter zu machen ist. Anbei ein paar Fotos &#8211; die Platine selbst ist <a title=\"AVR-Mikrocontrollerplatine\" href=\"http:\/\/www.brennecke.org\/?page_id=1743\">an anderer Stelle<\/a> beschrieben. Der Aufbau des Radios ist vollst\u00e4ndig gleich mit dem <a title=\"UKW-Radio mit RDS-Decoder\" href=\"http:\/\/www.brennecke.org\/?page_id=1587\">bereits  vorgestellten<\/a>, nur die neue Platine ist hinzugekommen und hat den  Masterlab-Nachbau abgel\u00f6st. Auch die Software ist weitgehend identisch; sie wurde nur an den neuen Mikrocontrollertyp angepasst.<\/p>\n<p>Die obere Zeile zeigt den Sendernamen  &#8211; &#8222;vom rbb&#8220; ist dabei der zweite Teil des Texts &#8222;Antenne vom rbb&#8220;, der  wechselweise gesendet wird. Der untere Text ist der sogenannte  Radiotext. Die meisten Radios k\u00f6nnen das heute darstellen, aber ich  kenne niemanden, der diese Texte tats\u00e4chlich nutzt.\u00a0 Es sind 64 Zeichen m\u00f6glich, die hier von links nach rechts gescrollt  werden &#8211; daher ist der Text am Anfang abgeschnitten; ich war zu langsam  beim Fotografieren.<\/p>\n<p><a href=\"http:\/\/www.brennecke.org\/wp-content\/uploads\/2012\/10\/RDS-Decoder.zip\">RDS-Decoder-Quellcode<\/a><\/p>\n<p><a title=\"Elektronische Schaltungen\" href=\"http:\/\/www.brennecke.org\/?page_id=1064\">Zur\u00fcck zur Hauptseite<\/a><\/p>\n<p>&nbsp;<\/p>\n<div class=\"twoclick_social_bookmarks_post_1756 social_share_privacy clearfix 1.6.4 locale-de_DE sprite-de_DE\"><\/div><div class=\"twoclick-js\"><script type=\"text\/javascript\">\/* <![CDATA[ *\/\njQuery(document).ready(function($){if($('.twoclick_social_bookmarks_post_1756')){$('.twoclick_social_bookmarks_post_1756').socialSharePrivacy({\"services\":{\"facebook\":{\"status\":\"on\",\"txt_info\":\"2 Klicks f\\u00fcr mehr Datenschutz: Erst wenn Sie hier klicken, wird der Button aktiv und Sie k\\u00f6nnen Ihre Empfehlung an Facebook senden. Schon beim Aktivieren werden Daten an Dritte \\u00fcbertragen - siehe <em>i<\\\/em>.\",\"perma_option\":\"off\",\"action\":\"recommend\",\"language\":\"de_DE\"},\"twitter\":{\"reply_to\":\"\",\"tweet_text\":\"Kompaktes%20UKW-Radio%20mit%20RDS-Decoder%20%C2%BB%2053%20Cent\",\"status\":\"on\",\"txt_info\":\"2 Klicks f\\u00fcr mehr Datenschutz: Erst wenn Sie hier klicken, wird der Button aktiv und Sie k\\u00f6nnen Ihre Empfehlung an Twitter senden. Schon beim Aktivieren werden Daten an Dritte \\u00fcbertragen - siehe <em>i<\\\/em>.\",\"perma_option\":\"off\",\"language\":\"de\",\"referrer_track\":\"\"},\"gplus\":{\"status\":\"on\",\"txt_info\":\"2 Klicks f\\u00fcr mehr Datenschutz: Erst wenn Sie hier klicken, wird der Button aktiv und Sie k\\u00f6nnen Ihre Empfehlung an Google+ senden. Schon beim Aktivieren werden Daten an Dritte \\u00fcbertragen - siehe <em>i<\\\/em>.\",\"perma_option\":\"off\",\"referrer_track\":\"\"},\"flattr\":{\"uid\":\"\",\"status\":\"on\",\"the_title\":\"Kompaktes%20UKW-Radio%20mit%20RDS-Decoder\",\"the_excerpt\":\"Ich%20fand%20nach%20gewisser%20Zeit%2C%20dass%20mein%20erster%20Entwurf%20eines%20RDS-Radios%20zu%20komplex%20und%20zu%20%20unflexibel%20ist.%20Immer%20mussten%20zwei%20Ger%C3%A4te%20eingeschaltet%20werden%2C%20und%20zudem%20stand%20das%20Masterlab%20dann%20auch%20nicht%20f%C3%BCr%20andere%20Zwecke%20zur%20Verf%C3%BCgung.%0D%0A%0D%0A%0D%0A%0D%0ADaher%20habe%20ich%20eine%20kleine%20Platine%20auf%20Basis%20eines%20%20AVR-Mikrocontrollers%20entwickelt%2C%20mit%20der%20der%20Aufbau%20weit%20schneller%20und%20%20leichter%20zu%20machen%20ist.%20Anbei%20ei%20...\",\"txt_info\":\"2 Klicks f\\u00fcr mehr Datenschutz: Erst wenn Sie hier klicken, wird der Button aktiv und Sie k\\u00f6nnen Ihre Empfehlung an Flattr senden. Schon beim Aktivieren werden Daten an Dritte \\u00fcbertragen - siehe <em>i<\\\/em>.\",\"perma_option\":\"off\"}},\"txt_help\":\"Wenn Sie diese Felder durch einen Klick aktivieren, werden Informationen an Facebook, Twitter, Flattr, Xing, t3n, LinkedIn, Pinterest oder Google eventuell ins Ausland \\u00fcbertragen und unter Umst\\u00e4nden auch dort gespeichert. N\\u00e4heres erfahren Sie durch einen Klick auf das <em>i<\\\/em>.\",\"settings_perma\":\"Dauerhaft aktivieren und Daten\\u00fcber-tragung zustimmen:\",\"info_link\":\"http:\\\/\\\/www.heise.de\\\/ct\\\/artikel\\\/2-Klicks-fuer-mehr-Datenschutz-1333879.html\",\"uri\":\"https:\\\/\\\/www.brennecke.org\\\/?page_id=1756\",\"post_id\":1756,\"post_title_referrer_track\":\"Kompaktes+UKW-Radio+mit+RDS-Decoder\",\"display_infobox\":\"on\"});}});\n\/* ]]> *\/<\/script><\/div>","protected":false},"excerpt":{"rendered":"<p>Ich fand nach gewisser Zeit, dass mein erster Entwurf eines RDS-Radios zu komplex und zu unflexibel ist. Immer mussten zwei Ger\u00e4te eingeschaltet werden, und zudem stand das Masterlab dann auch nicht f\u00fcr andere Zwecke zur Verf\u00fcgung. Daher habe ich eine &hellip; <a href=\"https:\/\/www.brennecke.org\/?page_id=1756\">Weiterlesen <span class=\"meta-nav\">&rarr;<\/span><\/a><\/p>\n","protected":false},"author":1,"featured_media":1759,"parent":1773,"menu_order":4,"comment_status":"open","ping_status":"open","template":"","meta":{"footnotes":""},"_links":{"self":[{"href":"https:\/\/www.brennecke.org\/index.php?rest_route=\/wp\/v2\/pages\/1756"}],"collection":[{"href":"https:\/\/www.brennecke.org\/index.php?rest_route=\/wp\/v2\/pages"}],"about":[{"href":"https:\/\/www.brennecke.org\/index.php?rest_route=\/wp\/v2\/types\/page"}],"author":[{"embeddable":true,"href":"https:\/\/www.brennecke.org\/index.php?rest_route=\/wp\/v2\/users\/1"}],"replies":[{"embeddable":true,"href":"https:\/\/www.brennecke.org\/index.php?rest_route=%2Fwp%2Fv2%2Fcomments&post=1756"}],"version-history":[{"count":3,"href":"https:\/\/www.brennecke.org\/index.php?rest_route=\/wp\/v2\/pages\/1756\/revisions"}],"predecessor-version":[{"id":1808,"href":"https:\/\/www.brennecke.org\/index.php?rest_route=\/wp\/v2\/pages\/1756\/revisions\/1808"}],"up":[{"embeddable":true,"href":"https:\/\/www.brennecke.org\/index.php?rest_route=\/wp\/v2\/pages\/1773"}],"wp:featuredmedia":[{"embeddable":true,"href":"https:\/\/www.brennecke.org\/index.php?rest_route=\/wp\/v2\/media\/1759"}],"wp:attachment":[{"href":"https:\/\/www.brennecke.org\/index.php?rest_route=%2Fwp%2Fv2%2Fmedia&parent=1756"}],"curies":[{"name":"wp","href":"https:\/\/api.w.org\/{rel}","templated":true}]}}