{"id":183,"date":"2009-07-10T12:32:33","date_gmt":"2009-07-10T10:32:33","guid":{"rendered":"http:\/\/www.brennecke.org\/?page_id=183"},"modified":"2011-04-20T20:50:40","modified_gmt":"2011-04-20T18:50:40","slug":"befurworter-von-internetsperren","status":"publish","type":"page","link":"https:\/\/www.brennecke.org\/?page_id=183","title":{"rendered":"Bef\u00fcrworter von Internetsperren"},"content":{"rendered":"<p>Diese Liste wird im Laufe der Zeit erg\u00e4nzt, sie enth\u00e4lt Personen, die \u00f6ffentlich Vorschl\u00e4ge zur Erweiterung der Sperrliste des Zugangserschwernisgesetzes und zu generellen Internetsperren gemacht haben. Sie enth\u00e4lt auch Bef\u00fcrworter des EU-Vorsto\u00dfes zur Sperrung von Internetseiten mittels einer EU-Richtlinie. Die Liste ist daher nicht vollst\u00e4ndig, die jeweiligen Zitate sind jedoch sehr weitgehend gesichert bzw. durch Links hinterlegt.<\/p>\n<p><strong>Hans-Peter Uhl, MdB (CDU) am 1.09.2008: <\/strong><\/p>\n<blockquote><p>\u201e<strong>Was die Chinesen k\u00f6nnen, sollten wir auch k\u00f6nnen. Da bin ich gern obrigkeitsstaatlich.\u201c<\/strong> <em> <\/em><\/p><\/blockquote>\n<p><em>Herr Uhl erkl\u00e4rt inzwischen, dass seine \u00c4u\u00dferungen &#8222;in einem exakt definierten Sachzusammenhang (Bek\u00e4mpfung der Kinderpornographie) [get\u00e4tigt wurden], was auf dem Weg der Fl\u00fcsterpost leider absichtsvoll unterschlagen wird. Ich habe dies auch bereits mehrfach erl\u00e4utert.&#8220;<\/em><\/p>\n<p><strong>Dr. Dieter Wiefelsp\u00fctz, MdB (SPD): <\/strong><\/p>\n<blockquote><p><strong>&#8222;Nat\u00fcrlich werden wir mittel- und l\u00e4ngerfristig auch \u00fcber andere kriminelle Vorg\u00e4nge reden. Es kann doch nicht sein, dass es im Internet eine Welt ohne Recht und Gesetz gibt.&#8220;<\/strong> <em><\/em><\/p><\/blockquote>\n<p><em>Herr Wiefelsp\u00fctz bestritt diese Aussage sp\u00e4ter: &#8222;Die mir zugeschriebenen \u00c4u\u00dferungen habe ich nicht gemacht. Sie entsprechen auch nicht meiner Meinung.&#8220;. Er erkl\u00e4rte zur Pr\u00e4zisierung, es sei zu unterscheiden zwischen verfassungsfeindlichen Inhalten und solchen, die einen Straftatbestand erf\u00fcllten, wie etwa Volksverhetzung oder Holocaust-Leugnung. Straftaten seien selbstverst\u00e4ndlich auch im Internet strafbar. Verfassungsfeindliche oder extremistische \u00c4u\u00dferungen seien keine Straftaten, solange keine Gesetze verletzt w\u00fcrden. Solche \u00c4u\u00dferungen unterbinden zu wollen, w\u00e4re Zensur und damit ein &#8222;Anschlag auf unsere Verfassung&#8220;. Er sei strikt gegen jede Art der Zensur. Auch der Extremist habe Grundrechte. <\/em><\/p>\n<p><strong>Thomas Strobl, MdB (CDU)<\/strong> zu Internetsperren f\u00fcr &#8222;Killerspiele&#8220;:<\/p>\n<blockquote><p><strong>&#8222;Wir pr\u00fcfen das ernsthaft.  Wir gehen nach Winnenden nicht zur Tagesordnung \u00fcber. Wenn es einen Nachweis gibt, dass sich Killerspiele negativ auf das Verhalten Jugendlicher auswirken, dann kann das Internet kein rechtsfreier Raum sein.&#8220;<\/strong> <em><\/em><\/p><\/blockquote>\n<p><em>Herr Strobl pr\u00e4zisierte sp\u00e4ter auf abgeordnetenwatch.de: &#8222;Ich will betonen: Die Ergebnisoffenheit gilt f\u00fcr diejenigen, die sich f\u00fcr ein Verbot einsetzen, ebenso wie auch f\u00fcr diejenigen, f\u00fcr die jegliche Pr\u00fcfung von Ma\u00dfnahmen, die das Internet betreffen, bereits ein Tabubruch zu sein scheint. Daher ist meine Position eben auch nicht \u2013 wie vielfach f\u00e4lschlicherweise berichtet wurde \u2013 die, dass ich mich f\u00fcr eine rigorose Sperrung von &#8222;Killerspiel&#8220;-Internetseiten einsetze, sondern die, dass ich mich f\u00fcr eine sorgf\u00e4ltige Pr\u00fcfung der Frage stark mache, ob eine solche Ma\u00dfnahme gewaltpr\u00e4ventive Wirkung entfalten kann. Dabei ist die Problematik der praktischen Wirksamkeit von Ma\u00dfnahmen ebenfalls Inhalt einer solchen Pr\u00fcfung.&#8220;<\/em><\/p>\n<p><strong>Heinrich Sievers,<\/strong> Leiter des Referats Gl\u00fccksspiel im Hessischen Innenministerium (CDU):<\/p>\n<blockquote><p><strong>Wenn die DNS-Sperren gegen Kinderpornografie eingef\u00fchrt worden sind, will Hessen einen erneuten Anlauf unternehmen. Um weitere Sperrungen auszusprechen m\u00fcsste nicht einmal das Gesetz ge\u00e4ndert werden. Der Gl\u00fccksspiel-Staatsvertrag sei Rechtsgrundlage genug.&#8220;Wir werden zu jedem Verfahren greifen, das Erfolg verspricht&#8220;<\/strong>.<\/p><\/blockquote>\n<p><em>Laut Focus online soll diese Debatte offenbar zun\u00e4chst hinter verschlossenen T\u00fcren gef\u00fchrt werden. Auf Anfrage best\u00e4tigt das hessische Innenministerium ein \u201eTreffen auf Fachebene\u201c, weitere Details \u00fcber das \u201einterne Gespr\u00e4ch\u201c waren aber nicht in Erfahrung zu bringen. Auch die Staatliche Lotterieverwaltung in Bayern will nicht mehr best\u00e4tigen, als dass ein Gespr\u00e4ch stattgefunden habe.<\/em><\/p>\n<p><strong>Bernd Neumann, Kulturstaatsminister (CDU): <\/strong><\/p>\n<blockquote><p><strong>&#8222;Wir d\u00fcrfen nicht sagen, das geht nicht. Das Kappen von Netzverbindungen sei &#8222;\u00fcberall m\u00f6glich&#8220;. &#8230; Mit Druck aus Br\u00fcssel und internationalen Vertr\u00e4gen wie m\u00f6glicherweise auch dem geplanten Anti-Piraterieabkommen ACTA werde es dann einfacher, die von ihm und der Unterhaltungsindustrie bef\u00fcrworteten &#8222;Ver\u00e4nderungen&#8220; hinzubekommen.<\/strong> <em><\/em><\/p><\/blockquote>\n<p><em>Herr Neumann bef\u00fcrwortet Internetsperren nach franz\u00f6sischem Vorbild f\u00fcr Urheberrechtsverletzungen.<\/em><\/p>\n<p><strong>Dieter Gorny, <\/strong>Leiter des Bundesverbandes Musikindustrie:<\/p>\n<blockquote><p><strong>&#8222;Der Vorsto\u00df der Familienministerin zum Verbot von Kinderpornografie im Internet ist ein richtiges Signal. Es geht um gesellschaftlich gew\u00fcnschte Regulierung im Internet, dazu geh\u00f6rt auch der Schutz des geistigen Eigentums.&#8220;<\/strong><\/p><\/blockquote>\n<p>Und auf einer sp\u00e4teren Veranstaltung zum Thema Urheberrecht:<\/p>\n<blockquote><p><strong>&#8222;Internetsperren sind vern\u00fcnftig. &#8230; Wir haben das Internet sehr anarchisch, sehr kindisch und spielerisch diskutiert&#8220;. Es sei immer als &#8222;Freiraum f\u00fcr den Mittelstand und die k\u00fcnstlerische Selbstverwirklichung&#8220; dargestellt worden. Nun gehe der &#8222;Kern unserer Kultur&#8220; und damit auch 61 Milliarden schwere &#8222;Leitm\u00e4rkte&#8220; verloren. Daher m\u00fcsse nun rasch eine Art &#8222;Flensburg f\u00fcrs Internet&#8220; eingef\u00fchrt werden.<\/strong><\/p><\/blockquote>\n<p><strong>Susanne Gaschke<\/strong>, Redakteurin bei der Hamburger Wochenzeitung &#8222;Die Zeit&#8220;:<\/p>\n<blockquote><p><strong>&#8222;&#8230; weil mit dieser Regelung <\/strong>[Frau v.d.Leyens Zugansgerschwernisgesetz, Anm. d. Verf.]<strong> ein beliebtes Argument ausgehebelt wird, das bei nahezu allen Rechtsverst\u00f6\u00dfen im Internet auftaucht: Sperrungen seien technisch nicht m\u00f6glich, und falls doch, dann seien sie f\u00fcr die Rechtsbrecher leicht zu umgehen. Wir d\u00fcrfen jetzt festhalten: Sie sind m\u00f6glich, und darauf, dass manche Nutzer sie umgehen k\u00f6nnen, kommt es gar nicht so sehr an. Entscheidend ist zun\u00e4chst einmal, dass die Gesellschaft eine andauernde Rechtsverletzung \u00e4chtet.&#8220;<\/strong><\/p><\/blockquote>\n<p><strong>Romani Rose<\/strong>, Vorsitzender des Zentralrats Deutscher Sinti und Roma,<\/p>\n<blockquote><p><strong>&#8230; hat sich f\u00fcr eine Blockade auch von Hassseiten mithilfe der geplanten staatlichen Filterliste ausgesprochen. Nat\u00fcrlich m\u00fcssten entsprechende rechtsextremistische Inhalte im Web in die inzwischen gesetzlich verankerten Sperrbem\u00fchungen des Bundeskriminalamts (BKA) gegen Kinderpornographie mit aufgenommen werden, erkl\u00e4rte Rose am Rand einer Konferenz gegen die Verbreitung von Hass im Internet am heutigen Donnerstag gegen\u00fcber heise online. Die Sperrung von Hass-Seiten k\u00f6nne nicht in einem Wort genannt werden mit Filtert\u00e4tigkeiten von Diktaturen, politische Meinungen aus dem Netz zu nehmen.<\/strong><\/p><\/blockquote>\n<p><strong>Ursula von der Leyen (CDU), <\/strong>Familienministerin (2009)<strong>:<\/strong><\/p>\n<blockquote><p><strong>&#8222;Mir geht es jetzt um den Kampf gegen die ungehinderte Verbreitung von Bildern vergewaltigter Kinder. Der Straftatbestand Kinderpornografie ist klar abgrenzbar. Doch wir werden weiter Diskussionen f\u00fchren, wie wir Meinungsfreiheit, Demokratie und Menschenw\u00fcrde im Internet im richtigen Ma\u00df erhalten. Sonst droht das gro\u00dfartige Internet ein rechtsfreier Chaosraum zu werden, in dem man hemmungslos mobben, beleidigen und betr\u00fcgen kann. Wo die W\u00fcrde eines anderen verletzt wird, endet die eigene Freiheit. Welche Schritte f\u00fcr den Schutz dieser Grenzen notwendig sind, ist Teil einer unverzichtbaren Debatte, um die die Gesellschaft nicht herumkommt.&#8220;<\/strong><\/p><\/blockquote>\n<p><strong>Gert Weisskirchen,<\/strong> au\u00dfenpolitischer Sprecher der SPD, \u00e4u\u00dfert die These<\/p>\n<blockquote><p><strong>Eine Ausdehnung der Netzsperren auf andere Inhalte als Kinderpornographie sollte klug beachtet werden, z.B. um Antisemitismus besser zu bek\u00e4mpfen.<\/strong><\/p><\/blockquote>\n<p><span id=\"IntelliTXT\"><strong>Joachim Herrmann<\/strong>, bayerischer Innenminister (CSU), nachdem er von jugendschutz.net einen Anstieg rechtsextremer Webseiten in Deutschland vermeldet bekam:<\/span><\/p>\n<blockquote><p><span id=\"IntelliTXT\"> <strong>&#8222;Die Zahlen zeigen, dass wir zur Bek\u00e4mpfung h\u00e4rtere Ma\u00dfnahmen wie eine Sperrung von rechtsextremen Internetseiten dringend brauchen&#8220;<\/strong><\/span><\/p><\/blockquote>\n<p><span>Hinweis: Hier ein <a title=\"netzpolitik.org: Interpretation von Statistiken\" href=\"http:\/\/netzpolitik.org\/2009\/naziwebseiten-glaube-nie-einer-statistik\/\" target=\"_blank\">Kommentar von netzpolitik.org<\/a> zu der Meldung von jugendschutz.net, der die erw\u00e4hnte Statistik ins rechte Licht zur\u00fcckbringt.<\/span><\/p>\n<p><span id=\"IntelliTXT\"><strong>Thomas Kr\u00fcger<\/strong>, <\/span><span id=\"IntelliTXT\">Pr\u00e4sident der Bundeszentrale f\u00fcr politische Bildung, <\/span><span id=\"IntelliTXT\">forderte, dar\u00fcber nachzudenken, die Internetsperre f\u00fcr kinderpornografische Inhalte auf rechtsextreme Seiten auszuweiten: <\/span><\/p>\n<blockquote><p><strong><span id=\"IntelliTXT\">&#8222;Da, wo es einen Straftatbestand gibt, kann eine Netzsperre sinnvoll sein.&#8220; <\/span><\/strong><\/p><\/blockquote>\n<p><span class=\"byline\"><strong>Patricia Wiedemeyer<\/strong>, ZDF-Online-Redaktion, in einem <a title=\"ZDF-blog\" href=\"http:\/\/blog.zdf.de\/zdfdasblog\/2010\/03\/hochste-zeit-fur-netzsperren-g.html\" target=\"_blank\">Blog<\/a> auf ZDF.de : <\/span><\/p>\n<blockquote><p><strong><span class=\"byline\">&#8222;<\/span><span><span style=\"color: #000000;\">Wir haben lange genug gewartet. Auch  Deutschland konnte sich bei dem \u201eKinderpornografie-Gesetz&#8220;, das letztes  Jahr verabschiedet wurde, nicht auf konkrete weitgehende Ma\u00dfnahmen gegen  P\u00e4dophilie und Kinderpornografie im Netz durchringen, hatte die  Internetsperren sogar abgelehnt. Das ist ein Skandal.<\/span><\/span><span class=\"byline\">&#8222;<\/span><\/strong><\/p><\/blockquote>\n<p><span class=\"byline\">Cecilia Mahlstr\u00f6m, EU-Kommissarin f\u00fcr Inneres, die EU-weit <a title=\"Faz.net\" href=\"http:\/\/www.faz.net\/s\/Rub99C3EECA60D84C08AD6B3E60C4EA807F\/Doc~E504B485974C94C7594CED07FFDF66FB9~ATpl~Ecommon~Scontent.html\" target=\"_blank\">per Richtlinie<\/a> Internetsperren einf\u00fchren m\u00f6chte:<\/span><\/p>\n<blockquote><p><strong>&#8222;Gegen die abscheulichen kinderpornographischen Bilder, die nach wie vor  im Internet kursieren, m\u00fcssen wir unbedingt weitere Ma\u00dfnahmen ergreifen.  Die Kommission legt an diesem Montag einen Richtlinienentwurf vor, der  zumindest innerhalb der Europ\u00e4ischen Union mit den dunklen Ecken des  Internets und den kriminellen Bildern von Kindesmissbrauch aufr\u00e4umen  soll.&#8220;<\/strong><\/p><\/blockquote>\n<p><span class=\"byline\"><strong>Dr. G\u00fcnter Krings<\/strong>, CDU-Abgeordneter im Deutschen Bundestag auf <a title=\"G\u00fcnther Krings' Webseite\" href=\"http:\/\/www.guenter-krings.de\/Standpunkt\/K2010M%C3%84R.aspx\" target=\"_blank\">seiner Webseite<\/a> im M\u00e4rz 2010:<\/span><\/p>\n<blockquote><p><strong><span class=\"byline\">&#8222;<\/span>Bei der Abw\u00e4gung zwischen absoluter Internetfreiheit und dem Schutz von  Kindern vor Missbrauch ist mir letzterer deutlich wichtiger. Es mag zwar  sein, dass man durch Sperrung bzw. L\u00f6schung diese perverse Neigung  nicht vollst\u00e4ndig aus dem Internet verbannen kann. Auf konstruktive  Alternativen aus den Reihen der Kritiker, auf Ideen, wie man den Schutz  besser vornehmen kann, warte ich allerdings bislang vergebens.<span class=\"byline\">&#8222;<\/span><\/strong><\/p><\/blockquote>\n<p><strong>Georg Ehrmann<\/strong>, Vorsitzender der Deutschen Kinderhilfe e.V. in einem <a title=\"Osnabr\u00fccker Zeitung\" href=\"http:\/\/www.neue-oz.de\/information\/noz_print\/interviews\/20100330-ehrmann.html\" target=\"_blank\">Interview<\/a> der Neuen Osnabr\u00fccker Zeitung:<\/p>\n<blockquote><p><strong>\u201eDie Bundesregierung sollte den EU-Vorsto\u00df zum Anlass  nehmen, jetzt schnell ein wirksames Internet-Sperrgesetz vorzulegen.\u201c  Netz-Blockaden, die technisch auf der H\u00f6he der Zeit seien, \u201esind ein  wichtiges Mittel gegen Kinderpornografie\u201c<\/strong><\/p><\/blockquote>\n<p><strong>Wolfgang Bosbach<\/strong> (CDU), Vorsitzender des Innenausschusses in einem <a title=\"Frankfurter Rundschau\" href=\"http:\/\/www.fr-online.de\/in_und_ausland\/politik\/aktuell\/2481918_EU-Vorstoss-gegen-Kinderpornografie-Justizministerin-will-Netz-Sperren-stoppen.html\" target=\"_blank\">Gespr\u00e4ch<\/a> mit der Frankfurter Rundschau:<\/p>\n<blockquote><p><strong>&#8222;Damit wird ein einheitlicher Standard geschaffen, um gegen das  grenz\u00fcberschreitende Problem vorzugehen.&#8220; Die Sperren k\u00f6nnten Nutzer  warnen, &#8222;dass sie sich beim n\u00e4chsten Klick strafbar machen&#8220;<\/strong><\/p><\/blockquote>\n<p><strong>Kurt Beck (SPD), <\/strong>Ministerpr\u00e4sident des Landes Rheinland-Pfalz und Vorsitzender der Rundfunkkommission,<strong> <\/strong>nachdem der von ihm ma\u00dfgeblich mitverhandelte Jugendmedienstaatsvertrag gescheitert ist:<\/p>\n<blockquote><p><strong>\u201eFalls die Novellierung scheitert, wird der Weg der koregulierten  Selbstregulierung nicht weiter beschritten, so dass die staatliche  Regulierung von oben Platz greifen wird. Basierend auf den derzeitigen  rechtlichen Grundlagen werden die Jugendschutzbeh\u00f6rden Sperrverf\u00fcgungen  erlassen. Wenn das das ausgemachte Ziel der CDU in Nordrhein-Westfalen  ist, sollten sie an ihrer Linie festhalten\u201c.<\/strong><\/p><\/blockquote>\n<p>Nochmal<strong> G\u00fcnther Krings (CDU)<\/strong>, stellvertretender Vorsitzender der CDU\/CSU-Fraktion im Deutschen Bundestag. Er kommentiert eine BKA-Statistik so:<\/p>\n<blockquote><p><strong>&#8222;Der einseitige Ansatz des L\u00f6schens von Kinderpornoseiten hat sich  als Flop erwiesen. Die Ergebnisse nach einem Jahr  sind eindeutig. Ohne Internetsperren geht es im Kampf  gegen Kinderpornografie nicht. Ich erwarte, dass die Bundesregierung nun Kinderporno-Sperren bei  nachgewiesener Erforderlichkeit auch einsetzt \u2013 so, wie das Gesetz es  vorsieht.&#8220;<\/strong><\/p><\/blockquote>\n<p><strong>Julia Raab<\/strong>, Generalsekret\u00e4rin der SPD in Rheinland-Pfalz:<\/p>\n<blockquote><p><strong>&#8222;Internetsperren, da wo es um Jugendschutz geht: JA.&#8220;<\/strong><\/p><\/blockquote>\n<div class=\"twoclick_social_bookmarks_post_183 social_share_privacy clearfix 1.6.4 locale-de_DE sprite-de_DE\"><\/div><div class=\"twoclick-js\"><script type=\"text\/javascript\">\/* <![CDATA[ *\/\njQuery(document).ready(function($){if($('.twoclick_social_bookmarks_post_183')){$('.twoclick_social_bookmarks_post_183').socialSharePrivacy({\"services\":{\"facebook\":{\"status\":\"on\",\"txt_info\":\"2 Klicks f\\u00fcr mehr Datenschutz: Erst wenn Sie hier klicken, wird der Button aktiv und Sie k\\u00f6nnen Ihre Empfehlung an Facebook senden. Schon beim Aktivieren werden Daten an Dritte \\u00fcbertragen - siehe <em>i<\\\/em>.\",\"perma_option\":\"off\",\"action\":\"recommend\",\"language\":\"de_DE\"},\"twitter\":{\"reply_to\":\"\",\"tweet_text\":\"Bef%C3%BCrworter%20von%20Internetsperren%20%C2%BB%2053%20Cent\",\"status\":\"on\",\"txt_info\":\"2 Klicks f\\u00fcr mehr Datenschutz: Erst wenn Sie hier klicken, wird der Button aktiv und Sie k\\u00f6nnen Ihre Empfehlung an Twitter senden. Schon beim Aktivieren werden Daten an Dritte \\u00fcbertragen - siehe <em>i<\\\/em>.\",\"perma_option\":\"off\",\"language\":\"de\",\"referrer_track\":\"\"},\"gplus\":{\"status\":\"on\",\"txt_info\":\"2 Klicks f\\u00fcr mehr Datenschutz: Erst wenn Sie hier klicken, wird der Button aktiv und Sie k\\u00f6nnen Ihre Empfehlung an Google+ senden. Schon beim Aktivieren werden Daten an Dritte \\u00fcbertragen - siehe <em>i<\\\/em>.\",\"perma_option\":\"off\",\"referrer_track\":\"\"},\"flattr\":{\"uid\":\"\",\"status\":\"on\",\"the_title\":\"Bef%C3%BCrworter%20von%20Internetsperren\",\"the_excerpt\":\"Diese%20Liste%20wird%20im%20Laufe%20der%20Zeit%20erg%C3%A4nzt%2C%20sie%20enth%C3%A4lt%20Personen%2C%20die%20%C3%B6ffentlich%20Vorschl%C3%A4ge%20zur%20Erweiterung%20der%20Sperrliste%20des%20Zugangserschwernisgesetzes%20und%20zu%20generellen%20Internetsperren%20gemacht%20haben.%20Sie%20enth%C3%A4lt%20auch%20Bef%C3%BCrworter%20des%20EU-Vorsto%C3%9Fes%20zur%20Sperrung%20von%20Internetseiten%20mittels%20einer%20EU-Richtlinie.%20Die%20Liste%20ist%20daher%20nicht%20vollst%C3%A4ndig%2C%20die%20jeweiligen%20Zitate%20sind%20jedoch%20sehr%20weitgehe%20...\",\"txt_info\":\"2 Klicks f\\u00fcr mehr Datenschutz: Erst wenn Sie hier klicken, wird der Button aktiv und Sie k\\u00f6nnen Ihre Empfehlung an Flattr senden. Schon beim Aktivieren werden Daten an Dritte \\u00fcbertragen - siehe <em>i<\\\/em>.\",\"perma_option\":\"off\"}},\"txt_help\":\"Wenn Sie diese Felder durch einen Klick aktivieren, werden Informationen an Facebook, Twitter, Flattr, Xing, t3n, LinkedIn, Pinterest oder Google eventuell ins Ausland \\u00fcbertragen und unter Umst\\u00e4nden auch dort gespeichert. N\\u00e4heres erfahren Sie durch einen Klick auf das <em>i<\\\/em>.\",\"settings_perma\":\"Dauerhaft aktivieren und Daten\\u00fcber-tragung zustimmen:\",\"info_link\":\"http:\\\/\\\/www.heise.de\\\/ct\\\/artikel\\\/2-Klicks-fuer-mehr-Datenschutz-1333879.html\",\"uri\":\"https:\\\/\\\/www.brennecke.org\\\/?page_id=183\",\"post_id\":183,\"post_title_referrer_track\":\"Bef%C3%BCrworter+von+Internetsperren\",\"display_infobox\":\"on\"});}});\n\/* ]]> *\/<\/script><\/div>","protected":false},"excerpt":{"rendered":"<p>Diese Liste wird im Laufe der Zeit erg\u00e4nzt, sie enth\u00e4lt Personen, die \u00f6ffentlich Vorschl\u00e4ge zur Erweiterung der Sperrliste des Zugangserschwernisgesetzes und zu generellen Internetsperren gemacht haben. Sie enth\u00e4lt auch Bef\u00fcrworter des EU-Vorsto\u00dfes zur Sperrung von Internetseiten mittels einer EU-Richtlinie. Die &hellip; <a href=\"https:\/\/www.brennecke.org\/?page_id=183\">Weiterlesen <span class=\"meta-nav\">&rarr;<\/span><\/a><\/p>\n","protected":false},"author":1,"featured_media":0,"parent":538,"menu_order":0,"comment_status":"open","ping_status":"open","template":"","meta":{"footnotes":""},"_links":{"self":[{"href":"https:\/\/www.brennecke.org\/index.php?rest_route=\/wp\/v2\/pages\/183"}],"collection":[{"href":"https:\/\/www.brennecke.org\/index.php?rest_route=\/wp\/v2\/pages"}],"about":[{"href":"https:\/\/www.brennecke.org\/index.php?rest_route=\/wp\/v2\/types\/page"}],"author":[{"embeddable":true,"href":"https:\/\/www.brennecke.org\/index.php?rest_route=\/wp\/v2\/users\/1"}],"replies":[{"embeddable":true,"href":"https:\/\/www.brennecke.org\/index.php?rest_route=%2Fwp%2Fv2%2Fcomments&post=183"}],"version-history":[{"count":16,"href":"https:\/\/www.brennecke.org\/index.php?rest_route=\/wp\/v2\/pages\/183\/revisions"}],"predecessor-version":[{"id":542,"href":"https:\/\/www.brennecke.org\/index.php?rest_route=\/wp\/v2\/pages\/183\/revisions\/542"}],"up":[{"embeddable":true,"href":"https:\/\/www.brennecke.org\/index.php?rest_route=\/wp\/v2\/pages\/538"}],"wp:attachment":[{"href":"https:\/\/www.brennecke.org\/index.php?rest_route=%2Fwp%2Fv2%2Fmedia&parent=183"}],"curies":[{"name":"wp","href":"https:\/\/api.w.org\/{rel}","templated":true}]}}