{"id":1842,"date":"2012-11-13T17:54:05","date_gmt":"2012-11-13T15:54:05","guid":{"rendered":"http:\/\/www.brennecke.org\/?page_id=1842"},"modified":"2013-04-24T09:00:49","modified_gmt":"2013-04-24T07:00:49","slug":"neues-von-der-bildrohreneinheit","status":"publish","type":"page","link":"https:\/\/www.brennecke.org\/?page_id=1842","title":{"rendered":"Schaltungen f\u00fcr die Bildr\u00f6hreneinheit"},"content":{"rendered":"<p>Im November 2012 hatte ich Gl\u00fcck bei einer ebay-Auktion, und nun bin ich stolzer Besitzer eines 6105-Baukastens mit Bildr\u00f6hreneinheit (BRE). Es handelt sich dabei um die schwarz-wei\u00dfe R\u00f6hre D5-100, um die Schuco seinerzeit eine Menge Elektronik integriert hat, damit Oszilloskop und TV-Empf\u00e4nger leicht aufzubauen sind.<\/p>\n<div id=\"attachment_2010\" style=\"width: 1034px\" class=\"wp-caption alignnone\"><a href=\"http:\/\/www.brennecke.org\/?attachment_id=2010\" rel=\"attachment wp-att-2010\"><img loading=\"lazy\" decoding=\"async\" aria-describedby=\"caption-attachment-2010\" class=\"size-full wp-image-2010\" alt=\"Frontsicht auf das BRE-Modul\" src=\"http:\/\/www.brennecke.org\/wp-content\/uploads\/2012\/11\/IMG_5157.jpg\" width=\"1024\" height=\"768\" srcset=\"https:\/\/www.brennecke.org\/wp-content\/uploads\/2012\/11\/IMG_5157.jpg 1024w, https:\/\/www.brennecke.org\/wp-content\/uploads\/2012\/11\/IMG_5157-300x225.jpg 300w\" sizes=\"(max-width: 1024px) 100vw, 1024px\" \/><\/a><p id=\"caption-attachment-2010\" class=\"wp-caption-text\">Frontsicht auf das BRE-Modul<\/p><\/div>\n<p>Die im Schaltpunkt eingebaute Platine enth\u00e4lt die folgenden Komponenten, die \u00fcber Schalter wahlweise aktiviert werden k\u00f6nnen:<\/p>\n<ul>\n<li>komplette Oszilloskopschaltung mit w\u00e4hlbarer Zeitablenkung<\/li>\n<li>1-kHz-Sinusgenerator<\/li>\n<li>TV-Horizontalablenkung und Synchrondecoder<\/li>\n<li>27V Versorgungsspannung f\u00fcr analoge TV-Tuner<\/li>\n<\/ul>\n<p>Was f\u00e4ngt man nun heute mit einer solchen Bildr\u00f6hreneinheit an? Nun, man passt sie an die Gegebenheiten an &#8211; neudeutsch hei\u00dft das wohl &#8222;pimpen&#8220;. Dabei ist ein universelles Modul auf Basis von Mikrocontrollertechnik entstanden, das <strong>Bildgenerator-Modul<\/strong>, das folgende Funktionen bietet:<\/p>\n<ul>\n<li><strong>FBAS-Eingangsbuchse<\/strong> (&#8222;Composite Video In&#8220;) &#8211; das ist gew\u00f6hnlich die gelbe Buchse an Video-Ger\u00e4ten. Solche Ger\u00e4te k\u00f6nnen nun \u00fcber das Modul ihre Bilder direkt auf der Bildr\u00f6hre ausgeben. Spezielle Synchronisationen und Einstellungen sind nicht n\u00f6tig &#8211; die Schaltung \u00fcbernimmt alle notwendigen Aufgaben. Auch der an anderer Stelle vorgestellte <a title=\"DVB-T-Tuner\" href=\"http:\/\/www.brennecke.org\/?page_id=1059\">DVB-T-Tuner<\/a> oder das <a title=\"Pong\" href=\"http:\/\/www.brennecke.org\/?page_id=2058\">Pong-Modul<\/a> k\u00f6nnen als Quelle dienen.<\/li>\n<\/ul>\n<p><a href=\"http:\/\/www.brennecke.org\/?attachment_id=2090\" rel=\"attachment wp-att-2090\"><img loading=\"lazy\" decoding=\"async\" class=\"alignnone size-medium wp-image-2090\" alt=\"Testbild FBAS\" src=\"http:\/\/www.brennecke.org\/wp-content\/uploads\/2013\/01\/Testbild-FBAS-300x225.jpg\" width=\"300\" height=\"225\" srcset=\"https:\/\/www.brennecke.org\/wp-content\/uploads\/2013\/01\/Testbild-FBAS-300x225.jpg 300w, https:\/\/www.brennecke.org\/wp-content\/uploads\/2013\/01\/Testbild-FBAS.jpg 1024w\" sizes=\"(max-width: 300px) 100vw, 300px\" \/><\/a>\u00a0\u00a0 <a href=\"http:\/\/www.brennecke.org\/?attachment_id=2085\" rel=\"attachment wp-att-2085\"><img loading=\"lazy\" decoding=\"async\" class=\"alignnone size-medium wp-image-2085\" alt=\"Pong\" src=\"http:\/\/www.brennecke.org\/wp-content\/uploads\/2013\/01\/Pong-300x225.jpg\" width=\"300\" height=\"225\" srcset=\"https:\/\/www.brennecke.org\/wp-content\/uploads\/2013\/01\/Pong-300x225.jpg 300w, https:\/\/www.brennecke.org\/wp-content\/uploads\/2013\/01\/Pong.jpg 1024w\" sizes=\"(max-width: 300px) 100vw, 300px\" \/><\/a><\/p>\n<p>Die beiden Bilder zeigen jeweils Inputs am FBAS-Eingang des Moduls. Der Anschluss des <a title=\"TV-Lab \u2013 Digitales Flachbildfernsehen f\u00fcr die Philips-Bauk\u00e4sten\" href=\"http:\/\/www.brennecke.org\/?page_id=1057\">DVB-T-Tuners<\/a> kann besser \u00fcber ein <a href=\"http:\/\/www.youtube.com\/watch?v=ppYayRZoKXA\">Video<\/a> demonstriert werden.<\/p>\n<ul>\n<li><strong>VGA-Eingangsbuchse<\/strong> &#8211; diese Buchse vertr\u00e4gt VGA in den Aufl\u00f6sungen 640&#215;480 (Standard-VGA mit 60 Hz Bildwiederholrate) und 800&#215;600 (SVGA). Ich hatte zun\u00e4chst vorgesehen, nur die ganz einfache SVGA-Aufl\u00f6sung mit einer Bildwiederholrate von 56Hz zu implementieren, aber es stellte sich bei den Versuchen heraus, dass heutige Computer SVGA nur mit mindestens 60 Hz Bildwiederholrate unterst\u00fctzen. Daher akzeptiert der Eingang nun die Signaltypen VGA und SVGA jeweils mit 60 Hz. Daran k\u00f6nnen neben Computern nat\u00fcrlich auch die VGA-Module und alle anderen Ger\u00e4te angeschlossen werden, die einen VGA-Ausgang bieten.<\/li>\n<\/ul>\n<p><a href=\"http:\/\/www.brennecke.org\/?attachment_id=2092\" rel=\"attachment wp-att-2092\"><img loading=\"lazy\" decoding=\"async\" class=\"alignnone size-medium wp-image-2092\" alt=\"Testbild VGA\" src=\"http:\/\/www.brennecke.org\/wp-content\/uploads\/2013\/01\/Testbild-VGA-300x225.jpg\" width=\"300\" height=\"225\" srcset=\"https:\/\/www.brennecke.org\/wp-content\/uploads\/2013\/01\/Testbild-VGA-300x225.jpg 300w, https:\/\/www.brennecke.org\/wp-content\/uploads\/2013\/01\/Testbild-VGA.jpg 1024w\" sizes=\"(max-width: 300px) 100vw, 300px\" \/><\/a>\u00a0\u00a0<a href=\"http:\/\/www.brennecke.org\/?attachment_id=2084\" rel=\"attachment wp-att-2084\"><img loading=\"lazy\" decoding=\"async\" alt=\"Mit der Kamera aufgenommenes Bild\" src=\"http:\/\/www.brennecke.org\/wp-content\/uploads\/2013\/01\/Kamerabild-PAL-300x225.jpg\" width=\"300\" height=\"225\" \/><\/a>Das Das erste Bild zeigt ein VGA-Testbild (bei 800&#215;600 Punkten), das zweite einen Browser, der diese Seite (Bild oben) zeigt. Lesen kann man leider nichts mehr.<\/p>\n<ul>\n<li>Interner Bildgeber zur Erzeugung von FBAS- und VGA-Signalen &#8211; dieser Bildgeber stellt praktisch einen Ersatz f\u00fcr das Videomodul des EE3023 dar oder dessen Nachfolger, das an anderer Stelle vorgestellte<a title=\"VGA-Module (Mikrocontroller-Technik)\" href=\"http:\/\/www.brennecke.org\/?page_id=1348\"> VGA-Modul<\/a>. Dieser Bildgeber arbeitet nun wahlweise mit FBAS- oder VGA-Frequenzen und stellt neben den Sync-Signalen 8 weitere Ausg\u00e4nge zur Verf\u00fcgung, an denen h\u00f6herfrequente Vertikal- udn Horizontalsignale ausgegeben werden. Die Einsazm\u00f6glichkeiten f\u00fcr diese interne Funktion sind vielf\u00e4ltig und reichen von einfachen Videoversuchen \u00fcber das <a href=\"http:\/\/www.brennecke.org\/?page_id=1240#Videotechnik-Oszilloskop-Modul\">Basic-Oszilloskop<\/a> des EE3023 bis hin zu <a href=\"http:\/\/www.brennecke.org\/?page_id=1082\">Telespielen<\/a>.<\/li>\n<\/ul>\n<p><a href=\"http:\/\/www.brennecke.org\/?attachment_id=2087\" rel=\"attachment wp-att-2087\"><img loading=\"lazy\" decoding=\"async\" class=\"alignnone size-medium wp-image-2087\" alt=\"Schachbrett PAL\" src=\"http:\/\/www.brennecke.org\/wp-content\/uploads\/2013\/01\/Schachbrett-PAL-300x225.jpg\" width=\"300\" height=\"225\" srcset=\"https:\/\/www.brennecke.org\/wp-content\/uploads\/2013\/01\/Schachbrett-PAL-300x225.jpg 300w, https:\/\/www.brennecke.org\/wp-content\/uploads\/2013\/01\/Schachbrett-PAL.jpg 1024w\" sizes=\"(max-width: 300px) 100vw, 300px\" \/><\/a>\u00a0\u00a0 <a href=\"http:\/\/www.brennecke.org\/?attachment_id=2088\" rel=\"attachment wp-att-2088\"><img loading=\"lazy\" decoding=\"async\" class=\"alignnone size-medium wp-image-2088\" alt=\"Schachbrett VGA\" src=\"http:\/\/www.brennecke.org\/wp-content\/uploads\/2013\/01\/Schachbrett-VGA-300x225.jpg\" width=\"300\" height=\"225\" srcset=\"https:\/\/www.brennecke.org\/wp-content\/uploads\/2013\/01\/Schachbrett-VGA-300x225.jpg 300w, https:\/\/www.brennecke.org\/wp-content\/uploads\/2013\/01\/Schachbrett-VGA.jpg 1024w\" sizes=\"(max-width: 300px) 100vw, 300px\" \/><\/a><\/p>\n<p>Die beiden Bilder zeigen das Schachbrettmuster 5.22 aus dem EE3023, die hier an die beiden Eing\u00e4nge f\u00fcr VGA und PAL angeschlossen wurde, damit man die Ergebnisse durch einfaches Umschalten miteinander vergleichen kann.<\/p>\n<div id=\"attachment_2086\" style=\"width: 1034px\" class=\"wp-caption alignnone\"><a href=\"http:\/\/www.brennecke.org\/?attachment_id=2086\" rel=\"attachment wp-att-2086\"><img loading=\"lazy\" decoding=\"async\" aria-describedby=\"caption-attachment-2086\" class=\"size-full wp-image-2086\" alt=\"Schachbrettmuster-Schaltung 5.22\" src=\"http:\/\/www.brennecke.org\/wp-content\/uploads\/2013\/01\/Schachbrett-Aufbau.jpg\" width=\"1024\" height=\"768\" srcset=\"https:\/\/www.brennecke.org\/wp-content\/uploads\/2013\/01\/Schachbrett-Aufbau.jpg 1024w, https:\/\/www.brennecke.org\/wp-content\/uploads\/2013\/01\/Schachbrett-Aufbau-300x225.jpg 300w\" sizes=\"(max-width: 1024px) 100vw, 1024px\" \/><\/a><p id=\"caption-attachment-2086\" class=\"wp-caption-text\">Schachbrettmuster-Schaltung 5.22<\/p><\/div>\n<h2>Aufbau der Schaltung<\/h2>\n<p>Die beiden Bildr\u00f6hreneinheiten aus dem EE2007 und 6105 haben trotz baulicher Unterschiede\u00a0 \u00e4hnliche Eigenschaften, die im wesentlichen durch die der Bildr\u00f6hre vorgeschaltete Elektronik erreicht werden:<\/p>\n<ul>\n<li>Monochrome R\u00f6hren (gr\u00fcn bzw. wei\u00df) &#8211; Farbe hat daher keine Relevanz, Graustufen k\u00f6nnen aber dargestellt werden.<\/li>\n<li>Empfindlichkeit: beide BRE haben vergleichbare Eingangsempfindlichkeiten bei x- und y-Aussteuerung. Dies vereinfacht den Entwurf der Ablenkschaltungen.<\/li>\n<li class=\"size-medium wp-image-2082\">Video-Eingangsfrequenz: beide BRE besitzen eine f\u00fcr TV-Anwendungen recht geringe maximale Eingangsfrequenz von nur 1-2 MHz. Das TV-Bild hat einen Frequenzhub von 5MHz; um VGA-Signale scharf darstellen zu k\u00f6nnen, ben\u00f6tigt man sogar ca. 28-40 MHz. Ein Computer wird sich an dem entstandenen Modul kaum brauchbar betreiben lassen, zumal das Bild auch sehr klein wird.<\/li>\n<\/ul>\n<div id=\"attachment_2082\" style=\"width: 1034px\" class=\"wp-caption alignnone\"><a href=\"http:\/\/www.brennecke.org\/?attachment_id=2082\" rel=\"attachment wp-att-2082\"><img loading=\"lazy\" decoding=\"async\" aria-describedby=\"caption-attachment-2082\" class=\"size-full wp-image-2082\" alt=\"Verwendung als Zusatzmonitor am Notebook\" src=\"http:\/\/www.brennecke.org\/wp-content\/uploads\/2013\/01\/Aufbau-VGA.jpg\" width=\"1024\" height=\"768\" srcset=\"https:\/\/www.brennecke.org\/wp-content\/uploads\/2013\/01\/Aufbau-VGA.jpg 1024w, https:\/\/www.brennecke.org\/wp-content\/uploads\/2013\/01\/Aufbau-VGA-300x225.jpg 300w\" sizes=\"(max-width: 1024px) 100vw, 1024px\" \/><\/a><p id=\"caption-attachment-2082\" class=\"wp-caption-text\">Verwendung als Zusatzmonitor am Notebook<\/p><\/div>\n<p>Die R\u00f6hren selbst k\u00f6nnen also mehr &#8211; hier sollen aber die Bildr\u00f6hreneinheiten des 6105 und des EE2007 und deren Eing\u00e4nge als Grundlage dienen. Dies bedeutete, ganz auf die im 6105 bereits teilweise eingebaute Technik zur Verarbeitung von TV-Signalen zu verzichten. Statt dessen wurden alle ben\u00f6tigten Stufen auf der Platine integriert.<\/p>\n<p>Die folgenden Bilder zeigen die Zusammenarbeit mit der Bildr\u00f6hreneinheit des EE2007. Dank freundlicher Mithilfe von Peter Fromm konnten viele kleine Optimierungen gegen\u00fcber der ersten Version der Platine vorgenommen werden. Das Bild wurde per VGA eingespeist. Es existiert auch ein passendes <a href=\"http:\/\/www.youtube.com\/watch?v=xEhc7T2xrXY\">Video<\/a>.<\/p>\n<p><a href=\"http:\/\/www.brennecke.org\/wp-content\/uploads\/2012\/11\/Platine-U\u0308bersicht1.jpeg\"><img loading=\"lazy\" decoding=\"async\" class=\"alignnone size-medium wp-image-2302\" alt=\"Platine U\u0308bersicht1\" src=\"http:\/\/www.brennecke.org\/wp-content\/uploads\/2012\/11\/Platine-U\u0308bersicht1-300x200.jpeg\" width=\"300\" height=\"200\" srcset=\"https:\/\/www.brennecke.org\/wp-content\/uploads\/2012\/11\/Platine-U\u0308bersicht1-300x200.jpeg 300w, https:\/\/www.brennecke.org\/wp-content\/uploads\/2012\/11\/Platine-U\u0308bersicht1.jpeg 1024w\" sizes=\"(max-width: 300px) 100vw, 300px\" \/><\/a> <a href=\"http:\/\/www.brennecke.org\/wp-content\/uploads\/2012\/11\/Timmendorf_Strand2.jpeg\"><img loading=\"lazy\" decoding=\"async\" class=\"alignnone size-medium wp-image-2305\" alt=\"Timmendorf_Strand2\" src=\"http:\/\/www.brennecke.org\/wp-content\/uploads\/2012\/11\/Timmendorf_Strand2-300x200.jpeg\" width=\"300\" height=\"200\" srcset=\"https:\/\/www.brennecke.org\/wp-content\/uploads\/2012\/11\/Timmendorf_Strand2-300x200.jpeg 300w, https:\/\/www.brennecke.org\/wp-content\/uploads\/2012\/11\/Timmendorf_Strand2.jpeg 1024w\" sizes=\"(max-width: 300px) 100vw, 300px\" \/><\/a><\/p>\n<p>Die komplette Beschreibung des Moduls ist recht umfangreich und nach Baugruppen sortiert auf einzelne Unterseiten verteilt:<\/p>\n<ul>\n<li><a title=\"Blockschaltbild des Bildgenerator-Moduls\" href=\"http:\/\/www.brennecke.org\/?page_id=1988\">Blockschaltbild des Bildgenerators<\/a><\/li>\n<li><a title=\"Verarbeitungsstufe f\u00fcr das VGA-Eingangssignal\" href=\"http:\/\/www.brennecke.org\/?page_id=2015\">Verarbeitungsstufe f\u00fcr das VGA-Eingangssignal<\/a><\/li>\n<li><a title=\"Verarbeitungsstufe f\u00fcr das FBAS-Eingangssignal\" href=\"http:\/\/www.brennecke.org\/?page_id=2017\">Verarbeitungsstufe f\u00fcr das FBAS-Eingangssignal<\/a><\/li>\n<li><a title=\"Signalgeneratoren zur Erzeugung der Synchronimpulse\" href=\"http:\/\/www.brennecke.org\/?page_id=2022\">Signalgeneratoren zur Erzeugung der Synchronimpulse<\/a><\/li>\n<li><a title=\"Horizontale und vertikale Ablenkgeneratoren\" href=\"http:\/\/www.brennecke.org\/?page_id=2024\">Horizontale und vertikale Ablenkgeneratoren<\/a><\/li>\n<li><a title=\"Video-Endstufe\" href=\"http:\/\/www.brennecke.org\/?page_id=2030\">Video-Endstufe<\/a><\/li>\n<li><a title=\"Hinweise zum Anschluss an die Bildr\u00f6hreneinheiten\" href=\"http:\/\/www.brennecke.org\/?page_id=2037\">Hinweise zum Anschluss an die Bildr\u00f6hreneinheiten<\/a><\/li>\n<li><a title=\"Hinweise zum Nachbau des Bildgeneratormoduls\" href=\"http:\/\/www.brennecke.org\/?page_id=2075\">Hinweise zum Nachbau des Bildgeneratormoduls<\/a><\/li>\n<li><a title=\"Funktionsweise der Mikrocontroller\" href=\"http:\/\/www.brennecke.org\/?page_id=2387\">Infos zur Funktionsweise der Mikrocontroller<\/a><\/li>\n<\/ul>\n<p>Videos sagen zumeist mehr, wenn es um bewegte Bilder geht. <a href=\"http:\/\/youtu.be\/URpcE03YY04\">Hier geht&#8217;s zu Youtube<\/a>.<\/p>\n<h2>Erweiterungen<\/h2>\n<p>In Kombination mit dem Bildgenerator-Modul sind dann Erweiterungen denkbar, die komplexere Anwendungen erm\u00f6glichen:<\/p>\n<ul>\n<li>Kamera-Modul: Mini-Kameras sind heute zu g\u00fcnstigen Preisen mit FBAS-Ausgang erh\u00e4ltlich. Es sollte daher kein Problem sein, eine solche Kamera ins Philips-Universum zu integrieren. Das Resultat ist dann auf dem Schirm der Bildr\u00f6hre zu sehen.<\/li>\n<\/ul>\n<p><a href=\"http:\/\/www.brennecke.org\/?attachment_id=2083\" rel=\"attachment wp-att-2083\"><img loading=\"lazy\" decoding=\"async\" class=\"size-medium wp-image-2083\" alt=\"PAL-Kamera\" src=\"http:\/\/www.brennecke.org\/wp-content\/uploads\/2013\/01\/Kamera-300x225.jpg\" width=\"300\" height=\"225\" srcset=\"https:\/\/www.brennecke.org\/wp-content\/uploads\/2013\/01\/Kamera-300x225.jpg 300w, https:\/\/www.brennecke.org\/wp-content\/uploads\/2013\/01\/Kamera.jpg 1024w\" sizes=\"(max-width: 300px) 100vw, 300px\" \/><\/a><a href=\"http:\/\/www.brennecke.org\/?attachment_id=2084\" rel=\"attachment wp-att-2084\">\u00a0\u00a0 <img loading=\"lazy\" decoding=\"async\" alt=\"Mit der Kamera aufgenommenes Bild\" src=\"http:\/\/www.brennecke.org\/wp-content\/uploads\/2013\/01\/Kamerabild-PAL-300x225.jpg\" width=\"300\" height=\"225\" \/><\/a><\/p>\n<ul>\n<li><a title=\"Text-Modul\" href=\"http:\/\/www.brennecke.org\/?page_id=2122\">Text-Modul<\/a>: Um Texte auf der Bildr\u00f6hre darstellen zu k\u00f6nnen, bedarf es einer Entkopplung der bildgebenden Komponenten und der Bildinhalte. In der Computertechnik wird dies durch eine Grafikkarte erreicht, und denselben Weg wird das Text-Modul beschreiten.Dieses Modul kann dann beispielsweise einen Z\u00e4hler auf der BRE bilden &#8211; analog zum <a title=\"Nachbau von Philips\/Schuco-Modulen\" href=\"http:\/\/www.brennecke.org\/?page_id=1244\">Z\u00e4hlerbaustein<\/a><em>. <\/em>Allerdings ist hier die Darstellung nicht auf 99 beschr\u00e4nkt &#8211; und auch nicht aufs reine Vorw\u00e4rtsz\u00e4hlen. Eine andere Anwendung w\u00e4re eine Zeit- oder Frequenzmessung.<\/li>\n<li><a title=\"Farbgrafik-Modul\" href=\"http:\/\/www.brennecke.org\/?page_id=2278\">Grafik-Modul<\/a>: statt Texten k\u00f6nnen nat\u00fcrlich auch Grafiken erzeugt werden. Ein noch in Planung befindliches Modul soll einfache grafische Elemente wie Linien und Balken erzeugen k\u00f6nnen, aber auch Texte. Die Aufl\u00f6sung ist aber eher gering &#8211; 256&#215;236 Punkte in 256 Farben, um die einfachen Mikrocontroller nicht zu \u00fcberfordern. Solch ein Modul kann dann beispielsweise eine Pegelanzeige bilden, bei der\u00a0 ein oder mehrere Balken Signalst\u00e4rken anzeigen.<\/li>\n<li><a title=\"Digitaluhr\" href=\"http:\/\/www.brennecke.org\/?page_id=1922\">Uhr<\/a>: Hier gibt es <a href=\"http:\/\/www.die-wuestens.de\/dindex.htm?\/r5.htm\">sch\u00f6ne Beispiele f\u00fcr Uhren mit Bildr\u00f6hre <\/a>&#8211; allerdings setzen die hier verwendeten Techniken auf niederer Ebene an, indem sie eine echte Vektorgrafik auf den Bildschirm zeichnen und auf ein Zeilenraster v\u00f6llig verzichten. Derzeit sieht es aber danach aus, als lie\u00dfe sich dies nur mit einem komplett anderen Ansatz l\u00f6sen.<\/li>\n<\/ul>\n<h2>Ausblick<\/h2>\n<p>Was bleibt zu tun? Eine Menge, solange das Bessere der Feind des Guten bleibt. Viele Dinge wurden zwischenzeitlich gel\u00f6st, so dass diese Liste immer k\u00fcrzer wird:<\/p>\n<ul>\n<li>Die Linearit\u00e4t der S\u00e4gezahngeneratoren ist auch nicht optimal.<\/li>\n<\/ul>\n<h2>Videos<\/h2>\n<p>Nachfolgend eine Sammlung aller Videos, die rund um das Thema bisher entstanden sind:<\/p>\n<p><a href=\"http:\/\/youtu.be\/3wZ5bfJgCBQ\">Youtube-Video Wingsuit<\/a><br \/>\n<a href=\"http:\/\/youtu.be\/mPKxJcY8qfI\">Youtube-Video Zeichentrick<\/a><br \/>\n<a href=\"http:\/\/www.youtube.com\/watch?v=xEhc7T2xrXY\">EE2007-Beispielvideo<\/a><br \/>\n<a href=\"http:\/\/www.youtube.com\/watch?v=URpcE03YY04\">Erkl\u00e4rung der Komponenten anhand des Prototypen<\/a> (dieser weicht von der endg\u00fcltigen Version noch ab und zeigt teilweise schlechtere Bilder)<br \/>\n<a href=\"http:\/\/youtu.be\/ppYayRZoKXA\">Vergleich BRE und Farb-TV<\/a><\/p>\n<p><a title=\"Schaltpult-Um- und Neubauten\" href=\"http:\/\/www.brennecke.org\/?page_id=1067\">Zur\u00fcck zur Hauptseite<\/a><\/p>\n<div class=\"twoclick_social_bookmarks_post_1842 social_share_privacy clearfix 1.6.4 locale-de_DE sprite-de_DE\"><\/div><div class=\"twoclick-js\"><script type=\"text\/javascript\">\/* <![CDATA[ *\/\njQuery(document).ready(function($){if($('.twoclick_social_bookmarks_post_1842')){$('.twoclick_social_bookmarks_post_1842').socialSharePrivacy({\"services\":{\"facebook\":{\"status\":\"on\",\"txt_info\":\"2 Klicks f\\u00fcr mehr Datenschutz: Erst wenn Sie hier klicken, wird der Button aktiv und Sie k\\u00f6nnen Ihre Empfehlung an Facebook senden. Schon beim Aktivieren werden Daten an Dritte \\u00fcbertragen - siehe <em>i<\\\/em>.\",\"perma_option\":\"off\",\"action\":\"recommend\",\"language\":\"de_DE\"},\"twitter\":{\"reply_to\":\"\",\"tweet_text\":\"Schaltungen%20f%C3%BCr%20die%20Bildr%C3%B6hreneinheit%20%C2%BB%2053%20Cent\",\"status\":\"on\",\"txt_info\":\"2 Klicks f\\u00fcr mehr Datenschutz: Erst wenn Sie hier klicken, wird der Button aktiv und Sie k\\u00f6nnen Ihre Empfehlung an Twitter senden. Schon beim Aktivieren werden Daten an Dritte \\u00fcbertragen - siehe <em>i<\\\/em>.\",\"perma_option\":\"off\",\"language\":\"de\",\"referrer_track\":\"\"},\"gplus\":{\"status\":\"on\",\"txt_info\":\"2 Klicks f\\u00fcr mehr Datenschutz: Erst wenn Sie hier klicken, wird der Button aktiv und Sie k\\u00f6nnen Ihre Empfehlung an Google+ senden. Schon beim Aktivieren werden Daten an Dritte \\u00fcbertragen - siehe <em>i<\\\/em>.\",\"perma_option\":\"off\",\"referrer_track\":\"\"},\"flattr\":{\"uid\":\"\",\"status\":\"on\",\"the_title\":\"Schaltungen%20f%C3%BCr%20die%20Bildr%C3%B6hreneinheit\",\"the_excerpt\":\"Im%20November%202012%20hatte%20ich%20Gl%C3%BCck%20bei%20einer%20ebay-Auktion%2C%20und%20nun%20bin%20ich%20stolzer%20Besitzer%20eines%206105-Baukastens%20mit%20Bildr%C3%B6hreneinheit%20%28BRE%29.%20Es%20handelt%20sich%20dabei%20um%20die%20schwarz-wei%C3%9Fe%20R%C3%B6hre%20D5-100%2C%20um%20die%20Schuco%20seinerzeit%20eine%20Menge%20Elektronik%20integriert%20hat%2C%20damit%20Oszilloskop%20und%20TV-Empf%C3%A4nger%20leicht%20aufzubauen%20sind.%0D%0A%0D%0A%0D%0A%0D%0ADie%20im%20Schaltpunkt%20eingebaute%20Platine%20enth%C3%A4lt%20die%20folgenden%20Komponent%20...\",\"txt_info\":\"2 Klicks f\\u00fcr mehr Datenschutz: Erst wenn Sie hier klicken, wird der Button aktiv und Sie k\\u00f6nnen Ihre Empfehlung an Flattr senden. Schon beim Aktivieren werden Daten an Dritte \\u00fcbertragen - siehe <em>i<\\\/em>.\",\"perma_option\":\"off\"}},\"txt_help\":\"Wenn Sie diese Felder durch einen Klick aktivieren, werden Informationen an Facebook, Twitter, Flattr, Xing, t3n, LinkedIn, Pinterest oder Google eventuell ins Ausland \\u00fcbertragen und unter Umst\\u00e4nden auch dort gespeichert. N\\u00e4heres erfahren Sie durch einen Klick auf das <em>i<\\\/em>.\",\"settings_perma\":\"Dauerhaft aktivieren und Daten\\u00fcber-tragung zustimmen:\",\"info_link\":\"http:\\\/\\\/www.heise.de\\\/ct\\\/artikel\\\/2-Klicks-fuer-mehr-Datenschutz-1333879.html\",\"uri\":\"https:\\\/\\\/www.brennecke.org\\\/?page_id=1842\",\"post_id\":1842,\"post_title_referrer_track\":\"Schaltungen+f%C3%BCr+die+Bildr%C3%B6hreneinheit\",\"display_infobox\":\"on\"});}});\n\/* ]]> *\/<\/script><\/div>","protected":false},"excerpt":{"rendered":"<p>Im November 2012 hatte ich Gl\u00fcck bei einer ebay-Auktion, und nun bin ich stolzer Besitzer eines 6105-Baukastens mit Bildr\u00f6hreneinheit (BRE). Es handelt sich dabei um die schwarz-wei\u00dfe R\u00f6hre D5-100, um die Schuco seinerzeit eine Menge Elektronik integriert hat, damit Oszilloskop &hellip; <a href=\"https:\/\/www.brennecke.org\/?page_id=1842\">Weiterlesen <span class=\"meta-nav\">&rarr;<\/span><\/a><\/p>\n","protected":false},"author":1,"featured_media":2011,"parent":1051,"menu_order":0,"comment_status":"open","ping_status":"open","template":"","meta":{"footnotes":""},"_links":{"self":[{"href":"https:\/\/www.brennecke.org\/index.php?rest_route=\/wp\/v2\/pages\/1842"}],"collection":[{"href":"https:\/\/www.brennecke.org\/index.php?rest_route=\/wp\/v2\/pages"}],"about":[{"href":"https:\/\/www.brennecke.org\/index.php?rest_route=\/wp\/v2\/types\/page"}],"author":[{"embeddable":true,"href":"https:\/\/www.brennecke.org\/index.php?rest_route=\/wp\/v2\/users\/1"}],"replies":[{"embeddable":true,"href":"https:\/\/www.brennecke.org\/index.php?rest_route=%2Fwp%2Fv2%2Fcomments&post=1842"}],"version-history":[{"count":37,"href":"https:\/\/www.brennecke.org\/index.php?rest_route=\/wp\/v2\/pages\/1842\/revisions"}],"predecessor-version":[{"id":2390,"href":"https:\/\/www.brennecke.org\/index.php?rest_route=\/wp\/v2\/pages\/1842\/revisions\/2390"}],"up":[{"embeddable":true,"href":"https:\/\/www.brennecke.org\/index.php?rest_route=\/wp\/v2\/pages\/1051"}],"wp:featuredmedia":[{"embeddable":true,"href":"https:\/\/www.brennecke.org\/index.php?rest_route=\/wp\/v2\/media\/2011"}],"wp:attachment":[{"href":"https:\/\/www.brennecke.org\/index.php?rest_route=%2Fwp%2Fv2%2Fmedia&parent=1842"}],"curies":[{"name":"wp","href":"https:\/\/api.w.org\/{rel}","templated":true}]}}