{"id":2015,"date":"2013-01-07T10:12:19","date_gmt":"2013-01-07T08:12:19","guid":{"rendered":"http:\/\/www.brennecke.org\/?page_id=2015"},"modified":"2013-04-19T10:29:14","modified_gmt":"2013-04-19T08:29:14","slug":"verarbeitungsstufe-fur-das-vga-eingangssignal","status":"publish","type":"page","link":"https:\/\/www.brennecke.org\/?page_id=2015","title":{"rendered":"Verarbeitungsstufe f\u00fcr das VGA-Eingangssignal"},"content":{"rendered":"<p><a href=\"http:\/\/www.brennecke.org\/wp-content\/uploads\/2013\/03\/Schaltplan-BRE-Modul.png\"><img loading=\"lazy\" decoding=\"async\" class=\"alignnone size-large wp-image-2320\" alt=\"Schaltplan BRE-Modul\" src=\"http:\/\/www.brennecke.org\/wp-content\/uploads\/2013\/03\/Schaltplan-BRE-Modul-1024x634.png\" width=\"640\" height=\"396\" srcset=\"https:\/\/www.brennecke.org\/wp-content\/uploads\/2013\/03\/Schaltplan-BRE-Modul-1024x634.png 1024w, https:\/\/www.brennecke.org\/wp-content\/uploads\/2013\/03\/Schaltplan-BRE-Modul-300x185.png 300w, https:\/\/www.brennecke.org\/wp-content\/uploads\/2013\/03\/Schaltplan-BRE-Modul.png 1606w\" sizes=\"(max-width: 640px) 100vw, 640px\" \/><\/a><\/p>\n<p>Das VGA-Signal wird bereits getrennt nach Sync-Signalen und drei Farben \u00fcbertragen. Die Verarbeitungsstufe reduziert sich daher wesentlich auf die Frage, wie die drei Farben sinnvoll gemischt werden, um eine Graustufenaufbereitung zu erm\u00f6glichen.<\/p>\n<p><a href=\"http:\/\/www.brennecke.org\/wp-content\/uploads\/2013\/01\/Verarbeitung-Eingangssignale.png\"><img loading=\"lazy\" decoding=\"async\" alt=\"Verarbeitung Eingangssignale\" src=\"http:\/\/www.brennecke.org\/wp-content\/uploads\/2013\/01\/Verarbeitung-Eingangssignale.png\" width=\"471\" height=\"258\" \/><\/a><\/p>\n<p>Die einfachste Methode ist die Mischung aller drei Signale \u00fcber ein Widerstandsnetzwerk, und genauso arbeitet auch der Prototyp. Das Netzwerk wird pegelreduziert auch \u00fcber einen Widerstand mit Masse verbunden und \u00fcber einen Kondensator direkt mit dem Eingang der Video-Endstufe verbunden &#8211; im Schaltbild links oben zu sehen.<\/p>\n<p>Auf eine Unterst\u00fctzung der automatischen Monitorerkennung DDC wurde verzichtet. Computermonitore k\u00f6nnen hier\u00fcber ihre F\u00e4higkeiten an den angeschlossenen Computer signalisieren. F\u00fcr VGA und SVGA existiert noch eine \u00e4ltere Methode, bei der einzelne Pins des VGA-Steckers gegen Masse kurzgeschlossen werden. Diese Methode wurde hier gew\u00e4hlt und signalisiert nun einen 800&#215;600-SVGA-Schwarz-Wei\u00df-Monitor.<\/p>\n<p>Die Bilder zeigen ein Testbild, das als Hintergrund in 800&#215;600 Punkten unter Windows XP auf einem Laptop eingestellt wurde. Auf beiden Monitoren wird dabei das gleiche Bild dargestellt &#8211; auf der kleinen Bildr\u00f6hre ohne Rand, auf dem Monitordisplay selbst mit Rand.<\/p>\n<p><a href=\"http:\/\/www.brennecke.org\/?attachment_id=2082\" rel=\"attachment wp-att-2082\"><img loading=\"lazy\" decoding=\"async\" class=\"alignnone size-full wp-image-2082\" alt=\"Aufbau VGA\" src=\"http:\/\/www.brennecke.org\/wp-content\/uploads\/2013\/01\/Aufbau-VGA.jpg\" width=\"1024\" height=\"768\" srcset=\"https:\/\/www.brennecke.org\/wp-content\/uploads\/2013\/01\/Aufbau-VGA.jpg 1024w, https:\/\/www.brennecke.org\/wp-content\/uploads\/2013\/01\/Aufbau-VGA-300x225.jpg 300w\" sizes=\"(max-width: 1024px) 100vw, 1024px\" \/><\/a><\/p>\n<p><a href=\"http:\/\/www.brennecke.org\/?attachment_id=2092\" rel=\"attachment wp-att-2092\"><img loading=\"lazy\" decoding=\"async\" class=\"alignnone size-medium wp-image-2092\" alt=\"Testbild VGA\" src=\"http:\/\/www.brennecke.org\/wp-content\/uploads\/2013\/01\/Testbild-VGA-300x225.jpg\" width=\"300\" height=\"225\" srcset=\"https:\/\/www.brennecke.org\/wp-content\/uploads\/2013\/01\/Testbild-VGA-300x225.jpg 300w, https:\/\/www.brennecke.org\/wp-content\/uploads\/2013\/01\/Testbild-VGA.jpg 1024w\" sizes=\"(max-width: 300px) 100vw, 300px\" \/><\/a>\u00a0\u00a0 <a href=\"http:\/\/www.brennecke.org\/?attachment_id=2093\" rel=\"attachment wp-att-2093\"><img loading=\"lazy\" decoding=\"async\" class=\"alignnone size-medium wp-image-2093\" alt=\"Testbild Zahlen VGA\" src=\"http:\/\/www.brennecke.org\/wp-content\/uploads\/2013\/01\/Testbild-Zahlen-VGA-300x225.jpg\" width=\"300\" height=\"225\" srcset=\"https:\/\/www.brennecke.org\/wp-content\/uploads\/2013\/01\/Testbild-Zahlen-VGA-300x225.jpg 300w, https:\/\/www.brennecke.org\/wp-content\/uploads\/2013\/01\/Testbild-Zahlen-VGA.jpg 1024w\" sizes=\"(max-width: 300px) 100vw, 300px\" \/><\/a><\/p>\n<p>Auf dem rechten Bild wurde eine Seite mit einem Sehtestbild im Browser dargestellt. Man erkennt auch bei Vergr\u00f6\u00dferung des Bildes nur die gr\u00f6\u00dferen Buchstaben &#8211; die Ursache ist die geringe Maximalfrequenz des internen Videoverst\u00e4rkers der Bildr\u00f6hre. Ein knackscharfes Bild kann man aus der BRE nicht herausholen. Man muss allerdings sagen, dass das auch mit gew\u00f6hnlichen R\u00f6hrenfernsehern nicht geht.<\/p>\n<p>Das Testbild zeigt auch noch ein weiteres Problem &#8211; es ist zu klein. Oben und unten sowie mehr noch links und rechts fehlt ein St\u00fcck. Es ist mir noch nicht klar, woran das liegt. Offenbar sind die R\u00fccklaufimpulse zu lang &#8211; obwohl ich sie bereits auf ein Minimum reduziert habe.<\/p>\n<p><a title=\"Neues von der Bildr\u00f6hreneinheit\" href=\"http:\/\/www.brennecke.org\/?page_id=1842\">Zur\u00fcck zum Hauptartikel<\/a><\/p>\n<p>&nbsp;<\/p>\n<div class=\"twoclick_social_bookmarks_post_2015 social_share_privacy clearfix 1.6.4 locale-de_DE sprite-de_DE\"><\/div><div class=\"twoclick-js\"><script type=\"text\/javascript\">\/* <![CDATA[ *\/\njQuery(document).ready(function($){if($('.twoclick_social_bookmarks_post_2015')){$('.twoclick_social_bookmarks_post_2015').socialSharePrivacy({\"services\":{\"facebook\":{\"status\":\"on\",\"txt_info\":\"2 Klicks f\\u00fcr mehr Datenschutz: Erst wenn Sie hier klicken, wird der Button aktiv und Sie k\\u00f6nnen Ihre Empfehlung an Facebook senden. Schon beim Aktivieren werden Daten an Dritte \\u00fcbertragen - siehe <em>i<\\\/em>.\",\"perma_option\":\"off\",\"action\":\"recommend\",\"language\":\"de_DE\"},\"twitter\":{\"reply_to\":\"\",\"tweet_text\":\"Verarbeitungsstufe%20f%C3%BCr%20das%20VGA-Eingangssignal%20%C2%BB%2053%20Cent\",\"status\":\"on\",\"txt_info\":\"2 Klicks f\\u00fcr mehr Datenschutz: Erst wenn Sie hier klicken, wird der Button aktiv und Sie k\\u00f6nnen Ihre Empfehlung an Twitter senden. Schon beim Aktivieren werden Daten an Dritte \\u00fcbertragen - siehe <em>i<\\\/em>.\",\"perma_option\":\"off\",\"language\":\"de\",\"referrer_track\":\"\"},\"gplus\":{\"status\":\"on\",\"txt_info\":\"2 Klicks f\\u00fcr mehr Datenschutz: Erst wenn Sie hier klicken, wird der Button aktiv und Sie k\\u00f6nnen Ihre Empfehlung an Google+ senden. Schon beim Aktivieren werden Daten an Dritte \\u00fcbertragen - siehe <em>i<\\\/em>.\",\"perma_option\":\"off\",\"referrer_track\":\"\"},\"flattr\":{\"uid\":\"\",\"status\":\"on\",\"the_title\":\"Verarbeitungsstufe%20f%C3%BCr%20das%20VGA-Eingangssignal\",\"the_excerpt\":\"%0D%0A%0D%0ADas%20VGA-Signal%20wird%20bereits%20getrennt%20nach%20Sync-Signalen%20und%20drei%20Farben%20%C3%BCbertragen.%20Die%20Verarbeitungsstufe%20reduziert%20sich%20daher%20wesentlich%20auf%20die%20Frage%2C%20wie%20die%20drei%20Farben%20sinnvoll%20gemischt%20werden%2C%20um%20eine%20Graustufenaufbereitung%20zu%20erm%C3%B6glichen.%0D%0A%0D%0A%0D%0A%0D%0ADie%20einfachste%20Methode%20ist%20die%20Mischung%20aller%20drei%20Signale%20%C3%BCber%20ein%20Widerstandsnetzwerk%2C%20und%20genauso%20arbeitet%20auch%20der%20Prototyp.%20Das%20Netzw%20...\",\"txt_info\":\"2 Klicks f\\u00fcr mehr Datenschutz: Erst wenn Sie hier klicken, wird der Button aktiv und Sie k\\u00f6nnen Ihre Empfehlung an Flattr senden. Schon beim Aktivieren werden Daten an Dritte \\u00fcbertragen - siehe <em>i<\\\/em>.\",\"perma_option\":\"off\"}},\"txt_help\":\"Wenn Sie diese Felder durch einen Klick aktivieren, werden Informationen an Facebook, Twitter, Flattr, Xing, t3n, LinkedIn, Pinterest oder Google eventuell ins Ausland \\u00fcbertragen und unter Umst\\u00e4nden auch dort gespeichert. N\\u00e4heres erfahren Sie durch einen Klick auf das <em>i<\\\/em>.\",\"settings_perma\":\"Dauerhaft aktivieren und Daten\\u00fcber-tragung zustimmen:\",\"info_link\":\"http:\\\/\\\/www.heise.de\\\/ct\\\/artikel\\\/2-Klicks-fuer-mehr-Datenschutz-1333879.html\",\"uri\":\"https:\\\/\\\/www.brennecke.org\\\/?page_id=2015\",\"post_id\":2015,\"post_title_referrer_track\":\"Verarbeitungsstufe+f%C3%BCr+das+VGA-Eingangssignal\",\"display_infobox\":\"on\"});}});\n\/* ]]> *\/<\/script><\/div>","protected":false},"excerpt":{"rendered":"<p>Das VGA-Signal wird bereits getrennt nach Sync-Signalen und drei Farben \u00fcbertragen. Die Verarbeitungsstufe reduziert sich daher wesentlich auf die Frage, wie die drei Farben sinnvoll gemischt werden, um eine Graustufenaufbereitung zu erm\u00f6glichen. Die einfachste Methode ist die Mischung aller drei &hellip; <a href=\"https:\/\/www.brennecke.org\/?page_id=2015\">Weiterlesen <span class=\"meta-nav\">&rarr;<\/span><\/a><\/p>\n","protected":false},"author":1,"featured_media":2011,"parent":1842,"menu_order":2,"comment_status":"open","ping_status":"open","template":"","meta":{"footnotes":""},"_links":{"self":[{"href":"https:\/\/www.brennecke.org\/index.php?rest_route=\/wp\/v2\/pages\/2015"}],"collection":[{"href":"https:\/\/www.brennecke.org\/index.php?rest_route=\/wp\/v2\/pages"}],"about":[{"href":"https:\/\/www.brennecke.org\/index.php?rest_route=\/wp\/v2\/types\/page"}],"author":[{"embeddable":true,"href":"https:\/\/www.brennecke.org\/index.php?rest_route=\/wp\/v2\/users\/1"}],"replies":[{"embeddable":true,"href":"https:\/\/www.brennecke.org\/index.php?rest_route=%2Fwp%2Fv2%2Fcomments&post=2015"}],"version-history":[{"count":8,"href":"https:\/\/www.brennecke.org\/index.php?rest_route=\/wp\/v2\/pages\/2015\/revisions"}],"predecessor-version":[{"id":2039,"href":"https:\/\/www.brennecke.org\/index.php?rest_route=\/wp\/v2\/pages\/2015\/revisions\/2039"}],"up":[{"embeddable":true,"href":"https:\/\/www.brennecke.org\/index.php?rest_route=\/wp\/v2\/pages\/1842"}],"wp:featuredmedia":[{"embeddable":true,"href":"https:\/\/www.brennecke.org\/index.php?rest_route=\/wp\/v2\/media\/2011"}],"wp:attachment":[{"href":"https:\/\/www.brennecke.org\/index.php?rest_route=%2Fwp%2Fv2%2Fmedia&parent=2015"}],"curies":[{"name":"wp","href":"https:\/\/api.w.org\/{rel}","templated":true}]}}