{"id":2024,"date":"2013-01-07T12:47:41","date_gmt":"2013-01-07T10:47:41","guid":{"rendered":"http:\/\/www.brennecke.org\/?page_id=2024"},"modified":"2013-04-19T10:42:15","modified_gmt":"2013-04-19T08:42:15","slug":"horizontale-und-vertikale-ablenkgeneratoren","status":"publish","type":"page","link":"https:\/\/www.brennecke.org\/?page_id=2024","title":{"rendered":"Horizontale und vertikale Ablenkgeneratoren"},"content":{"rendered":"<p>Bildr\u00f6hren erfordern f\u00fcr einen linearen Bildverlauf S\u00e4gezahn-Oszillatoren. Ein \u00fcber eine Konstantstromquelle geladener Kondensator, der \u00fcber einen kurzen Sync-Impuls entladen wird, kann eine solche S\u00e4gezahnspannung liefern.<\/p>\n<p><a href=\"http:\/\/www.brennecke.org\/wp-content\/uploads\/2013\/03\/Schaltplan-BRE-Modul.png\"><img loading=\"lazy\" decoding=\"async\" class=\"alignnone size-large wp-image-2320\" alt=\"Schaltplan BRE-Modul\" src=\"http:\/\/www.brennecke.org\/wp-content\/uploads\/2013\/03\/Schaltplan-BRE-Modul-1024x634.png\" width=\"640\" height=\"396\" srcset=\"https:\/\/www.brennecke.org\/wp-content\/uploads\/2013\/03\/Schaltplan-BRE-Modul-1024x634.png 1024w, https:\/\/www.brennecke.org\/wp-content\/uploads\/2013\/03\/Schaltplan-BRE-Modul-300x185.png 300w, https:\/\/www.brennecke.org\/wp-content\/uploads\/2013\/03\/Schaltplan-BRE-Modul.png 1606w\" sizes=\"(max-width: 640px) 100vw, 640px\" \/><\/a><\/p>\n<p>Die beiden Generatoren f\u00fcr das horizontale und das vertikale Signal sind weitgehend baugleich und bestehen aus einem Transistorschalter f\u00fcr das Sync-Signal und der eigentlichen Konstantstromquelle, gebildet durch einen weiteren Transistor.<\/p>\n<p><a href=\"http:\/\/www.brennecke.org\/wp-content\/uploads\/2013\/01\/Ablenkversta\u0308rker.png\"><img loading=\"lazy\" decoding=\"async\" alt=\"Ablenkversta\u0308rker\" src=\"http:\/\/www.brennecke.org\/wp-content\/uploads\/2013\/01\/Ablenkversta\u0308rker.png\" width=\"713\" height=\"753\" \/><\/a><\/p>\n<p>Damit das erzeugte Signal m\u00f6glichst lastunabh\u00e4ngig stabil (=linear) bleibt, wurden den beiden Ablenkgeneratoren Impedanzwandler bestehend aus den zwei Operationsverst\u00e4rkern eines NE5532 nachgeschaltet. Deren Eingangsspannung kann \u00fcber Potentiometer geregelt werden &#8211; hier kann der Arbeitspunkt der Operationsverst\u00e4rker und damit die Linearit\u00e4t (in gewissem Umfang auch Bildh\u00f6he und Bildbreite) eingestellt werden. Da beide Verst\u00e4rker invertierend sind, arbeiten die beiden Generatoren umgekehrt:<\/p>\n<ul>\n<li>Der horizontale Ablenkgenerator (im Schaltbild gebildet durch die drei Transistoren und einen Operationsverst\u00e4rker im unteren rechten Bereich) erzeugt ein fallendes S\u00e4gezahnsignal und besteht aus NPN-Transistoren. Nach der Invertierung resultiert dies in einem ansteigenden S\u00e4gezahn und einem Verlauf der Zeilen von links nach rechts.<\/li>\n<li>Der vertikale Ablenkgenerator (im Schaltbild gebildet durch zwei Transistoren und einen Operationsverst\u00e4rker im oberen rechten Bereich) erzeugt ein steigendes S\u00e4gezahnsignal und besteht aus PNP-Transistoren. Nach der Invertierung resultiert dies in einem fallenden S\u00e4gezahn und einem Verlauf des Bildes von oben nach unten.<\/li>\n<\/ul>\n<p>Um bei den unterschiedlichen Betriebsfrequenzen mit 15625 bzw. 31.400 Hz des Horizontalgenerators dessen Bildbreite ungef\u00e4hr konstant zu halten, werden im FBAS-Betriebsfall zwei zus\u00e4tzliche Ladekondensatoren zugeschaltet. Die Vertikalfrequenzen sind mit 50 und 60 Hz nicht so unterschiedlich, so dass eine entsprechende Ma\u00dfnahme hier unterbleiben konnte.<\/p>\n<p>An den Ausg\u00e4ngen der beiden Generatoren sitzen recht niederohmige Einstellpotentiometer, mit denen Bildbreite und -h\u00f6he eingestellt werden k\u00f6nnen.<\/p>\n<p>Die folgenden Bilder zeigen Oszillogramme des FBAS- und des VGA-Rasters sowie die Ablenkspannungen am vertikalen und am horizontalen Ausgang. Man erkennt leichte Unlinearit\u00e4ten im Signal, die vorrangig erst in der OpAmp-Stufe entstehen. Sie k\u00f6nnen durch die Linearpotentiometer minimiert werden.<\/p>\n<p><a href=\"http:\/\/www.brennecke.org\/wp-content\/uploads\/2013\/01\/VGA-Raster.jpg\"><img loading=\"lazy\" decoding=\"async\" class=\"alignnone size-medium wp-image-2332\" alt=\"VGA Raster\" src=\"http:\/\/www.brennecke.org\/wp-content\/uploads\/2013\/01\/VGA-Raster-300x225.jpg\" width=\"300\" height=\"225\" srcset=\"https:\/\/www.brennecke.org\/wp-content\/uploads\/2013\/01\/VGA-Raster-300x225.jpg 300w, https:\/\/www.brennecke.org\/wp-content\/uploads\/2013\/01\/VGA-Raster.jpg 800w\" sizes=\"(max-width: 300px) 100vw, 300px\" \/><\/a> <a href=\"http:\/\/www.brennecke.org\/wp-content\/uploads\/2013\/01\/PAL-Raster.jpg\"><img loading=\"lazy\" decoding=\"async\" class=\"alignnone size-medium wp-image-2331\" alt=\"PAL Raster\" src=\"http:\/\/www.brennecke.org\/wp-content\/uploads\/2013\/01\/PAL-Raster-300x225.jpg\" width=\"300\" height=\"225\" srcset=\"https:\/\/www.brennecke.org\/wp-content\/uploads\/2013\/01\/PAL-Raster-300x225.jpg 300w, https:\/\/www.brennecke.org\/wp-content\/uploads\/2013\/01\/PAL-Raster.jpg 800w\" sizes=\"(max-width: 300px) 100vw, 300px\" \/><\/a><\/p>\n<p><a href=\"http:\/\/www.brennecke.org\/wp-content\/uploads\/2013\/01\/Y-am-Ausgang-PAL.jpg\"><img loading=\"lazy\" decoding=\"async\" class=\"alignnone size-medium wp-image-2335\" alt=\"Y am Ausgang PAL\" src=\"http:\/\/www.brennecke.org\/wp-content\/uploads\/2013\/01\/Y-am-Ausgang-PAL-300x225.jpg\" width=\"300\" height=\"225\" srcset=\"https:\/\/www.brennecke.org\/wp-content\/uploads\/2013\/01\/Y-am-Ausgang-PAL-300x225.jpg 300w, https:\/\/www.brennecke.org\/wp-content\/uploads\/2013\/01\/Y-am-Ausgang-PAL.jpg 800w\" sizes=\"(max-width: 300px) 100vw, 300px\" \/><\/a> <a href=\"http:\/\/www.brennecke.org\/wp-content\/uploads\/2013\/01\/X-am-Ausgang-PAL.jpg\"><img loading=\"lazy\" decoding=\"async\" class=\"alignnone size-medium wp-image-2333\" alt=\"X am Ausgang PAL\" src=\"http:\/\/www.brennecke.org\/wp-content\/uploads\/2013\/01\/X-am-Ausgang-PAL-300x225.jpg\" width=\"300\" height=\"225\" srcset=\"https:\/\/www.brennecke.org\/wp-content\/uploads\/2013\/01\/X-am-Ausgang-PAL-300x225.jpg 300w, https:\/\/www.brennecke.org\/wp-content\/uploads\/2013\/01\/X-am-Ausgang-PAL.jpg 800w\" sizes=\"(max-width: 300px) 100vw, 300px\" \/><\/a><\/p>\n<p><a title=\"Neues von der Bildr\u00f6hreneinheit\" href=\"http:\/\/www.brennecke.org\/?page_id=1842\">Zur\u00fcck zur Hauptseite<\/a><\/p>\n<p>&nbsp;<\/p>\n<p>&nbsp;<\/p>\n<div class=\"twoclick_social_bookmarks_post_2024 social_share_privacy clearfix 1.6.4 locale-de_DE sprite-de_DE\"><\/div><div class=\"twoclick-js\"><script type=\"text\/javascript\">\/* <![CDATA[ *\/\njQuery(document).ready(function($){if($('.twoclick_social_bookmarks_post_2024')){$('.twoclick_social_bookmarks_post_2024').socialSharePrivacy({\"services\":{\"facebook\":{\"status\":\"on\",\"txt_info\":\"2 Klicks f\\u00fcr mehr Datenschutz: Erst wenn Sie hier klicken, wird der Button aktiv und Sie k\\u00f6nnen Ihre Empfehlung an Facebook senden. Schon beim Aktivieren werden Daten an Dritte \\u00fcbertragen - siehe <em>i<\\\/em>.\",\"perma_option\":\"off\",\"action\":\"recommend\",\"language\":\"de_DE\"},\"twitter\":{\"reply_to\":\"\",\"tweet_text\":\"Horizontale%20und%20vertikale%20Ablenkgeneratoren%20%C2%BB%2053%20Cent\",\"status\":\"on\",\"txt_info\":\"2 Klicks f\\u00fcr mehr Datenschutz: Erst wenn Sie hier klicken, wird der Button aktiv und Sie k\\u00f6nnen Ihre Empfehlung an Twitter senden. Schon beim Aktivieren werden Daten an Dritte \\u00fcbertragen - siehe <em>i<\\\/em>.\",\"perma_option\":\"off\",\"language\":\"de\",\"referrer_track\":\"\"},\"gplus\":{\"status\":\"on\",\"txt_info\":\"2 Klicks f\\u00fcr mehr Datenschutz: Erst wenn Sie hier klicken, wird der Button aktiv und Sie k\\u00f6nnen Ihre Empfehlung an Google+ senden. Schon beim Aktivieren werden Daten an Dritte \\u00fcbertragen - siehe <em>i<\\\/em>.\",\"perma_option\":\"off\",\"referrer_track\":\"\"},\"flattr\":{\"uid\":\"\",\"status\":\"on\",\"the_title\":\"Horizontale%20und%20vertikale%20Ablenkgeneratoren\",\"the_excerpt\":\"Bildr%C3%B6hren%20erfordern%20f%C3%BCr%20einen%20linearen%20Bildverlauf%20S%C3%A4gezahn-Oszillatoren.%20Ein%20%C3%BCber%20eine%20Konstantstromquelle%20geladener%20Kondensator%2C%20der%20%C3%BCber%20einen%20kurzen%20Sync-Impuls%20entladen%20wird%2C%20kann%20eine%20solche%20S%C3%A4gezahnspannung%20liefern.%0D%0A%0D%0A%0D%0A%0D%0ADie%20beiden%20Generatoren%20f%C3%BCr%20das%20horizontale%20und%20das%20vertikale%20Signal%20sind%20weitgehend%20baugleich%20und%20bestehen%20aus%20einem%20Transistorschalter%20f%C3%BCr%20das%20Sync-Signal%20und%20der%20e%20...\",\"txt_info\":\"2 Klicks f\\u00fcr mehr Datenschutz: Erst wenn Sie hier klicken, wird der Button aktiv und Sie k\\u00f6nnen Ihre Empfehlung an Flattr senden. Schon beim Aktivieren werden Daten an Dritte \\u00fcbertragen - siehe <em>i<\\\/em>.\",\"perma_option\":\"off\"}},\"txt_help\":\"Wenn Sie diese Felder durch einen Klick aktivieren, werden Informationen an Facebook, Twitter, Flattr, Xing, t3n, LinkedIn, Pinterest oder Google eventuell ins Ausland \\u00fcbertragen und unter Umst\\u00e4nden auch dort gespeichert. N\\u00e4heres erfahren Sie durch einen Klick auf das <em>i<\\\/em>.\",\"settings_perma\":\"Dauerhaft aktivieren und Daten\\u00fcber-tragung zustimmen:\",\"info_link\":\"http:\\\/\\\/www.heise.de\\\/ct\\\/artikel\\\/2-Klicks-fuer-mehr-Datenschutz-1333879.html\",\"uri\":\"https:\\\/\\\/www.brennecke.org\\\/?page_id=2024\",\"post_id\":2024,\"post_title_referrer_track\":\"Horizontale+und+vertikale+Ablenkgeneratoren\",\"display_infobox\":\"on\"});}});\n\/* ]]> *\/<\/script><\/div>","protected":false},"excerpt":{"rendered":"<p>Bildr\u00f6hren erfordern f\u00fcr einen linearen Bildverlauf S\u00e4gezahn-Oszillatoren. Ein \u00fcber eine Konstantstromquelle geladener Kondensator, der \u00fcber einen kurzen Sync-Impuls entladen wird, kann eine solche S\u00e4gezahnspannung liefern. Die beiden Generatoren f\u00fcr das horizontale und das vertikale Signal sind weitgehend baugleich und bestehen &hellip; <a href=\"https:\/\/www.brennecke.org\/?page_id=2024\">Weiterlesen <span class=\"meta-nav\">&rarr;<\/span><\/a><\/p>\n","protected":false},"author":1,"featured_media":2011,"parent":1842,"menu_order":5,"comment_status":"open","ping_status":"open","template":"","meta":{"footnotes":""},"_links":{"self":[{"href":"https:\/\/www.brennecke.org\/index.php?rest_route=\/wp\/v2\/pages\/2024"}],"collection":[{"href":"https:\/\/www.brennecke.org\/index.php?rest_route=\/wp\/v2\/pages"}],"about":[{"href":"https:\/\/www.brennecke.org\/index.php?rest_route=\/wp\/v2\/types\/page"}],"author":[{"embeddable":true,"href":"https:\/\/www.brennecke.org\/index.php?rest_route=\/wp\/v2\/users\/1"}],"replies":[{"embeddable":true,"href":"https:\/\/www.brennecke.org\/index.php?rest_route=%2Fwp%2Fv2%2Fcomments&post=2024"}],"version-history":[{"count":12,"href":"https:\/\/www.brennecke.org\/index.php?rest_route=\/wp\/v2\/pages\/2024\/revisions"}],"predecessor-version":[{"id":2029,"href":"https:\/\/www.brennecke.org\/index.php?rest_route=\/wp\/v2\/pages\/2024\/revisions\/2029"}],"up":[{"embeddable":true,"href":"https:\/\/www.brennecke.org\/index.php?rest_route=\/wp\/v2\/pages\/1842"}],"wp:featuredmedia":[{"embeddable":true,"href":"https:\/\/www.brennecke.org\/index.php?rest_route=\/wp\/v2\/media\/2011"}],"wp:attachment":[{"href":"https:\/\/www.brennecke.org\/index.php?rest_route=%2Fwp%2Fv2%2Fmedia&parent=2024"}],"curies":[{"name":"wp","href":"https:\/\/api.w.org\/{rel}","templated":true}]}}