{"id":2037,"date":"2013-01-07T13:20:58","date_gmt":"2013-01-07T11:20:58","guid":{"rendered":"http:\/\/www.brennecke.org\/?page_id=2037"},"modified":"2013-04-19T09:58:01","modified_gmt":"2013-04-19T07:58:01","slug":"hinweise-zum-anschluss-an-die-bildrohreneinheiten","status":"publish","type":"page","link":"https:\/\/www.brennecke.org\/?page_id=2037","title":{"rendered":"Hinweise zum Anschluss an die Bildr\u00f6hreneinheiten"},"content":{"rendered":"<p>Die erstellte Platine kann mit den Bildr\u00f6hreneinheiten des 6105 und des EE2007 gleicherma\u00dfen betrieben werden. Sie besitzt einen Linearregler vom Typ 7809, um die interne Spannungsversorgung sicherzustellen. Er kann f\u00fcr Versuche mit dem EE2007 (12V-Spannungsversorgung) aktiviert und f\u00fcr die Schuco-BRE per Jumper umgangen werden, so dass die dort \u00fcbliche 9V-Versorgungsspannung direkt anliegt. Hintergrund der 9V-Versorgung ist die Pegelumsetzung von TTL (5V f\u00fcr die Mikrocontroller) zur Standard-Spannungsversorgung. Wenn man mit +9V arbeitet, schalten die CMOS-Gatter 4071 und 4093 perfekt durch. Mit +12V aber versagen sie, da der High-Pegel bei TTL nicht mehr ausreicht, um sie sicher durchzuschalten.<\/p>\n<p>Die beiden S\u00e4gezahngeneratoren haben eine Amplitude von maximal 3Vss und zwei Regler f\u00fcr Bildbreite und -h\u00f6he. Wie bereits in den Hinweisen zur Video-Endstufe beschrieben, sollte bei der EE2007-BRE der Austasteingang benutzt werden, um die Bildr\u00fcckl\u00e4ufe zu unterdr\u00fccken. Die beiden Regler f\u00fcr Breite und H\u00f6he im Schaltpult der 6105-BRE sollten vollst\u00e4ndig aufgedreht werden, da dann deren innere Beschaltung die S\u00e4gezahnsignale am wenigsten verf\u00e4lscht. Wer es nicht glaubt, probiere es aus: das Bild wird links und rechts beschnitten, wenn man statt des auf der Platine eingebauten Bildbreitenreglers den im Schaltpult benutzt.<\/p>\n<p>Die 6105-BRE muss im Modus &#8222;H EXT&#8220; betrieben werden &#8211; dann sind alle internen Funktionen zur Ausgabe horizontaler Steuersignale abgeschaltet. Da die internen Generatoren aber dennoch weiterlaufen, hat die Stellung der anderen Schalter einen gewissen Einfluss auf sichtbare Interferenzen im Bild. Bei mir haben sich die Stellungen &#8222;TV&#8220;, &#8222;0,1&#8220; und &#8222;1&#8220; als die besten Schaltstellungen herauskristallisiert. Man kann das Problem aber auch l\u00f6sen, indem man zwei Stromversorgungen f\u00fcr BRE-Modul und Bildr\u00f6hreneinheit benutzt.<\/p>\n<p>Es findet sich ein Kontrastregler f\u00fcr VGA in direkter Nachbarschaft zur VGA-Eingangsbuchse. Es zeigte sich, dass die beiden Bildr\u00f6hreneinheiten unterschiedlich mit dem VGA-Kontrast umgehen. Daher sollte dieser Regler bei angeschlossenem Computer so eingestellt werden, dass ein kontrastreiches Bild entsteht.<\/p>\n<p>Die Tests mit der EE2007-BRE hat Peter Fromm \u00fcbernommen &#8211; herzlichen Dank daf\u00fcr. Es haben sich beim Live-Test doch einige Optimierungen ergeben, die sich allein aus dem Unterlagenstudium nicht erschlossen h\u00e4tten. Es folgen einige Beispielbilder; ein <a href=\"http:\/\/www.youtube.com\/watch?v=xEhc7T2xrXY\">Video<\/a> existiert ebenfalls.<\/p>\n<p><a href=\"http:\/\/www.brennecke.org\/wp-content\/uploads\/2012\/11\/Platine-U\u0308bersicht2.jpeg\"><img loading=\"lazy\" decoding=\"async\" class=\"alignnone size-medium wp-image-2303\" alt=\"Platine U\u0308bersicht2\" src=\"http:\/\/www.brennecke.org\/wp-content\/uploads\/2012\/11\/Platine-U\u0308bersicht2-300x200.jpeg\" width=\"300\" height=\"200\" srcset=\"https:\/\/www.brennecke.org\/wp-content\/uploads\/2012\/11\/Platine-U\u0308bersicht2-300x200.jpeg 300w, https:\/\/www.brennecke.org\/wp-content\/uploads\/2012\/11\/Platine-U\u0308bersicht2.jpeg 1024w\" sizes=\"(max-width: 300px) 100vw, 300px\" \/><\/a> <a href=\"http:\/\/www.brennecke.org\/wp-content\/uploads\/2012\/11\/Platine-U\u0308bersicht1.jpeg\"><img loading=\"lazy\" decoding=\"async\" class=\"alignnone size-medium wp-image-2302\" alt=\"Platine U\u0308bersicht1\" src=\"http:\/\/www.brennecke.org\/wp-content\/uploads\/2012\/11\/Platine-U\u0308bersicht1-300x200.jpeg\" width=\"300\" height=\"200\" srcset=\"https:\/\/www.brennecke.org\/wp-content\/uploads\/2012\/11\/Platine-U\u0308bersicht1-300x200.jpeg 300w, https:\/\/www.brennecke.org\/wp-content\/uploads\/2012\/11\/Platine-U\u0308bersicht1.jpeg 1024w\" sizes=\"(max-width: 300px) 100vw, 300px\" \/><\/a><\/p>\n<p><a href=\"http:\/\/www.brennecke.org\/wp-content\/uploads\/2012\/11\/Mo\u0308we_in_Niendorf_Hafen.jpg\"><img loading=\"lazy\" decoding=\"async\" class=\"alignnone size-medium wp-image-2301\" alt=\"Mo\u0308we_in_Niendorf_Hafen\" src=\"http:\/\/www.brennecke.org\/wp-content\/uploads\/2012\/11\/Mo\u0308we_in_Niendorf_Hafen-300x154.jpg\" width=\"300\" height=\"154\" srcset=\"https:\/\/www.brennecke.org\/wp-content\/uploads\/2012\/11\/Mo\u0308we_in_Niendorf_Hafen-300x154.jpg 300w, https:\/\/www.brennecke.org\/wp-content\/uploads\/2012\/11\/Mo\u0308we_in_Niendorf_Hafen.jpg 1024w\" sizes=\"(max-width: 300px) 100vw, 300px\" \/> <\/a><a href=\"http:\/\/www.brennecke.org\/wp-content\/uploads\/2012\/11\/Timmendorf_Strand2.jpeg\"><img loading=\"lazy\" decoding=\"async\" class=\"alignnone size-medium wp-image-2305\" alt=\"Timmendorf_Strand2\" src=\"http:\/\/www.brennecke.org\/wp-content\/uploads\/2012\/11\/Timmendorf_Strand2-300x200.jpeg\" width=\"300\" height=\"200\" srcset=\"https:\/\/www.brennecke.org\/wp-content\/uploads\/2012\/11\/Timmendorf_Strand2-300x200.jpeg 300w, https:\/\/www.brennecke.org\/wp-content\/uploads\/2012\/11\/Timmendorf_Strand2.jpeg 1024w\" sizes=\"(max-width: 300px) 100vw, 300px\" \/>\u00a0 <\/a><\/p>\n<p>Zur Nutzbarkeit des VGA-Eingangs sollte folgendes angemerkt werden: Dieser Eingang kann gut f\u00fcr die Experimente des EE3023 genutzt werden oder auch zur Nutzung mit dem an anderer Stelle beschriebenen <a title=\"VGA-Module (Mikrocontroller-Technik)\" href=\"http:\/\/www.brennecke.org\/?page_id=1348\">VGA-Moduls<\/a>. Ein wenig anders sieht es aus, wenn ein Computer angeschlossen wird. Obwohl der VGA-Eingang inzwischen so weit optimiert ist, dass Bilder vollst\u00e4ndig und linear angezeigt werden, mutieren die beiden kleinen Bildr\u00f6hren deshalb noch lange nicht zu Computermonitoren. Die eingebauten Videoverst\u00e4rker der Bildr\u00f6hren erm\u00f6glichen keine hohen Frequenzen, und somit darf an die Bildqualit\u00e4t kein hoher Anspruch gestellt werden &#8211; man sieht dies im <a href=\"http:\/\/www.youtube.com\/watch?v=xEhc7T2xrXY\">Video<\/a>. Der dort dargestellte Text hat eine gigantische Punktgr\u00f6\u00dfe, damit er \u00fcberhaupt lesbar wird. Videos und Bilder k\u00f6nnen aber dargestellt werden, da hier vergleichbare Voraussetzungen gelten wie bei FBAS. Die FBAS-Bilder sind insgesamt aber qualitativ besser, da die R\u00f6hren urspr\u00fcnglich f\u00fcr diesen Bereich (und eben f\u00fcr Video- bzw. Fernsehdarstellung) optimiert waren.<\/p>\n<p><a title=\"Neues von der Bildr\u00f6hreneinheit\" href=\"http:\/\/www.brennecke.org\/?page_id=1842\">Zur\u00fcck zur Hauptseite<\/a><\/p>\n<p>&nbsp;<\/p>\n<p>&nbsp;<\/p>\n<div class=\"twoclick_social_bookmarks_post_2037 social_share_privacy clearfix 1.6.4 locale-de_DE sprite-de_DE\"><\/div><div class=\"twoclick-js\"><script type=\"text\/javascript\">\/* <![CDATA[ *\/\njQuery(document).ready(function($){if($('.twoclick_social_bookmarks_post_2037')){$('.twoclick_social_bookmarks_post_2037').socialSharePrivacy({\"services\":{\"facebook\":{\"status\":\"on\",\"txt_info\":\"2 Klicks f\\u00fcr mehr Datenschutz: Erst wenn Sie hier klicken, wird der Button aktiv und Sie k\\u00f6nnen Ihre Empfehlung an Facebook senden. Schon beim Aktivieren werden Daten an Dritte \\u00fcbertragen - siehe <em>i<\\\/em>.\",\"perma_option\":\"off\",\"action\":\"recommend\",\"language\":\"de_DE\"},\"twitter\":{\"reply_to\":\"\",\"tweet_text\":\"Hinweise%20zum%20Anschluss%20an%20die%20Bildr%C3%B6hreneinheiten%20%C2%BB%2053%20Cent\",\"status\":\"on\",\"txt_info\":\"2 Klicks f\\u00fcr mehr Datenschutz: Erst wenn Sie hier klicken, wird der Button aktiv und Sie k\\u00f6nnen Ihre Empfehlung an Twitter senden. Schon beim Aktivieren werden Daten an Dritte \\u00fcbertragen - siehe <em>i<\\\/em>.\",\"perma_option\":\"off\",\"language\":\"de\",\"referrer_track\":\"\"},\"gplus\":{\"status\":\"on\",\"txt_info\":\"2 Klicks f\\u00fcr mehr Datenschutz: Erst wenn Sie hier klicken, wird der Button aktiv und Sie k\\u00f6nnen Ihre Empfehlung an Google+ senden. Schon beim Aktivieren werden Daten an Dritte \\u00fcbertragen - siehe <em>i<\\\/em>.\",\"perma_option\":\"off\",\"referrer_track\":\"\"},\"flattr\":{\"uid\":\"\",\"status\":\"on\",\"the_title\":\"Hinweise%20zum%20Anschluss%20an%20die%20Bildr%C3%B6hreneinheiten\",\"the_excerpt\":\"Die%20erstellte%20Platine%20kann%20mit%20den%20Bildr%C3%B6hreneinheiten%20des%206105%20und%20des%20EE2007%20gleicherma%C3%9Fen%20betrieben%20werden.%20Sie%20besitzt%20einen%20Linearregler%20vom%20Typ%207809%2C%20um%20die%20interne%20Spannungsversorgung%20sicherzustellen.%20Er%20kann%20f%C3%BCr%20Versuche%20mit%20dem%20EE2007%20%2812V-Spannungsversorgung%29%20aktiviert%20und%20f%C3%BCr%20die%20Schuco-BRE%20per%20Jumper%20umgangen%20werden%2C%20so%20dass%20die%20dort%20%C3%BCbliche%209V-Versorgungsspannung%20direkt%20anliegt.%20H%20...\",\"txt_info\":\"2 Klicks f\\u00fcr mehr Datenschutz: Erst wenn Sie hier klicken, wird der Button aktiv und Sie k\\u00f6nnen Ihre Empfehlung an Flattr senden. Schon beim Aktivieren werden Daten an Dritte \\u00fcbertragen - siehe <em>i<\\\/em>.\",\"perma_option\":\"off\"}},\"txt_help\":\"Wenn Sie diese Felder durch einen Klick aktivieren, werden Informationen an Facebook, Twitter, Flattr, Xing, t3n, LinkedIn, Pinterest oder Google eventuell ins Ausland \\u00fcbertragen und unter Umst\\u00e4nden auch dort gespeichert. N\\u00e4heres erfahren Sie durch einen Klick auf das <em>i<\\\/em>.\",\"settings_perma\":\"Dauerhaft aktivieren und Daten\\u00fcber-tragung zustimmen:\",\"info_link\":\"http:\\\/\\\/www.heise.de\\\/ct\\\/artikel\\\/2-Klicks-fuer-mehr-Datenschutz-1333879.html\",\"uri\":\"https:\\\/\\\/www.brennecke.org\\\/?page_id=2037\",\"post_id\":2037,\"post_title_referrer_track\":\"Hinweise+zum+Anschluss+an+die+Bildr%C3%B6hreneinheiten\",\"display_infobox\":\"on\"});}});\n\/* ]]> *\/<\/script><\/div>","protected":false},"excerpt":{"rendered":"<p>Die erstellte Platine kann mit den Bildr\u00f6hreneinheiten des 6105 und des EE2007 gleicherma\u00dfen betrieben werden. Sie besitzt einen Linearregler vom Typ 7809, um die interne Spannungsversorgung sicherzustellen. Er kann f\u00fcr Versuche mit dem EE2007 (12V-Spannungsversorgung) aktiviert und f\u00fcr die Schuco-BRE &hellip; <a href=\"https:\/\/www.brennecke.org\/?page_id=2037\">Weiterlesen <span class=\"meta-nav\">&rarr;<\/span><\/a><\/p>\n","protected":false},"author":1,"featured_media":2011,"parent":1842,"menu_order":7,"comment_status":"open","ping_status":"open","template":"","meta":{"footnotes":""},"_links":{"self":[{"href":"https:\/\/www.brennecke.org\/index.php?rest_route=\/wp\/v2\/pages\/2037"}],"collection":[{"href":"https:\/\/www.brennecke.org\/index.php?rest_route=\/wp\/v2\/pages"}],"about":[{"href":"https:\/\/www.brennecke.org\/index.php?rest_route=\/wp\/v2\/types\/page"}],"author":[{"embeddable":true,"href":"https:\/\/www.brennecke.org\/index.php?rest_route=\/wp\/v2\/users\/1"}],"replies":[{"embeddable":true,"href":"https:\/\/www.brennecke.org\/index.php?rest_route=%2Fwp%2Fv2%2Fcomments&post=2037"}],"version-history":[{"count":5,"href":"https:\/\/www.brennecke.org\/index.php?rest_route=\/wp\/v2\/pages\/2037\/revisions"}],"predecessor-version":[{"id":2311,"href":"https:\/\/www.brennecke.org\/index.php?rest_route=\/wp\/v2\/pages\/2037\/revisions\/2311"}],"up":[{"embeddable":true,"href":"https:\/\/www.brennecke.org\/index.php?rest_route=\/wp\/v2\/pages\/1842"}],"wp:featuredmedia":[{"embeddable":true,"href":"https:\/\/www.brennecke.org\/index.php?rest_route=\/wp\/v2\/media\/2011"}],"wp:attachment":[{"href":"https:\/\/www.brennecke.org\/index.php?rest_route=%2Fwp%2Fv2%2Fmedia&parent=2037"}],"curies":[{"name":"wp","href":"https:\/\/api.w.org\/{rel}","templated":true}]}}