{"id":2058,"date":"2013-01-11T17:45:05","date_gmt":"2013-01-11T15:45:05","guid":{"rendered":"http:\/\/www.brennecke.org\/?page_id=2058"},"modified":"2013-01-29T14:30:49","modified_gmt":"2013-01-29T12:30:49","slug":"pong","status":"publish","type":"page","link":"https:\/\/www.brennecke.org\/?page_id=2058","title":{"rendered":"Pong"},"content":{"rendered":"<p>Vermutlich kennt es jeder: Pong, das 70er-Jahre-Teletennis auf dem Bildschirm. Entsprechende Konsolen fanden sich damals in vielen Haushalten \u2013 wir hatten seinerzeit auch eins, das zun\u00e4chst der Renner war, dann aber irgendwann in der Ecke verstaubte und vermutlich still und leise entsorgt wurde. Das ganze basiert auf einem einzigen Chip, dem AY-3-8500, der von General Instruments hergestellt wurde und neben dem Teletennis noch ein paar andere Spielvarianten beinhaltet. Der Chip wird nicht mehr hergestellt, ist aber auf ebay noch gut vertreten.<\/p>\n<p>Was liegt also n\u00e4her als ein Pong auf einer Philips-Grundplatte? Die drei ICs rund um den Pong-Chip sind Beiwerk: ein 2x4fach-UND-Gatter 4072 erzeugt aus mehreren Teilsignalen das Videosignal, ein 4011 wird als 2-MHz-Taktgenerator benutzt, und ein 4017 sorgt zusammen mit vier Transistoren f\u00fcr die Spielauswahl auf Tastendruck. An die Ausg\u00e4nge werden zwei Potentiometer angeschlossen \u2013 ich habe sie in 80er-Jahre-Handgeh\u00e4use eingebaut, damit die Sache wohnzimmertauglich und nostalgisch ausschaut. Und wie man auf den Bildern sehen kann, macht sich das Spiel vor dem gro\u00dfen Wohnzimmerfernseher recht gut.<\/p>\n<p><a href=\"http:\/\/www.brennecke.org\/wp-content\/uploads\/2012\/04\/IMG_4669.jpg\"><img loading=\"lazy\" decoding=\"async\" title=\"IMG_4669\" alt=\"\" src=\"http:\/\/www.brennecke.org\/wp-content\/uploads\/2012\/04\/IMG_4669.jpg\" width=\"800\" height=\"600\" \/><\/a><\/p>\n<p>Die Platine hat einen Standard-Video-Ausgang, sie kann daher auch als Bildgeber f\u00fcr die Philips-EE-Fernseher dienen \u2013 und nat\u00fcrlich auch f\u00fcr mein <a title=\"TV-Lab \u2013 Digitales Farbfernsehen im Philips-ABC-Design\" href=\"http:\/\/www.brennecke.org\/?page_id=1079\">Farb-TV-Lab<\/a> und das <a title=\"Neues von der Bildr\u00f6hreneinheit\" href=\"http:\/\/www.brennecke.org\/?page_id=1842\">Bildgenerator-Modul f\u00fcr die Bildr\u00f6hreneinheiten<\/a>. Die Schaltung lie\u00dfe sich vermutlich sogar komplett diskret aufbauen, davon habe ich letztlich abgesehen, weil der AY-3-8500 hochgradig gef\u00e4hrdet sein soll durch statische Elektrizit\u00e4t. Au\u00dferdem hat er einen sehr eingeschr\u00e4nkten Spannungsbereich von 6..7,5V, was auch nicht so richtig Philips-kompatibel ist.<\/p>\n<p><a href=\"http:\/\/www.brennecke.org\/wp-content\/uploads\/2012\/04\/IMG_4672.jpg\"><img loading=\"lazy\" decoding=\"async\" title=\"IMG_4672\" alt=\"\" src=\"http:\/\/www.brennecke.org\/wp-content\/uploads\/2012\/04\/IMG_4672-300x225.jpg\" width=\"300\" height=\"225\" \/><\/a> <a href=\"http:\/\/www.brennecke.org\/wp-content\/uploads\/2012\/04\/IMG_4674.jpg\"><img loading=\"lazy\" decoding=\"async\" title=\"IMG_4674\" alt=\"\" src=\"http:\/\/www.brennecke.org\/wp-content\/uploads\/2012\/04\/IMG_4674-300x225.jpg\" width=\"300\" height=\"225\" \/><\/a><\/p>\n<p>Ein <a href=\"http:\/\/youtu.be\/BOofvoCeERA\">Video mit dem typischen Pong-Sound<\/a> gibts nat\u00fcrlich auch \u2013 dort ist der Ball gerade in einer Deadlock-Situation zwischen den Schl\u00e4gern gefangen.<\/p>\n<p><a href=\"http:\/\/www.brennecke.org\/?attachment_id=2059\" rel=\"attachment wp-att-2059\"><img loading=\"lazy\" decoding=\"async\" class=\"alignnone size-medium wp-image-2059\" alt=\"Pong Bestu\u0308ckung\" src=\"http:\/\/www.brennecke.org\/wp-content\/uploads\/2013\/01\/Pong-Bestu\u0308ckung-300x228.png\" width=\"300\" height=\"228\" srcset=\"https:\/\/www.brennecke.org\/wp-content\/uploads\/2013\/01\/Pong-Bestu\u0308ckung-300x228.png 300w, https:\/\/www.brennecke.org\/wp-content\/uploads\/2013\/01\/Pong-Bestu\u0308ckung-1024x779.png 1024w, https:\/\/www.brennecke.org\/wp-content\/uploads\/2013\/01\/Pong-Bestu\u0308ckung.png 1170w\" sizes=\"(max-width: 300px) 100vw, 300px\" \/> \u00a0<\/a><a href=\"http:\/\/www.brennecke.org\/?attachment_id=2060\" rel=\"attachment wp-att-2060\"><img loading=\"lazy\" decoding=\"async\" class=\"alignnone size-medium wp-image-2060\" alt=\"Pong Layout\" src=\"http:\/\/www.brennecke.org\/wp-content\/uploads\/2013\/01\/Pong-Layout-225x300.png\" width=\"225\" height=\"300\" srcset=\"https:\/\/www.brennecke.org\/wp-content\/uploads\/2013\/01\/Pong-Layout-225x300.png 225w, https:\/\/www.brennecke.org\/wp-content\/uploads\/2013\/01\/Pong-Layout.png 682w\" sizes=\"(max-width: 225px) 100vw, 225px\" \/><\/a><\/p>\n<p><strong>Hinweis<\/strong>: die erste Version des Pong-Moduls enthielt einen Videoausgang mit falschen Pegeln. Das Signal wurde nicht auf jedem TV korrekt dargestellt. Die hier gezeigte Version ber\u00fccksichtigt dies durch ein am Ausgang ge\u00e4ndertes Widerstandsnetzwerk.<\/p>\n<p><a title=\"Videotechnik\" href=\"http:\/\/www.brennecke.org\/?page_id=1240\">Zur\u00fcck zur Hauptseite<\/a><\/p>\n<p>&nbsp;<\/p>\n<div class=\"twoclick_social_bookmarks_post_2058 social_share_privacy clearfix 1.6.4 locale-de_DE sprite-de_DE\"><\/div><div class=\"twoclick-js\"><script type=\"text\/javascript\">\/* <![CDATA[ *\/\njQuery(document).ready(function($){if($('.twoclick_social_bookmarks_post_2058')){$('.twoclick_social_bookmarks_post_2058').socialSharePrivacy({\"services\":{\"facebook\":{\"status\":\"on\",\"txt_info\":\"2 Klicks f\\u00fcr mehr Datenschutz: Erst wenn Sie hier klicken, wird der Button aktiv und Sie k\\u00f6nnen Ihre Empfehlung an Facebook senden. Schon beim Aktivieren werden Daten an Dritte \\u00fcbertragen - siehe <em>i<\\\/em>.\",\"perma_option\":\"off\",\"action\":\"recommend\",\"language\":\"de_DE\"},\"twitter\":{\"reply_to\":\"\",\"tweet_text\":\"Pong%20%C2%BB%2053%20Cent\",\"status\":\"on\",\"txt_info\":\"2 Klicks f\\u00fcr mehr Datenschutz: Erst wenn Sie hier klicken, wird der Button aktiv und Sie k\\u00f6nnen Ihre Empfehlung an Twitter senden. Schon beim Aktivieren werden Daten an Dritte \\u00fcbertragen - siehe <em>i<\\\/em>.\",\"perma_option\":\"off\",\"language\":\"de\",\"referrer_track\":\"\"},\"gplus\":{\"status\":\"on\",\"txt_info\":\"2 Klicks f\\u00fcr mehr Datenschutz: Erst wenn Sie hier klicken, wird der Button aktiv und Sie k\\u00f6nnen Ihre Empfehlung an Google+ senden. Schon beim Aktivieren werden Daten an Dritte \\u00fcbertragen - siehe <em>i<\\\/em>.\",\"perma_option\":\"off\",\"referrer_track\":\"\"},\"flattr\":{\"uid\":\"\",\"status\":\"on\",\"the_title\":\"Pong\",\"the_excerpt\":\"Vermutlich%20kennt%20es%20jeder%3A%20Pong%2C%20das%2070er-Jahre-Teletennis%20auf%20dem%20Bildschirm.%20Entsprechende%20Konsolen%20fanden%20sich%20damals%20in%20vielen%20Haushalten%20%E2%80%93%20wir%20hatten%20seinerzeit%20auch%20eins%2C%20das%20zun%C3%A4chst%20der%20Renner%20war%2C%20dann%20aber%20irgendwann%20in%20der%20Ecke%20verstaubte%20und%20vermutlich%20still%20und%20leise%20entsorgt%20wurde.%20Das%20ganze%20basiert%20auf%20einem%20einzigen%20Chip%2C%20dem%20AY-3-8500%2C%20der%20von%20General%20Instruments%20hergestellt%20w%20...\",\"txt_info\":\"2 Klicks f\\u00fcr mehr Datenschutz: Erst wenn Sie hier klicken, wird der Button aktiv und Sie k\\u00f6nnen Ihre Empfehlung an Flattr senden. Schon beim Aktivieren werden Daten an Dritte \\u00fcbertragen - siehe <em>i<\\\/em>.\",\"perma_option\":\"off\"}},\"txt_help\":\"Wenn Sie diese Felder durch einen Klick aktivieren, werden Informationen an Facebook, Twitter, Flattr, Xing, t3n, LinkedIn, Pinterest oder Google eventuell ins Ausland \\u00fcbertragen und unter Umst\\u00e4nden auch dort gespeichert. N\\u00e4heres erfahren Sie durch einen Klick auf das <em>i<\\\/em>.\",\"settings_perma\":\"Dauerhaft aktivieren und Daten\\u00fcber-tragung zustimmen:\",\"info_link\":\"http:\\\/\\\/www.heise.de\\\/ct\\\/artikel\\\/2-Klicks-fuer-mehr-Datenschutz-1333879.html\",\"uri\":\"https:\\\/\\\/www.brennecke.org\\\/?page_id=2058\",\"post_id\":2058,\"post_title_referrer_track\":\"Pong\",\"display_infobox\":\"on\"});}});\n\/* ]]> *\/<\/script><\/div>","protected":false},"excerpt":{"rendered":"<p>Vermutlich kennt es jeder: Pong, das 70er-Jahre-Teletennis auf dem Bildschirm. Entsprechende Konsolen fanden sich damals in vielen Haushalten \u2013 wir hatten seinerzeit auch eins, das zun\u00e4chst der Renner war, dann aber irgendwann in der Ecke verstaubte und vermutlich still und &hellip; <a href=\"https:\/\/www.brennecke.org\/?page_id=2058\">Weiterlesen <span class=\"meta-nav\">&rarr;<\/span><\/a><\/p>\n","protected":false},"author":1,"featured_media":1488,"parent":1240,"menu_order":30,"comment_status":"open","ping_status":"open","template":"","meta":{"footnotes":""},"_links":{"self":[{"href":"https:\/\/www.brennecke.org\/index.php?rest_route=\/wp\/v2\/pages\/2058"}],"collection":[{"href":"https:\/\/www.brennecke.org\/index.php?rest_route=\/wp\/v2\/pages"}],"about":[{"href":"https:\/\/www.brennecke.org\/index.php?rest_route=\/wp\/v2\/types\/page"}],"author":[{"embeddable":true,"href":"https:\/\/www.brennecke.org\/index.php?rest_route=\/wp\/v2\/users\/1"}],"replies":[{"embeddable":true,"href":"https:\/\/www.brennecke.org\/index.php?rest_route=%2Fwp%2Fv2%2Fcomments&post=2058"}],"version-history":[{"count":4,"href":"https:\/\/www.brennecke.org\/index.php?rest_route=\/wp\/v2\/pages\/2058\/revisions"}],"predecessor-version":[{"id":2144,"href":"https:\/\/www.brennecke.org\/index.php?rest_route=\/wp\/v2\/pages\/2058\/revisions\/2144"}],"up":[{"embeddable":true,"href":"https:\/\/www.brennecke.org\/index.php?rest_route=\/wp\/v2\/pages\/1240"}],"wp:featuredmedia":[{"embeddable":true,"href":"https:\/\/www.brennecke.org\/index.php?rest_route=\/wp\/v2\/media\/1488"}],"wp:attachment":[{"href":"https:\/\/www.brennecke.org\/index.php?rest_route=%2Fwp%2Fv2%2Fmedia&parent=2058"}],"curies":[{"name":"wp","href":"https:\/\/api.w.org\/{rel}","templated":true}]}}