{"id":2452,"date":"2013-05-27T19:43:39","date_gmt":"2013-05-27T17:43:39","guid":{"rendered":"http:\/\/www.brennecke.org\/?page_id=2452"},"modified":"2013-05-27T20:32:58","modified_gmt":"2013-05-27T18:32:58","slug":"mechanischer-aufbau-des-mikrocontroller-labs","status":"publish","type":"page","link":"https:\/\/www.brennecke.org\/?page_id=2452","title":{"rendered":"Mechanischer Aufbau des Mikrocontroller-Labs"},"content":{"rendered":"<h2>\u00a0Platinendesign<\/h2>\n<p>Die Platinen sind allesamt einseitig von Hand mit Gesichtsbr\u00e4uner, Natriumhydroxid- und Natriumpersulfat-L\u00f6sung gefertigt und mit einer konventionellen St\u00e4nderbohrmaschine gelocht worden.<\/p>\n<p><a href=\"http:\/\/www.brennecke.org\/wp-content\/uploads\/2013\/05\/IMG_5355.jpg\"><img loading=\"lazy\" decoding=\"async\" class=\"alignnone size-medium wp-image-2468\" alt=\"IMG_5355\" src=\"http:\/\/www.brennecke.org\/wp-content\/uploads\/2013\/05\/IMG_5355-300x225.jpg\" width=\"300\" height=\"225\" srcset=\"https:\/\/www.brennecke.org\/wp-content\/uploads\/2013\/05\/IMG_5355-300x225.jpg 300w, https:\/\/www.brennecke.org\/wp-content\/uploads\/2013\/05\/IMG_5355.jpg 1024w\" sizes=\"(max-width: 300px) 100vw, 300px\" \/><\/a>\u00a0 <a href=\"http:\/\/www.brennecke.org\/wp-content\/uploads\/2013\/05\/IMG_5354.jpg\"><img loading=\"lazy\" decoding=\"async\" class=\"alignnone size-medium wp-image-2467\" alt=\"IMG_5354\" src=\"http:\/\/www.brennecke.org\/wp-content\/uploads\/2013\/05\/IMG_5354-300x225.jpg\" width=\"300\" height=\"225\" srcset=\"https:\/\/www.brennecke.org\/wp-content\/uploads\/2013\/05\/IMG_5354-300x225.jpg 300w, https:\/\/www.brennecke.org\/wp-content\/uploads\/2013\/05\/IMG_5354.jpg 1024w\" sizes=\"(max-width: 300px) 100vw, 300px\" \/><\/a><\/p>\n<p><a href=\"http:\/\/www.brennecke.org\/wp-content\/uploads\/2013\/05\/IMG_5354.jpg\"><img loading=\"lazy\" decoding=\"async\" class=\"alignnone size-medium wp-image-2467\" alt=\"IMG_5354\" src=\"http:\/\/www.brennecke.org\/wp-content\/uploads\/2013\/05\/IMG_5354-300x225.jpg\" width=\"300\" height=\"225\" srcset=\"https:\/\/www.brennecke.org\/wp-content\/uploads\/2013\/05\/IMG_5354-300x225.jpg 300w, https:\/\/www.brennecke.org\/wp-content\/uploads\/2013\/05\/IMG_5354.jpg 1024w\" sizes=\"(max-width: 300px) 100vw, 300px\" \/><\/a> <a href=\"http:\/\/www.brennecke.org\/wp-content\/uploads\/2013\/05\/IMG_5341.jpg\"><img loading=\"lazy\" decoding=\"async\" class=\"alignnone size-medium wp-image-2459\" alt=\"IMG_5341\" src=\"http:\/\/www.brennecke.org\/wp-content\/uploads\/2013\/05\/IMG_5341-300x225.jpg\" width=\"300\" height=\"225\" srcset=\"https:\/\/www.brennecke.org\/wp-content\/uploads\/2013\/05\/IMG_5341-300x225.jpg 300w, https:\/\/www.brennecke.org\/wp-content\/uploads\/2013\/05\/IMG_5341.jpg 1024w\" sizes=\"(max-width: 300px) 100vw, 300px\" \/><\/a><\/p>\n<p>Die Best\u00fcckung erfolgt ebenfalls konventionell, einzig der AD724 ist nur als SMB-baustein lieferbar, allerdings mit 1,27 mm Abstand zwischen den Pins. Mit ruhiger Hand geht das leicht. Das Dual-Potentiometer zur Lautst\u00e4rkeregelung muss durch die Platine hindurch gef\u00fchrt werden, sie muss also per Dremel mit einem gr\u00f6\u00dferen Loch versehen werden.<\/p>\n<p><a href=\"http:\/\/www.brennecke.org\/wp-content\/uploads\/2013\/05\/Hauptplatine-Bestu\u0308ckung.png\"><img loading=\"lazy\" decoding=\"async\" alt=\"Hauptplatine Bestu\u0308ckung\" src=\"http:\/\/www.brennecke.org\/wp-content\/uploads\/2013\/05\/Hauptplatine-Bestu\u0308ckung-300x216.png\" width=\"300\" height=\"216\" \/><\/a> <a href=\"http:\/\/www.brennecke.org\/wp-content\/uploads\/2013\/05\/Hauptplatine-Layout.png\"><img loading=\"lazy\" decoding=\"async\" alt=\"Hauptplatine Layout\" src=\"http:\/\/www.brennecke.org\/wp-content\/uploads\/2013\/05\/Hauptplatine-Layout-300x218.png\" width=\"300\" height=\"218\" \/><\/a><\/p>\n<p>Platinendesign der Hauptplatine<\/p>\n<p><a href=\"http:\/\/www.brennecke.org\/wp-content\/uploads\/2013\/05\/Pultplatine-links-Bestu\u0308ckung.png\"><img loading=\"lazy\" decoding=\"async\" alt=\"Pultplatine links Bestu\u0308ckung\" src=\"http:\/\/www.brennecke.org\/wp-content\/uploads\/2013\/05\/Pultplatine-links-Bestu\u0308ckung-199x300.png\" width=\"199\" height=\"300\" \/><\/a> <a href=\"http:\/\/www.brennecke.org\/wp-content\/uploads\/2013\/05\/Pultplatine-links-Layout.png\"><img loading=\"lazy\" decoding=\"async\" alt=\"Pultplatine links Layout\" src=\"http:\/\/www.brennecke.org\/wp-content\/uploads\/2013\/05\/Pultplatine-links-Layout-214x300.png\" width=\"214\" height=\"300\" \/><\/a><\/p>\n<p>Platinendesign der linken Pultplatine<\/p>\n<p><a href=\"http:\/\/www.brennecke.org\/wp-content\/uploads\/2013\/05\/Pultplatine-rechts-Bestu\u0308ckung.png\"><img loading=\"lazy\" decoding=\"async\" alt=\"Pultplatine rechts Bestu\u0308ckung\" src=\"http:\/\/www.brennecke.org\/wp-content\/uploads\/2013\/05\/Pultplatine-rechts-Bestu\u0308ckung-193x300.png\" width=\"193\" height=\"300\" \/><\/a> <a href=\"http:\/\/www.brennecke.org\/wp-content\/uploads\/2013\/05\/Pultplatine-rechts-Layout.png\"><img loading=\"lazy\" decoding=\"async\" alt=\"Pultplatine rechts Layout\" src=\"http:\/\/www.brennecke.org\/wp-content\/uploads\/2013\/05\/Pultplatine-rechts-Layout-196x300.png\" width=\"196\" height=\"300\" \/><\/a><\/p>\n<p>Platinendesign der rechten Pultplatine<\/p>\n<p><a href=\"http:\/\/www.brennecke.org\/wp-content\/uploads\/2013\/05\/Stereo-Versta\u0308rker-TDA1519-Bestu\u0308ckung.png\"><img loading=\"lazy\" decoding=\"async\" alt=\"Stereo-Versta\u0308rker TDA1519 Bestu\u0308ckung\" src=\"http:\/\/www.brennecke.org\/wp-content\/uploads\/2013\/05\/Stereo-Versta\u0308rker-TDA1519-Bestu\u0308ckung-300x227.png\" width=\"300\" height=\"227\" \/><\/a> <a href=\"http:\/\/www.brennecke.org\/wp-content\/uploads\/2013\/05\/Stereo-Versta\u0308rker-TDA1519-Layout.png\"><img loading=\"lazy\" decoding=\"async\" alt=\"Stereo-Versta\u0308rker TDA1519 Layout\" src=\"http:\/\/www.brennecke.org\/wp-content\/uploads\/2013\/05\/Stereo-Versta\u0308rker-TDA1519-Layout-300x175.png\" width=\"300\" height=\"175\" \/><\/a><\/p>\n<p>Platinendesign des Stereoverst\u00e4rkers<\/p>\n<h2>Schaltpult-Design<\/h2>\n<p>Der mechanische Aufbau des Mikrocontroller-Lab-Schaltpults unterscheidet sich nicht wesentlich vom Aufbau fr\u00fcherer Schaltpults &#8211; mit einigen Verbesserungen beim Herstellungsprozess.<\/p>\n<p>Das Schaltpult wurde in Handarbeit aus einem Original-6102-Schaltpult hergestellt, indem zun\u00e4chst mit ein paar beherzten Schnitten die Original-Oberfl\u00e4che entfernt und das gesamte Schaltpult entkernt wird. Dabei entfallen zun\u00e4chst die vorderen Befestigungsl\u00f6cher. Diese werden sorgf\u00e4ltig von der Originalplatte abgeschert und k\u00f6nnen dann mittels Hei\u00dfkleber sehr einfach auf der neuen Platte wieder befestigt werden.<\/p>\n<p><a href=\"http:\/\/www.brennecke.org\/wp-content\/uploads\/2013\/05\/IMG_5334.jpg\"><img loading=\"lazy\" decoding=\"async\" class=\"alignnone size-medium wp-image-2453\" alt=\"IMG_5334\" src=\"http:\/\/www.brennecke.org\/wp-content\/uploads\/2013\/05\/IMG_5334-300x225.jpg\" width=\"300\" height=\"225\" srcset=\"https:\/\/www.brennecke.org\/wp-content\/uploads\/2013\/05\/IMG_5334-300x225.jpg 300w, https:\/\/www.brennecke.org\/wp-content\/uploads\/2013\/05\/IMG_5334.jpg 1024w\" sizes=\"(max-width: 300px) 100vw, 300px\" \/><\/a> <a href=\"http:\/\/www.brennecke.org\/wp-content\/uploads\/2013\/05\/IMG_5339.jpg\"><img loading=\"lazy\" decoding=\"async\" class=\"alignnone size-medium wp-image-2457\" alt=\"IMG_5339\" src=\"http:\/\/www.brennecke.org\/wp-content\/uploads\/2013\/05\/IMG_5339-300x225.jpg\" width=\"300\" height=\"225\" srcset=\"https:\/\/www.brennecke.org\/wp-content\/uploads\/2013\/05\/IMG_5339-300x225.jpg 300w, https:\/\/www.brennecke.org\/wp-content\/uploads\/2013\/05\/IMG_5339.jpg 1024w\" sizes=\"(max-width: 300px) 100vw, 300px\" \/><\/a><\/p>\n<p>Der Bildschirm soll sp\u00e4ter stabil in einem Bett liegen k\u00f6nnen, weil er einen Fingerdruck aushalten muss. Dazu wird aus Polystyrolstreifen eine Halterung geklebt &#8211; 3 Streifen \u00fcbereinander ergaben f\u00fcr meinen Bildschirm die richtige H\u00f6he. Vorher muss man allerdings aus der Platinenhalterung allerlei Material herausschneiden &#8211; am Ende ist die Halterung aber stabiler, als sie es im Original war.<\/p>\n<p><a href=\"http:\/\/www.brennecke.org\/wp-content\/uploads\/2013\/05\/IMG_5350.jpg\"><img loading=\"lazy\" decoding=\"async\" class=\"alignnone size-medium wp-image-2465\" alt=\"IMG_5350\" src=\"http:\/\/www.brennecke.org\/wp-content\/uploads\/2013\/05\/IMG_5350-300x225.jpg\" width=\"300\" height=\"225\" srcset=\"https:\/\/www.brennecke.org\/wp-content\/uploads\/2013\/05\/IMG_5350-300x225.jpg 300w, https:\/\/www.brennecke.org\/wp-content\/uploads\/2013\/05\/IMG_5350.jpg 1024w\" sizes=\"(max-width: 300px) 100vw, 300px\" \/><\/a> <a href=\"http:\/\/www.brennecke.org\/wp-content\/uploads\/2013\/05\/IMG_5364.jpg\"><img loading=\"lazy\" decoding=\"async\" class=\"alignnone size-medium wp-image-2473\" alt=\"IMG_5364\" src=\"http:\/\/www.brennecke.org\/wp-content\/uploads\/2013\/05\/IMG_5364-300x225.jpg\" width=\"300\" height=\"225\" srcset=\"https:\/\/www.brennecke.org\/wp-content\/uploads\/2013\/05\/IMG_5364-300x225.jpg 300w, https:\/\/www.brennecke.org\/wp-content\/uploads\/2013\/05\/IMG_5364.jpg 1024w\" sizes=\"(max-width: 300px) 100vw, 300px\" \/><\/a><\/p>\n<p><a href=\"http:\/\/www.brennecke.org\/wp-content\/uploads\/2013\/05\/IMG_5357.jpg\"><img loading=\"lazy\" decoding=\"async\" class=\"alignnone size-medium wp-image-2469\" alt=\"IMG_5357\" src=\"http:\/\/www.brennecke.org\/wp-content\/uploads\/2013\/05\/IMG_5357-300x225.jpg\" width=\"300\" height=\"225\" srcset=\"https:\/\/www.brennecke.org\/wp-content\/uploads\/2013\/05\/IMG_5357-300x225.jpg 300w, https:\/\/www.brennecke.org\/wp-content\/uploads\/2013\/05\/IMG_5357.jpg 1024w\" sizes=\"(max-width: 300px) 100vw, 300px\" \/><\/a> <a href=\"http:\/\/www.brennecke.org\/wp-content\/uploads\/2013\/05\/IMG_5351.jpg\"><img loading=\"lazy\" decoding=\"async\" class=\"alignnone size-medium wp-image-2466\" alt=\"IMG_5351\" src=\"http:\/\/www.brennecke.org\/wp-content\/uploads\/2013\/05\/IMG_5351-300x225.jpg\" width=\"300\" height=\"225\" srcset=\"https:\/\/www.brennecke.org\/wp-content\/uploads\/2013\/05\/IMG_5351-300x225.jpg 300w, https:\/\/www.brennecke.org\/wp-content\/uploads\/2013\/05\/IMG_5351.jpg 1024w\" sizes=\"(max-width: 300px) 100vw, 300px\" \/><\/a><\/p>\n<p>Aus 2mm-Polystyrol wird dann eine neue Platte mit einem scharfen Bastelmesser ausgeschnitten. Das Material ist so weich, dass das Schneiden sehr leicht f\u00e4llt.<\/p>\n<p><a href=\"http:\/\/www.brennecke.org\/wp-content\/uploads\/2013\/05\/IMG_5342.jpg\"><img loading=\"lazy\" decoding=\"async\" alt=\"IMG_5342\" src=\"http:\/\/www.brennecke.org\/wp-content\/uploads\/2013\/05\/IMG_5342-300x225.jpg\" width=\"300\" height=\"225\" \/><\/a> <a href=\"http:\/\/www.brennecke.org\/wp-content\/uploads\/2013\/05\/IMG_5344.jpg\"><img loading=\"lazy\" decoding=\"async\" alt=\"IMG_5344\" src=\"http:\/\/www.brennecke.org\/wp-content\/uploads\/2013\/05\/IMG_5344-300x225.jpg\" width=\"300\" height=\"225\" \/><\/a><\/p>\n<p>Die neue Platte wird gebohrt, die L\u00f6cher f\u00fcr die Schalter ausgeschnitten und mit Plastikkleber mittels einiger Haltestreifen an dem verbliebenen Rahmen befestigt. Es haben sich folgende Bohrungen f\u00fcr die Schalter als gut herausgestellt:<\/p>\n<ul>\n<li>Originalschalter haben einen Au\u00dfenradius von 5,5mm. Der Ein-Aus-Schalter ben\u00f6tigt vier solcher Bohrungen, der Taster zwei. Am besten bohrt man sie zun\u00e4chst mit einem 1,5mm-Bohrer und steigert sich dann. Was dann \u00fcbrig bleibt, kann vorsichtig mit dem Bastelmesser entfernt werden.<\/li>\n<li>Die von mir benutzten Taster haben einen Durchmesser von 3,5 mm und eine Breite von 6 mm. Ich habe gute Erfahjrungen damit gemacht, die Ecken mit 1,.5 mm zu bohren, ein Mittelloch mit 3,5 mm zu setzen und dann den Rest per Bastelmesser zu entfernen.<\/li>\n<li>Der Vollst\u00e4ndigkeit halber: ich verwende nur 3-mm-LEDs, die ich nicht \u00fcber die Oberfl\u00e4che hinausragen lasse, so dass man sie nur einmal bohren, aber sp\u00e4ter das Loch der Klebefolie nicht aufschneiden muss.<\/li>\n<\/ul>\n<p>Die Bedruckung des hinteren Streifens mit den Befestigungsl\u00f6chern erfolgt durch einen aufgeklebten Papierstreifen, der mit dem Laserdrucker bedruckt wird und mit einer transparenten (matten) Klebefolie gesichert wird.<\/p>\n<p><a href=\"http:\/\/www.brennecke.org\/wp-content\/uploads\/2013\/05\/IMG_5345.jpg\"><img loading=\"lazy\" decoding=\"async\" class=\"alignnone size-medium wp-image-2462\" alt=\"IMG_5345\" src=\"http:\/\/www.brennecke.org\/wp-content\/uploads\/2013\/05\/IMG_5345-300x225.jpg\" width=\"300\" height=\"225\" srcset=\"https:\/\/www.brennecke.org\/wp-content\/uploads\/2013\/05\/IMG_5345-300x225.jpg 300w, https:\/\/www.brennecke.org\/wp-content\/uploads\/2013\/05\/IMG_5345.jpg 1024w\" sizes=\"(max-width: 300px) 100vw, 300px\" \/><\/a> <a href=\"http:\/\/www.brennecke.org\/wp-content\/uploads\/2013\/05\/IMG_5347.jpg\"><img loading=\"lazy\" decoding=\"async\" class=\"alignnone size-medium wp-image-2464\" alt=\"IMG_5347\" src=\"http:\/\/www.brennecke.org\/wp-content\/uploads\/2013\/05\/IMG_5347-300x225.jpg\" width=\"300\" height=\"225\" srcset=\"https:\/\/www.brennecke.org\/wp-content\/uploads\/2013\/05\/IMG_5347-300x225.jpg 300w, https:\/\/www.brennecke.org\/wp-content\/uploads\/2013\/05\/IMG_5347.jpg 1024w\" sizes=\"(max-width: 300px) 100vw, 300px\" \/><\/a><\/p>\n<p>Die Frontplatte k\u00f6nnte nun schon mit Rubbelbuchstaben beschriftet werden. Ich habe inzwischen aber gute Erfahrungen damit gemacht, zun\u00e4chst eine hellgraue, gl\u00e4nzende Klebefolie aufzuziehen, die farblich dem Kunststoff des Schaltpults entsprechen sollte. Dahinter verschwinden dann nicht nur die obere und untere Klebekante. sondern auch eventuelle Fehler beim Verleimen mit dem Plastikkleber. Auch kleinere Fehler beim Ausschneiden der L\u00f6cher verschwinden dahinter.<\/p>\n<p><a href=\"http:\/\/www.brennecke.org\/wp-content\/uploads\/2013\/05\/IMG_5360.jpg\"><img loading=\"lazy\" decoding=\"async\" class=\"alignnone size-medium wp-image-2470\" alt=\"IMG_5360\" src=\"http:\/\/www.brennecke.org\/wp-content\/uploads\/2013\/05\/IMG_5360-300x225.jpg\" width=\"300\" height=\"225\" srcset=\"https:\/\/www.brennecke.org\/wp-content\/uploads\/2013\/05\/IMG_5360-300x225.jpg 300w, https:\/\/www.brennecke.org\/wp-content\/uploads\/2013\/05\/IMG_5360.jpg 1024w\" sizes=\"(max-width: 300px) 100vw, 300px\" \/><\/a> <a href=\"http:\/\/www.brennecke.org\/wp-content\/uploads\/2013\/05\/IMG_5362.jpg\"><img loading=\"lazy\" decoding=\"async\" class=\"alignnone size-medium wp-image-2471\" alt=\"IMG_5362\" src=\"http:\/\/www.brennecke.org\/wp-content\/uploads\/2013\/05\/IMG_5362-300x225.jpg\" width=\"300\" height=\"225\" srcset=\"https:\/\/www.brennecke.org\/wp-content\/uploads\/2013\/05\/IMG_5362-300x225.jpg 300w, https:\/\/www.brennecke.org\/wp-content\/uploads\/2013\/05\/IMG_5362.jpg 1024w\" sizes=\"(max-width: 300px) 100vw, 300px\" \/><\/a><\/p>\n<p>Nun erfolgt die Beschriftung der Frontplatte mit Rubbelbuchstaben. Und damit diese sp\u00e4ter nicht gleich wieder abgekratzt werden, wird nochmals eine weitere Folie \u00fcbergezogen &#8211; diesmal eine matte Transparent-Folie. Die L\u00f6cher werden dann mit einem Skalpell sorgf\u00e4ltig ausgeschnitten \u2013 Vorsicht, diese Dinger sind sehr scharf! Das Ergebnis sieht dann wirklich sehr professionell aus &#8211; die Frontplatte wirkt wie aus einem Guss und sieht aus wie neu (was sie ja auch ist).<\/p>\n<p><a href=\"http:\/\/www.brennecke.org\/wp-content\/uploads\/2013\/05\/IMG_5363.jpg\"><img loading=\"lazy\" decoding=\"async\" class=\"alignnone size-medium wp-image-2472\" alt=\"IMG_5363\" src=\"http:\/\/www.brennecke.org\/wp-content\/uploads\/2013\/05\/IMG_5363-300x225.jpg\" width=\"300\" height=\"225\" srcset=\"https:\/\/www.brennecke.org\/wp-content\/uploads\/2013\/05\/IMG_5363-300x225.jpg 300w, https:\/\/www.brennecke.org\/wp-content\/uploads\/2013\/05\/IMG_5363.jpg 1024w\" sizes=\"(max-width: 300px) 100vw, 300px\" \/><\/a> <a href=\"http:\/\/www.brennecke.org\/wp-content\/uploads\/2013\/05\/IMG_5365.jpg\"><img loading=\"lazy\" decoding=\"async\" class=\"alignnone size-medium wp-image-2474\" alt=\"IMG_5365\" src=\"http:\/\/www.brennecke.org\/wp-content\/uploads\/2013\/05\/IMG_5365-300x225.jpg\" width=\"300\" height=\"225\" srcset=\"https:\/\/www.brennecke.org\/wp-content\/uploads\/2013\/05\/IMG_5365-300x225.jpg 300w, https:\/\/www.brennecke.org\/wp-content\/uploads\/2013\/05\/IMG_5365.jpg 1024w\" sizes=\"(max-width: 300px) 100vw, 300px\" \/><\/a> <a href=\"http:\/\/www.brennecke.org\/wp-content\/uploads\/2013\/05\/IMG_5366.jpg\"><img loading=\"lazy\" decoding=\"async\" class=\"alignnone size-medium wp-image-2475\" alt=\"IMG_5366\" src=\"http:\/\/www.brennecke.org\/wp-content\/uploads\/2013\/05\/IMG_5366-300x225.jpg\" width=\"300\" height=\"225\" srcset=\"https:\/\/www.brennecke.org\/wp-content\/uploads\/2013\/05\/IMG_5366-300x225.jpg 300w, https:\/\/www.brennecke.org\/wp-content\/uploads\/2013\/05\/IMG_5366.jpg 1024w\" sizes=\"(max-width: 300px) 100vw, 300px\" \/><\/a> <a href=\"http:\/\/www.brennecke.org\/wp-content\/uploads\/2013\/05\/IMG_5368.jpg\"><img loading=\"lazy\" decoding=\"async\" class=\"alignnone size-medium wp-image-2477\" alt=\"IMG_5368\" src=\"http:\/\/www.brennecke.org\/wp-content\/uploads\/2013\/05\/IMG_5368-300x225.jpg\" width=\"300\" height=\"225\" srcset=\"https:\/\/www.brennecke.org\/wp-content\/uploads\/2013\/05\/IMG_5368-300x225.jpg 300w, https:\/\/www.brennecke.org\/wp-content\/uploads\/2013\/05\/IMG_5368.jpg 1024w\" sizes=\"(max-width: 300px) 100vw, 300px\" \/><\/a><\/p>\n<p>Die Verdrahtung innerhalb des Schaltpults erfolgt durch L\u00f6tverbindungen. Man kann dabei St\u00fcck f\u00fcr St\u00fcck vorgehen und testen, weil alle Komponenten auch in Teilen funktionieren.<\/p>\n<p><a title=\"Mikrocontroller-Lab 2.0\" href=\"http:\/\/www.brennecke.org\/?page_id=2396\">Zur\u00fcck zur Hauptseite<\/a><\/p>\n<div class=\"twoclick_social_bookmarks_post_2452 social_share_privacy clearfix 1.6.4 locale-de_DE sprite-de_DE\"><\/div><div class=\"twoclick-js\"><script type=\"text\/javascript\">\/* <![CDATA[ *\/\njQuery(document).ready(function($){if($('.twoclick_social_bookmarks_post_2452')){$('.twoclick_social_bookmarks_post_2452').socialSharePrivacy({\"services\":{\"facebook\":{\"status\":\"on\",\"txt_info\":\"2 Klicks f\\u00fcr mehr Datenschutz: Erst wenn Sie hier klicken, wird der Button aktiv und Sie k\\u00f6nnen Ihre Empfehlung an Facebook senden. Schon beim Aktivieren werden Daten an Dritte \\u00fcbertragen - siehe <em>i<\\\/em>.\",\"perma_option\":\"off\",\"action\":\"recommend\",\"language\":\"de_DE\"},\"twitter\":{\"reply_to\":\"\",\"tweet_text\":\"Mechanischer%20Aufbau%20des%20Mikrocontroller-Labs%20%C2%BB%2053%20Cent\",\"status\":\"on\",\"txt_info\":\"2 Klicks f\\u00fcr mehr Datenschutz: Erst wenn Sie hier klicken, wird der Button aktiv und Sie k\\u00f6nnen Ihre Empfehlung an Twitter senden. Schon beim Aktivieren werden Daten an Dritte \\u00fcbertragen - siehe <em>i<\\\/em>.\",\"perma_option\":\"off\",\"language\":\"de\",\"referrer_track\":\"\"},\"gplus\":{\"status\":\"on\",\"txt_info\":\"2 Klicks f\\u00fcr mehr Datenschutz: Erst wenn Sie hier klicken, wird der Button aktiv und Sie k\\u00f6nnen Ihre Empfehlung an Google+ senden. Schon beim Aktivieren werden Daten an Dritte \\u00fcbertragen - siehe <em>i<\\\/em>.\",\"perma_option\":\"off\",\"referrer_track\":\"\"},\"flattr\":{\"uid\":\"\",\"status\":\"on\",\"the_title\":\"Mechanischer%20Aufbau%20des%20Mikrocontroller-Labs\",\"the_excerpt\":\"%C2%A0Platinendesign%0D%0ADie%20Platinen%20sind%20allesamt%20einseitig%20von%20Hand%20mit%20Gesichtsbr%C3%A4uner%2C%20Natriumhydroxid-%20und%20Natriumpersulfat-L%C3%B6sung%20gefertigt%20und%20mit%20einer%20konventionellen%20St%C3%A4nderbohrmaschine%20gelocht%20worden.%0D%0A%0D%0A%C2%A0%20%0D%0A%0D%0A%20%0D%0A%0D%0ADie%20Best%C3%BCckung%20erfolgt%20ebenfalls%20konventionell%2C%20einzig%20der%20AD724%20ist%20nur%20als%20SMB-baustein%20lieferbar%2C%20allerdings%20mit%201%2C27%20mm%20Abstand%20zwischen%20den%20Pins.%20Mit%20ruhiger%20Hand%20geht%20das%20%20...\",\"txt_info\":\"2 Klicks f\\u00fcr mehr Datenschutz: Erst wenn Sie hier klicken, wird der Button aktiv und Sie k\\u00f6nnen Ihre Empfehlung an Flattr senden. Schon beim Aktivieren werden Daten an Dritte \\u00fcbertragen - siehe <em>i<\\\/em>.\",\"perma_option\":\"off\"}},\"txt_help\":\"Wenn Sie diese Felder durch einen Klick aktivieren, werden Informationen an Facebook, Twitter, Flattr, Xing, t3n, LinkedIn, Pinterest oder Google eventuell ins Ausland \\u00fcbertragen und unter Umst\\u00e4nden auch dort gespeichert. N\\u00e4heres erfahren Sie durch einen Klick auf das <em>i<\\\/em>.\",\"settings_perma\":\"Dauerhaft aktivieren und Daten\\u00fcber-tragung zustimmen:\",\"info_link\":\"http:\\\/\\\/www.heise.de\\\/ct\\\/artikel\\\/2-Klicks-fuer-mehr-Datenschutz-1333879.html\",\"uri\":\"https:\\\/\\\/www.brennecke.org\\\/?page_id=2452\",\"post_id\":2452,\"post_title_referrer_track\":\"Mechanischer+Aufbau+des+Mikrocontroller-Labs\",\"display_infobox\":\"on\"});}});\n\/* ]]> *\/<\/script><\/div>","protected":false},"excerpt":{"rendered":"<p>\u00a0Platinendesign Die Platinen sind allesamt einseitig von Hand mit Gesichtsbr\u00e4uner, Natriumhydroxid- und Natriumpersulfat-L\u00f6sung gefertigt und mit einer konventionellen St\u00e4nderbohrmaschine gelocht worden. \u00a0 Die Best\u00fcckung erfolgt ebenfalls konventionell, einzig der AD724 ist nur als SMB-baustein lieferbar, allerdings mit 1,27 mm Abstand &hellip; <a href=\"https:\/\/www.brennecke.org\/?page_id=2452\">Weiterlesen <span class=\"meta-nav\">&rarr;<\/span><\/a><\/p>\n","protected":false},"author":1,"featured_media":2444,"parent":2396,"menu_order":3,"comment_status":"open","ping_status":"open","template":"","meta":{"footnotes":""},"_links":{"self":[{"href":"https:\/\/www.brennecke.org\/index.php?rest_route=\/wp\/v2\/pages\/2452"}],"collection":[{"href":"https:\/\/www.brennecke.org\/index.php?rest_route=\/wp\/v2\/pages"}],"about":[{"href":"https:\/\/www.brennecke.org\/index.php?rest_route=\/wp\/v2\/types\/page"}],"author":[{"embeddable":true,"href":"https:\/\/www.brennecke.org\/index.php?rest_route=\/wp\/v2\/users\/1"}],"replies":[{"embeddable":true,"href":"https:\/\/www.brennecke.org\/index.php?rest_route=%2Fwp%2Fv2%2Fcomments&post=2452"}],"version-history":[{"count":5,"href":"https:\/\/www.brennecke.org\/index.php?rest_route=\/wp\/v2\/pages\/2452\/revisions"}],"predecessor-version":[{"id":2502,"href":"https:\/\/www.brennecke.org\/index.php?rest_route=\/wp\/v2\/pages\/2452\/revisions\/2502"}],"up":[{"embeddable":true,"href":"https:\/\/www.brennecke.org\/index.php?rest_route=\/wp\/v2\/pages\/2396"}],"wp:featuredmedia":[{"embeddable":true,"href":"https:\/\/www.brennecke.org\/index.php?rest_route=\/wp\/v2\/media\/2444"}],"wp:attachment":[{"href":"https:\/\/www.brennecke.org\/index.php?rest_route=%2Fwp%2Fv2%2Fmedia&parent=2452"}],"curies":[{"name":"wp","href":"https:\/\/api.w.org\/{rel}","templated":true}]}}