{"id":2795,"date":"2014-02-05T17:50:33","date_gmt":"2014-02-05T15:50:33","guid":{"rendered":"http:\/\/www.brennecke.org\/?page_id=2795"},"modified":"2014-05-03T12:52:44","modified_gmt":"2014-05-03T10:52:44","slug":"universelle-bildroehreneinheit","status":"publish","type":"page","link":"https:\/\/www.brennecke.org\/?page_id=2795","title":{"rendered":"Universelle Bildr\u00f6hreneinheit"},"content":{"rendered":"<h2>Einleitung<\/h2>\n<p>In den vergangenen Jahren wurde ich hier und auch in diversen Foren regelm\u00e4\u00dfig gefragt, warum ich nicht auch einmal die Bildr\u00f6hreneinheiten nachbauen wollte. Nun, ich wollte nicht, weil einerseits so ein Nachbau alter R\u00f6hrentechnik keine Verbindung zu neuer Technik schafft und somit nicht mein Ziel ist, und weil zum anderen die nachgebaute R\u00f6hre dann wenigstens in einem ebenso attraktiven durchsichtigen Geh\u00e4use Platz finden sollte wie das Original &#8211; dazu sah ich mich nicht in der Lage.<\/p>\n<p>Inzwischen hat sich die Lage ein wenig ge\u00e4ndert. Auf ebay werden R\u00f6hren und ganze EE2007-K\u00e4sten zu exorbitanten Preisen angeboten &#8211; da musste es doch eine M\u00f6glichkeit geben, das ganze auf Basis heutiger Bauteile einfacher zu produzieren. Und zudem habe ich einen Hersteller bzw. Anbieter von edlen Plexiglasgeh\u00e4usen gefunden. Damit war der Anreiz gegeben, und los ging es.<\/p>\n<p><a href=\"http:\/\/www.brennecke.org\/wp-content\/uploads\/2014\/02\/Schra\u0308gansicht.jpg\"><img loading=\"lazy\" decoding=\"async\" class=\"alignnone size-medium wp-image-2834\" alt=\"Schra\u0308gansicht\" src=\"http:\/\/www.brennecke.org\/wp-content\/uploads\/2014\/02\/Schra\u0308gansicht-300x225.jpg\" width=\"300\" height=\"225\" srcset=\"https:\/\/www.brennecke.org\/wp-content\/uploads\/2014\/02\/Schra\u0308gansicht-300x225.jpg 300w, https:\/\/www.brennecke.org\/wp-content\/uploads\/2014\/02\/Schra\u0308gansicht.jpg 1024w\" sizes=\"(max-width: 300px) 100vw, 300px\" \/><\/a> <a href=\"http:\/\/www.brennecke.org\/wp-content\/uploads\/2014\/03\/IMG_6082.jpg\"><img loading=\"lazy\" decoding=\"async\" class=\"alignnone size-medium wp-image-2960\" alt=\"IMG_6082\" src=\"http:\/\/www.brennecke.org\/wp-content\/uploads\/2014\/03\/IMG_6082-300x225.jpg\" width=\"300\" height=\"225\" srcset=\"https:\/\/www.brennecke.org\/wp-content\/uploads\/2014\/03\/IMG_6082-300x225.jpg 300w, https:\/\/www.brennecke.org\/wp-content\/uploads\/2014\/03\/IMG_6082.jpg 1024w\" sizes=\"(max-width: 300px) 100vw, 300px\" \/><\/a><\/p>\n<p>Solche Gro\u00dfprojekte machen im Team meistens mehr Spa\u00df, also fand ich zwei kompetente Mitstreiter aus dem rigert-Forum, Lutz und Beat aka &#8222;Bambini&#8220;. Beide haben Erfahrung mit Bildr\u00f6hrentechnik, und zu dritt haben wir das Projekt &#8222;universelle Bildr\u00f6hreneinheit&#8220; gestartet. Die folgenden Seiten dokumentieren den Fortschritt und die Ziele der Arbeiten.<\/p>\n<h2>Ziel des Projekts<\/h2>\n<p>Wie bereits erw\u00e4hnt, sollte am Ende des Projekts kein Nachbau einer bestehenden Bildr\u00f6hreneinheit stehen, sondern etwas Neues, einfach Nachzubauendes, das zudem auch noch gut aussieht. Wir beschlossen daher, einige Kompromisse zu machen bzw. nicht zu machen:<\/p>\n<ul>\n<li>Bildr\u00f6hrentyp: Wir wollten uns nicht auf eine bestimmte R\u00f6hre festlegen. Es schien sinnvoll, Oszilloskopr\u00f6hren mit 6,3V-Heizung und Ablenkplatten zu verwenden, aber selbst das ist keine zwingende Voraussetzung. Die folgenden Beispiele nutzen aber ausschlie\u00dflich solche R\u00f6hren. Die DG7\/32 der Original-Bildr\u00f6hreneinheit des EE2007 geh\u00f6rt zu dieser Kategorie. Die kleine Spielzeugr\u00f6hre D5-100 aus dem Schuco-TV-Lab hingegen hat eine Heizspannung von weniger als einem Volt und bleibt daher au\u00dfen vor. Mein pers\u00f6nlicher Wunsch war, eine rechteckige R\u00f6hre zu bekommen &#8211; und damit auch ein gr\u00f6\u00dferes Bild.<\/li>\n<li>Spannungsversorgung: Die Original-Bildr\u00f6hren haben eine Batterie-Spannungsversorgung. Im Sinne der Nutzung als Kinderspielzeug ist das richtig. Aber wir befinden uns hier unter Erwachsenen, daher sollte eine Bildr\u00f6hreneinheit mit eigenem Netzanschluss und eigenem Trafo im Bereich des M\u00f6glichen sein. Das schont die Umwelt (weniger leere Batterien) und vereinfacht die Konstruktion an vielen Stellen, wie noch zu zeigen sein wird.<\/li>\n<li>Hochspannungserzeugung: Niemand wickelt gerne Spulen. Daher lag es nahe, hier auf alternative, am besten bereits existierende Verfahren zur\u00fcckzugreifen, um die Hochspannung zu erzeugen.<\/li>\n<li>Erweiterungsm\u00f6glichkeiten: nat\u00fcrlich sollte eine solche Bildr\u00f6hreneinheit die \u00fcblichen Eing\u00e4nge f\u00fcr x- und y-Ablenkung sowie eine Helligkeitssteuerung bieten. Aber warum nicht auch gleich h\u00f6herwertige Signaleing\u00e4nge wie Composite Video, VGA und SVGA? Bei der <a title=\"Schaltungen f\u00fcr die Bildr\u00f6hreneinheit\" href=\"http:\/\/www.brennecke.org\/?page_id=1842\">Aufr\u00fcstung der alten Bildr\u00f6hreneinheiten<\/a> zeigte sich bereits, wie einfach das zu bewerkstelligen ist &#8211; und inzwischen hat sich mein Wissen um Mikrocontrollertechnik weiterentwickelt, so dass hier ein funktionales Upgrade zu erwarten war.<\/li>\n<\/ul>\n<h2>Evaluationsphase&#8230;<\/h2>\n<p>Es war nach kurzer Diskussion klar, dass man sich an bestehende Konzepte anlehnen sollte. Davon waren mehrere verf\u00fcgbar:<\/p>\n<ul>\n<li>Die Schaltung der EE2007-Bildr\u00f6hreneinheit (die in vielen Teilen in der Schuco-BRE wiederzufinden ist) ist kein schlechter Ansatz und bereits erprobt. Sie hat allerdings den Nachteil der neu zu konstruierenden Hochspannungsversorgung.<\/li>\n<li>Lutz hatte bereits Erfahrungen mit der Nutzung von Netzteilen f\u00fcr Kaltkathodenr\u00f6hren. Diese ben\u00f6tigen zum Betrieb eine Hochspannung, die zum Betrieb von Bildr\u00f6hren genutzt werden kann.<\/li>\n<li>Das<a href=\"http:\/\/www.jogis-roehrenbude.de\/Leserbriefe\/Scope-Clock\/Scope-Clock.htm\"> ScopeClock-Projekt von Sascha Ittner <\/a>implementierte eine Uhr auf einer Oszilloskopr\u00f6hre und versprach gro\u00dfe Flexibilit\u00e4t, da man die R\u00f6hre relativ frei w\u00e4hlen kann. Es ist in allen Teilen erh\u00e4ltlich im Shop von <a href=\"http:\/\/www.die-wuestens.de\/dindex.htm\">Jan W\u00fcsten<\/a> und wird technisch betreut von <a href=\"http:\/\/thiem-work.de\/\">thiem-work<\/a>. Das Projekt ist gut dokumentiert und sehr einfach aufgebaut.<\/li>\n<\/ul>\n<p>Mir gefiel am ScopeClock-Projekt insbesondere, dass man dort die Hochspannung auf ganz einfache Weise aus einer zus\u00e4tzlichen Sekund\u00e4rwicklung des Netztrafos gewinnt. Au\u00dferdem werden auch R\u00f6hren unterst\u00fctzt, die eine Nachbeschleunigungsspannung ben\u00f6tigen. Das ist zwar kein exklusives Konzept, aber hier wurde das Thema im Komplettpaket behandelt.<\/p>\n<p>Bliebe noch zu erw\u00e4hnen, dass Jan W\u00fcstens Shop auch den speziellen Netztrafo und ein Geh\u00e4use aus Plexiglas in mehreren Gr\u00f6\u00dfen anbietet. Die EE2007-BRE nutzt ein Polystyrol-Geh\u00e4use &#8211; Plexiglas gl\u00e4nzt st\u00e4rker und sieht noch einmal ein paar Nummern edler aus.<\/p>\n<p>Damit war der erste Lieferant gefunden &#8211; ein Bausatz samt aller erforderlichen Teile und einer rechteckigen R\u00f6hre vom Typ D10-191GH wurde bestellt und traf innerhalb von einer Woche in einer Riesenkiste bei mir ein.<\/p>\n<p>Es folgten einige Versuche mit Testaufbauten, die letztlich zur vierten und letzten Iteration der Platine gef\u00fchrt haben. Die Einzelheiten finden sich auf Unterseiten:<\/p>\n<ul>\n<li><a title=\"Erste Bauphase\" href=\"http:\/\/www.brennecke.org\/?page_id=2846\">Erste Bauphase<\/a><\/li>\n<li><a title=\"Zweite Bauphase\" href=\"http:\/\/www.brennecke.org\/?page_id=2847\">Zweite Bauphase<\/a><\/li>\n<li><a title=\"Dritte Bauphase\" href=\"http:\/\/www.brennecke.org\/?page_id=2849\">Dritte Bauphase<\/a><\/li>\n<\/ul>\n<h2>&#8230; und das Ergebnis<\/h2>\n<p>Die folgenden Unterseiten zeigen nun, was aus der Schaltung und den R\u00f6hren herauszuholen ist; au\u00dferdem folgt eine detaillierte Schaltungsbeschreibung:<\/p>\n<ul>\n<li><a title=\"Finaler Prototyp\" href=\"http:\/\/www.brennecke.org\/?page_id=2882\">Finaler Prototyp<\/a><\/li>\n<li><a title=\"Zweiter finaler Prototyp\" href=\"http:\/\/www.brennecke.org\/?page_id=2945\">Zweiter finaler Prototyp<\/a><\/li>\n<li><a title=\"Schaltungsbeschreibung\" href=\"http:\/\/www.brennecke.org\/?page_id=2897\">Schaltungsbeschreibung der Bildr\u00f6hrenplatine<\/a><\/li>\n<li><a title=\"PAL-Modul\" href=\"http:\/\/www.brennecke.org\/?page_id=2969\">PAL-Zusatzmodul<\/a><\/li>\n<li><a title=\"ScopeClock-Eingangswahl-Zusatzmodul\" href=\"http:\/\/www.brennecke.org\/?page_id=2920\">ScopeClock-Eingangswahl-Zusatzmodul<\/a><\/li>\n<li><a title=\"Mechanischer Aufbau\" href=\"http:\/\/www.brennecke.org\/?page_id=2929\">Mechanischer Aufbau<\/a><\/li>\n<li><a title=\"Abgleich und Nachbauhinweise\" href=\"http:\/\/www.brennecke.org\/?page_id=3013\">Abgleich und Nachbauhinweise<\/a><\/li>\n<\/ul>\n<p><a href=\"http:\/\/www.brennecke.org\/wp-content\/uploads\/2014\/04\/Bestu\u0308ckungsliste.xlsx\">Bestu\u0308ckungsliste<\/a> zum Download<\/p>\n<h2>Fazit<\/h2>\n<p>Die entwickelte Schaltung zeigt einiges Potenzial. Nach dem Aufbau der ersten Einheit war es einfach, die n\u00f6tigen Berechnungen f\u00fcr die zweite Variante zu machen &#8211; und sie funktionierte fast auf Anhieb. Beide R\u00f6hren bilden zudem Extreme ab &#8211; die D10\/191 hat eine \u00e4u\u00dferst empfindliche Auslenkung, die DG7\/32 hingegen einen deutlichen Stromhunger.<\/p>\n<p><a href=\"http:\/\/www.brennecke.org\/wp-content\/uploads\/2014\/04\/IMG_6191.jpg\"><img loading=\"lazy\" decoding=\"async\" class=\"alignnone size-medium wp-image-3080\" alt=\"IMG_6191\" src=\"http:\/\/www.brennecke.org\/wp-content\/uploads\/2014\/04\/IMG_6191-300x225.jpg\" width=\"300\" height=\"225\" srcset=\"https:\/\/www.brennecke.org\/wp-content\/uploads\/2014\/04\/IMG_6191-300x225.jpg 300w, https:\/\/www.brennecke.org\/wp-content\/uploads\/2014\/04\/IMG_6191.jpg 1024w\" sizes=\"(max-width: 300px) 100vw, 300px\" \/><\/a> <a href=\"http:\/\/www.brennecke.org\/wp-content\/uploads\/2014\/04\/IMG_6200.jpg\"><img loading=\"lazy\" decoding=\"async\" class=\"alignnone size-medium wp-image-3086\" alt=\"IMG_6200\" src=\"http:\/\/www.brennecke.org\/wp-content\/uploads\/2014\/04\/IMG_6200-300x225.jpg\" width=\"300\" height=\"225\" srcset=\"https:\/\/www.brennecke.org\/wp-content\/uploads\/2014\/04\/IMG_6200-300x225.jpg 300w, https:\/\/www.brennecke.org\/wp-content\/uploads\/2014\/04\/IMG_6200.jpg 1024w\" sizes=\"(max-width: 300px) 100vw, 300px\" \/><\/a><\/p>\n<p>Eine dritte, die D8\/11 funktionierte mit den Standardeinstellungen, zeigte aber Empfindlichkeiten durch Einstrahlungen des Trafos &#8211; auch das konnte gel\u00f6st werden. F\u00fcr drei R\u00f6hren liegen jetzt L\u00f6sungen vor, so dass wir gute Chancen auch f\u00fcr andere R\u00f6hren sehen, die eher im Mittelfeld der beiden liegen.<\/p>\n<p>Mit dem PAL-Modul liegt auch ein Eingangsquellendecoder vor, der Composite-Video auf sehr einfache Weise stabil aufbereitet die Bildr\u00f6hreneinheit um eine interessante Verwendungsm\u00f6glichkeit erweitert.<\/p>\n<p><a title=\"Neue Module f\u00fcr die Philips-Experimentierk\u00e4sten\" href=\"http:\/\/www.brennecke.org\/?page_id=1051\">\u00a0Zur\u00fcck zur Hauptseite<\/a><\/p>\n<div class=\"twoclick_social_bookmarks_post_2795 social_share_privacy clearfix 1.6.4 locale-de_DE sprite-de_DE\"><\/div><div class=\"twoclick-js\"><script type=\"text\/javascript\">\/* <![CDATA[ *\/\njQuery(document).ready(function($){if($('.twoclick_social_bookmarks_post_2795')){$('.twoclick_social_bookmarks_post_2795').socialSharePrivacy({\"services\":{\"facebook\":{\"status\":\"on\",\"txt_info\":\"2 Klicks f\\u00fcr mehr Datenschutz: Erst wenn Sie hier klicken, wird der Button aktiv und Sie k\\u00f6nnen Ihre Empfehlung an Facebook senden. Schon beim Aktivieren werden Daten an Dritte \\u00fcbertragen - siehe <em>i<\\\/em>.\",\"perma_option\":\"off\",\"action\":\"recommend\",\"language\":\"de_DE\"},\"twitter\":{\"reply_to\":\"\",\"tweet_text\":\"Universelle%20Bildr%C3%B6hreneinheit%20%C2%BB%2053%20Cent\",\"status\":\"on\",\"txt_info\":\"2 Klicks f\\u00fcr mehr Datenschutz: Erst wenn Sie hier klicken, wird der Button aktiv und Sie k\\u00f6nnen Ihre Empfehlung an Twitter senden. Schon beim Aktivieren werden Daten an Dritte \\u00fcbertragen - siehe <em>i<\\\/em>.\",\"perma_option\":\"off\",\"language\":\"de\",\"referrer_track\":\"\"},\"gplus\":{\"status\":\"on\",\"txt_info\":\"2 Klicks f\\u00fcr mehr Datenschutz: Erst wenn Sie hier klicken, wird der Button aktiv und Sie k\\u00f6nnen Ihre Empfehlung an Google+ senden. Schon beim Aktivieren werden Daten an Dritte \\u00fcbertragen - siehe <em>i<\\\/em>.\",\"perma_option\":\"off\",\"referrer_track\":\"\"},\"flattr\":{\"uid\":\"\",\"status\":\"on\",\"the_title\":\"Universelle%20Bildr%C3%B6hreneinheit\",\"the_excerpt\":\"Einleitung%0D%0AIn%20den%20vergangenen%20Jahren%20wurde%20ich%20hier%20und%20auch%20in%20diversen%20Foren%20regelm%C3%A4%C3%9Fig%20gefragt%2C%20warum%20ich%20nicht%20auch%20einmal%20die%20Bildr%C3%B6hreneinheiten%20nachbauen%20wollte.%20Nun%2C%20ich%20wollte%20nicht%2C%20weil%20einerseits%20so%20ein%20Nachbau%20alter%20R%C3%B6hrentechnik%20keine%20Verbindung%20zu%20neuer%20Technik%20schafft%20und%20somit%20nicht%20mein%20Ziel%20ist%2C%20und%20weil%20zum%20anderen%20die%20nachgebaute%20R%C3%B6hre%20dann%20wenigstens%20in%20einem%20ebenso%20attr%20...\",\"txt_info\":\"2 Klicks f\\u00fcr mehr Datenschutz: Erst wenn Sie hier klicken, wird der Button aktiv und Sie k\\u00f6nnen Ihre Empfehlung an Flattr senden. Schon beim Aktivieren werden Daten an Dritte \\u00fcbertragen - siehe <em>i<\\\/em>.\",\"perma_option\":\"off\"}},\"txt_help\":\"Wenn Sie diese Felder durch einen Klick aktivieren, werden Informationen an Facebook, Twitter, Flattr, Xing, t3n, LinkedIn, Pinterest oder Google eventuell ins Ausland \\u00fcbertragen und unter Umst\\u00e4nden auch dort gespeichert. N\\u00e4heres erfahren Sie durch einen Klick auf das <em>i<\\\/em>.\",\"settings_perma\":\"Dauerhaft aktivieren und Daten\\u00fcber-tragung zustimmen:\",\"info_link\":\"http:\\\/\\\/www.heise.de\\\/ct\\\/artikel\\\/2-Klicks-fuer-mehr-Datenschutz-1333879.html\",\"uri\":\"https:\\\/\\\/www.brennecke.org\\\/?page_id=2795\",\"post_id\":2795,\"post_title_referrer_track\":\"Universelle+Bildr%C3%B6hreneinheit\",\"display_infobox\":\"on\"});}});\n\/* ]]> *\/<\/script><\/div>","protected":false},"excerpt":{"rendered":"<p>Einleitung In den vergangenen Jahren wurde ich hier und auch in diversen Foren regelm\u00e4\u00dfig gefragt, warum ich nicht auch einmal die Bildr\u00f6hreneinheiten nachbauen wollte. Nun, ich wollte nicht, weil einerseits so ein Nachbau alter R\u00f6hrentechnik keine Verbindung zu neuer Technik &hellip; <a href=\"https:\/\/www.brennecke.org\/?page_id=2795\">Weiterlesen <span class=\"meta-nav\">&rarr;<\/span><\/a><\/p>\n","protected":false},"author":1,"featured_media":2952,"parent":1051,"menu_order":0,"comment_status":"open","ping_status":"open","template":"","meta":{"footnotes":""},"_links":{"self":[{"href":"https:\/\/www.brennecke.org\/index.php?rest_route=\/wp\/v2\/pages\/2795"}],"collection":[{"href":"https:\/\/www.brennecke.org\/index.php?rest_route=\/wp\/v2\/pages"}],"about":[{"href":"https:\/\/www.brennecke.org\/index.php?rest_route=\/wp\/v2\/types\/page"}],"author":[{"embeddable":true,"href":"https:\/\/www.brennecke.org\/index.php?rest_route=\/wp\/v2\/users\/1"}],"replies":[{"embeddable":true,"href":"https:\/\/www.brennecke.org\/index.php?rest_route=%2Fwp%2Fv2%2Fcomments&post=2795"}],"version-history":[{"count":15,"href":"https:\/\/www.brennecke.org\/index.php?rest_route=\/wp\/v2\/pages\/2795\/revisions"}],"predecessor-version":[{"id":3092,"href":"https:\/\/www.brennecke.org\/index.php?rest_route=\/wp\/v2\/pages\/2795\/revisions\/3092"}],"up":[{"embeddable":true,"href":"https:\/\/www.brennecke.org\/index.php?rest_route=\/wp\/v2\/pages\/1051"}],"wp:featuredmedia":[{"embeddable":true,"href":"https:\/\/www.brennecke.org\/index.php?rest_route=\/wp\/v2\/media\/2952"}],"wp:attachment":[{"href":"https:\/\/www.brennecke.org\/index.php?rest_route=%2Fwp%2Fv2%2Fmedia&parent=2795"}],"curies":[{"name":"wp","href":"https:\/\/api.w.org\/{rel}","templated":true}]}}