{"id":2847,"date":"2014-03-06T17:14:13","date_gmt":"2014-03-06T15:14:13","guid":{"rendered":"http:\/\/www.brennecke.org\/?page_id=2847"},"modified":"2014-03-06T17:48:46","modified_gmt":"2014-03-06T15:48:46","slug":"zweite-bauphase","status":"publish","type":"page","link":"https:\/\/www.brennecke.org\/?page_id=2847","title":{"rendered":"Zweite Bauphase"},"content":{"rendered":"<p><a title=\"Universelle Bildr\u00f6hreneinheit\" href=\"http:\/\/www.brennecke.org\/?page_id=2795\">Zur\u00fcck zur Hauptseite<\/a><\/p>\n<p><a title=\"Erste Bauphase\" href=\"http:\/\/www.brennecke.org\/?page_id=2846\">Zur\u00fcck zur ersten Bauphase<\/a><\/p>\n<p>Nach der ersten Phase war deutlich geworden, dass die Hochspannungserzeugung mittels Transformator und auch die Ablenkung mittels Gegentaktendstufen grunds\u00e4tzlich funktionierte. Diese Komponenten sollten daher auch in der zweiten Phase bestehen bleiben. Gleiches galt f\u00fcr die Art und Weise der Erzeugung der Betriebsspannungen: f\u00fcr den Betrieb der Operationsverst\u00e4rker wurde einen symmetrische Spannung von +12V\/-12V geschaffen, dazu gab es +5V f\u00fcr die Versorgung von Mikrocontrollern.<\/p>\n<p><a href=\"http:\/\/www.brennecke.org\/wp-content\/uploads\/2014\/02\/Aufbau.jpg\"><img loading=\"lazy\" decoding=\"async\" alt=\"Aufbau\" src=\"http:\/\/www.brennecke.org\/wp-content\/uploads\/2014\/02\/Aufbau.jpg\" width=\"800\" height=\"600\" \/><\/a><\/p>\n<p>Ersetzt und wesentlich vereinfacht hingegen wurde die Helligkeitsansteuerung. Diese wird in Phase 2 durch einen einzelnen Linearverst\u00e4rker gebildet. Das erleichterte auch das Design der Widerstandskaskade, die f\u00fcr die verschiedenen Hochspannungen zust\u00e4ndig ist. Diese wurde nun exakt am Datenblatt der R\u00f6hre ausgerichtet, was auch sofort zum Erfolg f\u00fchrte. Die Regler f\u00fcr Bildh\u00f6he und -breite, f\u00fcr die Position, f\u00fcr Helligkeit und Sch\u00e4rfe wurden nach au\u00dfen gelegt.<\/p>\n<p>Statt der ScopeClock wurden auf der neuen Platine zwei Analog-Wahlschalter vom Typ CD4052 untergebracht. Mit diesen werden die Eingangssignale f\u00fcr die Operationsverst\u00e4rker und die Helligkeitssteuerung umgeschaltet. Diese Schalter haben einen Durchgangswiderstand von 100-300 Ohm bei einem Sperrwiderstand von vielen Megaohm. Gegen\u00fcber dem nachfolgenden Eingangswiderstand zur ersten Stufe eines Operationsverst\u00e4rkers (100 kOhm) ist dieser Eingangswiderstand zu vernachl\u00e4ssigen, und entsprechend gut (und ohne mechanischen Kontakt) funktioniert auch die Umschaltung.<\/p>\n<p>In Abwandlung der ersten Version wurden die Operationsverst\u00e4rker-Vorstufen f\u00fcr die x- und y-Richtung als reine invertierende Verst\u00e4rker geschaltet. Ein Regler im invertierenden Kreis des zweiten Verst\u00e4rkers erlaubt die Regelung der Amplitude. Au\u00dfer dem Linearverst\u00e4rker f\u00fcr die Regelung der Austastung\/Helligkeit wurde keine weitere Ma\u00dfnahme getroffen; damit war bereits klar, dass ein schwaches Composite Video-Signal noch nicht ausreichen w\u00fcrde, die Helligkeit zu steuern.<\/p>\n<p>Die ScopeClock wurde auf einer getrennten Platine aufgebaut; diesmal kam das <a href=\"http:\/\/www.dutchtronix.com\/ScopeClock.htm\">Alternativprojekt von Dutchtronix<\/a> zum Einsatz, das ich bereits einmal f\u00fcr die <a title=\"Scope Clock auf der Bildr\u00f6hreneinheit\" href=\"http:\/\/www.brennecke.org\/?page_id=1922\">Schuco-BRE<\/a> umgesetzt hatte. Sie wurde auf einen der vier Eing\u00e4nge der CD4052 aufgeschaltet; die Verbindung erfolgte vorsichtshalber mit abgeschirmten Kabeln.<\/p>\n<p><a href=\"http:\/\/www.brennecke.org\/wp-content\/uploads\/2014\/02\/Dutchtronix-Standard-mit-20-MHz-Takt.jpg\"><img loading=\"lazy\" decoding=\"async\" alt=\"Dutchtronix Standard mit 20 MHz Takt\" src=\"http:\/\/www.brennecke.org\/wp-content\/uploads\/2014\/02\/Dutchtronix-Standard-mit-20-MHz-Takt-300x225.jpg\" width=\"300\" height=\"225\" \/><\/a> <a href=\"http:\/\/www.brennecke.org\/wp-content\/uploads\/2014\/02\/Duchtronix-mit-25MHz-Takt.jpg\"><img loading=\"lazy\" decoding=\"async\" alt=\"Duchtronix mit 2,5MHz Takt\" src=\"http:\/\/www.brennecke.org\/wp-content\/uploads\/2014\/02\/Duchtronix-mit-25MHz-Takt-300x225.jpg\" width=\"300\" height=\"225\" \/><\/a><\/p>\n<p>Das Ergebnis war zun\u00e4chst wiederum entt\u00e4uschend. Zwar arbeiteten jetzt Helligkeit und Fokus wie erw\u00fcnscht, aber das Bild der ScopeClock war vermatscht und nicht erkennbar. Es stellte sich jedoch bei den nachfolgenden Messungen heraus, dass die Original-ScopeClock der gekauften Platine nach wie vor ein sauberes Bild ablieferte. Ebenso stellte sich heraus, dass bis zu den Endverst\u00e4rkern das Bild noch einwandfrei aussah und erst im letzten Moment besch\u00e4digt wurde. Wenn man zudem die Frequenz der Uhr deutlich verringerte, war das Bild auch wieder akzeptabel.<\/p>\n<p>Ein tempor\u00e4rer Nachbau der Endstufen auf einem Breadboard brachte ein wenig Linderung: die Transistorstufen mussten neu dimensioniert werden, um ein sauberes Signal zu erzeugen. Dennoch blieb das vermatschte Bild, und es zeigte sich, dass die R\u00f6hre selbst der Verursacher des Problems war.<\/p>\n<p><a href=\"http:\/\/www.brennecke.org\/wp-content\/uploads\/2014\/02\/Oszi-ohne-angeschlossene-Ro\u0308hre.jpg\"><img loading=\"lazy\" decoding=\"async\" alt=\"Oszi ohne angeschlossene Ro\u0308hre\" src=\"http:\/\/www.brennecke.org\/wp-content\/uploads\/2014\/02\/Oszi-ohne-angeschlossene-Ro\u0308hre-300x225.jpg\" width=\"300\" height=\"225\" \/><\/a> <a href=\"http:\/\/www.brennecke.org\/wp-content\/uploads\/2014\/02\/Oszi-mit-angeschlossener-Ro\u0308hre.jpg\"><img loading=\"lazy\" decoding=\"async\" alt=\"Oszi mit angeschlossener Ro\u0308hre\" src=\"http:\/\/www.brennecke.org\/wp-content\/uploads\/2014\/02\/Oszi-mit-angeschlossener-Ro\u0308hre-300x225.jpg\" width=\"300\" height=\"225\" \/><\/a><\/p>\n<p>Die beiden Bilder zeigen eine Messung an einem Analog-Oszilloskop &#8211; einmal ohne angeschlossene R\u00f6hre, einmal mit. Ohne R\u00f6hre ist das Bild lesbar, mit der R\u00f6hre hingegen ist es vermatscht. Die Ursache daf\u00fcr liegt in der Art und Weise verborgen, in der die ScopeClock die R\u00f6hre ansteuert &#8211; dort werden einzelne Punkte ausgegeben und der Strahl dann schnell jeweils zum n\u00e4chsten Punkt bewegt. Das sind sehr steile Impulse, die &#8211; nimmt man die Vielzahl der darzustellenden Elemente und die Bildwiederholfrequenz (hier 60 Hz) zusammen &#8211; eine Menge Hochfrequenz ergeben.<\/p>\n<p>Nun ist zun\u00e4chst einmal die Platine selbst nicht wirklich HF-fest. Das Layout wird zwar in der dritten Iteration besser werden, aber die Qualit\u00e4t eines 100-MHz-Oszis mit abgeschirmten Verst\u00e4rkern und doppelseitigen Massefl\u00e4chen wird es nicht erreichen. Andererseits hat gerade die D10-191 relativ hohe Eingangskapazit\u00e4ten, die hier offenbar kontraproduktiv wirken.<\/p>\n<p><a href=\"http:\/\/www.brennecke.org\/wp-content\/uploads\/2014\/02\/Thiem-Uhr-dunkel.jpg\"><img loading=\"lazy\" decoding=\"async\" alt=\"Thiem-Uhr dunkel\" src=\"http:\/\/www.brennecke.org\/wp-content\/uploads\/2014\/02\/Thiem-Uhr-dunkel.jpg\" width=\"800\" height=\"600\" \/><\/a><\/p>\n<p>Allerdings ist diese HF-Festigkeit auch nicht das Ziel des Projekts. Die Ablenkverst\u00e4rker sollen bis in den Megahertz-Bereich gut funktionieren &#8211; das tun sie, wie man an der Darstellung der Ittner-Thiem-ScopeClock sehen kann &#8211; die hat n\u00e4mlich auch durchaus Anteile im HF-Bereich. Das obige Bild wurde ohne Austastung im Dunkeln aufgenommen, um zu zeigen, wie sauber das Bild ist. Die R\u00f6hre hat eine extrem lange Nachleuchtdauer &#8211; man kann daher sogar noch das Bild der zuvor angezeigten Dutchtronix-Uhr erkennen.<\/p>\n<p><a title=\"Dritte Bauphase\" href=\"http:\/\/www.brennecke.org\/?page_id=2849\">Zeit f\u00fcr eine dritte Iterationsstufe.<\/a><\/p>\n<div class=\"twoclick_social_bookmarks_post_2847 social_share_privacy clearfix 1.6.4 locale-de_DE sprite-de_DE\"><\/div><div class=\"twoclick-js\"><script type=\"text\/javascript\">\/* <![CDATA[ *\/\njQuery(document).ready(function($){if($('.twoclick_social_bookmarks_post_2847')){$('.twoclick_social_bookmarks_post_2847').socialSharePrivacy({\"services\":{\"facebook\":{\"status\":\"on\",\"txt_info\":\"2 Klicks f\\u00fcr mehr Datenschutz: Erst wenn Sie hier klicken, wird der Button aktiv und Sie k\\u00f6nnen Ihre Empfehlung an Facebook senden. Schon beim Aktivieren werden Daten an Dritte \\u00fcbertragen - siehe <em>i<\\\/em>.\",\"perma_option\":\"off\",\"action\":\"recommend\",\"language\":\"de_DE\"},\"twitter\":{\"reply_to\":\"\",\"tweet_text\":\"Zweite%20Bauphase%20%C2%BB%2053%20Cent\",\"status\":\"on\",\"txt_info\":\"2 Klicks f\\u00fcr mehr Datenschutz: Erst wenn Sie hier klicken, wird der Button aktiv und Sie k\\u00f6nnen Ihre Empfehlung an Twitter senden. Schon beim Aktivieren werden Daten an Dritte \\u00fcbertragen - siehe <em>i<\\\/em>.\",\"perma_option\":\"off\",\"language\":\"de\",\"referrer_track\":\"\"},\"gplus\":{\"status\":\"on\",\"txt_info\":\"2 Klicks f\\u00fcr mehr Datenschutz: Erst wenn Sie hier klicken, wird der Button aktiv und Sie k\\u00f6nnen Ihre Empfehlung an Google+ senden. Schon beim Aktivieren werden Daten an Dritte \\u00fcbertragen - siehe <em>i<\\\/em>.\",\"perma_option\":\"off\",\"referrer_track\":\"\"},\"flattr\":{\"uid\":\"\",\"status\":\"on\",\"the_title\":\"Zweite%20Bauphase\",\"the_excerpt\":\"Zur%C3%BCck%20zur%20Hauptseite%0D%0A%0D%0AZur%C3%BCck%20zur%20ersten%20Bauphase%0D%0A%0D%0ANach%20der%20ersten%20Phase%20war%20deutlich%20geworden%2C%20dass%20die%20Hochspannungserzeugung%20mittels%20Transformator%20und%20auch%20die%20Ablenkung%20mittels%20Gegentaktendstufen%20grunds%C3%A4tzlich%20funktionierte.%20Diese%20Komponenten%20sollten%20daher%20auch%20in%20der%20zweiten%20Phase%20bestehen%20bleiben.%20Gleiches%20galt%20f%C3%BCr%20die%20Art%20und%20Weise%20der%20Erzeugung%20der%20Betriebsspannungen%3A%20f%C3%BCr%20den%20Betri%20...\",\"txt_info\":\"2 Klicks f\\u00fcr mehr Datenschutz: Erst wenn Sie hier klicken, wird der Button aktiv und Sie k\\u00f6nnen Ihre Empfehlung an Flattr senden. Schon beim Aktivieren werden Daten an Dritte \\u00fcbertragen - siehe <em>i<\\\/em>.\",\"perma_option\":\"off\"}},\"txt_help\":\"Wenn Sie diese Felder durch einen Klick aktivieren, werden Informationen an Facebook, Twitter, Flattr, Xing, t3n, LinkedIn, Pinterest oder Google eventuell ins Ausland \\u00fcbertragen und unter Umst\\u00e4nden auch dort gespeichert. N\\u00e4heres erfahren Sie durch einen Klick auf das <em>i<\\\/em>.\",\"settings_perma\":\"Dauerhaft aktivieren und Daten\\u00fcber-tragung zustimmen:\",\"info_link\":\"http:\\\/\\\/www.heise.de\\\/ct\\\/artikel\\\/2-Klicks-fuer-mehr-Datenschutz-1333879.html\",\"uri\":\"https:\\\/\\\/www.brennecke.org\\\/?page_id=2847\",\"post_id\":2847,\"post_title_referrer_track\":\"Zweite+Bauphase\",\"display_infobox\":\"on\"});}});\n\/* ]]> *\/<\/script><\/div>","protected":false},"excerpt":{"rendered":"<p>Zur\u00fcck zur Hauptseite Zur\u00fcck zur ersten Bauphase Nach der ersten Phase war deutlich geworden, dass die Hochspannungserzeugung mittels Transformator und auch die Ablenkung mittels Gegentaktendstufen grunds\u00e4tzlich funktionierte. Diese Komponenten sollten daher auch in der zweiten Phase bestehen bleiben. Gleiches galt &hellip; <a href=\"https:\/\/www.brennecke.org\/?page_id=2847\">Weiterlesen <span class=\"meta-nav\">&rarr;<\/span><\/a><\/p>\n","protected":false},"author":1,"featured_media":2832,"parent":2795,"menu_order":2,"comment_status":"open","ping_status":"open","template":"","meta":{"footnotes":""},"_links":{"self":[{"href":"https:\/\/www.brennecke.org\/index.php?rest_route=\/wp\/v2\/pages\/2847"}],"collection":[{"href":"https:\/\/www.brennecke.org\/index.php?rest_route=\/wp\/v2\/pages"}],"about":[{"href":"https:\/\/www.brennecke.org\/index.php?rest_route=\/wp\/v2\/types\/page"}],"author":[{"embeddable":true,"href":"https:\/\/www.brennecke.org\/index.php?rest_route=\/wp\/v2\/users\/1"}],"replies":[{"embeddable":true,"href":"https:\/\/www.brennecke.org\/index.php?rest_route=%2Fwp%2Fv2%2Fcomments&post=2847"}],"version-history":[{"count":3,"href":"https:\/\/www.brennecke.org\/index.php?rest_route=\/wp\/v2\/pages\/2847\/revisions"}],"predecessor-version":[{"id":2878,"href":"https:\/\/www.brennecke.org\/index.php?rest_route=\/wp\/v2\/pages\/2847\/revisions\/2878"}],"up":[{"embeddable":true,"href":"https:\/\/www.brennecke.org\/index.php?rest_route=\/wp\/v2\/pages\/2795"}],"wp:featuredmedia":[{"embeddable":true,"href":"https:\/\/www.brennecke.org\/index.php?rest_route=\/wp\/v2\/media\/2832"}],"wp:attachment":[{"href":"https:\/\/www.brennecke.org\/index.php?rest_route=%2Fwp%2Fv2%2Fmedia&parent=2847"}],"curies":[{"name":"wp","href":"https:\/\/api.w.org\/{rel}","templated":true}]}}