{"id":2849,"date":"2014-03-06T17:18:52","date_gmt":"2014-03-06T15:18:52","guid":{"rendered":"http:\/\/www.brennecke.org\/?page_id=2849"},"modified":"2014-03-17T13:46:03","modified_gmt":"2014-03-17T11:46:03","slug":"dritte-bauphase","status":"publish","type":"page","link":"https:\/\/www.brennecke.org\/?page_id=2849","title":{"rendered":"Dritte Bauphase"},"content":{"rendered":"<p><a title=\"Universelle Bildr\u00f6hreneinheit\" href=\"http:\/\/www.brennecke.org\/?page_id=2795\">Zur\u00fcck zur Hauptseite<\/a><\/p>\n<p><a title=\"Zweite Bauphase\" href=\"http:\/\/www.brennecke.org\/?page_id=2847\">Zur\u00fcck zur zweiten Bauphase<\/a><\/p>\n<p>Nachdem in der zweiten Phase auch klar geworden war, dass die Helligkeitsaustastung \u00fcber eine lineare Verst\u00e4rkerstufe zwar funktionierte, aber doch ein wenig mehr &#8222;Power&#8220; ben\u00f6tigt, wurde eine dritte Iteration begonnen. Diese sollte folgende Probleme bzw. Design-Unsch\u00f6nheiten l\u00f6sen:<\/p>\n<ul>\n<li>Viele angel\u00f6tete Kabel (1): Die verschiedenen Signaleing\u00e4nge wurden \u00fcber abgeschirmte Kabel an die Analogschalter vom Typ CD4052 gef\u00fchrt. Dies f\u00fchrt zu einem un\u00fcbersichtlichen Kabelgewirr. Daher wurden die Analogschalter auf eine separate Platine verbannt. Den freigewordenen Platz belegt nun die z-Verst\u00e4rkerstufe f\u00fcr die Helligkeit, die analog den Verst\u00e4rkern f\u00fcr x- und y-Ablenkung aufgebaut ist. Der Regler f\u00fcr die Amplitude dienst hier zur Grundeinstellung des Kontrasts.<\/li>\n<li>Viele angel\u00f6tete Kabel (2): Die Reglerpotentiometer waren in der zweiten Bauphase ebenfalls angel\u00f6tet. Die dritte Phase bringt hier Steckverbinder, damit man die Platine als ganzes entfernen kann.<\/li>\n<li>R\u00fcckkehr zur Thiem-ScopeClock: Nachdem die Thiem-ScopeClock ausgezeichnete Ergebnisse liefert, kommt sie nun anstelle der Version von Dutchtronix wieder zum Zuge.<\/li>\n<li>HF-Festigkeit: Die Platine wurde nach vielen Korrekturen durch Lutz ein wenig HF-fester durch umlaufende Masseverbindungen. Gleichzeitig wurden die Hochspannungsleitungen mit mehr Abstand zur Masse verlegt.<\/li>\n<\/ul>\n<p>Die dritte Bauphase f\u00fchrte denn auch zu guten Ergebnissen, was die Scopeclock betraf. Auch die Oszilloskop-Schaltung lieferte gute Ergebnisse. Nicht so optimal waren jedoch die Ergebnisse im Zusammenhang mit einem TV-Bildraster. Es zeigte sich, dass der R\u00fccklauf des Signals viel l\u00e4nger dauerte als erlaubt und so Teile des Bildes verschwinden w\u00fcrden. Dieses Problem lie\u00df sich durch eine Stabilisierung der Endstufen l\u00f6sen. Eine Verringerung der Kollektor- und Emitterwiderst\u00e4nde verringerte die Zeitdauer f\u00fcr den R\u00fccklauf auf ein ertr\u00e4gliches Ma\u00df. Mit etwa 6 Mikrosekunden reicht die R\u00fccklaufdauer auch noch f\u00fcr VGA und SVGA.<\/p>\n<p><a href=\"http:\/\/www.brennecke.org\/wp-content\/uploads\/2014\/03\/Sa\u0308gezahn-mit-Ro\u0308hre1.jpg\"><img loading=\"lazy\" decoding=\"async\" class=\"alignnone size-medium wp-image-2869\" alt=\"Sa\u0308gezahn mit Ro\u0308hre[1]\" src=\"http:\/\/www.brennecke.org\/wp-content\/uploads\/2014\/03\/Sa\u0308gezahn-mit-Ro\u0308hre1-300x225.jpg\" width=\"300\" height=\"225\" srcset=\"https:\/\/www.brennecke.org\/wp-content\/uploads\/2014\/03\/Sa\u0308gezahn-mit-Ro\u0308hre1-300x225.jpg 300w, https:\/\/www.brennecke.org\/wp-content\/uploads\/2014\/03\/Sa\u0308gezahn-mit-Ro\u0308hre1.jpg 1024w\" sizes=\"(max-width: 300px) 100vw, 300px\" \/><\/a> <a href=\"http:\/\/www.brennecke.org\/wp-content\/uploads\/2014\/03\/Mit-verringerten-Widersta\u0308nden.jpg\"><img loading=\"lazy\" decoding=\"async\" alt=\"Mit verringerten Widersta\u0308nden\" src=\"http:\/\/www.brennecke.org\/wp-content\/uploads\/2014\/03\/Mit-verringerten-Widersta\u0308nden-300x225.jpg\" width=\"300\" height=\"225\" \/><\/a><\/p>\n<p>Im Rahmen der dritten Bauphase wurde auch die Beschleunigungsspannung von 2100 auf 3000 Volt erh\u00f6ht. Dies entspricht der angegebenen Spannun g im Datenblatt und f\u00fchrte zu einem helleren Bild. Dies gab auch den Anlass, die zwei Hochspannungsplatinen unterhalb der Hauptplatine ber\u00fchrungssicher einzubauen.<\/p>\n<p><a href=\"http:\/\/www.brennecke.org\/wp-content\/uploads\/2014\/03\/IMG_5909.jpg\"><img loading=\"lazy\" decoding=\"async\" class=\"alignnone size-medium wp-image-2857\" alt=\"IMG_5909\" src=\"http:\/\/www.brennecke.org\/wp-content\/uploads\/2014\/03\/IMG_5909-300x225.jpg\" width=\"300\" height=\"225\" srcset=\"https:\/\/www.brennecke.org\/wp-content\/uploads\/2014\/03\/IMG_5909-300x225.jpg 300w, https:\/\/www.brennecke.org\/wp-content\/uploads\/2014\/03\/IMG_5909.jpg 1024w\" sizes=\"(max-width: 300px) 100vw, 300px\" \/><\/a> <a href=\"http:\/\/www.brennecke.org\/wp-content\/uploads\/2014\/03\/IMG_5908.jpg\"><img loading=\"lazy\" decoding=\"async\" class=\"alignnone size-medium wp-image-2856\" alt=\"IMG_5908\" src=\"http:\/\/www.brennecke.org\/wp-content\/uploads\/2014\/03\/IMG_5908-300x225.jpg\" width=\"300\" height=\"225\" srcset=\"https:\/\/www.brennecke.org\/wp-content\/uploads\/2014\/03\/IMG_5908-300x225.jpg 300w, https:\/\/www.brennecke.org\/wp-content\/uploads\/2014\/03\/IMG_5908.jpg 1024w\" sizes=\"(max-width: 300px) 100vw, 300px\" \/><\/a><\/p>\n<p>Als n\u00e4chstes folgte der Test der Helligkeitsregelung. Hierf\u00fcr war auf der Platine ein dritter OpAmp vorgesehen, der das Videosignal verst\u00e4rken und dem Endstufentransistor zuf\u00fchren sollte. Ein erster Test mit einem Bildsignal von DVD konnte jedoch nicht gefallen. Das Bild war deutlich verschwommen, weil der Verst\u00e4rker offenbar mit hohen Frequenzen nicht klar kam. Durch ein Umdimensionieren der Endstufe und das Hinzuf\u00fcgen eines kleinen Kondensators am Emitterwiderstand konnte das Problem teilweise gel\u00f6st werden; ein wirklich brauchbares Bild kam jedoch erst zustande, als der OpAmp gegen eine einfache Transistor-Verst\u00e4rkerstufe getauscht wurde. Diese wurde dem Vodeo-Eingangsverst\u00e4rker des EE2007 entlehnt und besitzt eine einfache Kontrastregelung.<\/p>\n<p><a href=\"http:\/\/www.brennecke.org\/wp-content\/uploads\/2014\/03\/Erstes-Bild.jpg\"><img loading=\"lazy\" decoding=\"async\" class=\"alignnone size-medium wp-image-2876\" alt=\"Erstes Bild\" src=\"http:\/\/www.brennecke.org\/wp-content\/uploads\/2014\/03\/Erstes-Bild-300x225.jpg\" width=\"300\" height=\"225\" srcset=\"https:\/\/www.brennecke.org\/wp-content\/uploads\/2014\/03\/Erstes-Bild-300x225.jpg 300w, https:\/\/www.brennecke.org\/wp-content\/uploads\/2014\/03\/Erstes-Bild.jpg 1024w\" sizes=\"(max-width: 300px) 100vw, 300px\" \/><\/a> <a href=\"http:\/\/www.brennecke.org\/wp-content\/uploads\/2014\/03\/Mann-2.jpg\"><img loading=\"lazy\" decoding=\"async\" class=\"alignnone  wp-image-2866\" alt=\"Mann 2\" src=\"http:\/\/www.brennecke.org\/wp-content\/uploads\/2014\/03\/Mann-2-300x225.jpg\" width=\"300\" height=\"225\" srcset=\"https:\/\/www.brennecke.org\/wp-content\/uploads\/2014\/03\/Mann-2-300x225.jpg 300w, https:\/\/www.brennecke.org\/wp-content\/uploads\/2014\/03\/Mann-2.jpg 1024w\" sizes=\"(max-width: 300px) 100vw, 300px\" \/><\/a><\/p>\n<p>Aus den Videobildern ergibt sich auch, dass offenbar Einstreuungen durch das Videosignal die Ablenkspannungen st\u00f6rt. Man kann das sehr gut erkennen, wenn nur ein Plattenpaar ausgelenkt und das andere auf Nullpotenzial gehalten\u00a0 wird.<\/p>\n<p><a href=\"http:\/\/www.brennecke.org\/wp-content\/uploads\/2014\/03\/IMG_5960.jpg\"><img loading=\"lazy\" decoding=\"async\" class=\"alignnone size-medium wp-image-2858\" alt=\"IMG_5960\" src=\"http:\/\/www.brennecke.org\/wp-content\/uploads\/2014\/03\/IMG_5960-300x225.jpg\" width=\"300\" height=\"225\" srcset=\"https:\/\/www.brennecke.org\/wp-content\/uploads\/2014\/03\/IMG_5960-300x225.jpg 300w, https:\/\/www.brennecke.org\/wp-content\/uploads\/2014\/03\/IMG_5960.jpg 1024w\" sizes=\"(max-width: 300px) 100vw, 300px\" \/><\/a> <a href=\"http:\/\/www.brennecke.org\/wp-content\/uploads\/2014\/03\/IMG_5962.jpg\"><img loading=\"lazy\" decoding=\"async\" class=\"alignnone size-medium wp-image-2860\" alt=\"IMG_5962\" src=\"http:\/\/www.brennecke.org\/wp-content\/uploads\/2014\/03\/IMG_5962-300x225.jpg\" width=\"300\" height=\"225\" srcset=\"https:\/\/www.brennecke.org\/wp-content\/uploads\/2014\/03\/IMG_5962-300x225.jpg 300w, https:\/\/www.brennecke.org\/wp-content\/uploads\/2014\/03\/IMG_5962.jpg 1024w\" sizes=\"(max-width: 300px) 100vw, 300px\" \/><\/a><\/p>\n<p>Dieses Verhalten ist nat\u00fcrlich unerw\u00fcnscht, denn es verzerrt das Bild bei aufgeregeltem Bildschirm. Die Ursache hierf\u00fcr ist der Spannungsteiler, der zwischen -600V und Masse verschiedene Spannungen f\u00fcr die Kathode und verschiedene Gitter liefert. Eine Belastung durch mehr Helligkeit f\u00fchrt hier zum Einbrechen der Spannung, und damit ver\u00e4ndern sich auch alle anderen Spannungen an den Platten und der Kathode. Die L\u00f6sung war allerdings ebenso simpel. Statt eines einzigen wurden einfach zwei Spannungsteiler eingebaut. Der eine ist nun zust\u00e4ndig f\u00fcr die Helligkeitssteuerung, der andere f\u00fcr Kathode und Sch\u00e4rferegelung. Et voil\u00e1 &#8211; das Bild blieb fortan konstant und lie\u00df sich nicht mehr durch Helligkeitsver\u00e4nderungen verzerren.<\/p>\n<p>Damit waren die Arbeiten abgeschlossen, und es galt, eine weitere Platine zu entwerfen, die nun hoffentlich der endg\u00fcltige Prototyp sein w\u00fcrde.<\/p>\n<p><a title=\"Finaler Prototyp\" href=\"http:\/\/www.brennecke.org\/?page_id=2882\">Weiter zum finalen Prototypen<\/a><\/p>\n<p>&nbsp;<\/p>\n<p>&nbsp;<\/p>\n<div class=\"twoclick_social_bookmarks_post_2849 social_share_privacy clearfix 1.6.4 locale-de_DE sprite-de_DE\"><\/div><div class=\"twoclick-js\"><script type=\"text\/javascript\">\/* <![CDATA[ *\/\njQuery(document).ready(function($){if($('.twoclick_social_bookmarks_post_2849')){$('.twoclick_social_bookmarks_post_2849').socialSharePrivacy({\"services\":{\"facebook\":{\"status\":\"on\",\"txt_info\":\"2 Klicks f\\u00fcr mehr Datenschutz: Erst wenn Sie hier klicken, wird der Button aktiv und Sie k\\u00f6nnen Ihre Empfehlung an Facebook senden. Schon beim Aktivieren werden Daten an Dritte \\u00fcbertragen - siehe <em>i<\\\/em>.\",\"perma_option\":\"off\",\"action\":\"recommend\",\"language\":\"de_DE\"},\"twitter\":{\"reply_to\":\"\",\"tweet_text\":\"Dritte%20Bauphase%20%C2%BB%2053%20Cent\",\"status\":\"on\",\"txt_info\":\"2 Klicks f\\u00fcr mehr Datenschutz: Erst wenn Sie hier klicken, wird der Button aktiv und Sie k\\u00f6nnen Ihre Empfehlung an Twitter senden. Schon beim Aktivieren werden Daten an Dritte \\u00fcbertragen - siehe <em>i<\\\/em>.\",\"perma_option\":\"off\",\"language\":\"de\",\"referrer_track\":\"\"},\"gplus\":{\"status\":\"on\",\"txt_info\":\"2 Klicks f\\u00fcr mehr Datenschutz: Erst wenn Sie hier klicken, wird der Button aktiv und Sie k\\u00f6nnen Ihre Empfehlung an Google+ senden. Schon beim Aktivieren werden Daten an Dritte \\u00fcbertragen - siehe <em>i<\\\/em>.\",\"perma_option\":\"off\",\"referrer_track\":\"\"},\"flattr\":{\"uid\":\"\",\"status\":\"on\",\"the_title\":\"Dritte%20Bauphase\",\"the_excerpt\":\"Zur%C3%BCck%20zur%20Hauptseite%0D%0A%0D%0AZur%C3%BCck%20zur%20zweiten%20Bauphase%0D%0A%0D%0ANachdem%20in%20der%20zweiten%20Phase%20auch%20klar%20geworden%20war%2C%20dass%20die%20Helligkeitsaustastung%20%C3%BCber%20eine%20lineare%20Verst%C3%A4rkerstufe%20zwar%20funktionierte%2C%20aber%20doch%20ein%20wenig%20mehr%20%22Power%22%20ben%C3%B6tigt%2C%20wurde%20eine%20dritte%20Iteration%20begonnen.%20Diese%20sollte%20folgende%20Probleme%20bzw.%20Design-Unsch%C3%B6nheiten%20l%C3%B6sen%3A%0D%0A%0D%0A%09Viele%20angel%C3%B6tete%20Kabel%20%281%29%3A%20Die%20verschiedenen%20Signale%20...\",\"txt_info\":\"2 Klicks f\\u00fcr mehr Datenschutz: Erst wenn Sie hier klicken, wird der Button aktiv und Sie k\\u00f6nnen Ihre Empfehlung an Flattr senden. Schon beim Aktivieren werden Daten an Dritte \\u00fcbertragen - siehe <em>i<\\\/em>.\",\"perma_option\":\"off\"}},\"txt_help\":\"Wenn Sie diese Felder durch einen Klick aktivieren, werden Informationen an Facebook, Twitter, Flattr, Xing, t3n, LinkedIn, Pinterest oder Google eventuell ins Ausland \\u00fcbertragen und unter Umst\\u00e4nden auch dort gespeichert. N\\u00e4heres erfahren Sie durch einen Klick auf das <em>i<\\\/em>.\",\"settings_perma\":\"Dauerhaft aktivieren und Daten\\u00fcber-tragung zustimmen:\",\"info_link\":\"http:\\\/\\\/www.heise.de\\\/ct\\\/artikel\\\/2-Klicks-fuer-mehr-Datenschutz-1333879.html\",\"uri\":\"https:\\\/\\\/www.brennecke.org\\\/?page_id=2849\",\"post_id\":2849,\"post_title_referrer_track\":\"Dritte+Bauphase\",\"display_infobox\":\"on\"});}});\n\/* ]]> *\/<\/script><\/div>","protected":false},"excerpt":{"rendered":"<p>Zur\u00fcck zur Hauptseite Zur\u00fcck zur zweiten Bauphase Nachdem in der zweiten Phase auch klar geworden war, dass die Helligkeitsaustastung \u00fcber eine lineare Verst\u00e4rkerstufe zwar funktionierte, aber doch ein wenig mehr &#8222;Power&#8220; ben\u00f6tigt, wurde eine dritte Iteration begonnen. Diese sollte folgende &hellip; <a href=\"https:\/\/www.brennecke.org\/?page_id=2849\">Weiterlesen <span class=\"meta-nav\">&rarr;<\/span><\/a><\/p>\n","protected":false},"author":1,"featured_media":2871,"parent":2795,"menu_order":3,"comment_status":"open","ping_status":"open","template":"","meta":{"footnotes":""},"_links":{"self":[{"href":"https:\/\/www.brennecke.org\/index.php?rest_route=\/wp\/v2\/pages\/2849"}],"collection":[{"href":"https:\/\/www.brennecke.org\/index.php?rest_route=\/wp\/v2\/pages"}],"about":[{"href":"https:\/\/www.brennecke.org\/index.php?rest_route=\/wp\/v2\/types\/page"}],"author":[{"embeddable":true,"href":"https:\/\/www.brennecke.org\/index.php?rest_route=\/wp\/v2\/users\/1"}],"replies":[{"embeddable":true,"href":"https:\/\/www.brennecke.org\/index.php?rest_route=%2Fwp%2Fv2%2Fcomments&post=2849"}],"version-history":[{"count":7,"href":"https:\/\/www.brennecke.org\/index.php?rest_route=\/wp\/v2\/pages\/2849\/revisions"}],"predecessor-version":[{"id":2911,"href":"https:\/\/www.brennecke.org\/index.php?rest_route=\/wp\/v2\/pages\/2849\/revisions\/2911"}],"up":[{"embeddable":true,"href":"https:\/\/www.brennecke.org\/index.php?rest_route=\/wp\/v2\/pages\/2795"}],"wp:featuredmedia":[{"embeddable":true,"href":"https:\/\/www.brennecke.org\/index.php?rest_route=\/wp\/v2\/media\/2871"}],"wp:attachment":[{"href":"https:\/\/www.brennecke.org\/index.php?rest_route=%2Fwp%2Fv2%2Fmedia&parent=2849"}],"curies":[{"name":"wp","href":"https:\/\/api.w.org\/{rel}","templated":true}]}}