{"id":2929,"date":"2014-03-18T12:53:09","date_gmt":"2014-03-18T10:53:09","guid":{"rendered":"http:\/\/www.brennecke.org\/?page_id=2929"},"modified":"2014-05-03T12:49:33","modified_gmt":"2014-05-03T10:49:33","slug":"mechanischer-aufbau","status":"publish","type":"page","link":"https:\/\/www.brennecke.org\/?page_id=2929","title":{"rendered":"Mechanischer Aufbau"},"content":{"rendered":"<p><a title=\"Universelle Bildr\u00f6hreneinheit\" href=\"http:\/\/www.brennecke.org\/?page_id=2795\">Zur\u00fcck zur Hauptseite<\/a><\/p>\n<p><a title=\"ScopeClock-Eingangswahl-Zusatzmodul\" href=\"http:\/\/www.brennecke.org\/?page_id=2920\">Zur\u00fcck zur Schaltungsbeschreibung des ScopeClock-Eingangswahl-Zusatzmoduls<\/a><\/p>\n<p>Wie bereits in der Einleitung gew\u00e4hlt, war das Vorhandensein eines g\u00fcnstigen Plexiglasgeh\u00e4uses eine Grundvoraussetzung f\u00fcr den Bau &#8211; ich wollte keine abgeschirmten Aufbauten in einem grauen Plastikgeh\u00e4use. Das gew\u00e4hlte Geh\u00e4use ist sehr wuchtig und bietet Platz f\u00fcr die R\u00f6hre, viele Regler und mehrere Platinen. Es kommt allerdings v\u00f6llig ohne jede Befestigungsm\u00f6glichkeit f\u00fcr R\u00f6hre oder Platinen &#8211; alles musste selbst geschaffen werden.<\/p>\n<p><a href=\"http:\/\/www.brennecke.org\/wp-content\/uploads\/2014\/03\/IMG_5908.jpg\"><img loading=\"lazy\" decoding=\"async\" class=\"alignnone size-full wp-image-2856\" alt=\"IMG_5908\" src=\"http:\/\/www.brennecke.org\/wp-content\/uploads\/2014\/03\/IMG_5908.jpg\" width=\"1024\" height=\"768\" srcset=\"https:\/\/www.brennecke.org\/wp-content\/uploads\/2014\/03\/IMG_5908.jpg 1024w, https:\/\/www.brennecke.org\/wp-content\/uploads\/2014\/03\/IMG_5908-300x225.jpg 300w\" sizes=\"(max-width: 1024px) 100vw, 1024px\" \/><\/a><\/p>\n<p><a href=\"http:\/\/www.brennecke.org\/wp-content\/uploads\/2014\/03\/IMG_6083.jpg\"><img loading=\"lazy\" decoding=\"async\" class=\"alignnone size-full wp-image-2961\" alt=\"IMG_6083\" src=\"http:\/\/www.brennecke.org\/wp-content\/uploads\/2014\/03\/IMG_6083.jpg\" width=\"1024\" height=\"768\" srcset=\"https:\/\/www.brennecke.org\/wp-content\/uploads\/2014\/03\/IMG_6083.jpg 1024w, https:\/\/www.brennecke.org\/wp-content\/uploads\/2014\/03\/IMG_6083-300x225.jpg 300w\" sizes=\"(max-width: 1024px) 100vw, 1024px\" \/><\/a><\/p>\n<p>Zur Halterung der Platinen dienen haupts\u00e4chlich zwei Plexiglas-Rechteck-St\u00e4be, die links und rechts im oberen Teil (bei der DG7\/32 im unteren Teil) der Seitenw\u00e4nde angeschraubt wurden. Auf diesen St\u00e4ben lagern mehrere Plexiglasscheiben der Gr\u00f6\u00dfe 5x15cm, die genau zwischen die beiden Au\u00dfenw\u00e4nde passen.<\/p>\n<p>Bei der D10\/191 sind die Platinen selbst dann an diesen Plexigalsscheiben befestigt. Die Hochspannungskaskaden (sie stammen komplett mit allen Bauteilen aus <a href=\"http:\/\/www.die-wuestens.de\/dindex.htm?\/r5.htm\">Jan W\u00fcstens Katalog<\/a>) sind verschraubt, die oberen Platinen sind mit kleinen Kunststoffw\u00fcrfelchen verschraubt, die auf die Plexiglasscheiben geklebt sind &#8211; damit erspart man sich die Fummelei beim Ein- und Ausbau der Platinen.Die Hochspannungskaskaden sollten zudem durch die Plexiglassscheiben ber\u00fchrungssicher bedeckt sein &#8211; <strong>3000 Volt sind gef\u00e4hrlich<\/strong>. Die Spannung bleibt dank der Kondensatoren auch im ausgeschalteten Zustand l\u00e4ngere Zeit bestehen &#8211; also Vorsicht im Umgang damit.<\/p>\n<p>Die DG7\/32 wurde mit Abgasrohrschellen f\u00fcr Motorr\u00e4der befestigt. Das sieht brachial aus, h\u00e4lt das Rohr aber perfekt in Form.<\/p>\n<p><a href=\"http:\/\/www.brennecke.org\/wp-content\/uploads\/2014\/03\/IMG_6007.jpg\"><img loading=\"lazy\" decoding=\"async\" class=\"alignnone size-full wp-image-2892\" alt=\"IMG_6007\" src=\"http:\/\/www.brennecke.org\/wp-content\/uploads\/2014\/03\/IMG_6007.jpg\" width=\"1024\" height=\"768\" srcset=\"https:\/\/www.brennecke.org\/wp-content\/uploads\/2014\/03\/IMG_6007.jpg 1024w, https:\/\/www.brennecke.org\/wp-content\/uploads\/2014\/03\/IMG_6007-300x225.jpg 300w\" sizes=\"(max-width: 1024px) 100vw, 1024px\" \/><\/a><\/p>\n<p>Die Verdrahtung ist bei einem Vollausbau mit allen Zusatzplatinen recht umfangreich. Da \u00fcberall auf Pfostenstecker zur\u00fcckgegriffen wird, bleibt die Verkabelung aber \u00fcbersichtlich. Insbesondere die Verbindungen zu den Potentiometern sind eine gewisse Herausforderung; ich habe sie mitsamt der Pfostenstecker unterhalb der Platine verlegt. Vier der Regler (f\u00fcr Helligkeit, Sch\u00e4rfe sowie Position des Strahls) sind von vorne regelbar, die Amplituden sind nur auf der R\u00fcckseite der R\u00f6hre regelbar. Warum? Weil die Amplituden auf jeder der Zusatzplatinen noch einmal separat so eingestellt werden k\u00f6nnen (und sollten!), dass sich eine einheitliche Bildgr\u00f6\u00dfe beim Umschalten ergibt, die ein Nachregeln \u00fcberfl\u00fcssig macht. Auch die EE2007-Schaltungen wie das Oszilloskop sehen eine zus\u00e4tzliche Regelung vor, weil die EE2007-Bildr\u00f6hreneinheit gar keine Regler f\u00fcr die Amplitude besa\u00df.<\/p>\n<p>F\u00fcr die Videoverbindungen habe ich geschirmte einpolige Kabel benutzt, ebenso f\u00fcr die Verbindungen zu den externen Steckern auf der R\u00fcckseite, die bis auf den Austasteingang alle als\u00a0 Cinch-Eing\u00e4nge (mit einer zus\u00e4tzlichen Masseleitung) ausgef\u00fchrt sind. Alle Ausg\u00e4nge inklusive des Composite-Video-Ausgangs sind auch auf einem neunpoligen SUB-D-Stecker verf\u00fcgbar &#8211; f\u00fcr sp\u00e4tere, vereinfachte Verkabelung mit einer Breakout-Box, die dann ein verbessertes EE2007-Oszilloskop enthalten wird. Dazu liegt bereits ein ausgeschlachtetes Schuco-Experimentierpult bereit &#8211; dazu an anderer Stelle mehr.<\/p>\n<p>Der Wahlschalter ist ein einfacher 3&#215;4-Drehschalter. Zwei Stufen werden f\u00fcr die Eingangswahl ben\u00f6tigt, mit der dritten wird die 5V-Leitung der Zusatzplatinen aktiviert, so dass die Platinen nur dann aktiv sind, wenn sie Bilder liefern sollen.<\/p>\n<p>Der Netztrafo stammt wie die Hochspannungskaskaden aus <a href=\"http:\/\/www.die-wuestens.de\/dindex.htm?\/r5.htm\">Jan W\u00fcstens Katalog<\/a>. Er liefert genug Energie f\u00fcr die benutzte R\u00f6hre und die Zusatzschaltungen und besitzt drei Ausg\u00e4nge f\u00fcr 230V, 15V und 6,3V. Seine Eingangswicklungen sind aufgeteilt auf zweimal 115V &#8211; diese m\u00fcssen in der richtigen Weise hintereinander geschaltet werden, ansonsten kommt an den Sekund\u00e4rwicklungen nichts an. Er wird \u00fcber eine Kaltger\u00e4tebuchse mit Schalter und Feinsicherung mit dem Stromnetz verbunden.<\/p>\n<p><a href=\"http:\/\/www.brennecke.org\/wp-content\/uploads\/2014\/02\/Schra\u0308gansicht-links.jpg\"><img loading=\"lazy\" decoding=\"async\" class=\"alignnone size-full wp-image-2833\" alt=\"Schra\u0308gansicht links\" src=\"http:\/\/www.brennecke.org\/wp-content\/uploads\/2014\/02\/Schra\u0308gansicht-links.jpg\" width=\"1024\" height=\"768\" srcset=\"https:\/\/www.brennecke.org\/wp-content\/uploads\/2014\/02\/Schra\u0308gansicht-links.jpg 1024w, https:\/\/www.brennecke.org\/wp-content\/uploads\/2014\/02\/Schra\u0308gansicht-links-300x225.jpg 300w\" sizes=\"(max-width: 1024px) 100vw, 1024px\" \/><\/a><\/p>\n<p>Die Hochspannungskaskade f\u00fcr die D10\/191 liefert nur einen einzigen Ausgang, der per Kabel und Klemme mit der R\u00f6hre verbunden ist. Die ganze Hochspannungsgeschichte ist nat\u00fcrlich nur dann erforderlich, wenn die R\u00f6hre eine solche Nachbeschleunigung tats\u00e4chlich ben\u00f6tigt. Die DG7\/32 hat keinen solchen Anschluss; daher k\u00f6nnen dann die Kaskaden komplett entfallen.<\/p>\n<p><a href=\"http:\/\/www.brennecke.org\/wp-content\/uploads\/2014\/03\/IMG_6081.jpg\"><img loading=\"lazy\" decoding=\"async\" class=\"alignnone size-full wp-image-2959\" alt=\"IMG_6081\" src=\"http:\/\/www.brennecke.org\/wp-content\/uploads\/2014\/03\/IMG_6081.jpg\" width=\"1024\" height=\"768\" srcset=\"https:\/\/www.brennecke.org\/wp-content\/uploads\/2014\/03\/IMG_6081.jpg 1024w, https:\/\/www.brennecke.org\/wp-content\/uploads\/2014\/03\/IMG_6081-300x225.jpg 300w\" sizes=\"(max-width: 1024px) 100vw, 1024px\" \/><\/a><\/p>\n<p>Die DG7\/32 kann insbesondere in ein kleineres Geh\u00e4use eingebaut werden und ist dann gr\u00f6\u00dfenm\u00e4\u00dfig durchaus mit dem Original vergleichbar. Das Geh\u00e4use ist aber weitaus hochwertiger und schwerer &#8211; hinzu kommt noch der Trafo, so dass das ganze dann etwa doppelt so viel wiegt wie das Original.<\/p>\n<p>Die Platine f\u00fcr Composite Video findet hier unterhalb von Bildr\u00f6hre und Trafo ihren Platz.<\/p>\n<p>Eine andere rechteckige R\u00f6hre, die D8\/11, ist ein wenig l\u00e4nger als die DG7\/32. Theoretisch passt der Trafo noch mit ins Geh\u00e4use &#8211; praktisch f\u00fchrt das aber zu Einstrahlungen, die ein sauberes Bild verhindern. Daher wurde der Trafo auf die R\u00fcckseite au\u00dferhalb des Geh\u00e4uses verbannt.<\/p>\n<p><a href=\"http:\/\/www.brennecke.org\/wp-content\/uploads\/2014\/04\/IMG_6191.jpg\"><img loading=\"lazy\" decoding=\"async\" class=\"alignnone size-medium wp-image-3080\" alt=\"IMG_6191\" src=\"http:\/\/www.brennecke.org\/wp-content\/uploads\/2014\/04\/IMG_6191-300x225.jpg\" width=\"300\" height=\"225\" srcset=\"https:\/\/www.brennecke.org\/wp-content\/uploads\/2014\/04\/IMG_6191-300x225.jpg 300w, https:\/\/www.brennecke.org\/wp-content\/uploads\/2014\/04\/IMG_6191.jpg 1024w\" sizes=\"(max-width: 300px) 100vw, 300px\" \/><\/a> <a href=\"http:\/\/www.brennecke.org\/wp-content\/uploads\/2014\/04\/IMG_6193.jpg\"><img loading=\"lazy\" decoding=\"async\" class=\"alignnone size-medium wp-image-3082\" alt=\"IMG_6193\" src=\"http:\/\/www.brennecke.org\/wp-content\/uploads\/2014\/04\/IMG_6193-300x225.jpg\" width=\"300\" height=\"225\" srcset=\"https:\/\/www.brennecke.org\/wp-content\/uploads\/2014\/04\/IMG_6193-300x225.jpg 300w, https:\/\/www.brennecke.org\/wp-content\/uploads\/2014\/04\/IMG_6193.jpg 1024w\" sizes=\"(max-width: 300px) 100vw, 300px\" \/><\/a><\/p>\n<p><a title=\"Abgleich und Nachbauhinweise\" href=\"http:\/\/www.brennecke.org\/?page_id=3013\">Weiter zu den Abgleich- und Dimensionierungshinweisen<\/a><\/p>\n<div class=\"twoclick_social_bookmarks_post_2929 social_share_privacy clearfix 1.6.4 locale-de_DE sprite-de_DE\"><\/div><div class=\"twoclick-js\"><script type=\"text\/javascript\">\/* <![CDATA[ *\/\njQuery(document).ready(function($){if($('.twoclick_social_bookmarks_post_2929')){$('.twoclick_social_bookmarks_post_2929').socialSharePrivacy({\"services\":{\"facebook\":{\"status\":\"on\",\"txt_info\":\"2 Klicks f\\u00fcr mehr Datenschutz: Erst wenn Sie hier klicken, wird der Button aktiv und Sie k\\u00f6nnen Ihre Empfehlung an Facebook senden. Schon beim Aktivieren werden Daten an Dritte \\u00fcbertragen - siehe <em>i<\\\/em>.\",\"perma_option\":\"off\",\"action\":\"recommend\",\"language\":\"de_DE\"},\"twitter\":{\"reply_to\":\"\",\"tweet_text\":\"Mechanischer%20Aufbau%20%C2%BB%2053%20Cent\",\"status\":\"on\",\"txt_info\":\"2 Klicks f\\u00fcr mehr Datenschutz: Erst wenn Sie hier klicken, wird der Button aktiv und Sie k\\u00f6nnen Ihre Empfehlung an Twitter senden. Schon beim Aktivieren werden Daten an Dritte \\u00fcbertragen - siehe <em>i<\\\/em>.\",\"perma_option\":\"off\",\"language\":\"de\",\"referrer_track\":\"\"},\"gplus\":{\"status\":\"on\",\"txt_info\":\"2 Klicks f\\u00fcr mehr Datenschutz: Erst wenn Sie hier klicken, wird der Button aktiv und Sie k\\u00f6nnen Ihre Empfehlung an Google+ senden. Schon beim Aktivieren werden Daten an Dritte \\u00fcbertragen - siehe <em>i<\\\/em>.\",\"perma_option\":\"off\",\"referrer_track\":\"\"},\"flattr\":{\"uid\":\"\",\"status\":\"on\",\"the_title\":\"Mechanischer%20Aufbau\",\"the_excerpt\":\"Zur%C3%BCck%20zur%20Hauptseite%0D%0A%0D%0AZur%C3%BCck%20zur%20Schaltungsbeschreibung%20des%20ScopeClock-Eingangswahl-Zusatzmoduls%0D%0A%0D%0AWie%20bereits%20in%20der%20Einleitung%20gew%C3%A4hlt%2C%20war%20das%20Vorhandensein%20eines%20g%C3%BCnstigen%20Plexiglasgeh%C3%A4uses%20eine%20Grundvoraussetzung%20f%C3%BCr%20den%20Bau%20-%20ich%20wollte%20keine%20abgeschirmten%20Aufbauten%20in%20einem%20grauen%20Plastikgeh%C3%A4use.%20Das%20gew%C3%A4hlte%20Geh%C3%A4use%20ist%20sehr%20wuchtig%20und%20bietet%20Platz%20f%C3%BCr%20die%20R%C3%B6hre%2C%20viele%20Regler%20und%20%20...\",\"txt_info\":\"2 Klicks f\\u00fcr mehr Datenschutz: Erst wenn Sie hier klicken, wird der Button aktiv und Sie k\\u00f6nnen Ihre Empfehlung an Flattr senden. Schon beim Aktivieren werden Daten an Dritte \\u00fcbertragen - siehe <em>i<\\\/em>.\",\"perma_option\":\"off\"}},\"txt_help\":\"Wenn Sie diese Felder durch einen Klick aktivieren, werden Informationen an Facebook, Twitter, Flattr, Xing, t3n, LinkedIn, Pinterest oder Google eventuell ins Ausland \\u00fcbertragen und unter Umst\\u00e4nden auch dort gespeichert. N\\u00e4heres erfahren Sie durch einen Klick auf das <em>i<\\\/em>.\",\"settings_perma\":\"Dauerhaft aktivieren und Daten\\u00fcber-tragung zustimmen:\",\"info_link\":\"http:\\\/\\\/www.heise.de\\\/ct\\\/artikel\\\/2-Klicks-fuer-mehr-Datenschutz-1333879.html\",\"uri\":\"https:\\\/\\\/www.brennecke.org\\\/?page_id=2929\",\"post_id\":2929,\"post_title_referrer_track\":\"Mechanischer+Aufbau\",\"display_infobox\":\"on\"});}});\n\/* ]]> *\/<\/script><\/div>","protected":false},"excerpt":{"rendered":"<p>Zur\u00fcck zur Hauptseite Zur\u00fcck zur Schaltungsbeschreibung des ScopeClock-Eingangswahl-Zusatzmoduls Wie bereits in der Einleitung gew\u00e4hlt, war das Vorhandensein eines g\u00fcnstigen Plexiglasgeh\u00e4uses eine Grundvoraussetzung f\u00fcr den Bau &#8211; ich wollte keine abgeschirmten Aufbauten in einem grauen Plastikgeh\u00e4use. Das gew\u00e4hlte Geh\u00e4use ist sehr &hellip; <a href=\"https:\/\/www.brennecke.org\/?page_id=2929\">Weiterlesen <span class=\"meta-nav\">&rarr;<\/span><\/a><\/p>\n","protected":false},"author":1,"featured_media":2892,"parent":2795,"menu_order":9,"comment_status":"open","ping_status":"open","template":"","meta":{"footnotes":""},"_links":{"self":[{"href":"https:\/\/www.brennecke.org\/index.php?rest_route=\/wp\/v2\/pages\/2929"}],"collection":[{"href":"https:\/\/www.brennecke.org\/index.php?rest_route=\/wp\/v2\/pages"}],"about":[{"href":"https:\/\/www.brennecke.org\/index.php?rest_route=\/wp\/v2\/types\/page"}],"author":[{"embeddable":true,"href":"https:\/\/www.brennecke.org\/index.php?rest_route=\/wp\/v2\/users\/1"}],"replies":[{"embeddable":true,"href":"https:\/\/www.brennecke.org\/index.php?rest_route=%2Fwp%2Fv2%2Fcomments&post=2929"}],"version-history":[{"count":7,"href":"https:\/\/www.brennecke.org\/index.php?rest_route=\/wp\/v2\/pages\/2929\/revisions"}],"predecessor-version":[{"id":3091,"href":"https:\/\/www.brennecke.org\/index.php?rest_route=\/wp\/v2\/pages\/2929\/revisions\/3091"}],"up":[{"embeddable":true,"href":"https:\/\/www.brennecke.org\/index.php?rest_route=\/wp\/v2\/pages\/2795"}],"wp:featuredmedia":[{"embeddable":true,"href":"https:\/\/www.brennecke.org\/index.php?rest_route=\/wp\/v2\/media\/2892"}],"wp:attachment":[{"href":"https:\/\/www.brennecke.org\/index.php?rest_route=%2Fwp%2Fv2%2Fmedia&parent=2929"}],"curies":[{"name":"wp","href":"https:\/\/api.w.org\/{rel}","templated":true}]}}