{"id":3013,"date":"2014-04-05T10:55:23","date_gmt":"2014-04-05T08:55:23","guid":{"rendered":"http:\/\/www.brennecke.org\/?page_id=3013"},"modified":"2014-05-05T11:57:25","modified_gmt":"2014-05-05T09:57:25","slug":"abgleich-und-nachbauhinweise","status":"publish","type":"page","link":"https:\/\/www.brennecke.org\/?page_id=3013","title":{"rendered":"Abgleich und Dimensionierungshinweise"},"content":{"rendered":"<p><a title=\"Universelle Bildr\u00f6hreneinheit\" href=\"http:\/\/www.brennecke.org\/?page_id=2795\">Zur\u00fcck zur Hauptseite<\/a><\/p>\n<p><a title=\"Mechanischer Aufbau\" href=\"http:\/\/www.brennecke.org\/?page_id=2929\">Zur\u00fcck zum Mechanischen Aufbau<\/a><\/p>\n<h2>Zusammenbau der Platine<\/h2>\n<p>Die Platine ist zweiseitig und erfordert daher keine Drahtbr\u00fccken &#8211; bis auf eine, siehe weiter unten. Die Best\u00fcckung erfolgt am besten in der Reihenfolge Widerst\u00e4nde &#8211; Dioden &#8211; Kondensatoren &#8211; Verbindungsklemmen &#8211; IC-Sockel &#8211; Transistoren, wobei die beiden Transitorp\u00e4rchen am oberen Rand mit einer Schraube und etwas W\u00e4rmeleitpaste physisch miteinander verschraubt werden m\u00fcssen, um bei beiden Transistoren das gleiche Temperaturverhalten zu erzielen.<\/p>\n<p>Anhand der zu verwendenden R\u00f6hre ist zu entscheiden, welche negative Spannung ben\u00f6tigt wird. Bei Anodenspannungen gr\u00f6\u00dfer als 800V (gemessen gegen\u00fcber der Kathode) empfiehlt sich die Br\u00fccke hin zu -900v, ansonsten gen\u00fcgen -600V.<\/p>\n<p>Die hier herunterladbare <a href=\"http:\/\/www.brennecke.org\/wp-content\/uploads\/2014\/04\/Bestu\u0308ckungsliste.xlsx\">Bestu\u0308ckungsliste<\/a> beschreibt die Komponenten aller bisher getesteten R\u00f6hren &#8211; in Bezug auf Spannungsteiler und Empfindlichkeit der Ablenkverst\u00e4rker sind gewisse Unterschiede bei der Best\u00fcckung erforderlich.<\/p>\n<h2>Abgleich<\/h2>\n<p>Der Abgleich der Einheiten ist nicht sonderlich komplex. Auf der Bildr\u00f6hrenplatine befindet sich nur zwei Potentiometer, die nicht nach au\u00dfen gelegt ist. Das eine dient zur Einstellung der Anodenspannung. Bei vielen R\u00f6hren ist diese Spannung gleich der mittleren Ablenkspannung zu w\u00e4hlen, damit der Bildpunkt sch\u00f6n rund aussieht. Zusammen mit dem Fokus-Poti muss der Strahl (Bildpunkt) dann so eingestellt sein, dass er m\u00f6glichst klein ist. Eine einmalige Einstellung dieses Potis gen\u00fcgt.<\/p>\n<p>Das zweite Potentiometer dient zur Kontrasteinstellung. Es darf auf &#8222;Maximalkontrast&#8220; (linker Anschlag) stehen.<\/p>\n<p>Der Trafo muss mit den drei Anschlussklemmenpaaren verbunden werden. Er liefert sekund\u00e4rseitig 220V (rote Dr\u00e4hte), 15V (gr\u00fcne Dr\u00e4hte) und 6,3V (schwarze Dr\u00e4hte). Die roten Dr\u00e4hte werden an die Klemmen auf der linken Seite in der Mitte angeschlossen. Die gr\u00fcnen Dr\u00e4hte werden mit den beiden Klemmen links unten verbunden, und die schwarzen Dr\u00e4hte werden mit den Klemmen inmitten der Platine verbunden. Prim\u00e4rseitig besitzt der Trafo zwei Wicklungen f\u00fcr 2x115V. Beide m\u00fcssen hintereinander geschaltet werden, wenn der Trafo mit dem 230V-Netz verbunden werden soll. Dabei beschreiben die Farben die Wickelrichtungen des Trafos &#8211; es muss bei der Zusammenschaltung gelb mit wei\u00df verbunden werden; ansonsten werden sekund\u00e4rseitig keine Spannungen \u00fcbertragen.<\/p>\n<p>Nach dem Aufbau sollte man &#8211; noch ohne angeschlossene R\u00f6hre &#8211; zun\u00e4chst mit der \u00dcberpr\u00fcfung der einzelnen Spannungen beginnen.<\/p>\n<p>Die drei Niederspannungen k\u00f6nnen am mittleren Steckern am unteren Rand abgegriffen werden. Die Abfolge der Pins ist von oben nach unten (+12V\/ Masse \/ +5V \/ Masse \/ -12V). Wenn diese Spannungen nicht korrekt sind, liegt der Fehler irgendwo im Bereich rund um die drei Spannungsregler LM7805\/7812\/7912.<\/p>\n<p>Danach erfolgt der Test der Hochspannungen. Am den Widerst\u00e4nden\u00a0 sollte sich die negative Hochspannung (etwa -600 oder -900V gegen Masse) messen lassen. Am oberen Rand der Platine kann man die positive Hochspannung messen (ca. +250V).<\/p>\n<p><strong>Hinweis: Alle Spannungen sind sekund\u00e4rseitig entkoppelt. Es darf keinesfalls ein Anschluss an eine externe Masseleitung (Erde) erfolgen, da ansonsten die Hochspannung auf einem Potential gegen Erde liegt und gef\u00e4hrlich werden kann. Die Hochspannungen an der Bildr\u00f6hre f\u00fchren nur sehr geringe Str\u00f6me. Sie sind zwar nicht ungef\u00e4hrlich, aber eine Ber\u00fchrung ist f\u00fcr Erwachsene auch nicht lebensgef\u00e4hrlich. Anders verh\u00e4lt es sich mit dem 230V-Sekund\u00e4rkreis. Ein direktes Ber\u00fchren der 230V-Kabel des Trafos und der zugeh\u00f6rigen Anschl\u00fcsse auf der Platine sollte unbedingt vermieden werden.<\/strong><\/p>\n<p>Wenn diese Spannungen stimmen, wird als n\u00e4chstes der Spannungsteiler gepr\u00fcft. Dazu kann man nacheinander die einzelnen Pins des Steckverbinders f\u00fcr die R\u00f6hre gegen Masse messen. Deren Spannungen m\u00fcssen nun dem Datenblatt entsprechen. Die Spannung zwischen den Pins 1 und 2 bzw. 3 und 4 sollte sich zudem mit den beiden Reglern f\u00fcr die Bildposition auf Null stellen lassen &#8211; dann ist sp\u00e4ter der Bildpunkt mittig ausgerichtet.<\/p>\n<p>Wenn alles stimmt, kann man ausschalten, die Bildr\u00f6hre anschlie\u00dfen und wieder\u00a0 einschalten. Jetzt sollte nach ein paar Sekunden der Leuchtpunkt mittig zu sehen sein. Er sollte sich mit den Reglern f\u00fcr die Bildposition verschieben lassen. Wenn man die Regler f\u00fcr die Amplituden aufdreht und gleichzeitig die Stiftleiste rechts unten ber\u00fchrt, sollte man bereits Auslenkungen sehen k\u00f6nnen.<\/p>\n<p><a href=\"http:\/\/www.brennecke.org\/wp-content\/uploads\/2014\/04\/IMG_6192.jpg\"><img loading=\"lazy\" decoding=\"async\" class=\"alignnone size-full wp-image-3081\" src=\"http:\/\/www.brennecke.org\/wp-content\/uploads\/2014\/04\/IMG_6192.jpg\" alt=\"IMG_6192\" width=\"1024\" height=\"768\" srcset=\"https:\/\/www.brennecke.org\/wp-content\/uploads\/2014\/04\/IMG_6192.jpg 1024w, https:\/\/www.brennecke.org\/wp-content\/uploads\/2014\/04\/IMG_6192-300x225.jpg 300w\" sizes=\"(max-width: 1024px) 100vw, 1024px\" \/><\/a><\/p>\n<p>An die Stiftleisten wird dann entweder das PAL-Modul angeschlossen &#8211; oder man f\u00fchrt die Anschl\u00fcsse direkt nach drau\u00dfen, und hat dann eine reine Bildr\u00f6hreneinheit ohne zus\u00e4tzliche Eing\u00e4nge.<\/p>\n<h2>Dimensionierungshinweise<\/h2>\n<ul>\n<li><a title=\"Dimensionierung f\u00fcr die DG7\/32\" href=\"http:\/\/www.brennecke.org\/?page_id=3014\">DG7\/32<\/a><\/li>\n<li><a title=\"Dimensionierung f\u00fcr die D10\/191\" href=\"http:\/\/www.brennecke.org\/?page_id=3018\">D10\/191<\/a><\/li>\n<li><a title=\"Dimensionierung f\u00fcr die D8\/11\" href=\"http:\/\/www.brennecke.org\/?page_id=3022\">D8\/11<\/a><\/li>\n<\/ul>\n<h2>AC\/DC &#8211; eine Frage der Eing\u00e4nge<\/h2>\n<p>Die Bildr\u00f6hreneinheit ist gleichspannungsgekoppelt &#8211; das Signal kann daher auch mit einer Gleichspannung ausgelenkt werden. Damit k\u00f6nnen beispielsweise auch sehr langsame Bewegungen des Elektronenstrahls simuliert werden. Der Nachteil dieser Beschaltung liegt in der Notwendigkeit einer Bildpositionsregelung. Denn jeder Gleichanteil eines Signals verschiebt den Strahl aus der Mitte heraus. Die R\u00f6hre hat hierzu bereits Regler, mit denen die Mittenpositionierung durchgef\u00fchrt werden kann.<\/p>\n<p>Trotzdem kann es aber nerven, jedesmal den Strahl suchen zu m\u00fcssen, wenn man eine neue Schaltung ausprobiert. Man kann daher die Eing\u00e4nge f\u00fcr X und Y auch \u00fcber einen 1\u00b5F-Kondensator von der Gleichspannung entkoppeln. Dann entspricht das Verhalten exakt dem der EE2007-Bildr\u00f6hreneinheit &#8211; beim Anlegen einer Gleichspannung wird der Strahl dann nur kurzfristig aus der Mitte gelenkt und kehrt sofort zur\u00fcck. Man verliert dann die &#8222;langsame&#8220; Aussteuerung &#8211; trotzdem habe ich diesen Weg gew\u00e4hlt, weil er kaum eine Einschr\u00e4nkung bringt, ansonsten aber die Kompatibilit\u00e4t wahrt.<\/p>\n<p><a title=\"Universelle Bildr\u00f6hreneinheit\" href=\"http:\/\/www.brennecke.org\/?page_id=2795\">Zur\u00fcck zur Hauptseite<\/a><\/p>\n<p>&nbsp;<\/p>\n<div class=\"twoclick_social_bookmarks_post_3013 social_share_privacy clearfix 1.6.4 locale-de_DE sprite-de_DE\"><\/div><div class=\"twoclick-js\"><script type=\"text\/javascript\">\/* <![CDATA[ *\/\njQuery(document).ready(function($){if($('.twoclick_social_bookmarks_post_3013')){$('.twoclick_social_bookmarks_post_3013').socialSharePrivacy({\"services\":{\"facebook\":{\"status\":\"on\",\"txt_info\":\"2 Klicks f\\u00fcr mehr Datenschutz: Erst wenn Sie hier klicken, wird der Button aktiv und Sie k\\u00f6nnen Ihre Empfehlung an Facebook senden. Schon beim Aktivieren werden Daten an Dritte \\u00fcbertragen - siehe <em>i<\\\/em>.\",\"perma_option\":\"off\",\"action\":\"recommend\",\"language\":\"de_DE\"},\"twitter\":{\"reply_to\":\"\",\"tweet_text\":\"Abgleich%20und%20Dimensionierungshinweise%20%C2%BB%2053%20Cent\",\"status\":\"on\",\"txt_info\":\"2 Klicks f\\u00fcr mehr Datenschutz: Erst wenn Sie hier klicken, wird der Button aktiv und Sie k\\u00f6nnen Ihre Empfehlung an Twitter senden. Schon beim Aktivieren werden Daten an Dritte \\u00fcbertragen - siehe <em>i<\\\/em>.\",\"perma_option\":\"off\",\"language\":\"de\",\"referrer_track\":\"\"},\"gplus\":{\"status\":\"on\",\"txt_info\":\"2 Klicks f\\u00fcr mehr Datenschutz: Erst wenn Sie hier klicken, wird der Button aktiv und Sie k\\u00f6nnen Ihre Empfehlung an Google+ senden. Schon beim Aktivieren werden Daten an Dritte \\u00fcbertragen - siehe <em>i<\\\/em>.\",\"perma_option\":\"off\",\"referrer_track\":\"\"},\"flattr\":{\"uid\":\"\",\"status\":\"on\",\"the_title\":\"Abgleich%20und%20Dimensionierungshinweise\",\"the_excerpt\":\"Zur%C3%BCck%20zur%20Hauptseite%0D%0A%0D%0AZur%C3%BCck%20zum%20Mechanischen%20Aufbau%0D%0AZusammenbau%20der%20Platine%0D%0ADie%20Platine%20ist%20zweiseitig%20und%20erfordert%20daher%20keine%20Drahtbr%C3%BCcken%20-%20bis%20auf%20eine%2C%20siehe%20weiter%20unten.%20Die%20Best%C3%BCckung%20erfolgt%20am%20besten%20in%20der%20Reihenfolge%20Widerst%C3%A4nde%20-%20Dioden%20-%20Kondensatoren%20-%20Verbindungsklemmen%20-%20IC-Sockel%20-%20Transistoren%2C%20wobei%20die%20beiden%20Transitorp%C3%A4rchen%20am%20oberen%20Rand%20mit%20einer%20Schraube%20und%20et%20...\",\"txt_info\":\"2 Klicks f\\u00fcr mehr Datenschutz: Erst wenn Sie hier klicken, wird der Button aktiv und Sie k\\u00f6nnen Ihre Empfehlung an Flattr senden. Schon beim Aktivieren werden Daten an Dritte \\u00fcbertragen - siehe <em>i<\\\/em>.\",\"perma_option\":\"off\"}},\"txt_help\":\"Wenn Sie diese Felder durch einen Klick aktivieren, werden Informationen an Facebook, Twitter, Flattr, Xing, t3n, LinkedIn, Pinterest oder Google eventuell ins Ausland \\u00fcbertragen und unter Umst\\u00e4nden auch dort gespeichert. N\\u00e4heres erfahren Sie durch einen Klick auf das <em>i<\\\/em>.\",\"settings_perma\":\"Dauerhaft aktivieren und Daten\\u00fcber-tragung zustimmen:\",\"info_link\":\"http:\\\/\\\/www.heise.de\\\/ct\\\/artikel\\\/2-Klicks-fuer-mehr-Datenschutz-1333879.html\",\"uri\":\"https:\\\/\\\/www.brennecke.org\\\/?page_id=3013\",\"post_id\":3013,\"post_title_referrer_track\":\"Abgleich+und+Dimensionierungshinweise\",\"display_infobox\":\"on\"});}});\n\/* ]]> *\/<\/script><\/div>","protected":false},"excerpt":{"rendered":"<p>Zur\u00fcck zur Hauptseite Zur\u00fcck zum Mechanischen Aufbau Zusammenbau der Platine Die Platine ist zweiseitig und erfordert daher keine Drahtbr\u00fccken &#8211; bis auf eine, siehe weiter unten. Die Best\u00fcckung erfolgt am besten in der Reihenfolge Widerst\u00e4nde &#8211; Dioden &#8211; Kondensatoren &#8211; &hellip; <a href=\"https:\/\/www.brennecke.org\/?page_id=3013\">Weiterlesen <span class=\"meta-nav\">&rarr;<\/span><\/a><\/p>\n","protected":false},"author":1,"featured_media":2952,"parent":2795,"menu_order":11,"comment_status":"open","ping_status":"open","template":"","meta":{"footnotes":""},"_links":{"self":[{"href":"https:\/\/www.brennecke.org\/index.php?rest_route=\/wp\/v2\/pages\/3013"}],"collection":[{"href":"https:\/\/www.brennecke.org\/index.php?rest_route=\/wp\/v2\/pages"}],"about":[{"href":"https:\/\/www.brennecke.org\/index.php?rest_route=\/wp\/v2\/types\/page"}],"author":[{"embeddable":true,"href":"https:\/\/www.brennecke.org\/index.php?rest_route=\/wp\/v2\/users\/1"}],"replies":[{"embeddable":true,"href":"https:\/\/www.brennecke.org\/index.php?rest_route=%2Fwp%2Fv2%2Fcomments&post=3013"}],"version-history":[{"count":9,"href":"https:\/\/www.brennecke.org\/index.php?rest_route=\/wp\/v2\/pages\/3013\/revisions"}],"predecessor-version":[{"id":3095,"href":"https:\/\/www.brennecke.org\/index.php?rest_route=\/wp\/v2\/pages\/3013\/revisions\/3095"}],"up":[{"embeddable":true,"href":"https:\/\/www.brennecke.org\/index.php?rest_route=\/wp\/v2\/pages\/2795"}],"wp:featuredmedia":[{"embeddable":true,"href":"https:\/\/www.brennecke.org\/index.php?rest_route=\/wp\/v2\/media\/2952"}],"wp:attachment":[{"href":"https:\/\/www.brennecke.org\/index.php?rest_route=%2Fwp%2Fv2%2Fmedia&parent=3013"}],"curies":[{"name":"wp","href":"https:\/\/api.w.org\/{rel}","templated":true}]}}