{"id":3022,"date":"2014-04-05T11:11:52","date_gmt":"2014-04-05T09:11:52","guid":{"rendered":"http:\/\/www.brennecke.org\/?page_id=3022"},"modified":"2014-05-03T12:47:11","modified_gmt":"2014-05-03T10:47:11","slug":"dimensionierung-fuer-die-d811","status":"publish","type":"page","link":"https:\/\/www.brennecke.org\/?page_id=3022","title":{"rendered":"Dimensionierung f\u00fcr die D8\/11"},"content":{"rendered":"<p><a title=\"Abgleich und Nachbauhinweise\" href=\"http:\/\/www.brennecke.org\/?page_id=3013\">Zur\u00fcck zum Abgleich und den Nachbauhinweisen<\/a><\/p>\n<p>Daten der D8\/11:<\/p>\n<ul>\n<li>Mittleres Ablenkplattenpotenzial: 1000V<\/li>\n<li>Anodenspannung: 1000V<\/li>\n<li>Wehneltspannung: -35..-70V<\/li>\n<li>Fokussierspannung: 150..250V<\/li>\n<\/ul>\n<p>Man muss allerdings diese Werte erg\u00e4nzen durch Erfahrung &#8211; die Wehneltspannung hat nur im Bereich von -20..-35V wesentlichen Einfluss auf die Helligkeit.<\/p>\n<p>Der Regler P3 sollte beim ersten Einschalten einmalig so abgeglichen werden, dass der angezeigte Bildpunkt m\u00f6glichst rund und scharf wird &#8211; alles weitere kann dann der Fokusregler \u00fcbernehmen. Ein wirklich scharfer Bildpunkt lie\u00df sich beim Testmodell nicht einstellen, die R\u00f6hre ist daher etwas unsch\u00e4rfer als beispielsweise die DG7\/32.<\/p>\n<p>Die R\u00f6hre ben\u00f6tigt keine Stabilisierung der Spannungen durch Z-Dioden, es werden daher statt dessen Widerst\u00e4nde eingesetzt. Die Werte f\u00fcr den Spannungsteiler sind wie folgt:<\/p>\n<p><a href=\"http:\/\/www.brennecke.org\/wp-content\/uploads\/2014\/04\/BRE-Spannungsteiler-allgemein.png\"><img loading=\"lazy\" decoding=\"async\" class=\"alignnone size-full wp-image-3015\" alt=\"BRE-Spannungsteiler allgemein\" src=\"http:\/\/www.brennecke.org\/wp-content\/uploads\/2014\/04\/BRE-Spannungsteiler-allgemein.png\" width=\"1367\" height=\"460\" srcset=\"https:\/\/www.brennecke.org\/wp-content\/uploads\/2014\/04\/BRE-Spannungsteiler-allgemein.png 1367w, https:\/\/www.brennecke.org\/wp-content\/uploads\/2014\/04\/BRE-Spannungsteiler-allgemein-300x100.png 300w, https:\/\/www.brennecke.org\/wp-content\/uploads\/2014\/04\/BRE-Spannungsteiler-allgemein-1024x344.png 1024w\" sizes=\"(max-width: 1367px) 100vw, 1367px\" \/><\/a><\/p>\n<table>\n<tbody>\n<tr>\n<th>Bauteil<\/th>\n<th>Gr\u00f6\u00dfe<\/th>\n<th>Bauteil<\/th>\n<th>Gr\u00f6\u00dfe<\/th>\n<\/tr>\n<tr>\n<td>R35<\/td>\n<td>100 kOhm<\/td>\n<td>P1<\/td>\n<td>100 kOhm<\/td>\n<\/tr>\n<tr>\n<td>R36<\/td>\n<td>1 MOhm<\/td>\n<td>P2<\/td>\n<td>220 kOhm<\/td>\n<\/tr>\n<tr>\n<td>R32<\/td>\n<td>100 kOhm<\/td>\n<td>P3<\/td>\n<td>250 kOhm<\/td>\n<\/tr>\n<tr>\n<td>R33<\/td>\n<td>680 kOhm<\/td>\n<td>D8<\/td>\n<td>BY500<\/td>\n<\/tr>\n<tr>\n<td>R34<\/td>\n<td>100 kOhm<\/td>\n<td>D11<\/td>\n<td>68 kOhm<\/td>\n<\/tr>\n<tr>\n<td>R43<\/td>\n<td>220 kOhm<\/td>\n<td>D21<\/td>\n<td>68 kOhm<\/td>\n<\/tr>\n<tr>\n<td>R57<\/td>\n<td>1 MOhm<\/td>\n<td><\/td>\n<td><\/td>\n<\/tr>\n<tr>\n<td>R58<\/td>\n<td>680 kOhm<\/td>\n<td><\/td>\n<td><\/td>\n<\/tr>\n<\/tbody>\n<\/table>\n<div class=\"twoclick_social_bookmarks_post_3022 social_share_privacy clearfix 1.6.4 locale-de_DE sprite-de_DE\"><\/div><div class=\"twoclick-js\"><script type=\"text\/javascript\">\/* <![CDATA[ *\/\njQuery(document).ready(function($){if($('.twoclick_social_bookmarks_post_3022')){$('.twoclick_social_bookmarks_post_3022').socialSharePrivacy({\"services\":{\"facebook\":{\"status\":\"on\",\"txt_info\":\"2 Klicks f\\u00fcr mehr Datenschutz: Erst wenn Sie hier klicken, wird der Button aktiv und Sie k\\u00f6nnen Ihre Empfehlung an Facebook senden. Schon beim Aktivieren werden Daten an Dritte \\u00fcbertragen - siehe <em>i<\\\/em>.\",\"perma_option\":\"off\",\"action\":\"recommend\",\"language\":\"de_DE\"},\"twitter\":{\"reply_to\":\"\",\"tweet_text\":\"Dimensionierung%20f%C3%BCr%20die%20D8%2F11%20%C2%BB%2053%20Cent\",\"status\":\"on\",\"txt_info\":\"2 Klicks f\\u00fcr mehr Datenschutz: Erst wenn Sie hier klicken, wird der Button aktiv und Sie k\\u00f6nnen Ihre Empfehlung an Twitter senden. Schon beim Aktivieren werden Daten an Dritte \\u00fcbertragen - siehe <em>i<\\\/em>.\",\"perma_option\":\"off\",\"language\":\"de\",\"referrer_track\":\"\"},\"gplus\":{\"status\":\"on\",\"txt_info\":\"2 Klicks f\\u00fcr mehr Datenschutz: Erst wenn Sie hier klicken, wird der Button aktiv und Sie k\\u00f6nnen Ihre Empfehlung an Google+ senden. Schon beim Aktivieren werden Daten an Dritte \\u00fcbertragen - siehe <em>i<\\\/em>.\",\"perma_option\":\"off\",\"referrer_track\":\"\"},\"flattr\":{\"uid\":\"\",\"status\":\"on\",\"the_title\":\"Dimensionierung%20f%C3%BCr%20die%20D8%2F11\",\"the_excerpt\":\"Zur%C3%BCck%20zum%20Abgleich%20und%20den%20Nachbauhinweisen%0D%0A%0D%0ADaten%20der%20D8%2F11%3A%0D%0A%0D%0A%09Mittleres%20Ablenkplattenpotenzial%3A%201000V%0D%0A%09Anodenspannung%3A%201000V%0D%0A%09Wehneltspannung%3A%20-35..-70V%0D%0A%09Fokussierspannung%3A%20150..250V%0D%0A%0D%0AMan%20muss%20allerdings%20diese%20Werte%20erg%C3%A4nzen%20durch%20Erfahrung%20-%20die%20Wehneltspannung%20hat%20nur%20im%20Bereich%20von%20-20..-35V%20wesentlichen%20Einfluss%20auf%20die%20Helligkeit.%0D%0A%0D%0ADer%20Regler%20P3%20sollte%20beim%20ersten%20Einschalte%20...\",\"txt_info\":\"2 Klicks f\\u00fcr mehr Datenschutz: Erst wenn Sie hier klicken, wird der Button aktiv und Sie k\\u00f6nnen Ihre Empfehlung an Flattr senden. Schon beim Aktivieren werden Daten an Dritte \\u00fcbertragen - siehe <em>i<\\\/em>.\",\"perma_option\":\"off\"}},\"txt_help\":\"Wenn Sie diese Felder durch einen Klick aktivieren, werden Informationen an Facebook, Twitter, Flattr, Xing, t3n, LinkedIn, Pinterest oder Google eventuell ins Ausland \\u00fcbertragen und unter Umst\\u00e4nden auch dort gespeichert. N\\u00e4heres erfahren Sie durch einen Klick auf das <em>i<\\\/em>.\",\"settings_perma\":\"Dauerhaft aktivieren und Daten\\u00fcber-tragung zustimmen:\",\"info_link\":\"http:\\\/\\\/www.heise.de\\\/ct\\\/artikel\\\/2-Klicks-fuer-mehr-Datenschutz-1333879.html\",\"uri\":\"https:\\\/\\\/www.brennecke.org\\\/?page_id=3022\",\"post_id\":3022,\"post_title_referrer_track\":\"Dimensionierung+f%C3%BCr+die+D8%2F11\",\"display_infobox\":\"on\"});}});\n\/* ]]> *\/<\/script><\/div>","protected":false},"excerpt":{"rendered":"<p>Zur\u00fcck zum Abgleich und den Nachbauhinweisen Daten der D8\/11: Mittleres Ablenkplattenpotenzial: 1000V Anodenspannung: 1000V Wehneltspannung: -35..-70V Fokussierspannung: 150..250V Man muss allerdings diese Werte erg\u00e4nzen durch Erfahrung &#8211; die Wehneltspannung hat nur im Bereich von -20..-35V wesentlichen Einfluss auf die Helligkeit. &hellip; <a href=\"https:\/\/www.brennecke.org\/?page_id=3022\">Weiterlesen <span class=\"meta-nav\">&rarr;<\/span><\/a><\/p>\n","protected":false},"author":1,"featured_media":3084,"parent":3013,"menu_order":3,"comment_status":"open","ping_status":"open","template":"","meta":{"footnotes":""},"_links":{"self":[{"href":"https:\/\/www.brennecke.org\/index.php?rest_route=\/wp\/v2\/pages\/3022"}],"collection":[{"href":"https:\/\/www.brennecke.org\/index.php?rest_route=\/wp\/v2\/pages"}],"about":[{"href":"https:\/\/www.brennecke.org\/index.php?rest_route=\/wp\/v2\/types\/page"}],"author":[{"embeddable":true,"href":"https:\/\/www.brennecke.org\/index.php?rest_route=\/wp\/v2\/users\/1"}],"replies":[{"embeddable":true,"href":"https:\/\/www.brennecke.org\/index.php?rest_route=%2Fwp%2Fv2%2Fcomments&post=3022"}],"version-history":[{"count":5,"href":"https:\/\/www.brennecke.org\/index.php?rest_route=\/wp\/v2\/pages\/3022\/revisions"}],"predecessor-version":[{"id":3090,"href":"https:\/\/www.brennecke.org\/index.php?rest_route=\/wp\/v2\/pages\/3022\/revisions\/3090"}],"up":[{"embeddable":true,"href":"https:\/\/www.brennecke.org\/index.php?rest_route=\/wp\/v2\/pages\/3013"}],"wp:featuredmedia":[{"embeddable":true,"href":"https:\/\/www.brennecke.org\/index.php?rest_route=\/wp\/v2\/media\/3084"}],"wp:attachment":[{"href":"https:\/\/www.brennecke.org\/index.php?rest_route=%2Fwp%2Fv2%2Fmedia&parent=3022"}],"curies":[{"name":"wp","href":"https:\/\/api.w.org\/{rel}","templated":true}]}}