{"id":3053,"date":"2014-04-29T14:48:21","date_gmt":"2014-04-29T12:48:21","guid":{"rendered":"http:\/\/www.brennecke.org\/?page_id=3053"},"modified":"2014-04-29T14:48:31","modified_gmt":"2014-04-29T12:48:31","slug":"microcontroller-lab-2-0-vs-2-1","status":"publish","type":"page","link":"https:\/\/www.brennecke.org\/?page_id=3053","title":{"rendered":"Microcontroller Lab 2.0 und 2.1"},"content":{"rendered":"<p>Das <a title=\"Mikrocontroller-Lab 2.0\" href=\"http:\/\/www.brennecke.org\/?page_id=2396\">im folgenden beschriebene Microcontroller-Lab<\/a> hat sich <a href=\"http:\/\/www.rigert.com\/ee-forum\/viewtopic.php?f=35&amp;t=1601\">in Zusammenarbeit mit anderen Bastelfreunden weiterentwickelt<\/a> &#8211; ein ganz dickes Dankesch\u00f6n geht an Ingo Sommer, ein weiteres an Jens Mewes f\u00fcr ihre Mitarbeit bei diesem gro\u00dfen und sch\u00f6nen Projekt. Daraus entstanden ist eine Platine f\u00fcr Philips- oder Kosmos-Systeme, die ein TFT-Touchscreen-Komplettmodul enth\u00e4lt sowie zwei Mikrocontroller zur Steuerung des Displaybildes und des Touchscreens. Die Platine &#8211; im weiteren als Grafik-Touchscreen-Modul oder GTM bezeichnet &#8211; ist Teil eines gr\u00f6\u00dferen Universums, dem auch verschiedene<a title=\"Mikrocontroller\" href=\"http:\/\/www.brennecke.org\/?page_id=1858\"> hier vorgestellte Module<\/a> angeh\u00f6ren.<\/p>\n<p><a href=\"http:\/\/www.brennecke.org\/wp-content\/uploads\/2014\/04\/GTM-2.jpg\"><img loading=\"lazy\" decoding=\"async\" class=\"alignnone size-medium wp-image-3059\" alt=\"GTM-2\" src=\"http:\/\/www.brennecke.org\/wp-content\/uploads\/2014\/04\/GTM-2-300x225.jpg\" width=\"300\" height=\"225\" srcset=\"https:\/\/www.brennecke.org\/wp-content\/uploads\/2014\/04\/GTM-2-300x225.jpg 300w, https:\/\/www.brennecke.org\/wp-content\/uploads\/2014\/04\/GTM-2.jpg 1024w\" sizes=\"(max-width: 300px) 100vw, 300px\" \/><\/a>\u00a0 <a href=\"http:\/\/www.brennecke.org\/wp-content\/uploads\/2014\/04\/GTM_Aufbau.jpg\"><img loading=\"lazy\" decoding=\"async\" class=\"alignnone size-medium wp-image-3057\" alt=\"GTM_Aufbau\" src=\"http:\/\/www.brennecke.org\/wp-content\/uploads\/2014\/04\/GTM_Aufbau-300x225.jpg\" width=\"300\" height=\"225\" srcset=\"https:\/\/www.brennecke.org\/wp-content\/uploads\/2014\/04\/GTM_Aufbau-300x225.jpg 300w, https:\/\/www.brennecke.org\/wp-content\/uploads\/2014\/04\/GTM_Aufbau.jpg 1024w\" sizes=\"(max-width: 300px) 100vw, 300px\" \/><\/a><\/p>\n<p>Diese neue Variante bietet erheblich mehr Speicherplatz und damit auch viel mehr M\u00f6glichkeiten f\u00fcr sch\u00f6ne Oberfl\u00e4chen und Funktionen. Die gesamte Bibliothek ist nun statt 8kB ganze 56kB gro\u00df und bietet Diagramme, Eingabeelemente und ein Terminal. Aus der hier vorgestellten <a title=\"Die Funktionen im Einzelnen\" href=\"http:\/\/www.brennecke.org\/?page_id=2524\">einfachen seriellen Beschreibungssprache<\/a> wurde die SWL, die Serial Windows Library. Sie ist auf vielen Seiten in Buchform im Philips-EE-Design beschrieben und steht hier als Download zur Verf\u00fcgung. Parallel dazu gibt&#8217;s sogar einen virtuellen neuen Experimentierkasten.<\/p>\n<p><a href=\"http:\/\/www.brennecke.org\/wp-content\/uploads\/2014\/04\/EE4003.png\"><img loading=\"lazy\" decoding=\"async\" class=\"alignnone size-large wp-image-3056\" alt=\"EE4003\" src=\"http:\/\/www.brennecke.org\/wp-content\/uploads\/2014\/04\/EE4003-1024x496.png\" width=\"640\" height=\"310\" srcset=\"https:\/\/www.brennecke.org\/wp-content\/uploads\/2014\/04\/EE4003-1024x496.png 1024w, https:\/\/www.brennecke.org\/wp-content\/uploads\/2014\/04\/EE4003-300x145.png 300w, https:\/\/www.brennecke.org\/wp-content\/uploads\/2014\/04\/EE4003.png 1200w\" sizes=\"(max-width: 640px) 100vw, 640px\" \/><\/a><\/p>\n<p><a href=\"http:\/\/www.brennecke.org\/wp-content\/uploads\/2014\/04\/Buch-1.pdf\">Buch 1 &#8211; Einf\u00fchrung und Allgemeines<\/a><\/p>\n<p><a href=\"http:\/\/www.brennecke.org\/wp-content\/uploads\/2014\/04\/Buch2-V1.1.pdf\">Buch 2 &#8211; Grafik-Touchscreen-Modul und Serial Windows Library<\/a><\/p>\n<p>Die folgenden Bilder zeigen im Groben und Ganzen, was mit dem GTM m\u00f6glich ist. Verschiedene Eingabeelemente erlauben den Bau von Men\u00fcs, Listen, Schiebereglern, Radiobuttons und Checkboxen.<\/p>\n<p><a href=\"http:\/\/www.brennecke.org\/wp-content\/uploads\/2014\/04\/GTM-6.jpg\"><img loading=\"lazy\" decoding=\"async\" class=\"alignnone size-full wp-image-3060\" alt=\"GTM-6\" src=\"http:\/\/www.brennecke.org\/wp-content\/uploads\/2014\/04\/GTM-6.jpg\" width=\"1024\" height=\"576\" srcset=\"https:\/\/www.brennecke.org\/wp-content\/uploads\/2014\/04\/GTM-6.jpg 1024w, https:\/\/www.brennecke.org\/wp-content\/uploads\/2014\/04\/GTM-6-300x168.jpg 300w\" sizes=\"(max-width: 1024px) 100vw, 1024px\" \/><\/a><\/p>\n<p>Verschiedene Bildschirmtastaturen erlauben freie Eingaben &#8211; wenn man beispielsweise f\u00fcr Messungen Vorgaben machen m\u00f6chte oder bei einem <a title=\"UKW-Radio mit Senderspeicher\" href=\"http:\/\/www.brennecke.org\/?page_id=3042\">Radio<\/a> die Sendernamen eingeben will. Sogar ein kleiner funktionaler Taschenrechner ist dabei.<\/p>\n<p><a href=\"http:\/\/www.brennecke.org\/wp-content\/uploads\/2014\/04\/GTM-7.jpg\"><img loading=\"lazy\" decoding=\"async\" class=\"alignnone size-full wp-image-3061\" alt=\"GTM-7\" src=\"http:\/\/www.brennecke.org\/wp-content\/uploads\/2014\/04\/GTM-7.jpg\" width=\"1024\" height=\"576\" srcset=\"https:\/\/www.brennecke.org\/wp-content\/uploads\/2014\/04\/GTM-7.jpg 1024w, https:\/\/www.brennecke.org\/wp-content\/uploads\/2014\/04\/GTM-7-300x168.jpg 300w\" sizes=\"(max-width: 1024px) 100vw, 1024px\" \/><\/a><\/p>\n<p>Diagramme k\u00f6nnen LED-Zeilen oder -Ampeln darstellen, au\u00dferdem ist eine Siebensegmentanzeige oder eine Farbauswahl m\u00f6glich.<\/p>\n<p><a href=\"http:\/\/www.brennecke.org\/wp-content\/uploads\/2014\/04\/GTM-8.jpg\"><img loading=\"lazy\" decoding=\"async\" class=\"alignnone size-full wp-image-3062\" alt=\"GTM-8\" src=\"http:\/\/www.brennecke.org\/wp-content\/uploads\/2014\/04\/GTM-8.jpg\" width=\"1024\" height=\"576\" srcset=\"https:\/\/www.brennecke.org\/wp-content\/uploads\/2014\/04\/GTM-8.jpg 1024w, https:\/\/www.brennecke.org\/wp-content\/uploads\/2014\/04\/GTM-8-300x168.jpg 300w\" sizes=\"(max-width: 1024px) 100vw, 1024px\" \/><\/a><\/p>\n<p>Nicht zuletzt k\u00f6nnen nat\u00fcrlich Messwerte als Diagramme dargestellt werden. Die folgenden Bilder zeigen ein einfaches Speicheroszilloskop (in Erweiterung des <a title=\"Speicher-Oszilloskop\" href=\"http:\/\/www.brennecke.org\/?page_id=2544\">hier<\/a> vorgestellten) mit linearer Zeitbasis und als x-y-Oszilloskop.<\/p>\n<p><a href=\"http:\/\/www.brennecke.org\/wp-content\/uploads\/2014\/04\/GTM-Oszi-Aufbau.jpg\"><img loading=\"lazy\" decoding=\"async\" class=\"alignnone size-full wp-image-3063\" alt=\"GTM-Oszi-Aufbau\" src=\"http:\/\/www.brennecke.org\/wp-content\/uploads\/2014\/04\/GTM-Oszi-Aufbau.jpg\" width=\"1024\" height=\"768\" srcset=\"https:\/\/www.brennecke.org\/wp-content\/uploads\/2014\/04\/GTM-Oszi-Aufbau.jpg 1024w, https:\/\/www.brennecke.org\/wp-content\/uploads\/2014\/04\/GTM-Oszi-Aufbau-300x225.jpg 300w\" sizes=\"(max-width: 1024px) 100vw, 1024px\" \/><\/a><\/p>\n<p><a href=\"http:\/\/www.brennecke.org\/wp-content\/uploads\/2014\/04\/GTM-Oszi.jpg\"><img loading=\"lazy\" decoding=\"async\" class=\"alignnone size-full wp-image-3064\" alt=\"GTM-Oszi\" src=\"http:\/\/www.brennecke.org\/wp-content\/uploads\/2014\/04\/GTM-Oszi.jpg\" width=\"1024\" height=\"576\" srcset=\"https:\/\/www.brennecke.org\/wp-content\/uploads\/2014\/04\/GTM-Oszi.jpg 1024w, https:\/\/www.brennecke.org\/wp-content\/uploads\/2014\/04\/GTM-Oszi-300x168.jpg 300w\" sizes=\"(max-width: 1024px) 100vw, 1024px\" \/><\/a><\/p>\n<p>Als Gimmick ist zudem ein kleines Zeichenprogramm eingebaut, das die M\u00f6glichkeiten der SWL noch einmal eindrucksvoll demonstriert.<\/p>\n<p><a href=\"http:\/\/www.brennecke.org\/wp-content\/uploads\/2014\/04\/GTM-Zeichnen.jpg\"><img loading=\"lazy\" decoding=\"async\" class=\"alignnone size-full wp-image-3065\" alt=\"GTM-Zeichnen\" src=\"http:\/\/www.brennecke.org\/wp-content\/uploads\/2014\/04\/GTM-Zeichnen.jpg\" width=\"1024\" height=\"768\" srcset=\"https:\/\/www.brennecke.org\/wp-content\/uploads\/2014\/04\/GTM-Zeichnen.jpg 1024w, https:\/\/www.brennecke.org\/wp-content\/uploads\/2014\/04\/GTM-Zeichnen-300x225.jpg 300w\" sizes=\"(max-width: 1024px) 100vw, 1024px\" \/><\/a><\/p>\n<p>Ich empfehle daher, eher auf die neue L\u00f6sung &#8211; sozusagen das <strong>Mikrocontroller Lab 2.1<\/strong> &#8211; zu setzen. Sie l\u00e4sst sich ebenso leicht wie die alte in ein Schuco-Geh\u00e4use einbauen und ist insgesamt sogar kompakter und flexibler als die im folgenden vorgestellte L\u00f6sung.<\/p>\n<p><a title=\"Mikrocontroller-Lab 2.0\" href=\"http:\/\/www.brennecke.org\/?page_id=2396\">Weiter zur Beschreibung des Mikrocontroller-Labs 2.0.<\/a><\/p>\n<div class=\"twoclick_social_bookmarks_post_3053 social_share_privacy clearfix 1.6.4 locale-de_DE sprite-de_DE\"><\/div><div class=\"twoclick-js\"><script type=\"text\/javascript\">\/* <![CDATA[ *\/\njQuery(document).ready(function($){if($('.twoclick_social_bookmarks_post_3053')){$('.twoclick_social_bookmarks_post_3053').socialSharePrivacy({\"services\":{\"facebook\":{\"status\":\"on\",\"txt_info\":\"2 Klicks f\\u00fcr mehr Datenschutz: Erst wenn Sie hier klicken, wird der Button aktiv und Sie k\\u00f6nnen Ihre Empfehlung an Facebook senden. Schon beim Aktivieren werden Daten an Dritte \\u00fcbertragen - siehe <em>i<\\\/em>.\",\"perma_option\":\"off\",\"action\":\"recommend\",\"language\":\"de_DE\"},\"twitter\":{\"reply_to\":\"\",\"tweet_text\":\"Microcontroller%20Lab%202.0%20und%202.1%20%C2%BB%2053%20Cent\",\"status\":\"on\",\"txt_info\":\"2 Klicks f\\u00fcr mehr Datenschutz: Erst wenn Sie hier klicken, wird der Button aktiv und Sie k\\u00f6nnen Ihre Empfehlung an Twitter senden. Schon beim Aktivieren werden Daten an Dritte \\u00fcbertragen - siehe <em>i<\\\/em>.\",\"perma_option\":\"off\",\"language\":\"de\",\"referrer_track\":\"\"},\"gplus\":{\"status\":\"on\",\"txt_info\":\"2 Klicks f\\u00fcr mehr Datenschutz: Erst wenn Sie hier klicken, wird der Button aktiv und Sie k\\u00f6nnen Ihre Empfehlung an Google+ senden. Schon beim Aktivieren werden Daten an Dritte \\u00fcbertragen - siehe <em>i<\\\/em>.\",\"perma_option\":\"off\",\"referrer_track\":\"\"},\"flattr\":{\"uid\":\"\",\"status\":\"on\",\"the_title\":\"Microcontroller%20Lab%202.0%20und%202.1\",\"the_excerpt\":\"Das%20im%20folgenden%20beschriebene%20Microcontroller-Lab%20hat%20sich%20in%20Zusammenarbeit%20mit%20anderen%20Bastelfreunden%20weiterentwickelt%20-%20ein%20ganz%20dickes%20Dankesch%C3%B6n%20geht%20an%20Ingo%20Sommer%2C%20ein%20weiteres%20an%20Jens%20Mewes%20f%C3%BCr%20ihre%20Mitarbeit%20bei%20diesem%20gro%C3%9Fen%20und%20sch%C3%B6nen%20Projekt.%20Daraus%20entstanden%20ist%20eine%20Platine%20f%C3%BCr%20Philips-%20oder%20Kosmos-Systeme%2C%20die%20ein%20TFT-Touchscreen-Komplettmodul%20enth%C3%A4lt%20sowie%20zwei%20Mikrocontrolle%20...\",\"txt_info\":\"2 Klicks f\\u00fcr mehr Datenschutz: Erst wenn Sie hier klicken, wird der Button aktiv und Sie k\\u00f6nnen Ihre Empfehlung an Flattr senden. Schon beim Aktivieren werden Daten an Dritte \\u00fcbertragen - siehe <em>i<\\\/em>.\",\"perma_option\":\"off\"}},\"txt_help\":\"Wenn Sie diese Felder durch einen Klick aktivieren, werden Informationen an Facebook, Twitter, Flattr, Xing, t3n, LinkedIn, Pinterest oder Google eventuell ins Ausland \\u00fcbertragen und unter Umst\\u00e4nden auch dort gespeichert. N\\u00e4heres erfahren Sie durch einen Klick auf das <em>i<\\\/em>.\",\"settings_perma\":\"Dauerhaft aktivieren und Daten\\u00fcber-tragung zustimmen:\",\"info_link\":\"http:\\\/\\\/www.heise.de\\\/ct\\\/artikel\\\/2-Klicks-fuer-mehr-Datenschutz-1333879.html\",\"uri\":\"https:\\\/\\\/www.brennecke.org\\\/?page_id=3053\",\"post_id\":3053,\"post_title_referrer_track\":\"Microcontroller+Lab+2.0+und+2.1\",\"display_infobox\":\"on\"});}});\n\/* ]]> *\/<\/script><\/div>","protected":false},"excerpt":{"rendered":"<p>Das im folgenden beschriebene Microcontroller-Lab hat sich in Zusammenarbeit mit anderen Bastelfreunden weiterentwickelt &#8211; ein ganz dickes Dankesch\u00f6n geht an Ingo Sommer, ein weiteres an Jens Mewes f\u00fcr ihre Mitarbeit bei diesem gro\u00dfen und sch\u00f6nen Projekt. Daraus entstanden ist eine &hellip; <a href=\"https:\/\/www.brennecke.org\/?page_id=3053\">Weiterlesen <span class=\"meta-nav\">&rarr;<\/span><\/a><\/p>\n","protected":false},"author":1,"featured_media":3056,"parent":1067,"menu_order":10,"comment_status":"open","ping_status":"open","template":"","meta":{"footnotes":""},"_links":{"self":[{"href":"https:\/\/www.brennecke.org\/index.php?rest_route=\/wp\/v2\/pages\/3053"}],"collection":[{"href":"https:\/\/www.brennecke.org\/index.php?rest_route=\/wp\/v2\/pages"}],"about":[{"href":"https:\/\/www.brennecke.org\/index.php?rest_route=\/wp\/v2\/types\/page"}],"author":[{"embeddable":true,"href":"https:\/\/www.brennecke.org\/index.php?rest_route=\/wp\/v2\/users\/1"}],"replies":[{"embeddable":true,"href":"https:\/\/www.brennecke.org\/index.php?rest_route=%2Fwp%2Fv2%2Fcomments&post=3053"}],"version-history":[{"count":2,"href":"https:\/\/www.brennecke.org\/index.php?rest_route=\/wp\/v2\/pages\/3053\/revisions"}],"predecessor-version":[{"id":3067,"href":"https:\/\/www.brennecke.org\/index.php?rest_route=\/wp\/v2\/pages\/3053\/revisions\/3067"}],"up":[{"embeddable":true,"href":"https:\/\/www.brennecke.org\/index.php?rest_route=\/wp\/v2\/pages\/1067"}],"wp:featuredmedia":[{"embeddable":true,"href":"https:\/\/www.brennecke.org\/index.php?rest_route=\/wp\/v2\/media\/3056"}],"wp:attachment":[{"href":"https:\/\/www.brennecke.org\/index.php?rest_route=%2Fwp%2Fv2%2Fmedia&parent=3053"}],"curies":[{"name":"wp","href":"https:\/\/api.w.org\/{rel}","templated":true}]}}