{"id":3233,"date":"2014-09-07T11:13:34","date_gmt":"2014-09-07T09:13:34","guid":{"rendered":"http:\/\/www.brennecke.org\/?page_id=3233"},"modified":"2014-11-01T18:07:38","modified_gmt":"2014-11-01T16:07:38","slug":"das-neue-10-retina-cinema-display","status":"publish","type":"page","link":"https:\/\/www.brennecke.org\/?page_id=3233","title":{"rendered":"Das neue 10&#8243; Retina Cinema Display"},"content":{"rendered":"<p>Ich finde die aktuelle Entwicklung rund um 4k-Monitore sehr spannend. Mit den Retina-MacBooks geht Apple dieses Thema ja von einer anderen Seite als Windows an, wo man erst einmal vor einer Riesenaufl\u00f6sung mit winzigen Schriften sitzt, um dann alles verstellen zu m\u00fcssen, so dass am Ende Fenster und Dialoge nicht wirklich gut aussehen. Oder man hat ein 37&#8243;-Monster auf dem Tisch, das wegen der vielen Kopfbewegungen sicher den Verspannungen entgegenwirken mag, aber auch nicht wirklich zum Arbeiten einl\u00e4dt. Trotzdem: Retina auf einem MacBook ist f\u00fcr mich noch noch der Weisheit letzter Schluss, weil man durch die h\u00f6here Aufl\u00f6sung ja noch nicht unbedingt mehr Fensterplatz gewinnt (wenn man nicht auf eine der ungeraden interpolierten Aufl\u00f6sungen ausweicht). Richtig cool wird das ganze, wenn es 27&#8243;-LED-Schirme mit 5120x2880er Aufl\u00f6sungen gibt, das g\u00e4be dann wieder die nominale Gr\u00f6\u00dfe von 2560&#215;1140 Fensterplatz. Das sind leider aber noch viel mehr Pixel als 4k, und so werde ich wohl noch warten m\u00fcssen, bis ich meine gro\u00dfen Monitore upgrade.<\/p>\n<p>(Update: Seit September 2014 hat Apple tats\u00e4chlich so ein Display im Angebot &#8211; im neuen iMac mit Retina-Display. Blo\u00df als reiner Bildschirm ist es noch nicht verf\u00fcgbar.)<\/p>\n<p><a href=\"http:\/\/www.brennecke.org\/wp-content\/uploads\/2014\/09\/IMG_6425.jpg\"><img loading=\"lazy\" decoding=\"async\" class=\"alignnone size-large wp-image-3234\" src=\"http:\/\/www.brennecke.org\/wp-content\/uploads\/2014\/09\/IMG_6425-1024x768.jpg\" alt=\"IMG_6425\" width=\"640\" height=\"480\" srcset=\"https:\/\/www.brennecke.org\/wp-content\/uploads\/2014\/09\/IMG_6425-1024x768.jpg 1024w, https:\/\/www.brennecke.org\/wp-content\/uploads\/2014\/09\/IMG_6425-300x225.jpg 300w, https:\/\/www.brennecke.org\/wp-content\/uploads\/2014\/09\/IMG_6425.jpg 1536w\" sizes=\"(max-width: 640px) 100vw, 640px\" \/><\/a><br \/>\nAber hier soll es ja nicht um die Post-4k-Generation gehen, sondern darum, wie ich mir gestern einen kleinen Retina-Monitor gebaut habe. Was man n\u00e4mlich heute bereits bekommt, sind TFT-Panels in 10&#8243;-Gr\u00f6\u00dfe mit 1920&#215;1200 Pixeln Aufl\u00f6sung. Das ist genau das, was das alte Alu-Cinema-Display mit 23&#8243; konnte. Diese Displays stammen gew\u00f6hnlich aus der Tablet-Fertigung und sind sehr flach &#8211; und sie werden gew\u00f6hnlich \u00fcber ebay aus Hongkong geliefert. Meins trug den Absendernamen &#8222;All That Unit B on the 10th Floor on Jumbo Industrial Building&#8220;, und wer einmal in Hongkong in einem dieser Elektronik-Einkaufsh\u00e4user war, kann sich jetzt bereits vorstellen, wie es beim Versender so aussieht. F\u00fcr alle anderen: Das sind vielst\u00f6ckige Geb\u00e4ude, in denen pro Stockwerk mehrere H\u00e4ndler ihre Waren in kleinen Parzellen mit 10-15 Quadratmeter Platz anbieten. Einkaufsh\u00f6lle pur und ein Paradies f\u00fcr Bastler. Es gibt viele solcher Anbieter auf ebay, mein bevorzugter hei\u00dft &#8222;chinatobby&#8220;, weil sie einen guten Service machen und auch bei auftretenden Fragen helfen.<\/p>\n<p>Bei denselben Anbietern erh\u00e4lt man auch die Ansteuerelektronik, die wohl eher f\u00fcr industrielle und automobile Zwecke gedacht ist, da sie f\u00fcr Tablets definitiv zu gro\u00df ist. Sie beinhaltet drei Platinen f\u00fcr die eigentliche Panel-Steuerung, die LED-Helligkeitssteuerung und die Schalter zur Men\u00fcbedienung. Die Hauptplatine enth\u00e4lt die unterschiedlichsten Eing\u00e4nge: HDMI, VGA und 2xComposite Video und nat\u00fcrlich einen 12V-Stromstecker. \u00dcber HDMI kann man nun das ganze am Mac anschlie\u00dfen. Dort stellt man die gew\u00fcnschte Aufl\u00f6sung (per SwitchResX) auf &#8222;960&#215;600 (HiDPI)&#8220;, und schwupp, hat man auf dem Tisch eine Reihe von Komponenten liegen, deren Kabel gegenseitig aneinander zerren &#8211; und ein brillantes, gestochen scharfes 10&#8243;-Bild, wie man es vom iPad her kennt.<\/p>\n<p>Der Bau des Geh\u00e4uses ist nun ein rein nationales Projekt, weil der Baumarkt meines Vertrauens alle Komponenten vorr\u00e4tig hatte: Polystyrol-Bastelplatten und -Profile, metallene- und matte Transparent- Klebefolie, dazu Klebstoff und ein paar Teile aus meiner Bastelkiste. Denn der neue Monitor sollte optisch wenigstens einigerma\u00dfen zu den beiden Alu-Cinema-Displays passen, die meinen Tisch jetzt schon bev\u00f6lkern. Und so entstand aus Kunststoff und Klebefolie das, was unten auf den Bildern zu sehen ist. Der Fu\u00df entstammt einem iPad-St\u00e4nder, den man f\u00fcr knappe 15 Euro kaufen kann, er ist tats\u00e4chlich aus Aluminium.<\/p>\n<p><a href=\"http:\/\/www.brennecke.org\/wp-content\/uploads\/2014\/09\/IMG_6426.jpg\"><img loading=\"lazy\" decoding=\"async\" class=\"alignnone size-medium wp-image-3235\" src=\"http:\/\/www.brennecke.org\/wp-content\/uploads\/2014\/09\/IMG_6426-300x225.jpg\" alt=\"IMG_6426\" width=\"300\" height=\"225\" srcset=\"https:\/\/www.brennecke.org\/wp-content\/uploads\/2014\/09\/IMG_6426-300x225.jpg 300w, https:\/\/www.brennecke.org\/wp-content\/uploads\/2014\/09\/IMG_6426-1024x768.jpg 1024w, https:\/\/www.brennecke.org\/wp-content\/uploads\/2014\/09\/IMG_6426.jpg 1536w\" sizes=\"(max-width: 300px) 100vw, 300px\" \/><\/a> <a href=\"http:\/\/www.brennecke.org\/wp-content\/uploads\/2014\/09\/IMG_6427.jpg\"><img loading=\"lazy\" decoding=\"async\" class=\"alignnone size-medium wp-image-3236\" src=\"http:\/\/www.brennecke.org\/wp-content\/uploads\/2014\/09\/IMG_6427-300x225.jpg\" alt=\"IMG_6427\" width=\"300\" height=\"225\" srcset=\"https:\/\/www.brennecke.org\/wp-content\/uploads\/2014\/09\/IMG_6427-300x225.jpg 300w, https:\/\/www.brennecke.org\/wp-content\/uploads\/2014\/09\/IMG_6427-1024x768.jpg 1024w, https:\/\/www.brennecke.org\/wp-content\/uploads\/2014\/09\/IMG_6427.jpg 1536w\" sizes=\"(max-width: 300px) 100vw, 300px\" \/><\/a><\/p>\n<p>Ich habe zwei Vergleichsbilder gemacht: eins vom HiDPI-Mini-Monitor und dann eins in derselben Gr\u00f6\u00dfe (also in Zentimetern gemessen) auf dem 30&#8243;-ACD. Man erkennt sofort, welches Bild woher stammt &#8211; w\u00e4hrend auf dem ACD schon einzelne Bildpunkte erkennbar sind, zeigt der kleine Monitor ein gestochen scharfes Foto. Ich nutze ihn \u00fcbrigens als Mail-Monitor, w\u00e4hrend die beiden gro\u00dfen Schirme (30&#8243; und 23&#8243;) frei sind f\u00fcrs Programmieren und Dokumente. Alle drei h\u00e4ngen am Mac mini &#8211; der kleine nutzt dazu einen Display-Link per USB3. Durch USB3 merkt man heute praktisch keinen Unterschied in der Geschwindigkeit mehr zwischen echter Grafikkarte und USB-Grafikkarte.<\/p>\n<p><a href=\"http:\/\/www.brennecke.org\/wp-content\/uploads\/2014\/09\/IMG_6428.jpg\"><img loading=\"lazy\" decoding=\"async\" class=\"alignnone size-full wp-image-3237\" src=\"http:\/\/www.brennecke.org\/wp-content\/uploads\/2014\/09\/IMG_6428.jpg\" alt=\"IMG_6428\" width=\"960\" height=\"643\" srcset=\"https:\/\/www.brennecke.org\/wp-content\/uploads\/2014\/09\/IMG_6428.jpg 960w, https:\/\/www.brennecke.org\/wp-content\/uploads\/2014\/09\/IMG_6428-300x200.jpg 300w\" sizes=\"(max-width: 960px) 100vw, 960px\" \/><\/a><\/p>\n<p><a href=\"http:\/\/www.brennecke.org\/wp-content\/uploads\/2014\/09\/IMG_6429.jpg\"><img loading=\"lazy\" decoding=\"async\" class=\"alignnone size-full wp-image-3238\" src=\"http:\/\/www.brennecke.org\/wp-content\/uploads\/2014\/09\/IMG_6429.jpg\" alt=\"IMG_6429\" width=\"960\" height=\"660\" srcset=\"https:\/\/www.brennecke.org\/wp-content\/uploads\/2014\/09\/IMG_6429.jpg 960w, https:\/\/www.brennecke.org\/wp-content\/uploads\/2014\/09\/IMG_6429-300x206.jpg 300w\" sizes=\"(max-width: 960px) 100vw, 960px\" \/><\/a><\/p>\n<div class=\"twoclick_social_bookmarks_post_3233 social_share_privacy clearfix 1.6.4 locale-de_DE sprite-de_DE\"><\/div><div class=\"twoclick-js\"><script type=\"text\/javascript\">\/* <![CDATA[ *\/\njQuery(document).ready(function($){if($('.twoclick_social_bookmarks_post_3233')){$('.twoclick_social_bookmarks_post_3233').socialSharePrivacy({\"services\":{\"facebook\":{\"status\":\"on\",\"txt_info\":\"2 Klicks f\\u00fcr mehr Datenschutz: Erst wenn Sie hier klicken, wird der Button aktiv und Sie k\\u00f6nnen Ihre Empfehlung an Facebook senden. Schon beim Aktivieren werden Daten an Dritte \\u00fcbertragen - siehe <em>i<\\\/em>.\",\"perma_option\":\"off\",\"action\":\"recommend\",\"language\":\"de_DE\"},\"twitter\":{\"reply_to\":\"\",\"tweet_text\":\"Das%20neue%2010%E2%80%B3%20Retina%20Cinema%20Display%20%C2%BB%2053%20Cent\",\"status\":\"on\",\"txt_info\":\"2 Klicks f\\u00fcr mehr Datenschutz: Erst wenn Sie hier klicken, wird der Button aktiv und Sie k\\u00f6nnen Ihre Empfehlung an Twitter senden. Schon beim Aktivieren werden Daten an Dritte \\u00fcbertragen - siehe <em>i<\\\/em>.\",\"perma_option\":\"off\",\"language\":\"de\",\"referrer_track\":\"\"},\"gplus\":{\"status\":\"on\",\"txt_info\":\"2 Klicks f\\u00fcr mehr Datenschutz: Erst wenn Sie hier klicken, wird der Button aktiv und Sie k\\u00f6nnen Ihre Empfehlung an Google+ senden. Schon beim Aktivieren werden Daten an Dritte \\u00fcbertragen - siehe <em>i<\\\/em>.\",\"perma_option\":\"off\",\"referrer_track\":\"\"},\"flattr\":{\"uid\":\"\",\"status\":\"on\",\"the_title\":\"Das%20neue%2010%26%238243%3B%20Retina%20Cinema%20Display\",\"the_excerpt\":\"Ich%20finde%20die%20aktuelle%20Entwicklung%20rund%20um%204k-Monitore%20sehr%20spannend.%20Mit%20den%20Retina-MacBooks%20geht%20Apple%20dieses%20Thema%20ja%20von%20einer%20anderen%20Seite%20als%20Windows%20an%2C%20wo%20man%20erst%20einmal%20vor%20einer%20Riesenaufl%C3%B6sung%20mit%20winzigen%20Schriften%20sitzt%2C%20um%20dann%20alles%20verstellen%20zu%20m%C3%BCssen%2C%20so%20dass%20am%20Ende%20Fenster%20und%20Dialoge%20nicht%20wirklich%20gut%20aussehen.%20Oder%20man%20hat%20ein%2037%22-Monster%20auf%20dem%20Tisch%2C%20das%20wegen%20der%20v%20...\",\"txt_info\":\"2 Klicks f\\u00fcr mehr Datenschutz: Erst wenn Sie hier klicken, wird der Button aktiv und Sie k\\u00f6nnen Ihre Empfehlung an Flattr senden. Schon beim Aktivieren werden Daten an Dritte \\u00fcbertragen - siehe <em>i<\\\/em>.\",\"perma_option\":\"off\"}},\"txt_help\":\"Wenn Sie diese Felder durch einen Klick aktivieren, werden Informationen an Facebook, Twitter, Flattr, Xing, t3n, LinkedIn, Pinterest oder Google eventuell ins Ausland \\u00fcbertragen und unter Umst\\u00e4nden auch dort gespeichert. N\\u00e4heres erfahren Sie durch einen Klick auf das <em>i<\\\/em>.\",\"settings_perma\":\"Dauerhaft aktivieren und Daten\\u00fcber-tragung zustimmen:\",\"info_link\":\"http:\\\/\\\/www.heise.de\\\/ct\\\/artikel\\\/2-Klicks-fuer-mehr-Datenschutz-1333879.html\",\"uri\":\"https:\\\/\\\/www.brennecke.org\\\/?page_id=3233\",\"post_id\":3233,\"post_title_referrer_track\":\"Das+neue+10%26%238243%3B+Retina+Cinema+Display\",\"display_infobox\":\"on\"});}});\n\/* ]]> *\/<\/script><\/div>","protected":false},"excerpt":{"rendered":"<p>Ich finde die aktuelle Entwicklung rund um 4k-Monitore sehr spannend. Mit den Retina-MacBooks geht Apple dieses Thema ja von einer anderen Seite als Windows an, wo man erst einmal vor einer Riesenaufl\u00f6sung mit winzigen Schriften sitzt, um dann alles verstellen &hellip; <a href=\"https:\/\/www.brennecke.org\/?page_id=3233\">Weiterlesen <span class=\"meta-nav\">&rarr;<\/span><\/a><\/p>\n","protected":false},"author":1,"featured_media":3235,"parent":528,"menu_order":8,"comment_status":"open","ping_status":"open","template":"","meta":{"footnotes":""},"_links":{"self":[{"href":"https:\/\/www.brennecke.org\/index.php?rest_route=\/wp\/v2\/pages\/3233"}],"collection":[{"href":"https:\/\/www.brennecke.org\/index.php?rest_route=\/wp\/v2\/pages"}],"about":[{"href":"https:\/\/www.brennecke.org\/index.php?rest_route=\/wp\/v2\/types\/page"}],"author":[{"embeddable":true,"href":"https:\/\/www.brennecke.org\/index.php?rest_route=\/wp\/v2\/users\/1"}],"replies":[{"embeddable":true,"href":"https:\/\/www.brennecke.org\/index.php?rest_route=%2Fwp%2Fv2%2Fcomments&post=3233"}],"version-history":[{"count":4,"href":"https:\/\/www.brennecke.org\/index.php?rest_route=\/wp\/v2\/pages\/3233\/revisions"}],"predecessor-version":[{"id":3280,"href":"https:\/\/www.brennecke.org\/index.php?rest_route=\/wp\/v2\/pages\/3233\/revisions\/3280"}],"up":[{"embeddable":true,"href":"https:\/\/www.brennecke.org\/index.php?rest_route=\/wp\/v2\/pages\/528"}],"wp:featuredmedia":[{"embeddable":true,"href":"https:\/\/www.brennecke.org\/index.php?rest_route=\/wp\/v2\/media\/3235"}],"wp:attachment":[{"href":"https:\/\/www.brennecke.org\/index.php?rest_route=%2Fwp%2Fv2%2Fmedia&parent=3233"}],"curies":[{"name":"wp","href":"https:\/\/api.w.org\/{rel}","templated":true}]}}