{"id":3564,"date":"2016-06-02T14:08:42","date_gmt":"2016-06-02T13:08:42","guid":{"rendered":"http:\/\/www.brennecke.org\/?page_id=3564"},"modified":"2016-06-02T14:33:58","modified_gmt":"2016-06-02T13:33:58","slug":"mittelwelle-superhet","status":"publish","type":"page","link":"https:\/\/www.brennecke.org\/?page_id=3564","title":{"rendered":"Mittelwelle-Superhet"},"content":{"rendered":"<p>Die folgende Schaltung entstammt dem Anleitungsbuch EE2005 neu von Philips. Dort hatte man lange Zeit auf ein System eigener, propriet\u00e4rer Spulen gesetzt, die den Bauk\u00e4sten beilagen und bereits fertig abgestimmt waren. Sechs Anschl\u00fcsse legten die einzelnen Spulenabgriffe und einen Kondensator nach au\u00dfen. In der einfachsten Beschaltung wurden damit eine Oszillatorspule und zwei auf 452 kHz festgelegte ZF-Spulen erzielt. Weil der Kondensator aber erst per Schaltung mit den Spulen verbunden wurde, konnten auch andere Zwischenfrequenzen erreicht werden.<\/p>\n<p>Im Jahre 1980 schwenkte man dann auf Original-Industriebauteile um. Statt der drei speziell f\u00fcr die Bauk\u00e4sten hergestellten Spulen kamen nun solche zum Einsatz, die auch in einfachen Transistorradios verwendet wurden. Die Spulen waren kleiner und in ein Metallgeh\u00e4use verpackt. Statt die Spulenkerne mit Wachs zu fixieren, sah man nun vor, die drehbaren Kerne zum Abgleich zu nutzen.<\/p>\n<p>Die Empfangsqualit\u00e4t der neuen Schaltungen war erstaunlich gut. Philips hatte den Aufbau zwar nicht vereinfacht, aber den Verdrahtungsplan mit eine durchgehenden Masseleitung so weit verbessert, dass die Pfeif- und Quietschorgien der alten Version endg\u00fcltig der Vergangenheit angeh\u00f6rten.<\/p>\n<p>Die Schaltung selbst ist recht simpel aufgebaut. Sie nutzt einen HF-Transistor zu Erzeugung der Oszillatorfrequenz. Er \u00fcbernimmt auch das Mischen mit der Eingangsfrequenz, so dass am Ende eine ZF von 455 kHz entsteht &#8211; 3 kHz h\u00f6her als fr\u00fcher und als es uns das Anleitungsbuch glauben machen m\u00f6chte. Die beiden ZF-Stufen besitzen eine einfache Schwundregelung, die daf\u00fcr sorgt, dass sich entfernte und nahe Sender nicht zu sehr in der Lautst\u00e4rke unterscheiden. Das Ausgangssignal wird gleichgerichtet, die HF ausgefiltert, und danach geht es zum Niederfrequenz-Verst\u00e4rker und zum Lautsprecher.<\/p>\n<p>Die Abgleichvorschrift unterscheidet sich wesentlich von jener auf Basis der alten Spulen. Hier darf nun munter an den Spulenkernen gedreht werden, bis man maximale Lautst\u00e4rke erzielt. Das funktioniert auch leidlich, birgt aber die Gefahr, dass bei verstellten Kernen zun\u00e4chst der Oszillator auf eine falsche ZF abgeglichen wird und die ZF-Spulen dann auf diese ZF optimiert werden &#8211; man holt dann nicht mehr das Optimum aus dem Ger\u00e4t heraus. Optimal, aber f\u00fcr die jugendlichen Bastler in den 80ern kaum umsetzbar, ist der Anschluss eines Oszilloskops mit Frequenzz\u00e4hler. Damit stellt man zun\u00e4chst die Frequenz des Oszillators so ein, dass am Eingang der ersten ZF-Spule die Mischfrequenz von 455 kHz entsteht. Danach kann man die ZF-Stufen entweder \u00fcber die NF-Amplitude an der Diode oder akustisch optimieren.<\/p>\n<p><a href=\"http:\/\/www.brennecke.org\/?page_id=3555\">Zur\u00fcck zur \u00dcbersichtsseite<\/a><\/p>\n<div class=\"twoclick_social_bookmarks_post_3564 social_share_privacy clearfix 1.6.4 locale-de_DE sprite-de_DE\"><\/div><div class=\"twoclick-js\"><script type=\"text\/javascript\">\/* <![CDATA[ *\/\njQuery(document).ready(function($){if($('.twoclick_social_bookmarks_post_3564')){$('.twoclick_social_bookmarks_post_3564').socialSharePrivacy({\"services\":{\"facebook\":{\"status\":\"on\",\"txt_info\":\"2 Klicks f\\u00fcr mehr Datenschutz: Erst wenn Sie hier klicken, wird der Button aktiv und Sie k\\u00f6nnen Ihre Empfehlung an Facebook senden. Schon beim Aktivieren werden Daten an Dritte \\u00fcbertragen - siehe <em>i<\\\/em>.\",\"perma_option\":\"off\",\"action\":\"recommend\",\"language\":\"de_DE\"},\"twitter\":{\"reply_to\":\"\",\"tweet_text\":\"Mittelwelle-Superhet%20%C2%BB%2053%20Cent\",\"status\":\"on\",\"txt_info\":\"2 Klicks f\\u00fcr mehr Datenschutz: Erst wenn Sie hier klicken, wird der Button aktiv und Sie k\\u00f6nnen Ihre Empfehlung an Twitter senden. Schon beim Aktivieren werden Daten an Dritte \\u00fcbertragen - siehe <em>i<\\\/em>.\",\"perma_option\":\"off\",\"language\":\"de\",\"referrer_track\":\"\"},\"gplus\":{\"status\":\"on\",\"txt_info\":\"2 Klicks f\\u00fcr mehr Datenschutz: Erst wenn Sie hier klicken, wird der Button aktiv und Sie k\\u00f6nnen Ihre Empfehlung an Google+ senden. Schon beim Aktivieren werden Daten an Dritte \\u00fcbertragen - siehe <em>i<\\\/em>.\",\"perma_option\":\"off\",\"referrer_track\":\"\"},\"flattr\":{\"uid\":\"\",\"status\":\"on\",\"the_title\":\"Mittelwelle-Superhet\",\"the_excerpt\":\"Die%20folgende%20Schaltung%20entstammt%20dem%20Anleitungsbuch%20EE2005%20neu%20von%20Philips.%20Dort%20hatte%20man%20lange%20Zeit%20auf%20ein%20System%20eigener%2C%20propriet%C3%A4rer%20Spulen%20gesetzt%2C%20die%20den%20Bauk%C3%A4sten%20beilagen%20und%20bereits%20fertig%20abgestimmt%20waren.%20Sechs%20Anschl%C3%BCsse%20legten%20die%20einzelnen%20Spulenabgriffe%20und%20einen%20Kondensator%20nach%20au%C3%9Fen.%20In%20der%20einfachsten%20Beschaltung%20wurden%20damit%20eine%20Oszillatorspule%20und%20zwei%20auf%20452%20kHz%20fest%20...\",\"txt_info\":\"2 Klicks f\\u00fcr mehr Datenschutz: Erst wenn Sie hier klicken, wird der Button aktiv und Sie k\\u00f6nnen Ihre Empfehlung an Flattr senden. Schon beim Aktivieren werden Daten an Dritte \\u00fcbertragen - siehe <em>i<\\\/em>.\",\"perma_option\":\"off\"}},\"txt_help\":\"Wenn Sie diese Felder durch einen Klick aktivieren, werden Informationen an Facebook, Twitter, Flattr, Xing, t3n, LinkedIn, Pinterest oder Google eventuell ins Ausland \\u00fcbertragen und unter Umst\\u00e4nden auch dort gespeichert. N\\u00e4heres erfahren Sie durch einen Klick auf das <em>i<\\\/em>.\",\"settings_perma\":\"Dauerhaft aktivieren und Daten\\u00fcber-tragung zustimmen:\",\"info_link\":\"http:\\\/\\\/www.heise.de\\\/ct\\\/artikel\\\/2-Klicks-fuer-mehr-Datenschutz-1333879.html\",\"uri\":\"https:\\\/\\\/www.brennecke.org\\\/?page_id=3564\",\"post_id\":3564,\"post_title_referrer_track\":\"Mittelwelle-Superhet\",\"display_infobox\":\"on\"});}});\n\/* ]]> *\/<\/script><\/div>","protected":false},"excerpt":{"rendered":"<p>Die folgende Schaltung entstammt dem Anleitungsbuch EE2005 neu von Philips. Dort hatte man lange Zeit auf ein System eigener, propriet\u00e4rer Spulen gesetzt, die den Bauk\u00e4sten beilagen und bereits fertig abgestimmt waren. Sechs Anschl\u00fcsse legten die einzelnen Spulenabgriffe und einen Kondensator &hellip; <a href=\"https:\/\/www.brennecke.org\/?page_id=3564\">Weiterlesen <span class=\"meta-nav\">&rarr;<\/span><\/a><\/p>\n","protected":false},"author":1,"featured_media":0,"parent":3555,"menu_order":0,"comment_status":"closed","ping_status":"closed","template":"","meta":{"footnotes":""},"_links":{"self":[{"href":"https:\/\/www.brennecke.org\/index.php?rest_route=\/wp\/v2\/pages\/3564"}],"collection":[{"href":"https:\/\/www.brennecke.org\/index.php?rest_route=\/wp\/v2\/pages"}],"about":[{"href":"https:\/\/www.brennecke.org\/index.php?rest_route=\/wp\/v2\/types\/page"}],"author":[{"embeddable":true,"href":"https:\/\/www.brennecke.org\/index.php?rest_route=\/wp\/v2\/users\/1"}],"replies":[{"embeddable":true,"href":"https:\/\/www.brennecke.org\/index.php?rest_route=%2Fwp%2Fv2%2Fcomments&post=3564"}],"version-history":[{"count":1,"href":"https:\/\/www.brennecke.org\/index.php?rest_route=\/wp\/v2\/pages\/3564\/revisions"}],"predecessor-version":[{"id":3565,"href":"https:\/\/www.brennecke.org\/index.php?rest_route=\/wp\/v2\/pages\/3564\/revisions\/3565"}],"up":[{"embeddable":true,"href":"https:\/\/www.brennecke.org\/index.php?rest_route=\/wp\/v2\/pages\/3555"}],"wp:attachment":[{"href":"https:\/\/www.brennecke.org\/index.php?rest_route=%2Fwp%2Fv2%2Fmedia&parent=3564"}],"curies":[{"name":"wp","href":"https:\/\/api.w.org\/{rel}","templated":true}]}}