{"id":3568,"date":"2018-02-09T08:42:24","date_gmt":"2018-02-09T07:42:24","guid":{"rendered":"http:\/\/www.brennecke.org\/?page_id=3568"},"modified":"2018-02-09T08:42:24","modified_gmt":"2018-02-09T07:42:24","slug":"mw-superhet-mit-sa612-oszillator","status":"publish","type":"page","link":"https:\/\/www.brennecke.org\/?page_id=3568","title":{"rendered":"MW-Superhet mit SA612-Oszillator"},"content":{"rendered":"<p>Dieser Superhet nutzt eine modernere Komponente, um die Oszillatorfrequenz zu erzeugen und sie mit der Eingangsfrequenz zu mischen. Das Design stammt von <a href=\"http:\/\/www.kranenborg.org\/ee\/ee2.htm\">Jurjen Kranenbourg<\/a> und ist ausf\u00fchrlich <a href=\"http:\/\/www.kranenborg.org\/ee\/ee2.htm\">auf seiner Webseite<\/a> und im <a href=\"http:\/\/~rigertc\/rigert.com\/ee-forum\/viewtopic.php?f=6&amp;t=137\">Baukastenforum von Thomas Rigert<\/a> dokumentiert. Ich danke Jurjen daf\u00fcr, hier auf sein Werk verweisen zu d\u00fcrfen.<\/p>\n<p>Das Datenblatt sagt dazu Folgendes:<\/p>\n<blockquote><p><span id=\"result_box\" class=\"\" lang=\"de\"><span class=\"\">Der SA612A ist ein VHF monolithischer Doppel-Balanced-Mixer mit Low-Power und On-Board<\/span> <span class=\"\">Oszillator und Spannungsregler.<\/span> Er ist gedacht <span class=\"\">f\u00fcr g\u00fcnstige Low-Power-<\/span><span class=\"\">Systeme mit Signalfrequenzen bis 500 MHz und lokalen Oszillatorfrequenzen bis zu<\/span> 200 MHz. <span class=\"\">Der Mischer wird durch einen &#8222;Gilbert-Zelle&#8220;-Multiplikator gebildet<\/span><span class=\"\">, der einen<\/span><span class=\"\"> Gewinn von 14 dB und <\/span>mehr bei 45 MHz liefern kann.<br \/>\n<span class=\"\">Der Oszillator kann mit einem Quarz oder als Puffer f\u00fcr einen externen lokalen Oszillator betrieben werden<\/span>. Der Rauschabstand <span class=\"\">bei 45 MHz ist typischerweise unter 6 dB und bef\u00e4higt das Ger\u00e4t<\/span> f\u00fcr High-Performance<br \/>\nin Schnurlostelefonen oder in Radios. Der geringe Leistungsbedarf <span class=\"\">empfiehlt den SA612A f\u00fcr batteriebetriebene Ger\u00e4te.<\/span><\/span><\/p><\/blockquote>\n<p>Soweit, so gut. In der hier vorgestellten Schaltung wird der SA612 als zentrales Element benutzt, um aus Eingangssignal und Oszillatorfrequenz eine Mischfrequenz von 455 kHz herzustellen- es handelt sich also um die Eingangsstufe f\u00fcr einen Superhet, dessen zwei nachfolgende Abstimmkreise dann f\u00fcr eine pr\u00e4zise Filterung des empfangenen Signals sorgen. Der Oszillatorkreis muss dabei m\u00f6glichst parallel zum empfangenen Eingangssignal laufen, was in der Schaltung durch den Einsatz vieler parallel und in Serie geschalteter Kondensatoren erreicht wird. Zudem ist eine pr\u00e4zise Kalibrierung erforderlich.<\/p>\n<p>Jurjen empfiehlt in seiner Bauanleitung, die auf der Unterseite des Doppel-Drehkondensators vorhandenen Trimmer durch zwei auf der Bauplatte installierte Trimmer zu ersetzen. Das erleichtert den Abgleich erheblich, weil man das Ger\u00e4t in Betriebslage abgleichen kann und nicht auf dem Kopf stehend.<\/p>\n<p>Nach der Filterung durch die zweite ZF-Spule wird in diesem Bauplan zudem nicht die bei Philips sonst \u00fcbliche Gleichrichtung durch die Germanium-Diode OA95 erledigt, sondern es kommt ein ZN414-Chip zum Einsatz. Das ist ein Dreibeiner, der intern ein paar HF-Verst\u00e4rkerstufen hat und am Ende das NF-Signal ausgibt. Durch nur drei Anschl\u00fcsse ist allerdings seine Beschaltung ein wenig diffizil. Es muss au\u00dferdem beachtet werden, dass er mit 1,5V Betriebsspannung arbeiten m\u00f6chte. In der Schaltung wird das durch ein Regelpotentiometer erreicht; die genaue Betriebsspannung legt man dann mit einem Multimeter fest. NF-Ausgang und Betriebsspannung teilen sich dabei einen Eingang.<\/p>\n<p>Das Ergebnis ist eine NF-Spannung, die einem zweistufigen Verst\u00e4rker zugef\u00fchrt wird, der hier durch einen OpAmp LM3900 gebildet wird. Dessen Beschaltung ist identisch mit jener aus dem EE2013 (Ger\u00e4t 4.6.1 UKW-Empf\u00e4nger). Ein Transistor BC548 am Ende sorgt f\u00fcr eine Anpassung an den 150-Ohm-Lautsprecher.<\/p>\n<p><a href=\"http:\/\/www.brennecke.org\/?page_id=3555\">Zur\u00fcck zur Hauptseite<\/a><\/p>\n<p>&nbsp;<\/p>\n<div class=\"twoclick_social_bookmarks_post_3568 social_share_privacy clearfix 1.6.4 locale-de_DE sprite-de_DE\"><\/div><div class=\"twoclick-js\"><script type=\"text\/javascript\">\/* <![CDATA[ *\/\njQuery(document).ready(function($){if($('.twoclick_social_bookmarks_post_3568')){$('.twoclick_social_bookmarks_post_3568').socialSharePrivacy({\"services\":{\"facebook\":{\"status\":\"on\",\"txt_info\":\"2 Klicks f\\u00fcr mehr Datenschutz: Erst wenn Sie hier klicken, wird der Button aktiv und Sie k\\u00f6nnen Ihre Empfehlung an Facebook senden. Schon beim Aktivieren werden Daten an Dritte \\u00fcbertragen - siehe <em>i<\\\/em>.\",\"perma_option\":\"off\",\"action\":\"recommend\",\"language\":\"de_DE\"},\"twitter\":{\"reply_to\":\"\",\"tweet_text\":\"MW-Superhet%20mit%20SA612-Oszillator%20%C2%BB%2053%20Cent\",\"status\":\"on\",\"txt_info\":\"2 Klicks f\\u00fcr mehr Datenschutz: Erst wenn Sie hier klicken, wird der Button aktiv und Sie k\\u00f6nnen Ihre Empfehlung an Twitter senden. Schon beim Aktivieren werden Daten an Dritte \\u00fcbertragen - siehe <em>i<\\\/em>.\",\"perma_option\":\"off\",\"language\":\"de\",\"referrer_track\":\"\"},\"gplus\":{\"status\":\"on\",\"txt_info\":\"2 Klicks f\\u00fcr mehr Datenschutz: Erst wenn Sie hier klicken, wird der Button aktiv und Sie k\\u00f6nnen Ihre Empfehlung an Google+ senden. Schon beim Aktivieren werden Daten an Dritte \\u00fcbertragen - siehe <em>i<\\\/em>.\",\"perma_option\":\"off\",\"referrer_track\":\"\"},\"flattr\":{\"uid\":\"\",\"status\":\"on\",\"the_title\":\"MW-Superhet%20mit%20SA612-Oszillator\",\"the_excerpt\":\"Dieser%20Superhet%20nutzt%20eine%20modernere%20Komponente%2C%20um%20die%20Oszillatorfrequenz%20zu%20erzeugen%20und%20sie%20mit%20der%20Eingangsfrequenz%20zu%20mischen.%20Das%20Design%20stammt%20von%20Jurjen%20Kranenbourg%20und%20ist%20ausf%C3%BChrlich%20auf%20seiner%20Webseite%20und%20im%20Baukastenforum%20von%20Thomas%20Rigert%20dokumentiert.%20Ich%20danke%20Jurjen%20daf%C3%BCr%2C%20hier%20auf%20sein%20Werk%20verweisen%20zu%20d%C3%BCrfen.%0D%0A%0D%0ADas%20Datenblatt%20sagt%20dazu%20Folgendes%3A%0D%0ADer%20SA612A%20ist%20ein%20VHF%20mo%20...\",\"txt_info\":\"2 Klicks f\\u00fcr mehr Datenschutz: Erst wenn Sie hier klicken, wird der Button aktiv und Sie k\\u00f6nnen Ihre Empfehlung an Flattr senden. Schon beim Aktivieren werden Daten an Dritte \\u00fcbertragen - siehe <em>i<\\\/em>.\",\"perma_option\":\"off\"}},\"txt_help\":\"Wenn Sie diese Felder durch einen Klick aktivieren, werden Informationen an Facebook, Twitter, Flattr, Xing, t3n, LinkedIn, Pinterest oder Google eventuell ins Ausland \\u00fcbertragen und unter Umst\\u00e4nden auch dort gespeichert. N\\u00e4heres erfahren Sie durch einen Klick auf das <em>i<\\\/em>.\",\"settings_perma\":\"Dauerhaft aktivieren und Daten\\u00fcber-tragung zustimmen:\",\"info_link\":\"http:\\\/\\\/www.heise.de\\\/ct\\\/artikel\\\/2-Klicks-fuer-mehr-Datenschutz-1333879.html\",\"uri\":\"https:\\\/\\\/www.brennecke.org\\\/?page_id=3568\",\"post_id\":3568,\"post_title_referrer_track\":\"MW-Superhet+mit+SA612-Oszillator\",\"display_infobox\":\"on\"});}});\n\/* ]]> *\/<\/script><\/div>","protected":false},"excerpt":{"rendered":"<p>Dieser Superhet nutzt eine modernere Komponente, um die Oszillatorfrequenz zu erzeugen und sie mit der Eingangsfrequenz zu mischen. Das Design stammt von Jurjen Kranenbourg und ist ausf\u00fchrlich auf seiner Webseite und im Baukastenforum von Thomas Rigert dokumentiert. Ich danke Jurjen &hellip; <a href=\"https:\/\/www.brennecke.org\/?page_id=3568\">Weiterlesen <span class=\"meta-nav\">&rarr;<\/span><\/a><\/p>\n","protected":false},"author":1,"featured_media":0,"parent":3555,"menu_order":1,"comment_status":"closed","ping_status":"closed","template":"","meta":{"footnotes":""},"_links":{"self":[{"href":"https:\/\/www.brennecke.org\/index.php?rest_route=\/wp\/v2\/pages\/3568"}],"collection":[{"href":"https:\/\/www.brennecke.org\/index.php?rest_route=\/wp\/v2\/pages"}],"about":[{"href":"https:\/\/www.brennecke.org\/index.php?rest_route=\/wp\/v2\/types\/page"}],"author":[{"embeddable":true,"href":"https:\/\/www.brennecke.org\/index.php?rest_route=\/wp\/v2\/users\/1"}],"replies":[{"embeddable":true,"href":"https:\/\/www.brennecke.org\/index.php?rest_route=%2Fwp%2Fv2%2Fcomments&post=3568"}],"version-history":[{"count":3,"href":"https:\/\/www.brennecke.org\/index.php?rest_route=\/wp\/v2\/pages\/3568\/revisions"}],"predecessor-version":[{"id":3702,"href":"https:\/\/www.brennecke.org\/index.php?rest_route=\/wp\/v2\/pages\/3568\/revisions\/3702"}],"up":[{"embeddable":true,"href":"https:\/\/www.brennecke.org\/index.php?rest_route=\/wp\/v2\/pages\/3555"}],"wp:attachment":[{"href":"https:\/\/www.brennecke.org\/index.php?rest_route=%2Fwp%2Fv2%2Fmedia&parent=3568"}],"curies":[{"name":"wp","href":"https:\/\/api.w.org\/{rel}","templated":true}]}}