{"id":3705,"date":"2018-02-09T09:51:19","date_gmt":"2018-02-09T08:51:19","guid":{"rendered":"http:\/\/www.brennecke.org\/?page_id=3705"},"modified":"2018-02-09T09:51:19","modified_gmt":"2018-02-09T08:51:19","slug":"mw-geradeausempfaenger-ee2003","status":"publish","type":"page","link":"https:\/\/www.brennecke.org\/?page_id=3705","title":{"rendered":"MW-Geradeausempf\u00e4nger (EE2003)"},"content":{"rendered":"<p>Dies ist der wohl am h\u00e4ufigsten gebaute Mittelwellenempf\u00e4nger aus dem Philips-Programm. Er zierte lange Zeit alle Bauk\u00e4sten der EE2000-Serie mit Ausnahme der Oszi-TV-K\u00e4sten und ist auch in jedem Prospekt enthalten gewesen. Zudem ist er Teil des &#8222;Standardkastens&#8220; EE2003\/EE1003, so dass praktisch jeder, der sich mit dem Thema und den Philips-Bauk\u00e4sten intensiver besch\u00e4ftigte, einmal in den Genuss kam, das gute ST\u00fcck nachzubauen.<\/p>\n<p>Der Empf\u00e4nger ist extrem betriebssicher &#8211; man kann sehr wenig falsch machen. Au\u00dferdem arbeitet er bei starken und mittelstarken Sendern trotz vorhandener Antennenwicklung auch ohne Antenne und ist daher weitgehend mobil. Mich selbst hat er lange Zeit begleitet, wenn ich drau\u00dfen spielte.<\/p>\n<p>Der Aufbau ist entsprechend einfach. MW-Spule und Drehkondensator bilden einen Schwingkreis, der grob das MW-Band abdeckt. Der Eingangstransistor BF194 wird doppekt ausgenutzt &#8211; er dient als HF-Verst\u00e4rker und durch R\u00fcckf\u00fchrung des demodulierten Signals auch als erste NF-Verst\u00e4rkerstufe. Dass seine Verst\u00e4rkung alles andere als linear ausf\u00e4llt, macht bei dem NF-Signal mit seiner Maximalfrequenz von 8kHz nichts aus. Philips sagt zur Antenne Folgendes:<\/p>\n<blockquote><p>Die Koppelspule L3 besteht aus f\u00fcnf Windungen, die man um den Ferritstab wickelt, und sie kann zum Anschlu\u00df einer Au\u00dfenantenne benutzt werden. Ist dann au\u00dferdem eine Erdleitung angeschlossen, lassen sich auch entferntere Sender empfangen. Wegen der geringeren Trennsch\u00e4rfe ist es jedoch nicht m\u00f6glich, schwache Sender, die neben einem sehr starken Sender liegen, einwandfrei einzustellen.<\/p><\/blockquote>\n<p>Der NF-Verst\u00e4rker ist derselbe wie bei allen anderen Philips-MW-Empf\u00e4ngern und erledigt seine Aufgabe unauff\u00e4llig.<\/p>\n<p><a href=\"http:\/\/www.brennecke.org\/?page_id=3555\">Zur\u00fcck zur Hauptseite<\/a><\/p>\n<div class=\"twoclick_social_bookmarks_post_3705 social_share_privacy clearfix 1.6.4 locale-de_DE sprite-de_DE\"><\/div><div class=\"twoclick-js\"><script type=\"text\/javascript\">\/* <![CDATA[ *\/\njQuery(document).ready(function($){if($('.twoclick_social_bookmarks_post_3705')){$('.twoclick_social_bookmarks_post_3705').socialSharePrivacy({\"services\":{\"facebook\":{\"status\":\"on\",\"txt_info\":\"2 Klicks f\\u00fcr mehr Datenschutz: Erst wenn Sie hier klicken, wird der Button aktiv und Sie k\\u00f6nnen Ihre Empfehlung an Facebook senden. Schon beim Aktivieren werden Daten an Dritte \\u00fcbertragen - siehe <em>i<\\\/em>.\",\"perma_option\":\"off\",\"action\":\"recommend\",\"language\":\"de_DE\"},\"twitter\":{\"reply_to\":\"\",\"tweet_text\":\"MW-Geradeausempf%C3%A4nger%20%28EE2003%29%20%C2%BB%2053%20Cent\",\"status\":\"on\",\"txt_info\":\"2 Klicks f\\u00fcr mehr Datenschutz: Erst wenn Sie hier klicken, wird der Button aktiv und Sie k\\u00f6nnen Ihre Empfehlung an Twitter senden. Schon beim Aktivieren werden Daten an Dritte \\u00fcbertragen - siehe <em>i<\\\/em>.\",\"perma_option\":\"off\",\"language\":\"de\",\"referrer_track\":\"\"},\"gplus\":{\"status\":\"on\",\"txt_info\":\"2 Klicks f\\u00fcr mehr Datenschutz: Erst wenn Sie hier klicken, wird der Button aktiv und Sie k\\u00f6nnen Ihre Empfehlung an Google+ senden. Schon beim Aktivieren werden Daten an Dritte \\u00fcbertragen - siehe <em>i<\\\/em>.\",\"perma_option\":\"off\",\"referrer_track\":\"\"},\"flattr\":{\"uid\":\"\",\"status\":\"on\",\"the_title\":\"MW-Geradeausempf%C3%A4nger%20%28EE2003%29\",\"the_excerpt\":\"Dies%20ist%20der%20wohl%20am%20h%C3%A4ufigsten%20gebaute%20Mittelwellenempf%C3%A4nger%20aus%20dem%20Philips-Programm.%20Er%20zierte%20lange%20Zeit%20alle%20Bauk%C3%A4sten%20der%20EE2000-Serie%20mit%20Ausnahme%20der%20Oszi-TV-K%C3%A4sten%20und%20ist%20auch%20in%20jedem%20Prospekt%20enthalten%20gewesen.%20Zudem%20ist%20er%20Teil%20des%20%22Standardkastens%22%20EE2003%2FEE1003%2C%20so%20dass%20praktisch%20jeder%2C%20der%20sich%20mit%20dem%20Thema%20und%20den%20Philips-Bauk%C3%A4sten%20intensiver%20besch%C3%A4ftigte%2C%20einmal%20in%20den%20Genus%20...\",\"txt_info\":\"2 Klicks f\\u00fcr mehr Datenschutz: Erst wenn Sie hier klicken, wird der Button aktiv und Sie k\\u00f6nnen Ihre Empfehlung an Flattr senden. Schon beim Aktivieren werden Daten an Dritte \\u00fcbertragen - siehe <em>i<\\\/em>.\",\"perma_option\":\"off\"}},\"txt_help\":\"Wenn Sie diese Felder durch einen Klick aktivieren, werden Informationen an Facebook, Twitter, Flattr, Xing, t3n, LinkedIn, Pinterest oder Google eventuell ins Ausland \\u00fcbertragen und unter Umst\\u00e4nden auch dort gespeichert. N\\u00e4heres erfahren Sie durch einen Klick auf das <em>i<\\\/em>.\",\"settings_perma\":\"Dauerhaft aktivieren und Daten\\u00fcber-tragung zustimmen:\",\"info_link\":\"http:\\\/\\\/www.heise.de\\\/ct\\\/artikel\\\/2-Klicks-fuer-mehr-Datenschutz-1333879.html\",\"uri\":\"https:\\\/\\\/www.brennecke.org\\\/?page_id=3705\",\"post_id\":3705,\"post_title_referrer_track\":\"MW-Geradeausempf%C3%A4nger+%28EE2003%29\",\"display_infobox\":\"on\"});}});\n\/* ]]> *\/<\/script><\/div>","protected":false},"excerpt":{"rendered":"<p>Dies ist der wohl am h\u00e4ufigsten gebaute Mittelwellenempf\u00e4nger aus dem Philips-Programm. Er zierte lange Zeit alle Bauk\u00e4sten der EE2000-Serie mit Ausnahme der Oszi-TV-K\u00e4sten und ist auch in jedem Prospekt enthalten gewesen. Zudem ist er Teil des &#8222;Standardkastens&#8220; EE2003\/EE1003, so dass &hellip; <a href=\"https:\/\/www.brennecke.org\/?page_id=3705\">Weiterlesen <span class=\"meta-nav\">&rarr;<\/span><\/a><\/p>\n","protected":false},"author":1,"featured_media":0,"parent":3555,"menu_order":4,"comment_status":"closed","ping_status":"closed","template":"","meta":{"footnotes":""},"_links":{"self":[{"href":"https:\/\/www.brennecke.org\/index.php?rest_route=\/wp\/v2\/pages\/3705"}],"collection":[{"href":"https:\/\/www.brennecke.org\/index.php?rest_route=\/wp\/v2\/pages"}],"about":[{"href":"https:\/\/www.brennecke.org\/index.php?rest_route=\/wp\/v2\/types\/page"}],"author":[{"embeddable":true,"href":"https:\/\/www.brennecke.org\/index.php?rest_route=\/wp\/v2\/users\/1"}],"replies":[{"embeddable":true,"href":"https:\/\/www.brennecke.org\/index.php?rest_route=%2Fwp%2Fv2%2Fcomments&post=3705"}],"version-history":[{"count":1,"href":"https:\/\/www.brennecke.org\/index.php?rest_route=\/wp\/v2\/pages\/3705\/revisions"}],"predecessor-version":[{"id":3709,"href":"https:\/\/www.brennecke.org\/index.php?rest_route=\/wp\/v2\/pages\/3705\/revisions\/3709"}],"up":[{"embeddable":true,"href":"https:\/\/www.brennecke.org\/index.php?rest_route=\/wp\/v2\/pages\/3555"}],"wp:attachment":[{"href":"https:\/\/www.brennecke.org\/index.php?rest_route=%2Fwp%2Fv2%2Fmedia&parent=3705"}],"curies":[{"name":"wp","href":"https:\/\/api.w.org\/{rel}","templated":true}]}}