{"id":3706,"date":"2018-02-09T09:32:13","date_gmt":"2018-02-09T08:32:13","guid":{"rendered":"http:\/\/www.brennecke.org\/?page_id=3706"},"modified":"2018-02-09T09:51:36","modified_gmt":"2018-02-09T08:51:36","slug":"mw-superhet-philips-spulen","status":"publish","type":"page","link":"https:\/\/www.brennecke.org\/?page_id=3706","title":{"rendered":"MW-Superhet (Philips-Spulen)"},"content":{"rendered":"<p>Philips legte seinen Bauk\u00e4sten bereits in den 60er Jahren speziell entworfene Oszillator- und Zwischenfrequenzspulen bei, die auf den Einsatz auf den Bauplatten und ihrem Lochabstand zugeschnitten waren. Die Spulen besitzen sechs Anschl\u00fcsse und mehrere Wicklungen auf einem Plastikk\u00f6rper, in dessen Mitte ein Ferritkern sitzt. Sie sind vorabgestimmt, und es wird in allen Anleitungsb\u00fcchern davor gewarnt, an den Kernen zu drehen. Die ZF-Spulen bringen zudem einen Kondensator mit, durch dessen Einsatz sie auf eine ZF von 455 kHz abgestimmt sind. Weil der Kondensator aber erst per Schaltung mit den Spulen verbunden wurde, konnten auch andere Zwischenfrequenzen erreicht werden.<\/p>\n<p>Meine ersten Erfahrungen mit diesen Spulen waren eher leidvoll, was an eben diesem Ferritkern einer meiner Spulen lag &#8211; er war offenbar verstellt, und so funktionierten all die neuen Radios nicht, die ich an Weihnachten 1977 hatte bauen wollen. Erst 1981, nachdem ich das hier vorgestellte MW-Radio aufgebaut und an Philips in Hamburg geschickt hatte, stellte sich der Erfolg ein. Mit einer neuen Spukle best\u00fcckt kehrte das Radio zu mir zur\u00fcck &#8211; und enthielt gleichzeitig einen Bestellschein f\u00fcr einen verg\u00fcnstigtes Set der neuen Spulen samt Verdrahtungspl\u00e4nen und Anleitungsbuch-Erweiterung f\u00fcr 19,80 DM.<\/p>\n<p>Die folgende Schaltung entstammt nun dem Anleitungsbuch f\u00fcr die K\u00e4sten EE2004\/05\/06 von Philips in ihrer letzten Modifikation. Es gab mehrere Varianten, denen allesamt gemein war, eine schlechte Masseleitung zu besitzen. Die Masse wird durch viele aneinander gest\u00fcckelte rote Dr\u00e4hte gebildet,w as letztlich bei Radios immer ein Problem darstellt. Norbert Schneider schreibt auf seiner <a href=\"http:\/\/norbert.old.no\/doit\/ee2004\/\">Philips-Webseite<\/a> dazu:<\/p>\n<div class=\"block\">\n<blockquote><p>In den ersten Auflagen der deutschen Anleitung zum EE\u00a02004\/05\/06 ist bei diesem Apparat die Bereichsumschaltung fehlerhaft.<\/p>\n<p>Bei der Umschaltung auf MW wirken die Kondensatoren C2 + C2&#8242; auf die in der LW Spule induzierte HF-Spannung fast wie ein Kurzschluss. Dadurch wird in der Koppelwicklung\u00a0 praktisch keine Spannung zur Ansteuerung des Transistors induziert. Der Fehler ist im [neuen] Schaltbild und im Verdrahtungsplan.<\/p><\/blockquote>\n<\/div>\n<div class=\"block\">\n<blockquote><p>In [diesen] Verdrahtungsplan hat sich [&#8230;] ein anderer Fehler eingeschlichen. Das ideale Lehrst\u00fcck zur Demonstration einer Verschlimmbesserung. In der zweiten Schalterstellung ist der Drehkondensator jetzt komplett von der Ferritantenne abgeh\u00e4ngt. Die Einstellung auf einen Sender ist somit v\u00f6llig unm\u00f6glich!<\/p><\/blockquote>\n<\/div>\n<p>Das mir zur\u00fcckgesandte Radio wies einen zus\u00e4tzlichen Siebkondensator (1000pF) auf, der das Quietschen des Radios erfolgreich unterdr\u00fcckte. Mittelwelle funktionierte damit gut, auf Langwelle hatte ich jedoch nie Empfang (siehe Norberts Fehlerbeschreibung). Allerdings gab es damals ohnehin nur zwei Sender, die ich auf Mittelwelle h\u00f6rte: SWF1 und nat\u00fcrlich AFN, wo sonntags die &#8222;American Top 40&#8220; mit Casey Kasem liefen.<\/p>\n<p>Die Schaltung selbst ist recht simpel aufgebaut. Sie nutzt einen HF-Transistor zu Erzeugung der Oszillatorfrequenz. Er \u00fcbernimmt auch das Mischen mit der Eingangsfrequenz, so dass am Ende eine ZF von 452 kHz entsteht. Die beiden ZF-Stufen besitzen eine einfache Schwundregelung, die daf\u00fcr sorgt, dass sich entfernte und nahe Sender nicht zu sehr in der Lautst\u00e4rke unterscheiden. Das Ausgangssignal wird gleichgerichtet, die HF ausgefiltert, und danach geht es zum Niederfrequenz-Verst\u00e4rker und zum Lautsprecher.<\/p>\n<p>Die Abgleichvorschrift ist recht simpel gehalten &#8211; letztlich werden die zwei Trimmer solange eiungstellt, bis bei einem Sender bei 550 kHz maximale Lautst\u00e4rke erzielt wird. Bl\u00f6d nur, wenn da (wie bei mir) gar nichts sendete. Mit dem neuen, hier gezeigten Ger\u00e4t war das ganze allerdings etwas einfacher durch die Nutzung eines MW-Zimmersenders, dessen Frequenz man hertzgenau einstellen kann.<\/p>\n<p><a href=\"http:\/\/www.brennecke.org\/?page_id=3555\">Zur\u00fcck zur Hauptseite<\/a><\/p>\n<div class=\"twoclick_social_bookmarks_post_3706 social_share_privacy clearfix 1.6.4 locale-de_DE sprite-de_DE\"><\/div><div class=\"twoclick-js\"><script type=\"text\/javascript\">\/* <![CDATA[ *\/\njQuery(document).ready(function($){if($('.twoclick_social_bookmarks_post_3706')){$('.twoclick_social_bookmarks_post_3706').socialSharePrivacy({\"services\":{\"facebook\":{\"status\":\"on\",\"txt_info\":\"2 Klicks f\\u00fcr mehr Datenschutz: Erst wenn Sie hier klicken, wird der Button aktiv und Sie k\\u00f6nnen Ihre Empfehlung an Facebook senden. Schon beim Aktivieren werden Daten an Dritte \\u00fcbertragen - siehe <em>i<\\\/em>.\",\"perma_option\":\"off\",\"action\":\"recommend\",\"language\":\"de_DE\"},\"twitter\":{\"reply_to\":\"\",\"tweet_text\":\"MW-Superhet%20%28Philips-Spulen%29%20%C2%BB%2053%20Cent\",\"status\":\"on\",\"txt_info\":\"2 Klicks f\\u00fcr mehr Datenschutz: Erst wenn Sie hier klicken, wird der Button aktiv und Sie k\\u00f6nnen Ihre Empfehlung an Twitter senden. Schon beim Aktivieren werden Daten an Dritte \\u00fcbertragen - siehe <em>i<\\\/em>.\",\"perma_option\":\"off\",\"language\":\"de\",\"referrer_track\":\"\"},\"gplus\":{\"status\":\"on\",\"txt_info\":\"2 Klicks f\\u00fcr mehr Datenschutz: Erst wenn Sie hier klicken, wird der Button aktiv und Sie k\\u00f6nnen Ihre Empfehlung an Google+ senden. Schon beim Aktivieren werden Daten an Dritte \\u00fcbertragen - siehe <em>i<\\\/em>.\",\"perma_option\":\"off\",\"referrer_track\":\"\"},\"flattr\":{\"uid\":\"\",\"status\":\"on\",\"the_title\":\"MW-Superhet%20%28Philips-Spulen%29\",\"the_excerpt\":\"Philips%20legte%20seinen%20Bauk%C3%A4sten%20bereits%20in%20den%2060er%20Jahren%20speziell%20entworfene%20Oszillator-%20und%20Zwischenfrequenzspulen%20bei%2C%20die%20auf%20den%20Einsatz%20auf%20den%20Bauplatten%20und%20ihrem%20Lochabstand%20zugeschnitten%20waren.%20Die%20Spulen%20besitzen%20sechs%20Anschl%C3%BCsse%20und%20mehrere%20Wicklungen%20auf%20einem%20Plastikk%C3%B6rper%2C%20in%20dessen%20Mitte%20ein%20Ferritkern%20sitzt.%20Sie%20sind%20vorabgestimmt%2C%20und%20es%20wird%20in%20allen%20Anleitungsb%C3%BCchern%20davor%20%20...\",\"txt_info\":\"2 Klicks f\\u00fcr mehr Datenschutz: Erst wenn Sie hier klicken, wird der Button aktiv und Sie k\\u00f6nnen Ihre Empfehlung an Flattr senden. Schon beim Aktivieren werden Daten an Dritte \\u00fcbertragen - siehe <em>i<\\\/em>.\",\"perma_option\":\"off\"}},\"txt_help\":\"Wenn Sie diese Felder durch einen Klick aktivieren, werden Informationen an Facebook, Twitter, Flattr, Xing, t3n, LinkedIn, Pinterest oder Google eventuell ins Ausland \\u00fcbertragen und unter Umst\\u00e4nden auch dort gespeichert. N\\u00e4heres erfahren Sie durch einen Klick auf das <em>i<\\\/em>.\",\"settings_perma\":\"Dauerhaft aktivieren und Daten\\u00fcber-tragung zustimmen:\",\"info_link\":\"http:\\\/\\\/www.heise.de\\\/ct\\\/artikel\\\/2-Klicks-fuer-mehr-Datenschutz-1333879.html\",\"uri\":\"https:\\\/\\\/www.brennecke.org\\\/?page_id=3706\",\"post_id\":3706,\"post_title_referrer_track\":\"MW-Superhet+%28Philips-Spulen%29\",\"display_infobox\":\"on\"});}});\n\/* ]]> *\/<\/script><\/div>","protected":false},"excerpt":{"rendered":"<p>Philips legte seinen Bauk\u00e4sten bereits in den 60er Jahren speziell entworfene Oszillator- und Zwischenfrequenzspulen bei, die auf den Einsatz auf den Bauplatten und ihrem Lochabstand zugeschnitten waren. Die Spulen besitzen sechs Anschl\u00fcsse und mehrere Wicklungen auf einem Plastikk\u00f6rper, in dessen &hellip; <a href=\"https:\/\/www.brennecke.org\/?page_id=3706\">Weiterlesen <span class=\"meta-nav\">&rarr;<\/span><\/a><\/p>\n","protected":false},"author":1,"featured_media":0,"parent":3555,"menu_order":3,"comment_status":"closed","ping_status":"closed","template":"","meta":{"footnotes":""},"_links":{"self":[{"href":"https:\/\/www.brennecke.org\/index.php?rest_route=\/wp\/v2\/pages\/3706"}],"collection":[{"href":"https:\/\/www.brennecke.org\/index.php?rest_route=\/wp\/v2\/pages"}],"about":[{"href":"https:\/\/www.brennecke.org\/index.php?rest_route=\/wp\/v2\/types\/page"}],"author":[{"embeddable":true,"href":"https:\/\/www.brennecke.org\/index.php?rest_route=\/wp\/v2\/users\/1"}],"replies":[{"embeddable":true,"href":"https:\/\/www.brennecke.org\/index.php?rest_route=%2Fwp%2Fv2%2Fcomments&post=3706"}],"version-history":[{"count":2,"href":"https:\/\/www.brennecke.org\/index.php?rest_route=\/wp\/v2\/pages\/3706\/revisions"}],"predecessor-version":[{"id":3708,"href":"https:\/\/www.brennecke.org\/index.php?rest_route=\/wp\/v2\/pages\/3706\/revisions\/3708"}],"up":[{"embeddable":true,"href":"https:\/\/www.brennecke.org\/index.php?rest_route=\/wp\/v2\/pages\/3555"}],"wp:attachment":[{"href":"https:\/\/www.brennecke.org\/index.php?rest_route=%2Fwp%2Fv2%2Fmedia&parent=3706"}],"curies":[{"name":"wp","href":"https:\/\/api.w.org\/{rel}","templated":true}]}}