{"id":3936,"date":"2025-11-04T12:14:39","date_gmt":"2025-11-04T11:14:39","guid":{"rendered":"https:\/\/www.brennecke.org\/?page_id=3936"},"modified":"2025-11-04T12:37:05","modified_gmt":"2025-11-04T11:37:05","slug":"cgraph-mathematische-grafiken","status":"publish","type":"page","link":"https:\/\/www.brennecke.org\/?page_id=3936","title":{"rendered":"CGRAPH"},"content":{"rendered":"\n<p>Willkommen bei CGRAPH, dem universellen Hilfsmittel zur grafischen Darstellung mathematischer Gleichungen.<\/p>\n\n\n\n<p>CGRAPH bietet eine vollst\u00e4ndige Bibliothek komplex definierter Funktionen an, mit denen wichtige Zeichenroutinen im Bereich der reellen oder komplexen Zahlen ausgef\u00fchrt werden k\u00f6nnen. Der Bereich der angebotenen Grafiktypen reicht von der Darstellung von Funktionen im zwei- oder dreidimensionalen Raum, Interpolation unbekannter Funktionen durch eingegebene Werte, Kurvendiskussion, der Abbildung einfach zusammenh\u00e4ngender Gebiete in der komplexen Ebene, wie sie zur Transformation unzug\u00e4nglicher Geometrien benutzt werden, \u00fcber Betrachtungen dynamischer Systeme bis zur Darstellung von Fraktalen, die noch heute Gegenstand der mathematischen Forschung sind.<\/p>\n\n\n\n<p id=\"CGRAPH\">Sie finden hier die folgenden Erl\u00e4uterungen zu CGRAPH<\/p>\n\n\n\n<p>Grunds\u00e4tzliches<\/p>\n\n\n\n<p>Grafiktypen<\/p>\n\n\n\n<p>Einstellungen<\/p>\n\n\n\n<p>Mathematische Grundlagen<\/p>\n\n\n\n<p>CGRAPH ist verf\u00fcgbar im Mac AppStore und im Windows AppStore.<\/p>\n\n\n\n<p><\/p>\n<div class=\"twoclick_social_bookmarks_post_3936 social_share_privacy clearfix 1.6.4 locale-de_DE sprite-de_DE\"><\/div><div class=\"twoclick-js\"><script type=\"text\/javascript\">\/* <![CDATA[ *\/\njQuery(document).ready(function($){if($('.twoclick_social_bookmarks_post_3936')){$('.twoclick_social_bookmarks_post_3936').socialSharePrivacy({\"services\":{\"facebook\":{\"status\":\"on\",\"txt_info\":\"2 Klicks f\\u00fcr mehr Datenschutz: Erst wenn Sie hier klicken, wird der Button aktiv und Sie k\\u00f6nnen Ihre Empfehlung an Facebook senden. Schon beim Aktivieren werden Daten an Dritte \\u00fcbertragen - siehe <em>i<\\\/em>.\",\"perma_option\":\"off\",\"action\":\"recommend\",\"language\":\"de_DE\"},\"twitter\":{\"reply_to\":\"\",\"tweet_text\":\"CGRAPH%20%C2%BB%2053%20Cent\",\"status\":\"on\",\"txt_info\":\"2 Klicks f\\u00fcr mehr Datenschutz: Erst wenn Sie hier klicken, wird der Button aktiv und Sie k\\u00f6nnen Ihre Empfehlung an Twitter senden. Schon beim Aktivieren werden Daten an Dritte \\u00fcbertragen - siehe <em>i<\\\/em>.\",\"perma_option\":\"off\",\"language\":\"de\",\"referrer_track\":\"\"},\"gplus\":{\"status\":\"on\",\"txt_info\":\"2 Klicks f\\u00fcr mehr Datenschutz: Erst wenn Sie hier klicken, wird der Button aktiv und Sie k\\u00f6nnen Ihre Empfehlung an Google+ senden. Schon beim Aktivieren werden Daten an Dritte \\u00fcbertragen - siehe <em>i<\\\/em>.\",\"perma_option\":\"off\",\"referrer_track\":\"\"},\"flattr\":{\"uid\":\"\",\"status\":\"on\",\"the_title\":\"CGRAPH\",\"the_excerpt\":\"%0AWillkommen%20bei%20CGRAPH%2C%20dem%20universellen%20Hilfsmittel%20zur%20grafischen%20Darstellung%20mathematischer%20Gleichungen.%0A%0A%0A%0ACGRAPH%20bietet%20eine%20vollst%C3%A4ndige%20Bibliothek%20komplex%20definierter%20Funktionen%20an%2C%20mit%20denen%20wichtige%20Zeichenroutinen%20im%20Bereich%20der%20reellen%20oder%20komplexen%20Zahlen%20ausgef%C3%BChrt%20werden%20k%C3%B6nnen.%20Der%20Bereich%20der%20angebotenen%20Grafiktypen%20reicht%20von%20der%20Darstellung%20von%20Funktionen%20im%20zwei-%20oder%20dreid%20...\",\"txt_info\":\"2 Klicks f\\u00fcr mehr Datenschutz: Erst wenn Sie hier klicken, wird der Button aktiv und Sie k\\u00f6nnen Ihre Empfehlung an Flattr senden. Schon beim Aktivieren werden Daten an Dritte \\u00fcbertragen - siehe <em>i<\\\/em>.\",\"perma_option\":\"off\"}},\"txt_help\":\"Wenn Sie diese Felder durch einen Klick aktivieren, werden Informationen an Facebook, Twitter, Flattr, Xing, t3n, LinkedIn, Pinterest oder Google eventuell ins Ausland \\u00fcbertragen und unter Umst\\u00e4nden auch dort gespeichert. N\\u00e4heres erfahren Sie durch einen Klick auf das <em>i<\\\/em>.\",\"settings_perma\":\"Dauerhaft aktivieren und Daten\\u00fcber-tragung zustimmen:\",\"info_link\":\"http:\\\/\\\/www.heise.de\\\/ct\\\/artikel\\\/2-Klicks-fuer-mehr-Datenschutz-1333879.html\",\"uri\":\"https:\\\/\\\/www.brennecke.org\\\/?page_id=3936\",\"post_id\":3936,\"post_title_referrer_track\":\"CGRAPH\",\"display_infobox\":\"on\"});}});\n\/* ]]> *\/<\/script><\/div>","protected":false},"excerpt":{"rendered":"<p>Willkommen bei CGRAPH, dem universellen Hilfsmittel zur grafischen Darstellung mathematischer Gleichungen. CGRAPH bietet eine vollst\u00e4ndige Bibliothek komplex definierter Funktionen an, mit denen wichtige Zeichenroutinen im Bereich der reellen oder komplexen Zahlen ausgef\u00fchrt werden k\u00f6nnen. Der Bereich der angebotenen Grafiktypen reicht &hellip; <a href=\"https:\/\/www.brennecke.org\/?page_id=3936\">Weiterlesen <span class=\"meta-nav\">&rarr;<\/span><\/a><\/p>\n","protected":false},"author":1,"featured_media":0,"parent":0,"menu_order":0,"comment_status":"closed","ping_status":"closed","template":"","meta":{"footnotes":""},"_links":{"self":[{"href":"https:\/\/www.brennecke.org\/index.php?rest_route=\/wp\/v2\/pages\/3936"}],"collection":[{"href":"https:\/\/www.brennecke.org\/index.php?rest_route=\/wp\/v2\/pages"}],"about":[{"href":"https:\/\/www.brennecke.org\/index.php?rest_route=\/wp\/v2\/types\/page"}],"author":[{"embeddable":true,"href":"https:\/\/www.brennecke.org\/index.php?rest_route=\/wp\/v2\/users\/1"}],"replies":[{"embeddable":true,"href":"https:\/\/www.brennecke.org\/index.php?rest_route=%2Fwp%2Fv2%2Fcomments&post=3936"}],"version-history":[{"count":4,"href":"https:\/\/www.brennecke.org\/index.php?rest_route=\/wp\/v2\/pages\/3936\/revisions"}],"predecessor-version":[{"id":3940,"href":"https:\/\/www.brennecke.org\/index.php?rest_route=\/wp\/v2\/pages\/3936\/revisions\/3940"}],"wp:attachment":[{"href":"https:\/\/www.brennecke.org\/index.php?rest_route=%2Fwp%2Fv2%2Fmedia&parent=3936"}],"curies":[{"name":"wp","href":"https:\/\/api.w.org\/{rel}","templated":true}]}}