{"id":3941,"date":"2025-11-04T13:47:42","date_gmt":"2025-11-04T12:47:42","guid":{"rendered":"https:\/\/www.brennecke.org\/?page_id=3941"},"modified":"2025-11-05T08:48:56","modified_gmt":"2025-11-05T07:48:56","slug":"zahlenformate","status":"publish","type":"page","link":"https:\/\/www.brennecke.org\/?page_id=3941","title":{"rendered":"Zahlenformate"},"content":{"rendered":"\n<p>Ganze Zahlen bestehen aus einer Ziffernfolge ohne Dezimaltrennzeichen. Ihr Wertebereich liegt im allgemeinen zwischen -32768 und 32767. Viele Eingabefelder oder Regler in CGRAPH beschr\u00e4nken den Wertebereich jedoch auf ein kleineres Intervall. <\/p>\n\n\n\n<figure class=\"wp-block-table\"><table><tbody><tr><td><a><\/a><a><\/a><a>Reelle Zahlen<\/a><\/td><\/tr><\/tbody><\/table><\/figure>\n\n\n\n<p>Reelle Zahlen bestehen aus dem ganzzahligen Teil, einem Dezimaltrennzeichen, dem Bruchteil und einer Mantisse. Ihr Wertebereich liegt zwischen -10<sup>1000<\/sup> und +10<sup>1000<\/sup>; als Dezimaltrennzeichen k\u00f6nnen Punkt und Komma, als Mantissezeichen das &#8218;E&#8216; verwendet werden. Korrekte Zahlen sind beispielsweise<\/p>\n\n\n\n<figure class=\"wp-block-table\"><table><tbody><tr><td>Reelle Zahl in CGRAPH<\/td><td>Bedeutung<\/td><\/tr><tr><td>-1.678E156<\/td><td>-1.67810<sup>156<\/sup><\/td><\/tr><tr><td>10,56<\/td><td>10,56<\/td><\/tr><\/tbody><\/table><\/figure>\n\n\n\n<p>Statt Zahlenwerten k\u00f6nnen auch Konmstanten wie Pi und komplette Formeln eingegeben werden. Diese m\u00fcssen nach der CGRAPH-Funktionensyntax aufgebaut sein und d\u00fcrfen keine Variablen oder Parameter enthalten.<\/p>\n\n\n\n<figure class=\"wp-block-table\"><table><tbody><tr><td><a><\/a><a><\/a><a>Komplexe Zahlen<\/a><\/td><\/tr><\/tbody><\/table><\/figure>\n\n\n\n<p>Komplexe Zahlen bestehen aus einem Real- und nachfolgend einem Imagin\u00e4rteil, die dieselbe Darstellung wie reelle Zahlen besitzen. Der Imagin\u00e4rteil wird gekennzeichnet durch die imagin\u00e4re Einheit i oder j. Es k\u00f6nnen auch rein reelle oder rein imagin\u00e4re Zahlen eingegeben werden. Korrekte Zahlen sind beispielsweise<\/p>\n\n\n\n<figure class=\"wp-block-table\"><table><tbody><tr><td>Komplexe Zahl in CGRAPH<\/td><td>Bedeutung<\/td><\/tr><tr><td>2,56-7.34i<\/td><td>2.56-7.34i<\/td><\/tr><tr><td>2i<\/td><td>0+2i<\/td><\/tr><tr><td>1.6E2+1.5E4j<\/td><td>1.610<sup>2<\/sup>+1.510<sup>4<\/sup>i<\/td><\/tr><tr><td>2.45<\/td><td>2.45+0i<\/td><\/tr><\/tbody><\/table><\/figure>\n\n\n\n<p>Statt Zahlenwerten k\u00f6nnen auch komplette Formeln eingegeben werden. Diese m\u00fcssen nach der in Kapitel 3.3 beschriebenen Funktionensyntax aufgebaut sein und d\u00fcrfen keine Variablen oder Parameter enthalten.<strong><br><\/strong><\/p>\n\n\n\n<figure class=\"wp-block-table\"><table><tbody><tr><td><a><\/a><a><\/a><a>Reelle Zahlenpaare<\/a><\/td><\/tr><\/tbody><\/table><\/figure>\n\n\n\n<p>F\u00fcr die Eingabe zweier Koordinaten definiert CGRAPH reelle Zahlenpaare, die aus einer \u00f6ffnenden Klammer, einer reellen Zahl, einem Komma als Trennzeichen, einer zweiten reellen Zahl und einer schlie\u00dfenden Klammer bestehen. F\u00fcr die reellen Zahlen ist hier nur der Punkt als Dezimaltrennzeichen zul\u00e4ssig. Die Klammern k\u00f6nnen bei der Eingabe fortgelassen werden. Korrekte Zahlen sind damit<\/p>\n\n\n\n<figure class=\"wp-block-table\"><table><tbody><tr><td>Reelle Zahlenpaare<\/td><td>Bedeutung (x,y)<\/td><\/tr><tr><td>(1.1,1.2)<\/td><td>(1.1,1.2)<\/td><\/tr><tr><td>2.56,-7.3E2<\/td><td>(2.56,-7.310<sup>2<\/sup>)<\/td><\/tr><tr><td>2.56<\/td><td>(2.56, 0)<\/td><\/tr><tr><td>,3.14<\/td><td>(0, 3.14)<\/td><\/tr><\/tbody><\/table><\/figure>\n\n\n\n<p>Statt Zahlenwerten k\u00f6nnen auch f\u00fcr x- und y-Koordinate auch komplette Formeln eingegeben werden. Diese m\u00fcssen nach der in Kapitel 3.3 beschriebenen Funktionensyntax aufgebaut sein und d\u00fcrfen keine Variablen oder Parameter enthalten.<\/p>\n\n\n\n<figure class=\"wp-block-table\"><table><tbody><tr><td><a><\/a><a><\/a><a>Reelle Zahlentripel<\/a><\/td><\/tr><\/tbody><\/table><\/figure>\n\n\n\n<p>Reelle Zahlentripel stellen eine Erweiterung reeller Zahlenpaare dar, bei denen zus\u00e4tzlich eine dritte reelle Zahl als z-Koordinate interpretiert wird. Auch hier ist als Dezimaltrennzeichen nur der Punkt zul\u00e4ssig. Korrekte Zahlen sind hier<\/p>\n\n\n\n<figure class=\"wp-block-table\"><table><tbody><tr><td>Reelle Zahlentripel<\/td><td>Bedeutung (x,y,z)<\/td><\/tr><tr><td>(1.1,1.2,1.3)<\/td><td>(1.1,1.2,1.3)<\/td><\/tr><tr><td>2.56,-7.3<\/td><td>(2.56,-7.3, 0)<\/td><\/tr><tr><td>2.56<\/td><td>(2.56, 0, 0)<\/td><\/tr><tr><td>,3.14<\/td><td>(0, 3.14,0)<\/td><\/tr><tr><td>,,4.3E2<\/td><td>(0,0,4.310<sup>2)<\/sup><\/td><\/tr><\/tbody><\/table><\/figure>\n\n\n\n<p>Statt Zahlenwerten k\u00f6nnen auch f\u00fcr x-, y- und z-Koordinate auch komplette Formeln eingegeben werden. Diese m\u00fcssen nach der in Kapitel 3.3 beschriebenen Funktionensyntax aufgebaut sein und d\u00fcrfen keine Variablen oder Parameter enthalten.<\/p>\n<div class=\"twoclick_social_bookmarks_post_3941 social_share_privacy clearfix 1.6.4 locale-de_DE sprite-de_DE\"><\/div><div class=\"twoclick-js\"><script type=\"text\/javascript\">\/* <![CDATA[ *\/\njQuery(document).ready(function($){if($('.twoclick_social_bookmarks_post_3941')){$('.twoclick_social_bookmarks_post_3941').socialSharePrivacy({\"services\":{\"facebook\":{\"status\":\"on\",\"txt_info\":\"2 Klicks f\\u00fcr mehr Datenschutz: Erst wenn Sie hier klicken, wird der Button aktiv und Sie k\\u00f6nnen Ihre Empfehlung an Facebook senden. Schon beim Aktivieren werden Daten an Dritte \\u00fcbertragen - siehe <em>i<\\\/em>.\",\"perma_option\":\"off\",\"action\":\"recommend\",\"language\":\"de_DE\"},\"twitter\":{\"reply_to\":\"\",\"tweet_text\":\"Zahlenformate%20%C2%BB%2053%20Cent\",\"status\":\"on\",\"txt_info\":\"2 Klicks f\\u00fcr mehr Datenschutz: Erst wenn Sie hier klicken, wird der Button aktiv und Sie k\\u00f6nnen Ihre Empfehlung an Twitter senden. Schon beim Aktivieren werden Daten an Dritte \\u00fcbertragen - siehe <em>i<\\\/em>.\",\"perma_option\":\"off\",\"language\":\"de\",\"referrer_track\":\"\"},\"gplus\":{\"status\":\"on\",\"txt_info\":\"2 Klicks f\\u00fcr mehr Datenschutz: Erst wenn Sie hier klicken, wird der Button aktiv und Sie k\\u00f6nnen Ihre Empfehlung an Google+ senden. Schon beim Aktivieren werden Daten an Dritte \\u00fcbertragen - siehe <em>i<\\\/em>.\",\"perma_option\":\"off\",\"referrer_track\":\"\"},\"flattr\":{\"uid\":\"\",\"status\":\"on\",\"the_title\":\"Zahlenformate\",\"the_excerpt\":\"%0AGanze%20Zahlen%20bestehen%20aus%20einer%20Ziffernfolge%20ohne%20Dezimaltrennzeichen.%20Ihr%20Wertebereich%20liegt%20im%20allgemeinen%20zwischen%20-32768%20und%2032767.%20Viele%20Eingabefelder%20oder%20Regler%20in%20CGRAPH%20beschr%C3%A4nken%20den%20Wertebereich%20jedoch%20auf%20ein%20kleineres%20Intervall.%20%0A%0A%0A%0AReelle%20Zahlen%0A%0A%0A%0AReelle%20Zahlen%20bestehen%20aus%20dem%20ganzzahligen%20Teil%2C%20einem%20Dezimaltrennzeichen%2C%20dem%20Bruchteil%20und%20einer%20Mantisse.%20Ihr%20Wertebereich%20lie%20...\",\"txt_info\":\"2 Klicks f\\u00fcr mehr Datenschutz: Erst wenn Sie hier klicken, wird der Button aktiv und Sie k\\u00f6nnen Ihre Empfehlung an Flattr senden. Schon beim Aktivieren werden Daten an Dritte \\u00fcbertragen - siehe <em>i<\\\/em>.\",\"perma_option\":\"off\"}},\"txt_help\":\"Wenn Sie diese Felder durch einen Klick aktivieren, werden Informationen an Facebook, Twitter, Flattr, Xing, t3n, LinkedIn, Pinterest oder Google eventuell ins Ausland \\u00fcbertragen und unter Umst\\u00e4nden auch dort gespeichert. N\\u00e4heres erfahren Sie durch einen Klick auf das <em>i<\\\/em>.\",\"settings_perma\":\"Dauerhaft aktivieren und Daten\\u00fcber-tragung zustimmen:\",\"info_link\":\"http:\\\/\\\/www.heise.de\\\/ct\\\/artikel\\\/2-Klicks-fuer-mehr-Datenschutz-1333879.html\",\"uri\":\"https:\\\/\\\/www.brennecke.org\\\/?page_id=3941\",\"post_id\":3941,\"post_title_referrer_track\":\"Zahlenformate\",\"display_infobox\":\"on\"});}});\n\/* ]]> *\/<\/script><\/div>","protected":false},"excerpt":{"rendered":"<p>Ganze Zahlen bestehen aus einer Ziffernfolge ohne Dezimaltrennzeichen. Ihr Wertebereich liegt im allgemeinen zwischen -32768 und 32767. Viele Eingabefelder oder Regler in CGRAPH beschr\u00e4nken den Wertebereich jedoch auf ein kleineres Intervall. Reelle Zahlen Reelle Zahlen bestehen aus dem ganzzahligen Teil, &hellip; <a href=\"https:\/\/www.brennecke.org\/?page_id=3941\">Weiterlesen <span class=\"meta-nav\">&rarr;<\/span><\/a><\/p>\n","protected":false},"author":1,"featured_media":0,"parent":3944,"menu_order":0,"comment_status":"closed","ping_status":"closed","template":"","meta":{"footnotes":""},"_links":{"self":[{"href":"https:\/\/www.brennecke.org\/index.php?rest_route=\/wp\/v2\/pages\/3941"}],"collection":[{"href":"https:\/\/www.brennecke.org\/index.php?rest_route=\/wp\/v2\/pages"}],"about":[{"href":"https:\/\/www.brennecke.org\/index.php?rest_route=\/wp\/v2\/types\/page"}],"author":[{"embeddable":true,"href":"https:\/\/www.brennecke.org\/index.php?rest_route=\/wp\/v2\/users\/1"}],"replies":[{"embeddable":true,"href":"https:\/\/www.brennecke.org\/index.php?rest_route=%2Fwp%2Fv2%2Fcomments&post=3941"}],"version-history":[{"count":2,"href":"https:\/\/www.brennecke.org\/index.php?rest_route=\/wp\/v2\/pages\/3941\/revisions"}],"predecessor-version":[{"id":3943,"href":"https:\/\/www.brennecke.org\/index.php?rest_route=\/wp\/v2\/pages\/3941\/revisions\/3943"}],"up":[{"embeddable":true,"href":"https:\/\/www.brennecke.org\/index.php?rest_route=\/wp\/v2\/pages\/3944"}],"wp:attachment":[{"href":"https:\/\/www.brennecke.org\/index.php?rest_route=%2Fwp%2Fv2%2Fmedia&parent=3941"}],"curies":[{"name":"wp","href":"https:\/\/api.w.org\/{rel}","templated":true}]}}