{"id":41,"date":"2009-04-27T22:43:49","date_gmt":"2009-04-27T20:43:49","guid":{"rendered":"http:\/\/www.brennecke.org\/?page_id=41"},"modified":"2010-12-22T16:35:28","modified_gmt":"2010-12-22T14:35:28","slug":"impressum","status":"publish","type":"page","link":"https:\/\/www.brennecke.org\/?page_id=41","title":{"rendered":"Impressum"},"content":{"rendered":"<div class=\"entrytext\">\n<p><strong>Allgemeines<\/strong><\/p>\n<p>Betreiber dieser Seite und verantwortlich f\u00fcr die Inhalte ist:<\/p>\n<p>Dipl-Ing.<br \/>\nFrank Brennecke<br \/>\nGro\u00dfberenstra\u00dfe 24<br \/>\n10963 Berlin<br \/>\nE-Mail: frank \u2014 at \u2014 brennecke \u2014 punkt\u2014 org<\/p>\n<p>Dies ist eine rein <em>private<\/em> Homepage, die <em>keinerlei<\/em> kommerzielle oder gesch\u00e4ftliche Interessen verfolgt.<\/p>\n<p><strong>Haftungsausschluss<\/strong><\/p>\n<p><em>Inhalt des Online-Angebots<\/em><\/p>\n<p>Ich \u00fcbernehme keinerlei Gew\u00e4hr f\u00fcr die Aktualit\u00e4t, Korrektheit, Vollst\u00e4ndigkeit oder Qualit\u00e4t der bereitgestellten Informationen. Haftungsanspr\u00fcche gegen mich, welche sich auf Sch\u00e4den materieller oder ideeller Art beziehen, die durch die Nutzung oder Nichtnutzung der dargebotenen Informationen bzw. durch die Nutzung fehlerhafter und unvollst\u00e4ndiger Informationen verursacht wurden, sind grunds\u00e4tzlich ausgeschlossen, sofern meinerseits kein nachweislich vors\u00e4tzliches oder grob fahrl\u00e4ssiges Verschulden vorliegt. Alle Angebote sind freibleibend und unverbindlich. Ich behalte mir ausdr\u00fccklich vor, Teile der Seiten oder das gesamte Angebot ohne gesonderte Ank\u00fcndigung zu ver\u00e4ndern, zu erg\u00e4nzen, zu l\u00f6schen oder die Ver\u00f6ffentlichung zeitweise oder endg\u00fcltig einzustellen.<\/p>\n<p>F\u00fcr die Inhalte, die \u00fcber die Kommentarfunktion der Blog-Artikel entstehen, ist der jeweilige Verfasser veranwortlich. Die dortigen Kommentare geben ausschlie\u00dflich die Auffassung der jeweiligen Verfasser wieder. Ich behalte mir vor, Kommentare zu l\u00f6schen oder zu ver\u00e4ndern.<\/p>\n<p><em>Verweise und Links<\/em><\/p>\n<p>Bei direkten oder indirekten Verweisen auf fremde Webseiten (\u201dHyperlinks\u201d), die au\u00dferhalb meines Verantwortungsbereiches liegen, w\u00fcrde eine Haftungsverpflichtung ausschlie\u00dflich in dem Fall in Kraft treten, in dem ich von den Inhalten Kenntnis haben und es ihnen technisch m\u00f6glich und zumutbar w\u00e4re, die Nutzung im Falle rechtswidriger Inhalte zu verhindern. Ich erkl\u00e4re hiermit ausdr\u00fccklich, dass zum Zeitpunkt der Linksetzung keine illegalen Inhalte auf den zu verlinkenden Seiten erkennbar waren. Auf die aktuelle und zuk\u00fcnftige Gestaltung, die Inhalte oder die Urheberschaft der gelinkten\/verkn\u00fcpften Seiten habe ich keinerlei Einfluss. Deshalb distanziere ich mich hiermit ausdr\u00fccklich von allen Inhalten aller gelinkten \/verkn\u00fcpften Seiten, die nach der Linksetzung ver\u00e4ndert wurden. Diese Feststellung gilt f\u00fcr alle innerhalb des eigenen Internetangebotes gesetzten Links und Verweise. F\u00fcr illegale, fehlerhafte oder unvollst\u00e4ndige Inhalte und insbesondere f\u00fcr Sch\u00e4den, die aus der Nutzung oder Nichtnutzung solcherart dargebotener Informationen entstehen, haftet allein der Anbieter der Seite, auf welche verwiesen wurde, nicht derjenige, der \u00fcber Links auf die jeweilige Ver\u00f6ffentlichung lediglich verweist.<\/p>\n<p><em>Urheber- und Kennzeichenrecht<\/em><\/p>\n<p>Ich bin bestrebt, in allen Publikationen die Urheberrechte der verwendeten Grafiken, Tondokumente, Videosequenzen und Texte zu beachten, von mir selbst erstellte Grafiken, Tondokumente, Videosequenzen und Texte zu nutzen oder auf lizenzfreie Grafiken, Tondokumente, Videosequenzen und Texte zur\u00fcckzugreifen. Alle innerhalb des Internetangebotes genannten und ggf. durch Dritte gesch\u00fctzten Marken- und Warenzeichen unterliegen uneingeschr\u00e4nkt den Bestimmungen des jeweils g\u00fcltigen Kennzeichenrechts und den Besitzrechten der jeweiligen eingetragenen Eigent\u00fcmer. Allein aufgrund der blo\u00dfen Nennung ist nicht der Schluss zu ziehen, dass Markenzeichen nicht durch Rechte Dritter gesch\u00fctzt sind!<\/p>\n<p>Die auf dieser Homepage ver\u00f6ffentlichten Texte, Bilder und Medien stehen, <em>sofern von mir erstellt<\/em>, unter einer <a rel=\"license\" href=\"http:\/\/creativecommons.org\/licenses\/by-nc\/2.0\/de\/deed.de\">Creative Commons Lizenz<\/a>. F\u00fcr  die Details dieser Lizenz bitte dem gerade genannten Link folgen.<\/p>\n<p><em>Rechtswirksamkeit dieses Haftungsausschlusses<\/em><\/p>\n<p>Dieser Haftungsausschluss ist als Teil des Internetangebotes zu betrachten, von dem aus auf diese Seite verwiesen wurde. Sofern Teile oder einzelne Formulierungen dieses Textes der geltenden Rechtslage nicht, nicht mehr oder nicht vollst\u00e4ndig entsprechen sollten, bleiben die \u00fcbrigen Teile des Dokumentes in ihrem Inhalt und ihrer G\u00fcltigkeit davon unber\u00fchrt.<\/p>\n<p><em>Urheberrechtsnachweis<\/em><\/p>\n<p>Der Text des Haftungsausschlusses auf dieser Seite basiert auf dem Impressum von <a title=\"netzpolitik.org\" href=\"http:\/\/netzpolitik.org\/\">netzpolitik.org<\/a><\/p>\n<p><em>Jugendschutz<\/em><\/p>\n<p>Gem\u00e4\u00df dem geplanten neuen Jugendmedienstaatsvertrag in der Fassung vom M\u00e4rz 2010 erkl\u00e4re ich vorsorglich, dass die Inhalte auf dieser Homepage f\u00fcr Personen geeignet sind, die das 18. Lebensjahr vollendet haben. Weitere Untersuchungen zu den enthaltenen Texten wurden nicht durchgef\u00fchrt.<\/p><\/div>\n<div class=\"twoclick_social_bookmarks_post_41 social_share_privacy clearfix 1.6.4 locale-de_DE sprite-de_DE\"><\/div><div class=\"twoclick-js\"><script type=\"text\/javascript\">\/* <![CDATA[ *\/\njQuery(document).ready(function($){if($('.twoclick_social_bookmarks_post_41')){$('.twoclick_social_bookmarks_post_41').socialSharePrivacy({\"services\":{\"facebook\":{\"status\":\"on\",\"txt_info\":\"2 Klicks f\\u00fcr mehr Datenschutz: Erst wenn Sie hier klicken, wird der Button aktiv und Sie k\\u00f6nnen Ihre Empfehlung an Facebook senden. Schon beim Aktivieren werden Daten an Dritte \\u00fcbertragen - siehe <em>i<\\\/em>.\",\"perma_option\":\"off\",\"action\":\"recommend\",\"language\":\"de_DE\"},\"twitter\":{\"reply_to\":\"\",\"tweet_text\":\"Impressum%20%C2%BB%2053%20Cent\",\"status\":\"on\",\"txt_info\":\"2 Klicks f\\u00fcr mehr Datenschutz: Erst wenn Sie hier klicken, wird der Button aktiv und Sie k\\u00f6nnen Ihre Empfehlung an Twitter senden. Schon beim Aktivieren werden Daten an Dritte \\u00fcbertragen - siehe <em>i<\\\/em>.\",\"perma_option\":\"off\",\"language\":\"de\",\"referrer_track\":\"\"},\"gplus\":{\"status\":\"on\",\"txt_info\":\"2 Klicks f\\u00fcr mehr Datenschutz: Erst wenn Sie hier klicken, wird der Button aktiv und Sie k\\u00f6nnen Ihre Empfehlung an Google+ senden. Schon beim Aktivieren werden Daten an Dritte \\u00fcbertragen - siehe <em>i<\\\/em>.\",\"perma_option\":\"off\",\"referrer_track\":\"\"},\"flattr\":{\"uid\":\"\",\"status\":\"on\",\"the_title\":\"Impressum\",\"the_excerpt\":\"%0D%0A%0D%0AAllgemeines%0D%0A%0D%0ABetreiber%20dieser%20Seite%20und%20verantwortlich%20f%C3%BCr%20die%20Inhalte%20ist%3A%0D%0A%0D%0ADipl-Ing.%0D%0AFrank%20Brennecke%0D%0AGro%C3%9Fberenstra%C3%9Fe%2024%0D%0A10963%20Berlin%0D%0AE-Mail%3A%20frank%20%E2%80%94%20at%20%E2%80%94%20brennecke%20%E2%80%94%20punkt%E2%80%94%20org%0D%0A%0D%0ADies%20ist%20eine%20rein%20private%20Homepage%2C%20die%20keinerlei%20kommerzielle%20oder%20gesch%C3%A4ftliche%20Interessen%20verfolgt.%0D%0A%0D%0AHaftungsausschluss%0D%0A%0D%0AInhalt%20des%20Online-Angebots%0D%0A%0D%0AIch%20%C3%BCbernehme%20keinerlei%20Gew%C3%A4hr%20f%C3%BCr%20die%20Aktu%20...\",\"txt_info\":\"2 Klicks f\\u00fcr mehr Datenschutz: Erst wenn Sie hier klicken, wird der Button aktiv und Sie k\\u00f6nnen Ihre Empfehlung an Flattr senden. Schon beim Aktivieren werden Daten an Dritte \\u00fcbertragen - siehe <em>i<\\\/em>.\",\"perma_option\":\"off\"}},\"txt_help\":\"Wenn Sie diese Felder durch einen Klick aktivieren, werden Informationen an Facebook, Twitter, Flattr, Xing, t3n, LinkedIn, Pinterest oder Google eventuell ins Ausland \\u00fcbertragen und unter Umst\\u00e4nden auch dort gespeichert. N\\u00e4heres erfahren Sie durch einen Klick auf das <em>i<\\\/em>.\",\"settings_perma\":\"Dauerhaft aktivieren und Daten\\u00fcber-tragung zustimmen:\",\"info_link\":\"http:\\\/\\\/www.heise.de\\\/ct\\\/artikel\\\/2-Klicks-fuer-mehr-Datenschutz-1333879.html\",\"uri\":\"https:\\\/\\\/www.brennecke.org\\\/?page_id=41\",\"post_id\":41,\"post_title_referrer_track\":\"Impressum\",\"display_infobox\":\"on\"});}});\n\/* ]]> *\/<\/script><\/div>","protected":false},"excerpt":{"rendered":"<p>Allgemeines Betreiber dieser Seite und verantwortlich f\u00fcr die Inhalte ist: Dipl-Ing. Frank Brennecke Gro\u00dfberenstra\u00dfe 24 10963 Berlin E-Mail: frank \u2014 at \u2014 brennecke \u2014 punkt\u2014 org Dies ist eine rein private Homepage, die keinerlei kommerzielle oder gesch\u00e4ftliche Interessen verfolgt. Haftungsausschluss &hellip; <a href=\"https:\/\/www.brennecke.org\/?page_id=41\">Weiterlesen <span class=\"meta-nav\">&rarr;<\/span><\/a><\/p>\n","protected":false},"author":1,"featured_media":0,"parent":0,"menu_order":0,"comment_status":"open","ping_status":"open","template":"","meta":{"footnotes":""},"_links":{"self":[{"href":"https:\/\/www.brennecke.org\/index.php?rest_route=\/wp\/v2\/pages\/41"}],"collection":[{"href":"https:\/\/www.brennecke.org\/index.php?rest_route=\/wp\/v2\/pages"}],"about":[{"href":"https:\/\/www.brennecke.org\/index.php?rest_route=\/wp\/v2\/types\/page"}],"author":[{"embeddable":true,"href":"https:\/\/www.brennecke.org\/index.php?rest_route=\/wp\/v2\/users\/1"}],"replies":[{"embeddable":true,"href":"https:\/\/www.brennecke.org\/index.php?rest_route=%2Fwp%2Fv2%2Fcomments&post=41"}],"version-history":[{"count":6,"href":"https:\/\/www.brennecke.org\/index.php?rest_route=\/wp\/v2\/pages\/41\/revisions"}],"predecessor-version":[{"id":433,"href":"https:\/\/www.brennecke.org\/index.php?rest_route=\/wp\/v2\/pages\/41\/revisions\/433"}],"wp:attachment":[{"href":"https:\/\/www.brennecke.org\/index.php?rest_route=%2Fwp%2Fv2%2Fmedia&parent=41"}],"curies":[{"name":"wp","href":"https:\/\/api.w.org\/{rel}","templated":true}]}}