{"id":528,"date":"2011-04-17T18:34:33","date_gmt":"2011-04-17T16:34:33","guid":{"rendered":"http:\/\/www.brennecke.org\/?page_id=528"},"modified":"2014-09-07T11:14:47","modified_gmt":"2014-09-07T09:14:47","slug":"how-to","status":"publish","type":"page","link":"https:\/\/www.brennecke.org\/?page_id=528","title":{"rendered":"Mac"},"content":{"rendered":"<p>Auf den folgenden Unterseiten finden sich Umbauanleitungen f\u00fcr verschiedene \u00e4ltere Apple-Ger\u00e4te. Die Seite wird nach Lust und Laune fortgesetzt und ausgebaut.<\/p>\n<p>Eintrag vom 17.04.2011: <a title=\"iMac G4 mit LED-Beleuchtung\" href=\"http:\/\/www.brennecke.org\/?page_id=665\">Einbau einer LED-Hintergrundbeleuchtung in einen iMac G4<\/a><\/p>\n<p>Eintrag vom 12.06.2011: <a title=\"Nichts ist, wie es scheint\" href=\"http:\/\/www.brennecke.org\/?page_id=553\">Neubau einer iMac-Lampe aus Standardkomponenten<\/a><\/p>\n<p>Eintrag vom 2.07.2011: <a title=\"Acryl goes LED\" href=\"http:\/\/www.brennecke.org\/?page_id=770\">Acryl goes LED &#8211; Umbau eines Apple Cinema Displays auf LED<\/a><\/p>\n<p>Eintrag vom 12.08.2011: <a title=\"Ein iMac wird zum Monitor\" href=\"http:\/\/www.brennecke.org\/?page_id=896\">Ein iMac wird zum Monitor<\/a><\/p>\n<p>Eintrag vom 21.11.2012: <a title=\"G4-Lampen-Monitor\" href=\"http:\/\/www.brennecke.org\/?page_id=1870\">Eine G4-Lampe als Monitor<\/a><\/p>\n<p>Eintrag vom 04.09.2014: <a title=\"Reparaturhilfe f\u00fcr gro\u00dfe Alu Cinema Displays\" href=\"http:\/\/www.brennecke.org\/?page_id=3196\">Reparaturhilfe f\u00fcr gro\u00dfe Alu-Cinema-Displays<\/a><\/p>\n<p>Eintrag vom 07.09.2014: <a href=\"http:\/\/www.brennecke.org\/?page_id=3233\">Das neue 10&#8243; Retina Cinema Display<\/a><\/p>\n<div class=\"twoclick_social_bookmarks_post_528 social_share_privacy clearfix 1.6.4 locale-de_DE sprite-de_DE\"><\/div><div class=\"twoclick-js\"><script type=\"text\/javascript\">\/* <![CDATA[ *\/\njQuery(document).ready(function($){if($('.twoclick_social_bookmarks_post_528')){$('.twoclick_social_bookmarks_post_528').socialSharePrivacy({\"services\":{\"facebook\":{\"status\":\"on\",\"txt_info\":\"2 Klicks f\\u00fcr mehr Datenschutz: Erst wenn Sie hier klicken, wird der Button aktiv und Sie k\\u00f6nnen Ihre Empfehlung an Facebook senden. Schon beim Aktivieren werden Daten an Dritte \\u00fcbertragen - siehe <em>i<\\\/em>.\",\"perma_option\":\"off\",\"action\":\"recommend\",\"language\":\"de_DE\"},\"twitter\":{\"reply_to\":\"\",\"tweet_text\":\"Mac%20%C2%BB%2053%20Cent\",\"status\":\"on\",\"txt_info\":\"2 Klicks f\\u00fcr mehr Datenschutz: Erst wenn Sie hier klicken, wird der Button aktiv und Sie k\\u00f6nnen Ihre Empfehlung an Twitter senden. Schon beim Aktivieren werden Daten an Dritte \\u00fcbertragen - siehe <em>i<\\\/em>.\",\"perma_option\":\"off\",\"language\":\"de\",\"referrer_track\":\"\"},\"gplus\":{\"status\":\"on\",\"txt_info\":\"2 Klicks f\\u00fcr mehr Datenschutz: Erst wenn Sie hier klicken, wird der Button aktiv und Sie k\\u00f6nnen Ihre Empfehlung an Google+ senden. Schon beim Aktivieren werden Daten an Dritte \\u00fcbertragen - siehe <em>i<\\\/em>.\",\"perma_option\":\"off\",\"referrer_track\":\"\"},\"flattr\":{\"uid\":\"\",\"status\":\"on\",\"the_title\":\"Mac\",\"the_excerpt\":\"Auf%20den%20folgenden%20Unterseiten%20finden%20sich%20Umbauanleitungen%20f%C3%BCr%20verschiedene%20%C3%A4ltere%20Apple-Ger%C3%A4te.%20Die%20Seite%20wird%20nach%20Lust%20und%20Laune%20fortgesetzt%20und%20ausgebaut.%0D%0A%0D%0AEintrag%20vom%2017.04.2011%3A%20Einbau%20einer%20LED-Hintergrundbeleuchtung%20in%20einen%20iMac%20G4%0D%0A%0D%0AEintrag%20vom%2012.06.2011%3A%20Neubau%20einer%20iMac-Lampe%20aus%20Standardkomponenten%0D%0A%0D%0AEintrag%20vom%202.07.2011%3A%20Acryl%20goes%20LED%20-%20Umbau%20eines%20Apple%20Cinema%20Displays%20a%20...\",\"txt_info\":\"2 Klicks f\\u00fcr mehr Datenschutz: Erst wenn Sie hier klicken, wird der Button aktiv und Sie k\\u00f6nnen Ihre Empfehlung an Flattr senden. Schon beim Aktivieren werden Daten an Dritte \\u00fcbertragen - siehe <em>i<\\\/em>.\",\"perma_option\":\"off\"}},\"txt_help\":\"Wenn Sie diese Felder durch einen Klick aktivieren, werden Informationen an Facebook, Twitter, Flattr, Xing, t3n, LinkedIn, Pinterest oder Google eventuell ins Ausland \\u00fcbertragen und unter Umst\\u00e4nden auch dort gespeichert. N\\u00e4heres erfahren Sie durch einen Klick auf das <em>i<\\\/em>.\",\"settings_perma\":\"Dauerhaft aktivieren und Daten\\u00fcber-tragung zustimmen:\",\"info_link\":\"http:\\\/\\\/www.heise.de\\\/ct\\\/artikel\\\/2-Klicks-fuer-mehr-Datenschutz-1333879.html\",\"uri\":\"https:\\\/\\\/www.brennecke.org\\\/?page_id=528\",\"post_id\":528,\"post_title_referrer_track\":\"Mac\",\"display_infobox\":\"on\"});}});\n\/* ]]> *\/<\/script><\/div>","protected":false},"excerpt":{"rendered":"<p>Auf den folgenden Unterseiten finden sich Umbauanleitungen f\u00fcr verschiedene \u00e4ltere Apple-Ger\u00e4te. Die Seite wird nach Lust und Laune fortgesetzt und ausgebaut. Eintrag vom 17.04.2011: Einbau einer LED-Hintergrundbeleuchtung in einen iMac G4 Eintrag vom 12.06.2011: Neubau einer iMac-Lampe aus Standardkomponenten Eintrag &hellip; <a href=\"https:\/\/www.brennecke.org\/?page_id=528\">Weiterlesen <span class=\"meta-nav\">&rarr;<\/span><\/a><\/p>\n","protected":false},"author":1,"featured_media":0,"parent":0,"menu_order":0,"comment_status":"closed","ping_status":"open","template":"","meta":{"footnotes":""},"_links":{"self":[{"href":"https:\/\/www.brennecke.org\/index.php?rest_route=\/wp\/v2\/pages\/528"}],"collection":[{"href":"https:\/\/www.brennecke.org\/index.php?rest_route=\/wp\/v2\/pages"}],"about":[{"href":"https:\/\/www.brennecke.org\/index.php?rest_route=\/wp\/v2\/types\/page"}],"author":[{"embeddable":true,"href":"https:\/\/www.brennecke.org\/index.php?rest_route=\/wp\/v2\/users\/1"}],"replies":[{"embeddable":true,"href":"https:\/\/www.brennecke.org\/index.php?rest_route=%2Fwp%2Fv2%2Fcomments&post=528"}],"version-history":[{"count":13,"href":"https:\/\/www.brennecke.org\/index.php?rest_route=\/wp\/v2\/pages\/528\/revisions"}],"predecessor-version":[{"id":3240,"href":"https:\/\/www.brennecke.org\/index.php?rest_route=\/wp\/v2\/pages\/528\/revisions\/3240"}],"wp:attachment":[{"href":"https:\/\/www.brennecke.org\/index.php?rest_route=%2Fwp%2Fv2%2Fmedia&parent=528"}],"curies":[{"name":"wp","href":"https:\/\/api.w.org\/{rel}","templated":true}]}}