{"id":553,"date":"2011-06-12T21:19:09","date_gmt":"2011-06-12T19:19:09","guid":{"rendered":"http:\/\/www.brennecke.org\/?page_id=553"},"modified":"2011-06-24T16:46:11","modified_gmt":"2011-06-24T14:46:11","slug":"nichts-ist-wie-es-scheint","status":"publish","type":"page","link":"https:\/\/www.brennecke.org\/?page_id=553","title":{"rendered":"Der Selbstbau-iMac"},"content":{"rendered":"<p>Nachdem ich beim <a title=\"iMac G4\" href=\"http:\/\/www.brennecke.org\/?page_id=485\">Umbau des iMac G4 auf LED-Beleuchtung<\/a> Blut geleckt hatte, war recht schnell das n\u00e4chste Projekt ausersehen: ein schnellerer, selbstgebauter Wohnzimmersurf-Computer &#8211; in den Eingeweiden eines iMac G4 (&#8222;Lampe&#8220;). Nat\u00fcrlich wollte ich mich verbessern, also sollte auch ein gr\u00f6\u00dferes Display Platz finden, und eine schnellere drahtlose Verbindung als das altert\u00fcmliche 11-MBit-WLAN sollte ebenfalls drin sein. Das System sollte zudem so leise wie m\u00f6glich sein. Auf der anderen Seite sollte der neue Rechner meinen alten iMac 15&#8243; so gut wie m\u00f6glich ersetzen &#8211; alle Komponenten inklusive DVD-Laufwerk sollten nach wie vor einsatzbereit sein.<\/p>\n<p><a href=\"..\/wp-content\/uploads\/2011\/06\/IMG_3656.jpg\"><img loading=\"lazy\" decoding=\"async\" title=\"IMG_3656\" src=\"..\/wp-content\/uploads\/2011\/06\/IMG_3656-300x225.jpg\" alt=\"\" width=\"300\" height=\"225\" \/> <\/a><a href=\"..\/wp-content\/uploads\/2011\/06\/IMG_3659.jpg\"><img loading=\"lazy\" decoding=\"async\" title=\"IMG_3659\" src=\"..\/wp-content\/uploads\/2011\/06\/IMG_3659-300x225.jpg\" alt=\"\" width=\"300\" height=\"225\" \/><\/a><\/p>\n<p>Vorab an alle Puristen: das im folgenden beschriebene Ger\u00e4t ist ein &#8222;Hackintosh&#8220;, also ein Computer, der das Betriebssystem Mac OS X ausf\u00fchrt, obwohl er daf\u00fcr nicht vorgesehen ist. Es sei aber gesagt, dass die folgende Bauanleitung (mit ganz wenigen Ausnahmen) unabh\u00e4ngig ist vom sp\u00e4ter eingesetzten Betriebssystem. Auch Windows oder ein Ubuntu laufen wunderbar auf der neuen Maschine.<\/p>\n<p>Mein erster Plan war, in die Eingeweide eines defekten 17&#8243;-Ger\u00e4ts (mit einer Aufl\u00f6sung von 1440&#215;900) eine Hauptplatine eines MacBook einzubauen. Diese Platine ist von der Gr\u00f6\u00dfe her gerade passend, und sie h\u00e4tte nat\u00fcrlich einen wesentlichen Vorteil, dass das entstehende Ger\u00e4t absolut Mac-kompatibel gewesen w\u00e4re. Ein tieferes Studium der Materie lie\u00df mich jedoch sehr schnell Abstand nehmen von dieser Idee. Denn zum einen werden selbst f\u00fcr defekte MacBooks noch Mondpreise bezahlt, zum anderen ist aber die Ansteuerung eines Displays au\u00dferhalb von VGA und DVI eine durchaus diffizile Sache und zudem bei Apple-Notebooks nicht wirklich dokumentiert.<\/p>\n<p>Also entschied ich mich f\u00fcr den harten Weg &#8211; Verwendung von Standard-Komponenten und Aufbau eines neuen Rechners, auf dem alle Betriebssysteme laufen k\u00f6nnten. Die folgende Anleitung ist in mehrere Phasen gegliedert:<\/p>\n<ul>\n<li><a title=\"Einkaufsphase \u2013 Beschaffung aller n\u00f6tigen Komponenten\" href=\"http:\/\/www.brennecke.org\/?page_id=559\">Einkaufsphase &#8211; Beschaffung aller n\u00f6tigen Komponenten<\/a><\/li>\n<li><a title=\"Rohbauphase \u2013 Anordnung aller Bauelemente und Fr\u00e4sarbeiten\" href=\"http:\/\/www.brennecke.org\/?page_id=569\">Rohbauphase &#8211; Anordnung aller Bauelemente und Fr\u00e4sarbeiten<\/a><\/li>\n<li><a title=\"Innenausbau \u2013 elektrische Verkabelung und Software-Installation\" href=\"http:\/\/www.brennecke.org\/?page_id=628\">Innenausbau &#8211; elektrische Verkabelung<\/a><\/li>\n<li><a title=\"Installation der Software\" href=\"http:\/\/www.brennecke.org\/?page_id=648\">Software-Installation<\/a><\/li>\n<li><a title=\"Display \u2013 Meine ersten Erfahrungen mit LVDS\" href=\"http:\/\/www.brennecke.org\/?page_id=562\">Display &#8211; Meine ersten Erfahrungen mit LVDS<\/a><\/li>\n<li><a title=\"Letzte Arbeiten und Fazit\" href=\"http:\/\/www.brennecke.org\/?page_id=696\">Letzte Arbeiten und Fazit<\/a><\/li>\n<\/ul>\n<p>Viel Spa\u00df beim Lesen, und ich freue mich \u00fcber rege Kommentare.<\/p>\n<p><a title=\"Selbstbau-iMac\" href=\"http:\/\/www.youtube.com\/watch?v=6Z4SO43d6wQ\">Hier<\/a> gibt es ein kurzes Video.<\/p>\n<p>Herzlichst, JeanLuc7<\/p>\n<p>&nbsp;<\/p>\n<div class=\"twoclick_social_bookmarks_post_553 social_share_privacy clearfix 1.6.4 locale-de_DE sprite-de_DE\"><\/div><div class=\"twoclick-js\"><script type=\"text\/javascript\">\/* <![CDATA[ *\/\njQuery(document).ready(function($){if($('.twoclick_social_bookmarks_post_553')){$('.twoclick_social_bookmarks_post_553').socialSharePrivacy({\"services\":{\"facebook\":{\"status\":\"on\",\"txt_info\":\"2 Klicks f\\u00fcr mehr Datenschutz: Erst wenn Sie hier klicken, wird der Button aktiv und Sie k\\u00f6nnen Ihre Empfehlung an Facebook senden. Schon beim Aktivieren werden Daten an Dritte \\u00fcbertragen - siehe <em>i<\\\/em>.\",\"perma_option\":\"off\",\"action\":\"recommend\",\"language\":\"de_DE\"},\"twitter\":{\"reply_to\":\"\",\"tweet_text\":\"Der%20Selbstbau-iMac%20%C2%BB%2053%20Cent\",\"status\":\"on\",\"txt_info\":\"2 Klicks f\\u00fcr mehr Datenschutz: Erst wenn Sie hier klicken, wird der Button aktiv und Sie k\\u00f6nnen Ihre Empfehlung an Twitter senden. Schon beim Aktivieren werden Daten an Dritte \\u00fcbertragen - siehe <em>i<\\\/em>.\",\"perma_option\":\"off\",\"language\":\"de\",\"referrer_track\":\"\"},\"gplus\":{\"status\":\"on\",\"txt_info\":\"2 Klicks f\\u00fcr mehr Datenschutz: Erst wenn Sie hier klicken, wird der Button aktiv und Sie k\\u00f6nnen Ihre Empfehlung an Google+ senden. Schon beim Aktivieren werden Daten an Dritte \\u00fcbertragen - siehe <em>i<\\\/em>.\",\"perma_option\":\"off\",\"referrer_track\":\"\"},\"flattr\":{\"uid\":\"\",\"status\":\"on\",\"the_title\":\"Der%20Selbstbau-iMac\",\"the_excerpt\":\"Nachdem%20ich%20beim%20Umbau%20des%20iMac%20G4%20auf%20LED-Beleuchtung%20Blut%20geleckt%20hatte%2C%20war%20recht%20schnell%20das%20n%C3%A4chste%20Projekt%20ausersehen%3A%20ein%20schnellerer%2C%20selbstgebauter%20Wohnzimmersurf-Computer%20-%20in%20den%20Eingeweiden%20eines%20iMac%20G4%20%28%22Lampe%22%29.%20Nat%C3%BCrlich%20wollte%20ich%20mich%20verbessern%2C%20also%20sollte%20auch%20ein%20gr%C3%B6%C3%9Feres%20Display%20Platz%20finden%2C%20und%20eine%20schnellere%20drahtlose%20Verbindung%20als%20das%20altert%C3%BCmliche%2011-MBit-WLAN%20sol%20...\",\"txt_info\":\"2 Klicks f\\u00fcr mehr Datenschutz: Erst wenn Sie hier klicken, wird der Button aktiv und Sie k\\u00f6nnen Ihre Empfehlung an Flattr senden. Schon beim Aktivieren werden Daten an Dritte \\u00fcbertragen - siehe <em>i<\\\/em>.\",\"perma_option\":\"off\"}},\"txt_help\":\"Wenn Sie diese Felder durch einen Klick aktivieren, werden Informationen an Facebook, Twitter, Flattr, Xing, t3n, LinkedIn, Pinterest oder Google eventuell ins Ausland \\u00fcbertragen und unter Umst\\u00e4nden auch dort gespeichert. N\\u00e4heres erfahren Sie durch einen Klick auf das <em>i<\\\/em>.\",\"settings_perma\":\"Dauerhaft aktivieren und Daten\\u00fcber-tragung zustimmen:\",\"info_link\":\"http:\\\/\\\/www.heise.de\\\/ct\\\/artikel\\\/2-Klicks-fuer-mehr-Datenschutz-1333879.html\",\"uri\":\"https:\\\/\\\/www.brennecke.org\\\/?page_id=553\",\"post_id\":553,\"post_title_referrer_track\":\"Der+Selbstbau-iMac\",\"display_infobox\":\"on\"});}});\n\/* ]]> *\/<\/script><\/div>","protected":false},"excerpt":{"rendered":"<p>Nachdem ich beim Umbau des iMac G4 auf LED-Beleuchtung Blut geleckt hatte, war recht schnell das n\u00e4chste Projekt ausersehen: ein schnellerer, selbstgebauter Wohnzimmersurf-Computer &#8211; in den Eingeweiden eines iMac G4 (&#8222;Lampe&#8220;). Nat\u00fcrlich wollte ich mich verbessern, also sollte auch ein &hellip; <a href=\"https:\/\/www.brennecke.org\/?page_id=553\">Weiterlesen <span class=\"meta-nav\">&rarr;<\/span><\/a><\/p>\n","protected":false},"author":1,"featured_media":703,"parent":528,"menu_order":2,"comment_status":"open","ping_status":"open","template":"","meta":{"footnotes":""},"_links":{"self":[{"href":"https:\/\/www.brennecke.org\/index.php?rest_route=\/wp\/v2\/pages\/553"}],"collection":[{"href":"https:\/\/www.brennecke.org\/index.php?rest_route=\/wp\/v2\/pages"}],"about":[{"href":"https:\/\/www.brennecke.org\/index.php?rest_route=\/wp\/v2\/types\/page"}],"author":[{"embeddable":true,"href":"https:\/\/www.brennecke.org\/index.php?rest_route=\/wp\/v2\/users\/1"}],"replies":[{"embeddable":true,"href":"https:\/\/www.brennecke.org\/index.php?rest_route=%2Fwp%2Fv2%2Fcomments&post=553"}],"version-history":[{"count":16,"href":"https:\/\/www.brennecke.org\/index.php?rest_route=\/wp\/v2\/pages\/553\/revisions"}],"predecessor-version":[{"id":733,"href":"https:\/\/www.brennecke.org\/index.php?rest_route=\/wp\/v2\/pages\/553\/revisions\/733"}],"up":[{"embeddable":true,"href":"https:\/\/www.brennecke.org\/index.php?rest_route=\/wp\/v2\/pages\/528"}],"wp:featuredmedia":[{"embeddable":true,"href":"https:\/\/www.brennecke.org\/index.php?rest_route=\/wp\/v2\/media\/703"}],"wp:attachment":[{"href":"https:\/\/www.brennecke.org\/index.php?rest_route=%2Fwp%2Fv2%2Fmedia&parent=553"}],"curies":[{"name":"wp","href":"https:\/\/api.w.org\/{rel}","templated":true}]}}