{"id":569,"date":"2011-06-12T22:42:10","date_gmt":"2011-06-12T20:42:10","guid":{"rendered":"http:\/\/www.brennecke.org\/?page_id=569"},"modified":"2011-06-19T14:28:02","modified_gmt":"2011-06-19T12:28:02","slug":"rohbauphase-anordnung-aller-bauelemente-und-frasarbeiten","status":"publish","type":"page","link":"https:\/\/www.brennecke.org\/?page_id=569","title":{"rendered":"Rohbauphase &#8211; Anordnung aller Bauelemente und Fr\u00e4sarbeiten"},"content":{"rendered":"<p><a title=\"Der Selbstbau-iMac\" href=\"..\/?page_id=553\">Zur\u00fcck zur Hauptseite<\/a><\/p>\n<p>Das iMac-Geh\u00e4use erreichte mich als erstes. Es machte einen weitgehend vollst\u00e4ndigen Eindruck bis auf einen Riss am Displayrand, der offenbar beim Entfernen des Displays entstanden war. Dieser lie\u00df sich mit etwas Klebstoff wieder zusammenf\u00fcgen, bleibt allerdings sichtbar. Das Geh\u00e4use enthielt noch ein paar Kabel, die aber gr\u00f6\u00dftenteils nicht verwendbar waren. Beispielsweise hatte das LVDS-Kabel zum Display nur 24 statt der erforderlichen 30 Anschl\u00fcsse.<\/p>\n<p><a href=\"http:\/\/www.brennecke.org\/wp-content\/uploads\/2011\/06\/IMG_2031.jpg\"><img loading=\"lazy\" decoding=\"async\" class=\"alignnone size-medium wp-image-582\" title=\"IMG_2031\" src=\"http:\/\/www.brennecke.org\/wp-content\/uploads\/2011\/06\/IMG_2031-300x225.jpg\" alt=\"\" width=\"300\" height=\"225\" srcset=\"https:\/\/www.brennecke.org\/wp-content\/uploads\/2011\/06\/IMG_2031-300x225.jpg 300w, https:\/\/www.brennecke.org\/wp-content\/uploads\/2011\/06\/IMG_2031.jpg 1024w\" sizes=\"(max-width: 300px) 100vw, 300px\" \/> <\/a><a href=\"http:\/\/www.brennecke.org\/wp-content\/uploads\/2011\/06\/IMG_2033.jpg\"><img loading=\"lazy\" decoding=\"async\" class=\"alignnone size-medium wp-image-583\" title=\"IMG_2033\" src=\"http:\/\/www.brennecke.org\/wp-content\/uploads\/2011\/06\/IMG_2033-300x225.jpg\" alt=\"\" width=\"300\" height=\"225\" srcset=\"https:\/\/www.brennecke.org\/wp-content\/uploads\/2011\/06\/IMG_2033-300x225.jpg 300w, https:\/\/www.brennecke.org\/wp-content\/uploads\/2011\/06\/IMG_2033.jpg 1024w\" sizes=\"(max-width: 300px) 100vw, 300px\" \/><\/a><\/p>\n<h3>Das Display<\/h3>\n<p>Als n\u00e4chstes wurde das (glossy-)Display angeliefert. Beim ersten Untersuchen schaffte ich es, die Kaltkathodenr\u00f6hre zu zerst\u00f6ren, weshalb ich gleich umr\u00fcstete auf LED-Beleuchtung. Im Gegensatz zu meinem ersten Projekt funktionierte das diesmal ohne spanende Arbeiten und ohne Fr\u00e4ser. Das Display passte perfekt an seinen neuen Platz, es wurde mit doppelseitigem Klebeband fixiert.<\/p>\n<p><a href=\"http:\/\/www.brennecke.org\/wp-content\/uploads\/2011\/06\/IMG_2030.jpg\"> <img loading=\"lazy\" decoding=\"async\" class=\"alignnone size-medium wp-image-581\" title=\"IMG_2030\" src=\"http:\/\/www.brennecke.org\/wp-content\/uploads\/2011\/06\/IMG_2030-300x225.jpg\" alt=\"\" width=\"300\" height=\"225\" srcset=\"https:\/\/www.brennecke.org\/wp-content\/uploads\/2011\/06\/IMG_2030-300x225.jpg 300w, https:\/\/www.brennecke.org\/wp-content\/uploads\/2011\/06\/IMG_2030.jpg 1024w\" sizes=\"(max-width: 300px) 100vw, 300px\" \/><\/a> <a href=\"..\/wp-content\/uploads\/2011\/06\/IMG_2028.jpg\"><img loading=\"lazy\" decoding=\"async\" title=\"IMG_2028\" src=\"..\/wp-content\/uploads\/2011\/06\/IMG_2028-300x225.jpg\" alt=\"\" width=\"300\" height=\"225\" \/><\/a><\/p>\n<p><a href=\"..\/wp-content\/uploads\/2011\/06\/IMG_3628.jpg\"><img loading=\"lazy\" decoding=\"async\" title=\"IMG_3628\" src=\"..\/wp-content\/uploads\/2011\/06\/IMG_3628-300x225.jpg\" alt=\"\" width=\"300\" height=\"225\" \/><\/a><a href=\"http:\/\/www.brennecke.org\/wp-content\/uploads\/2011\/06\/IMG_3629.jpg\"> <img loading=\"lazy\" decoding=\"async\" class=\"alignnone size-medium wp-image-685\" title=\"IMG_3629\" src=\"http:\/\/www.brennecke.org\/wp-content\/uploads\/2011\/06\/IMG_3629-300x225.jpg\" alt=\"\" width=\"300\" height=\"225\" srcset=\"https:\/\/www.brennecke.org\/wp-content\/uploads\/2011\/06\/IMG_3629-300x225.jpg 300w, https:\/\/www.brennecke.org\/wp-content\/uploads\/2011\/06\/IMG_3629.jpg 1024w\" sizes=\"(max-width: 300px) 100vw, 300px\" \/><\/a><\/p>\n<p>Dann widmete ich mich dem iMac-Geh\u00e4use. Es besteht aus nur wenigen Komponenten: dem Bodenteller mit zwei eingesetzten Leisten f\u00fcr die verschiedenen Ausg\u00e4nge, der Kuppel mit eingesetztem Rahmen f\u00fcr Festplatte und DVD-Laufwerk und dem Bildschirmtr\u00e4ger. Alle Teile waren komplett ausger\u00e4umt, auch der L\u00fcfter war ausgebaut.<\/p>\n<h3>Das Board<\/h3>\n<p>Wenn man in Winkeln zu denken vermag, passt das Board auf Anhieb in den Bodenteller &#8211; es darf die vier S\u00e4ulen, die Boden und Kuppel verbinden, nat\u00fcrlich nicht st\u00f6ren. Allerdings lie\u00df es sich nicht ohne weiteres befestigen, aber letztlich fand ich ein freies Loch, in dem es mit einer Schraube fixiert werden konnte. Alle weiteren Verbindungen fixierte ich mit Abstandhaltern und doppelseitigem Klebeband.<\/p>\n<p>&nbsp;<\/p>\n<h3>Der Rahmen f\u00fcr Festplatte und DVD-Laufwerk<\/h3>\n<p>In seiner urspr\u00fcnglichen Ausf\u00fchrung liegt der Aluminium-Rahmen f\u00fcr Festplatte und DVD-Laufwerk fast direkt auf der flachen Hauptplatine auf. Selbst das flache Intel-Board ist hierf\u00fcr noch zu hoch. Ich hatte mich daher schweren Herzens schon entschieden, auf ein DVD-Laufwerk zu verzichten, als mir ein Slot-In-Laufwerk in die H\u00e4nde fiel, das ich k\u00fcrzlich aus einem Mac mini ausgebaut hatte.<\/p>\n<p>Der iMac hat eine selbstschlie\u00dfende T\u00fcr, die vom ausfahrenden Laufwerksschlitten ge\u00f6ffnet wird. Sie ist zu schwerg\u00e4ngig f\u00fcr eine DVD, die aus einem Slot-In-Laufwerk geschoben wird. Allerdings kann man ein paar Teile aubauen, die f\u00fcr den langsamen Verschlussmechanismus sorgen. Dann wird die Kraft nur noch durch zwei Federn aufgebracht, und gegen diese kann sich eine ausgeworfene DVD sehr wohl stemmen. Mir ist zwar immer etwas unwohl dabei, weil die Unterseite der DVD auf der Laufwerksklappe scheuert, aber es funktioniert ganz passabel.<\/p>\n<p>Dennoch ragte der Rahmen zu weit nach unten auf die Hauptplatine. Es war daher erforderlich, die \u00fcbersch\u00fcssigen Teile mit einer S\u00e4ge zu entfernen. Der neue Rahmen ist nun um ca. 2cm schmaler und l\u00e4sst dem Board nach oben hin genug Raum.<\/p>\n<p><a href=\"http:\/\/www.brennecke.org\/wp-content\/uploads\/2011\/06\/IMG_3490.jpg\"><img loading=\"lazy\" decoding=\"async\" class=\"alignnone size-medium wp-image-589\" title=\"IMG_3490\" src=\"http:\/\/www.brennecke.org\/wp-content\/uploads\/2011\/06\/IMG_3490-300x225.jpg\" alt=\"\" width=\"300\" height=\"225\" srcset=\"https:\/\/www.brennecke.org\/wp-content\/uploads\/2011\/06\/IMG_3490-300x225.jpg 300w, https:\/\/www.brennecke.org\/wp-content\/uploads\/2011\/06\/IMG_3490.jpg 1024w\" sizes=\"(max-width: 300px) 100vw, 300px\" \/><\/a> <a href=\"http:\/\/www.brennecke.org\/wp-content\/uploads\/2011\/06\/IMG_3491.jpg\"><img loading=\"lazy\" decoding=\"async\" class=\"alignnone size-medium wp-image-590\" title=\"IMG_3491\" src=\"http:\/\/www.brennecke.org\/wp-content\/uploads\/2011\/06\/IMG_3491-300x225.jpg\" alt=\"\" width=\"300\" height=\"225\" srcset=\"https:\/\/www.brennecke.org\/wp-content\/uploads\/2011\/06\/IMG_3491-300x225.jpg 300w, https:\/\/www.brennecke.org\/wp-content\/uploads\/2011\/06\/IMG_3491.jpg 1024w\" sizes=\"(max-width: 300px) 100vw, 300px\" \/><\/a><\/p>\n<p><a href=\"http:\/\/www.brennecke.org\/wp-content\/uploads\/2011\/06\/IMG_3494.jpg\"><img loading=\"lazy\" decoding=\"async\" class=\"alignnone size-medium wp-image-591\" title=\"IMG_3494\" src=\"http:\/\/www.brennecke.org\/wp-content\/uploads\/2011\/06\/IMG_3494-300x225.jpg\" alt=\"\" width=\"300\" height=\"225\" srcset=\"https:\/\/www.brennecke.org\/wp-content\/uploads\/2011\/06\/IMG_3494-300x225.jpg 300w, https:\/\/www.brennecke.org\/wp-content\/uploads\/2011\/06\/IMG_3494.jpg 1024w\" sizes=\"(max-width: 300px) 100vw, 300px\" \/><\/a> <a href=\"http:\/\/www.brennecke.org\/wp-content\/uploads\/2011\/06\/IMG_3496.jpg\"><img loading=\"lazy\" decoding=\"async\" class=\"alignnone size-medium wp-image-592\" title=\"IMG_3496\" src=\"http:\/\/www.brennecke.org\/wp-content\/uploads\/2011\/06\/IMG_3496-300x225.jpg\" alt=\"\" width=\"300\" height=\"225\" srcset=\"https:\/\/www.brennecke.org\/wp-content\/uploads\/2011\/06\/IMG_3496-300x225.jpg 300w, https:\/\/www.brennecke.org\/wp-content\/uploads\/2011\/06\/IMG_3496.jpg 1024w\" sizes=\"(max-width: 300px) 100vw, 300px\" \/><\/a><\/p>\n<p>Der Einbau der SSD ist unkompliziert, erfordert aber das Bohren eines neuen Lochs, wenn man es nicht riskieren m\u00f6chte, die SSD mit nur einer Schraube zu befestigen. Der unten gezeigte Fr\u00e4ser leistet gute Dienste beim Entgraten des neuen Lochs.<\/p>\n<p><a href=\"http:\/\/www.brennecke.org\/wp-content\/uploads\/2011\/06\/IMG_3531.jpg\"><img loading=\"lazy\" decoding=\"async\" class=\"alignnone size-medium wp-image-604\" title=\"IMG_3531\" src=\"http:\/\/www.brennecke.org\/wp-content\/uploads\/2011\/06\/IMG_3531-300x179.jpg\" alt=\"\" width=\"300\" height=\"179\" srcset=\"https:\/\/www.brennecke.org\/wp-content\/uploads\/2011\/06\/IMG_3531-300x179.jpg 300w, https:\/\/www.brennecke.org\/wp-content\/uploads\/2011\/06\/IMG_3531.jpg 1024w\" sizes=\"(max-width: 300px) 100vw, 300px\" \/><\/a> <a href=\"http:\/\/www.brennecke.org\/wp-content\/uploads\/2011\/06\/IMG_3525.jpg\"><img loading=\"lazy\" decoding=\"async\" class=\"alignnone size-medium wp-image-602\" title=\"IMG_3525\" src=\"http:\/\/www.brennecke.org\/wp-content\/uploads\/2011\/06\/IMG_3525-300x225.jpg\" alt=\"\" width=\"300\" height=\"225\" srcset=\"https:\/\/www.brennecke.org\/wp-content\/uploads\/2011\/06\/IMG_3525-300x225.jpg 300w, https:\/\/www.brennecke.org\/wp-content\/uploads\/2011\/06\/IMG_3525.jpg 1024w\" sizes=\"(max-width: 300px) 100vw, 300px\" \/><\/a><\/p>\n<p><a href=\"http:\/\/www.brennecke.org\/wp-content\/uploads\/2011\/06\/IMG_3530.jpg\"><img loading=\"lazy\" decoding=\"async\" class=\"alignnone size-medium wp-image-603\" title=\"IMG_3530\" src=\"http:\/\/www.brennecke.org\/wp-content\/uploads\/2011\/06\/IMG_3530-300x196.jpg\" alt=\"\" width=\"300\" height=\"196\" srcset=\"https:\/\/www.brennecke.org\/wp-content\/uploads\/2011\/06\/IMG_3530-300x196.jpg 300w, https:\/\/www.brennecke.org\/wp-content\/uploads\/2011\/06\/IMG_3530.jpg 840w\" sizes=\"(max-width: 300px) 100vw, 300px\" \/><\/a> <a href=\"http:\/\/www.brennecke.org\/wp-content\/uploads\/2011\/06\/IMG_3535.jpg\"><img loading=\"lazy\" decoding=\"async\" class=\"alignnone size-medium wp-image-605\" title=\"IMG_3535\" src=\"http:\/\/www.brennecke.org\/wp-content\/uploads\/2011\/06\/IMG_3535-300x225.jpg\" alt=\"\" width=\"300\" height=\"225\" srcset=\"https:\/\/www.brennecke.org\/wp-content\/uploads\/2011\/06\/IMG_3535-300x225.jpg 300w, https:\/\/www.brennecke.org\/wp-content\/uploads\/2011\/06\/IMG_3535.jpg 1024w\" sizes=\"(max-width: 300px) 100vw, 300px\" \/><\/a><\/p>\n<h3>Die neuen Antennen<\/h3>\n<p>Apple hat die Antennen f\u00fcr WLAN (und offenbar f\u00fcr Bluetooth) zwischen dem wei\u00dfen Kuppelgeh\u00e4use aus Plastik und der Metallkuppel aus Metall versteckt. Deren Ersatz erfordert daher eine komplette Zerlegung der Kuppel. Allerdings muss man wegen des Displays ohnehin an die Kabeldurchf\u00fchrungen heran, und zudem sammelt sich zwischen den beiden Kuppelbauteilen im Laufe der Jahre eine Menge Schmutz. Nach einer eingehenden Reinigung sah der iMac viel heller aus.<\/p>\n<p><a href=\"http:\/\/www.brennecke.org\/wp-content\/uploads\/2011\/06\/IMG_3537.jpg\"><img loading=\"lazy\" decoding=\"async\" class=\"alignnone size-medium wp-image-607\" title=\"IMG_3537\" src=\"http:\/\/www.brennecke.org\/wp-content\/uploads\/2011\/06\/IMG_3537-300x225.jpg\" alt=\"\" width=\"300\" height=\"225\" srcset=\"https:\/\/www.brennecke.org\/wp-content\/uploads\/2011\/06\/IMG_3537-300x225.jpg 300w, https:\/\/www.brennecke.org\/wp-content\/uploads\/2011\/06\/IMG_3537.jpg 1024w\" sizes=\"(max-width: 300px) 100vw, 300px\" \/><\/a> <a href=\"http:\/\/www.brennecke.org\/wp-content\/uploads\/2011\/06\/IMG_3538.jpg\"><img loading=\"lazy\" decoding=\"async\" class=\"alignnone size-medium wp-image-608\" title=\"IMG_3538\" src=\"http:\/\/www.brennecke.org\/wp-content\/uploads\/2011\/06\/IMG_3538-300x225.jpg\" alt=\"\" width=\"300\" height=\"225\" srcset=\"https:\/\/www.brennecke.org\/wp-content\/uploads\/2011\/06\/IMG_3538-300x225.jpg 300w, https:\/\/www.brennecke.org\/wp-content\/uploads\/2011\/06\/IMG_3538.jpg 1024w\" sizes=\"(max-width: 300px) 100vw, 300px\" \/><\/a><\/p>\n<p><a href=\"http:\/\/www.brennecke.org\/wp-content\/uploads\/2011\/06\/IMG_3536.jpg\"><img loading=\"lazy\" decoding=\"async\" class=\"alignnone size-medium wp-image-606\" title=\"IMG_3536\" src=\"http:\/\/www.brennecke.org\/wp-content\/uploads\/2011\/06\/IMG_3536-300x225.jpg\" alt=\"\" width=\"300\" height=\"225\" srcset=\"https:\/\/www.brennecke.org\/wp-content\/uploads\/2011\/06\/IMG_3536-300x225.jpg 300w, https:\/\/www.brennecke.org\/wp-content\/uploads\/2011\/06\/IMG_3536.jpg 1024w\" sizes=\"(max-width: 300px) 100vw, 300px\" \/><\/a><\/p>\n<p>Der Ersatz der Antennen ist dann kein Kunstst\u00fcck mehr. Die neuen Antennen wurden mit Klebstreifen befestigt und ihre Kabel am daf\u00fcr vorgesehenen Platz durch das Geh\u00e4use gef\u00fchrt.<\/p>\n<p><a title=\"Innenausbau \u2013 elektrische Verkabelung und Software-Installation\" href=\"http:\/\/www.brennecke.org\/?page_id=628\">Weiter geht&#8217;s mit der Installation der elektrischen Bauteile<\/a><\/p>\n<p>&nbsp;<\/p>\n<div class=\"twoclick_social_bookmarks_post_569 social_share_privacy clearfix 1.6.4 locale-de_DE sprite-de_DE\"><\/div><div class=\"twoclick-js\"><script type=\"text\/javascript\">\/* <![CDATA[ *\/\njQuery(document).ready(function($){if($('.twoclick_social_bookmarks_post_569')){$('.twoclick_social_bookmarks_post_569').socialSharePrivacy({\"services\":{\"facebook\":{\"status\":\"on\",\"txt_info\":\"2 Klicks f\\u00fcr mehr Datenschutz: Erst wenn Sie hier klicken, wird der Button aktiv und Sie k\\u00f6nnen Ihre Empfehlung an Facebook senden. Schon beim Aktivieren werden Daten an Dritte \\u00fcbertragen - siehe <em>i<\\\/em>.\",\"perma_option\":\"off\",\"action\":\"recommend\",\"language\":\"de_DE\"},\"twitter\":{\"reply_to\":\"\",\"tweet_text\":\"Rohbauphase%20%E2%80%93%20Anordnung%20aller%20Bauelemente%20und%20Fr%C3%A4sarbeiten%20%C2%BB%2053%20Cent\",\"status\":\"on\",\"txt_info\":\"2 Klicks f\\u00fcr mehr Datenschutz: Erst wenn Sie hier klicken, wird der Button aktiv und Sie k\\u00f6nnen Ihre Empfehlung an Twitter senden. Schon beim Aktivieren werden Daten an Dritte \\u00fcbertragen - siehe <em>i<\\\/em>.\",\"perma_option\":\"off\",\"language\":\"de\",\"referrer_track\":\"\"},\"gplus\":{\"status\":\"on\",\"txt_info\":\"2 Klicks f\\u00fcr mehr Datenschutz: Erst wenn Sie hier klicken, wird der Button aktiv und Sie k\\u00f6nnen Ihre Empfehlung an Google+ senden. Schon beim Aktivieren werden Daten an Dritte \\u00fcbertragen - siehe <em>i<\\\/em>.\",\"perma_option\":\"off\",\"referrer_track\":\"\"},\"flattr\":{\"uid\":\"\",\"status\":\"on\",\"the_title\":\"Rohbauphase%20%26%238211%3B%20Anordnung%20aller%20Bauelemente%20und%20Fr%C3%A4sarbeiten\",\"the_excerpt\":\"Zur%C3%BCck%20zur%20Hauptseite%0D%0A%0D%0ADas%20iMac-Geh%C3%A4use%20erreichte%20mich%20als%20erstes.%20Es%20machte%20einen%20weitgehend%20vollst%C3%A4ndigen%20Eindruck%20bis%20auf%20einen%20Riss%20am%20Displayrand%2C%20der%20offenbar%20beim%20Entfernen%20des%20Displays%20entstanden%20war.%20Dieser%20lie%C3%9F%20sich%20mit%20etwas%20Klebstoff%20wieder%20zusammenf%C3%BCgen%2C%20bleibt%20allerdings%20sichtbar.%20Das%20Geh%C3%A4use%20enthielt%20noch%20ein%20paar%20Kabel%2C%20die%20aber%20gr%C3%B6%C3%9Ftenteils%20nicht%20verwendbar%20waren.%20Beispielsw%20...\",\"txt_info\":\"2 Klicks f\\u00fcr mehr Datenschutz: Erst wenn Sie hier klicken, wird der Button aktiv und Sie k\\u00f6nnen Ihre Empfehlung an Flattr senden. Schon beim Aktivieren werden Daten an Dritte \\u00fcbertragen - siehe <em>i<\\\/em>.\",\"perma_option\":\"off\"}},\"txt_help\":\"Wenn Sie diese Felder durch einen Klick aktivieren, werden Informationen an Facebook, Twitter, Flattr, Xing, t3n, LinkedIn, Pinterest oder Google eventuell ins Ausland \\u00fcbertragen und unter Umst\\u00e4nden auch dort gespeichert. N\\u00e4heres erfahren Sie durch einen Klick auf das <em>i<\\\/em>.\",\"settings_perma\":\"Dauerhaft aktivieren und Daten\\u00fcber-tragung zustimmen:\",\"info_link\":\"http:\\\/\\\/www.heise.de\\\/ct\\\/artikel\\\/2-Klicks-fuer-mehr-Datenschutz-1333879.html\",\"uri\":\"https:\\\/\\\/www.brennecke.org\\\/?page_id=569\",\"post_id\":569,\"post_title_referrer_track\":\"Rohbauphase+%26%238211%3B+Anordnung+aller+Bauelemente+und+Fr%C3%A4sarbeiten\",\"display_infobox\":\"on\"});}});\n\/* ]]> *\/<\/script><\/div>","protected":false},"excerpt":{"rendered":"<p>Zur\u00fcck zur Hauptseite Das iMac-Geh\u00e4use erreichte mich als erstes. Es machte einen weitgehend vollst\u00e4ndigen Eindruck bis auf einen Riss am Displayrand, der offenbar beim Entfernen des Displays entstanden war. Dieser lie\u00df sich mit etwas Klebstoff wieder zusammenf\u00fcgen, bleibt allerdings sichtbar. &hellip; <a href=\"https:\/\/www.brennecke.org\/?page_id=569\">Weiterlesen <span class=\"meta-nav\">&rarr;<\/span><\/a><\/p>\n","protected":false},"author":1,"featured_media":703,"parent":553,"menu_order":1,"comment_status":"open","ping_status":"open","template":"","meta":{"footnotes":""},"_links":{"self":[{"href":"https:\/\/www.brennecke.org\/index.php?rest_route=\/wp\/v2\/pages\/569"}],"collection":[{"href":"https:\/\/www.brennecke.org\/index.php?rest_route=\/wp\/v2\/pages"}],"about":[{"href":"https:\/\/www.brennecke.org\/index.php?rest_route=\/wp\/v2\/types\/page"}],"author":[{"embeddable":true,"href":"https:\/\/www.brennecke.org\/index.php?rest_route=\/wp\/v2\/users\/1"}],"replies":[{"embeddable":true,"href":"https:\/\/www.brennecke.org\/index.php?rest_route=%2Fwp%2Fv2%2Fcomments&post=569"}],"version-history":[{"count":12,"href":"https:\/\/www.brennecke.org\/index.php?rest_route=\/wp\/v2\/pages\/569\/revisions"}],"predecessor-version":[{"id":720,"href":"https:\/\/www.brennecke.org\/index.php?rest_route=\/wp\/v2\/pages\/569\/revisions\/720"}],"up":[{"embeddable":true,"href":"https:\/\/www.brennecke.org\/index.php?rest_route=\/wp\/v2\/pages\/553"}],"wp:featuredmedia":[{"embeddable":true,"href":"https:\/\/www.brennecke.org\/index.php?rest_route=\/wp\/v2\/media\/703"}],"wp:attachment":[{"href":"https:\/\/www.brennecke.org\/index.php?rest_route=%2Fwp%2Fv2%2Fmedia&parent=569"}],"curies":[{"name":"wp","href":"https:\/\/api.w.org\/{rel}","templated":true}]}}