{"id":738,"date":"2011-06-27T12:26:43","date_gmt":"2011-06-27T10:26:43","guid":{"rendered":"http:\/\/www.brennecke.org\/?page_id=738"},"modified":"2011-07-01T18:30:16","modified_gmt":"2011-07-01T16:30:16","slug":"nachtrag-der-startsound","status":"publish","type":"page","link":"https:\/\/www.brennecke.org\/?page_id=738","title":{"rendered":"Nachtrag: Der Startsound"},"content":{"rendered":"<p>Der Mac-Startsound unterscheidet den echten Mac von allen Nachbauten, und er hat es sogar zu Filmruhm gebracht. Im Pixar-Film &#8222;WALL\u00b7E \u2013 Der Letzte r\u00e4umt die Erde auf&#8220; ert\u00f6nt der Startsound, nachdem der kleine Putzroboter seinen elektrischen Ladevorgang \u00fcber seine eingebauten Solarmodule vollendet hat.<\/p>\n<p>Es gibt Tricks, wie man den Startsound mit Software simuliert &#8211; das funktioniert aber erst, wenn das Betriebssystem bereits geladen ist, also viel zu sp\u00e4t. Es erinnert zudem auch ein wenig an Windows, bei man den Startsound seit Jahren ausw\u00e4hlen kann. Die Standard-Startsounds f\u00fcr Windows seit 3.1 finden sich \u00fcbrigens <a title=\"Windows-Startsounds\" href=\"http:\/\/www.winhistory.de\/more\/winstart\/winstart.htm\">hier<\/a> zum Abspielen.<\/p>\n<p>Es musste also ein anderer Weg gefunden werden, und ich beschloss, das Thema ganz unabh\u00e4ngig vom eigentlichen Computer anzugehen. Zentrales Herzst\u00fcck meines Startsounds wurde ein MP3-Player. Ich w\u00e4hlte die billigste Version, die auf ebay zu bekommen war: ein Ger\u00e4t, das an den iPod shuffle 2G erinnert und mit einer MicroSD-Speicherkarte aufger\u00fcstet werden muss, damit es brauchbar wird. Das Ger\u00e4t kam nach etwa zwei Wochen aus China und kostete inklusive Versand gerade einmal 6 Euro.<\/p>\n<p><a href=\"http:\/\/www.brennecke.org\/wp-content\/uploads\/2011\/06\/IMG_3673.jpg\"><img loading=\"lazy\" decoding=\"async\" class=\"alignnone size-medium wp-image-751\" title=\"IMG_3673\" src=\"http:\/\/www.brennecke.org\/wp-content\/uploads\/2011\/06\/IMG_3673-300x225.jpg\" alt=\"\" width=\"300\" height=\"225\" srcset=\"https:\/\/www.brennecke.org\/wp-content\/uploads\/2011\/06\/IMG_3673-300x225.jpg 300w, https:\/\/www.brennecke.org\/wp-content\/uploads\/2011\/06\/IMG_3673.jpg 1024w\" sizes=\"(max-width: 300px) 100vw, 300px\" \/><\/a> <a href=\"http:\/\/www.brennecke.org\/wp-content\/uploads\/2011\/06\/IMG_3674.jpg\"><img loading=\"lazy\" decoding=\"async\" class=\"alignnone size-medium wp-image-752\" title=\"IMG_3674\" src=\"http:\/\/www.brennecke.org\/wp-content\/uploads\/2011\/06\/IMG_3674-300x225.jpg\" alt=\"\" width=\"300\" height=\"225\" srcset=\"https:\/\/www.brennecke.org\/wp-content\/uploads\/2011\/06\/IMG_3674-300x225.jpg 300w, https:\/\/www.brennecke.org\/wp-content\/uploads\/2011\/06\/IMG_3674.jpg 1024w\" sizes=\"(max-width: 300px) 100vw, 300px\" \/><\/a><\/p>\n<p><a href=\"http:\/\/www.brennecke.org\/wp-content\/uploads\/2011\/06\/IMG_3675.jpg\"><img loading=\"lazy\" decoding=\"async\" class=\"alignnone size-medium wp-image-753\" title=\"IMG_3675\" src=\"http:\/\/www.brennecke.org\/wp-content\/uploads\/2011\/06\/IMG_3675-300x225.jpg\" alt=\"\" width=\"300\" height=\"225\" srcset=\"https:\/\/www.brennecke.org\/wp-content\/uploads\/2011\/06\/IMG_3675-300x225.jpg 300w, https:\/\/www.brennecke.org\/wp-content\/uploads\/2011\/06\/IMG_3675.jpg 1024w\" sizes=\"(max-width: 300px) 100vw, 300px\" \/><\/a> <a href=\"http:\/\/www.brennecke.org\/wp-content\/uploads\/2011\/06\/IMG_3676.jpg\"><img loading=\"lazy\" decoding=\"async\" class=\"alignnone size-medium wp-image-754\" title=\"IMG_3676\" src=\"http:\/\/www.brennecke.org\/wp-content\/uploads\/2011\/06\/IMG_3676-300x225.jpg\" alt=\"\" width=\"300\" height=\"225\" srcset=\"https:\/\/www.brennecke.org\/wp-content\/uploads\/2011\/06\/IMG_3676-300x225.jpg 300w, https:\/\/www.brennecke.org\/wp-content\/uploads\/2011\/06\/IMG_3676.jpg 1024w\" sizes=\"(max-width: 300px) 100vw, 300px\" \/><\/a><\/p>\n<p>Es stellte sich heraus, dass das Ger\u00e4t eine durchaus gute Wahl darstellte. Nachdem eine Speicherkarte mit dem Startsound bespielt und in den Player eingesteckt war, legte das gute St\u00fcck beim Einschalten sofort los, ohne dass man erst einen Play-Knopf dr\u00fccken musste. Der Startsound wurde dann allerdings in einer Endlosschleife abgespielt, ein wenig zus\u00e4tzliche Elektronik war daher noch erforderlich.<\/p>\n<p>Eine Demontage des MP3-Players zeigte Unspannendes: Eine kleine Platine, angetrieben von einem 3,6-Volt-Akku, der \u00fcber USB geladen wurde. Angeblich sollte auch die SD-Karte \u00fcber USB zug\u00e4nglich sein, das hat bei meinen Versuchen jedoch nie funktioniert.<\/p>\n<p><a href=\"http:\/\/www.brennecke.org\/wp-content\/uploads\/2011\/06\/IMG_3681.jpg\"><img loading=\"lazy\" decoding=\"async\" class=\"alignnone size-medium wp-image-755\" title=\"IMG_3681\" src=\"http:\/\/www.brennecke.org\/wp-content\/uploads\/2011\/06\/IMG_3681-300x225.jpg\" alt=\"\" width=\"300\" height=\"225\" srcset=\"https:\/\/www.brennecke.org\/wp-content\/uploads\/2011\/06\/IMG_3681-300x225.jpg 300w, https:\/\/www.brennecke.org\/wp-content\/uploads\/2011\/06\/IMG_3681.jpg 1024w\" sizes=\"(max-width: 300px) 100vw, 300px\" \/><\/a> <a href=\"http:\/\/www.brennecke.org\/wp-content\/uploads\/2011\/06\/IMG_3682.jpg\"><img loading=\"lazy\" decoding=\"async\" class=\"alignnone size-medium wp-image-756\" title=\"IMG_3682\" src=\"http:\/\/www.brennecke.org\/wp-content\/uploads\/2011\/06\/IMG_3682-300x225.jpg\" alt=\"\" width=\"300\" height=\"225\" srcset=\"https:\/\/www.brennecke.org\/wp-content\/uploads\/2011\/06\/IMG_3682-300x225.jpg 300w, https:\/\/www.brennecke.org\/wp-content\/uploads\/2011\/06\/IMG_3682.jpg 1024w\" sizes=\"(max-width: 300px) 100vw, 300px\" \/><\/a><\/p>\n<p>Was war nun zu tun:<\/p>\n<p>Der Startsound sollte beim Einschalten einmal abgespielt werden. Danach sollte er deaktiviert werden. Daher verl\u00e4ngerte ich den Startsound mit 120 Sekunden Stille, um gen\u00fcgend Zeit f\u00fcr eine Reaktion zu bekommen. Mittels eines Standardbausteins (NE555) l\u00f6tete ich eine Verz\u00f6gerungsschaltung zusammen, die nach dem Einschalten f\u00fcr einige Sekunden eine Spannung von 3,6 Volt zur Verf\u00fcgung stellt. Ich entfernte den Akku des Players, stellte die Verbindung zum Ausgang der Verz\u00f6gerungsschaltung her und lie\u00df ihn ansonsten eingeschaltet.<\/p>\n<p><a href=\"http:\/\/www.brennecke.org\/wp-content\/uploads\/2011\/06\/IMG_3701.jpg\"><img loading=\"lazy\" decoding=\"async\" class=\"alignnone size-medium wp-image-762\" title=\"IMG_3701\" src=\"http:\/\/www.brennecke.org\/wp-content\/uploads\/2011\/06\/IMG_3701-300x225.jpg\" alt=\"\" width=\"300\" height=\"225\" \/><\/a> <a href=\"http:\/\/www.brennecke.org\/wp-content\/uploads\/2011\/06\/IMG_3693.jpg\"><img loading=\"lazy\" decoding=\"async\" class=\"alignnone size-medium wp-image-758\" title=\"IMG_3693\" src=\"http:\/\/www.brennecke.org\/wp-content\/uploads\/2011\/06\/IMG_3693-300x225.jpg\" alt=\"\" width=\"300\" height=\"225\" \/><\/a><a href=\"http:\/\/www.brennecke.org\/wp-content\/uploads\/2011\/07\/IMG_3734.jpg\"><img loading=\"lazy\" decoding=\"async\" class=\"alignnone size-medium wp-image-768\" title=\"IMG_3734\" src=\"http:\/\/www.brennecke.org\/wp-content\/uploads\/2011\/07\/IMG_3734-300x225.jpg\" alt=\"\" width=\"300\" height=\"225\" srcset=\"https:\/\/www.brennecke.org\/wp-content\/uploads\/2011\/07\/IMG_3734-300x225.jpg 300w, https:\/\/www.brennecke.org\/wp-content\/uploads\/2011\/07\/IMG_3734.jpg 1024w\" sizes=\"(max-width: 300px) 100vw, 300px\" \/><\/a> <a href=\"http:\/\/www.brennecke.org\/wp-content\/uploads\/2011\/07\/IMG_3693.jpg\"><img loading=\"lazy\" decoding=\"async\" class=\"alignnone size-medium wp-image-765\" title=\"IMG_3693\" src=\"http:\/\/www.brennecke.org\/wp-content\/uploads\/2011\/07\/IMG_3693-300x225.jpg\" alt=\"\" width=\"300\" height=\"225\" srcset=\"https:\/\/www.brennecke.org\/wp-content\/uploads\/2011\/07\/IMG_3693-300x225.jpg 300w, https:\/\/www.brennecke.org\/wp-content\/uploads\/2011\/07\/IMG_3693.jpg 1024w\" sizes=\"(max-width: 300px) 100vw, 300px\" \/><\/a><\/p>\n<p>Nun konnte ich per Kopfh\u00f6rer bereits den Startsound h\u00f6ren &#8211; einmalig beim Einschalten, wie es sein sollte. Der interne iMac-Lautsprecher lie\u00df sich jedoch nicht so ohne weiteres an den Kopfh\u00f6rerausgang anschlie\u00dfen. Daher musste aus einem anderen Standard-IC (TBA820M) ein kleiner Verst\u00e4rker zusammengebaut werden, der den Kopfh\u00f6rersound soweit verst\u00e4rkte, dass der Lautsprecher ihn mit gen\u00fcgend Power wiedergeben konnte. Dazu braucht man eine ganze Menge Widerst\u00e4nde und Kondensatoren, aber letztlich funktionierte die kleine Schaltung einwandfrei.<\/p>\n<p><a href=\"http:\/\/www.brennecke.org\/wp-content\/uploads\/2011\/06\/IMG_3702.jpg\"><img loading=\"lazy\" decoding=\"async\" class=\"alignnone size-medium wp-image-763\" title=\"IMG_3702\" src=\"http:\/\/www.brennecke.org\/wp-content\/uploads\/2011\/06\/IMG_3702-300x225.jpg\" alt=\"\" width=\"300\" height=\"225\" \/><\/a> <a href=\"http:\/\/www.brennecke.org\/wp-content\/uploads\/2011\/06\/IMG_3700-2.png\"><img loading=\"lazy\" decoding=\"async\" class=\"alignnone size-medium wp-image-760\" title=\"IMG_3700-2\" src=\"http:\/\/www.brennecke.org\/wp-content\/uploads\/2011\/06\/IMG_3700-2-300x225.png\" alt=\"\" width=\"300\" height=\"225\" \/><\/a><a href=\"http:\/\/www.brennecke.org\/wp-content\/uploads\/2011\/07\/IMG_3733.jpg\"><img loading=\"lazy\" decoding=\"async\" class=\"alignnone size-medium wp-image-767\" title=\"IMG_3733\" src=\"http:\/\/www.brennecke.org\/wp-content\/uploads\/2011\/07\/IMG_3733-300x225.jpg\" alt=\"\" width=\"300\" height=\"225\" srcset=\"https:\/\/www.brennecke.org\/wp-content\/uploads\/2011\/07\/IMG_3733-300x225.jpg 300w, https:\/\/www.brennecke.org\/wp-content\/uploads\/2011\/07\/IMG_3733.jpg 1024w\" sizes=\"(max-width: 300px) 100vw, 300px\" \/><\/a> <a href=\"http:\/\/www.brennecke.org\/wp-content\/uploads\/2011\/07\/IMG_3700-2.png\"><img loading=\"lazy\" decoding=\"async\" class=\"alignnone size-medium wp-image-766\" title=\"IMG_3700-2\" src=\"http:\/\/www.brennecke.org\/wp-content\/uploads\/2011\/07\/IMG_3700-2-300x225.png\" alt=\"\" width=\"300\" height=\"225\" srcset=\"https:\/\/www.brennecke.org\/wp-content\/uploads\/2011\/07\/IMG_3700-2-300x225.png 300w, https:\/\/www.brennecke.org\/wp-content\/uploads\/2011\/07\/IMG_3700-2.png 1024w\" sizes=\"(max-width: 300px) 100vw, 300px\" \/><\/a><\/p>\n<p>Inzwischen hatte ich also drei Platinen, die gemeinsam \u00fcber USB +5Volt betrieben werden. Beim Einschalten ert\u00f6nt der klassische Mac-Startsound und gleichzeitig wird der Bildschirm hell &#8211; genauso, wie es beim Original auch ist.<\/p>\n<p><a href=\"http:\/\/www.brennecke.org\/wp-content\/uploads\/2011\/06\/IMG_3700.jpg\"><img loading=\"lazy\" decoding=\"async\" class=\"alignnone size-medium wp-image-761\" title=\"IMG_3700\" src=\"http:\/\/www.brennecke.org\/wp-content\/uploads\/2011\/06\/IMG_3700-300x225.jpg\" alt=\"\" width=\"300\" height=\"225\" srcset=\"https:\/\/www.brennecke.org\/wp-content\/uploads\/2011\/06\/IMG_3700-300x225.jpg 300w, https:\/\/www.brennecke.org\/wp-content\/uploads\/2011\/06\/IMG_3700.jpg 1024w\" sizes=\"(max-width: 300px) 100vw, 300px\" \/><\/a><\/p>\n<p><a title=\"Der Selbstbau-iMac\" href=\"http:\/\/www.brennecke.org\/?page_id=553\">Zur\u00fcck zur \u00dcbersicht<\/a><\/p>\n<div class=\"twoclick_social_bookmarks_post_738 social_share_privacy clearfix 1.6.4 locale-de_DE sprite-de_DE\"><\/div><div class=\"twoclick-js\"><script type=\"text\/javascript\">\/* <![CDATA[ *\/\njQuery(document).ready(function($){if($('.twoclick_social_bookmarks_post_738')){$('.twoclick_social_bookmarks_post_738').socialSharePrivacy({\"services\":{\"facebook\":{\"status\":\"on\",\"txt_info\":\"2 Klicks f\\u00fcr mehr Datenschutz: Erst wenn Sie hier klicken, wird der Button aktiv und Sie k\\u00f6nnen Ihre Empfehlung an Facebook senden. Schon beim Aktivieren werden Daten an Dritte \\u00fcbertragen - siehe <em>i<\\\/em>.\",\"perma_option\":\"off\",\"action\":\"recommend\",\"language\":\"de_DE\"},\"twitter\":{\"reply_to\":\"\",\"tweet_text\":\"Nachtrag%3A%20Der%20Startsound%20%C2%BB%2053%20Cent\",\"status\":\"on\",\"txt_info\":\"2 Klicks f\\u00fcr mehr Datenschutz: Erst wenn Sie hier klicken, wird der Button aktiv und Sie k\\u00f6nnen Ihre Empfehlung an Twitter senden. Schon beim Aktivieren werden Daten an Dritte \\u00fcbertragen - siehe <em>i<\\\/em>.\",\"perma_option\":\"off\",\"language\":\"de\",\"referrer_track\":\"\"},\"gplus\":{\"status\":\"on\",\"txt_info\":\"2 Klicks f\\u00fcr mehr Datenschutz: Erst wenn Sie hier klicken, wird der Button aktiv und Sie k\\u00f6nnen Ihre Empfehlung an Google+ senden. Schon beim Aktivieren werden Daten an Dritte \\u00fcbertragen - siehe <em>i<\\\/em>.\",\"perma_option\":\"off\",\"referrer_track\":\"\"},\"flattr\":{\"uid\":\"\",\"status\":\"on\",\"the_title\":\"Nachtrag%3A%20Der%20Startsound\",\"the_excerpt\":\"Der%20Mac-Startsound%20unterscheidet%20den%20echten%20Mac%20von%20allen%20Nachbauten%2C%20und%20er%20hat%20es%20sogar%20zu%20Filmruhm%20gebracht.%20Im%20Pixar-Film%20%22WALL%C2%B7E%20%E2%80%93%20Der%20Letzte%20r%C3%A4umt%20die%20Erde%20auf%22%20ert%C3%B6nt%20der%20Startsound%2C%20nachdem%20der%20kleine%20Putzroboter%20seinen%20elektrischen%20Ladevorgang%20%C3%BCber%20seine%20eingebauten%20Solarmodule%20vollendet%20hat.%0D%0A%0D%0AEs%20gibt%20Tricks%2C%20wie%20man%20den%20Startsound%20mit%20Software%20simuliert%20-%20das%20funktioniert%20aber%20erst%20...\",\"txt_info\":\"2 Klicks f\\u00fcr mehr Datenschutz: Erst wenn Sie hier klicken, wird der Button aktiv und Sie k\\u00f6nnen Ihre Empfehlung an Flattr senden. Schon beim Aktivieren werden Daten an Dritte \\u00fcbertragen - siehe <em>i<\\\/em>.\",\"perma_option\":\"off\"}},\"txt_help\":\"Wenn Sie diese Felder durch einen Klick aktivieren, werden Informationen an Facebook, Twitter, Flattr, Xing, t3n, LinkedIn, Pinterest oder Google eventuell ins Ausland \\u00fcbertragen und unter Umst\\u00e4nden auch dort gespeichert. N\\u00e4heres erfahren Sie durch einen Klick auf das <em>i<\\\/em>.\",\"settings_perma\":\"Dauerhaft aktivieren und Daten\\u00fcber-tragung zustimmen:\",\"info_link\":\"http:\\\/\\\/www.heise.de\\\/ct\\\/artikel\\\/2-Klicks-fuer-mehr-Datenschutz-1333879.html\",\"uri\":\"https:\\\/\\\/www.brennecke.org\\\/?page_id=738\",\"post_id\":738,\"post_title_referrer_track\":\"Nachtrag%3A+Der+Startsound\",\"display_infobox\":\"on\"});}});\n\/* ]]> *\/<\/script><\/div>","protected":false},"excerpt":{"rendered":"<p>Der Mac-Startsound unterscheidet den echten Mac von allen Nachbauten, und er hat es sogar zu Filmruhm gebracht. Im Pixar-Film &#8222;WALL\u00b7E \u2013 Der Letzte r\u00e4umt die Erde auf&#8220; ert\u00f6nt der Startsound, nachdem der kleine Putzroboter seinen elektrischen Ladevorgang \u00fcber seine eingebauten &hellip; <a href=\"https:\/\/www.brennecke.org\/?page_id=738\">Weiterlesen <span class=\"meta-nav\">&rarr;<\/span><\/a><\/p>\n","protected":false},"author":1,"featured_media":703,"parent":553,"menu_order":7,"comment_status":"open","ping_status":"open","template":"","meta":{"footnotes":""},"_links":{"self":[{"href":"https:\/\/www.brennecke.org\/index.php?rest_route=\/wp\/v2\/pages\/738"}],"collection":[{"href":"https:\/\/www.brennecke.org\/index.php?rest_route=\/wp\/v2\/pages"}],"about":[{"href":"https:\/\/www.brennecke.org\/index.php?rest_route=\/wp\/v2\/types\/page"}],"author":[{"embeddable":true,"href":"https:\/\/www.brennecke.org\/index.php?rest_route=\/wp\/v2\/users\/1"}],"replies":[{"embeddable":true,"href":"https:\/\/www.brennecke.org\/index.php?rest_route=%2Fwp%2Fv2%2Fcomments&post=738"}],"version-history":[{"count":6,"href":"https:\/\/www.brennecke.org\/index.php?rest_route=\/wp\/v2\/pages\/738\/revisions"}],"predecessor-version":[{"id":769,"href":"https:\/\/www.brennecke.org\/index.php?rest_route=\/wp\/v2\/pages\/738\/revisions\/769"}],"up":[{"embeddable":true,"href":"https:\/\/www.brennecke.org\/index.php?rest_route=\/wp\/v2\/pages\/553"}],"wp:featuredmedia":[{"embeddable":true,"href":"https:\/\/www.brennecke.org\/index.php?rest_route=\/wp\/v2\/media\/703"}],"wp:attachment":[{"href":"https:\/\/www.brennecke.org\/index.php?rest_route=%2Fwp%2Fv2%2Fmedia&parent=738"}],"curies":[{"name":"wp","href":"https:\/\/api.w.org\/{rel}","templated":true}]}}